{"id":990,"date":"2025-05-14T18:04:17","date_gmt":"2025-05-14T10:04:17","guid":{"rendered":"https:\/\/www.amedrillsupply.ca\/?post_type=product&#038;p=990"},"modified":"2025-08-21T06:34:55","modified_gmt":"2025-08-20T22:34:55","slug":"valveless-tubeless-dth-bit","status":"publish","type":"product","link":"https:\/\/www.amedrillsupply.ca\/fr\/valveless-tubeless-dth-bit\/","title":{"rendered":"Embout DTH pour soupapes\/sans chambre \u00e0 air"},"content":{"rendered":"<h2><b>Ame Drill Valveless\/Tubeless DTH Bit<\/b><\/h2>\n<p>Le tr\u00e9pan DTH sans valve ni tube est largement utilis\u00e9 dans les mines, les carri\u00e8res, la construction, le g\u00e9nie civil et le forage de puits d'eau. En combinant des mati\u00e8res premi\u00e8res de premi\u00e8re qualit\u00e9 et des technologies de production avanc\u00e9es, nous fournissons divers tr\u00e9pans \u00e0 bouton DTH correspondant \u00e0 diff\u00e9rentes marques de marteaux DTH, y compris Epiroc, Sandvik, Halco, etc. En outre, pour r\u00e9pondre \u00e0 la demande de chaque client, nous pouvons fournir diff\u00e9rents types de tr\u00e9pans \u00e0 bouton DTH pour leurs diff\u00e9rentes formations rocheuses et applications.<\/p>\n<p>L'utilisation d'un tr\u00e9pan DTH sans valve permet de r\u00e9duire la consommation d'air comprim\u00e9 et d'augmenter le taux de p\u00e9n\u00e9tration du forage.<\/p>\n<p>&nbsp;<\/p>\n<h2><b>Embouts sans clapet de pied\/tige de tube :<\/b><\/h2>\n<table style=\"height: 260px;\" border=\"1\" width=\"901\" cellspacing=\"0\" cellpadding=\"2\" align=\"center\">\n<tbody>\n<tr>\n<td>Tige\/(diam\u00e8tre ext\u00e9rieur de l'embout)<\/td>\n<td>Mod\u00e8le<\/td>\n<\/tr>\n<tr>\n<td>\u00a0S\u00e9rie DHD\/(90mm-305mm)<\/td>\n<td>DHD3.5W, DHD340W, DHD350W, DHD360W, DHD380W<\/td>\n<\/tr>\n<tr>\n<td>\u00a0S\u00e9rie Mission\/(90mm-305mm)<\/td>\n<td>MS3W, MS4W, MS5W, MS6W, MS8W<\/td>\n<\/tr>\n<tr>\n<td>\u00a0S\u00e9rie QL \/ (105mm-305mm)<\/td>\n<td>QL40W, QL50W, QL60W, QL80W<\/td>\n<\/tr>\n<tr>\n<td>\u00a0\u00a0S\u00e9rie AME \/ (78mm-680mm)<\/td>\n<td>AME4W,AME5W,AME6W,AME8W,AME10W,AME15W,AME18W<\/td>\n<\/tr>\n<tr>\n<td>Autres \/ (254mm-445mm)<\/td>\n<td>Numa 100W, Numa 125W, etc.<\/td>\n<\/tr>\n<\/tbody>\n<\/table>\n<p>&nbsp;<\/p>\n<h2 style=\"text-align: center;\"><b>*<\/b>Nous pouvons proposer d'autres formes en fonction des besoins des clients.<\/h2>\n<p>&nbsp;<\/p>\n<h2><\/h2>","protected":false},"excerpt":{"rendered":"<p>Les tr\u00e9pans DTH sans valve ni tube sont largement utilis\u00e9s dans les mines, les carri\u00e8res, la construction, le g\u00e9nie civil et le forage de puits d'eau. En combinant des mati\u00e8res premi\u00e8res de premi\u00e8re qualit\u00e9 et des technologies de production avanc\u00e9es, nous fournissons divers tr\u00e9pans \u00e0 bouton DTH correspondant \u00e0 diff\u00e9rentes marques de marteaux DTH, y compris Epiroc, Sandvik, Halco, etc. En outre, \u00e0 la demande de chaque client, nous fournissons diff\u00e9rents types de tr\u00e9pans \u00e0 bouton DTH pour leurs diff\u00e9rentes formations rocheuses et applications.<\/p>\n<div id=\"gtx-trans\" style=\"position: absolute; left: 2px; top: -9.27841px;\">\n<div class=\"gtx-trans-icon\"><\/div>\n<\/div>","protected":false},"featured_media":6601,"template":"","meta":[],"product_brand":[],"product_cat":[27],"product_tag":[],"class_list":{"0":"post-990","1":"product","2":"type-product","3":"status-publish","4":"has-post-thumbnail","6":"product_cat-down-the-hole-dth-drilling-tools-1","8":"first","9":"instock","10":"shipping-taxable","11":"product-type-simple"},"_links":{"self":[{"href":"https:\/\/www.amedrillsupply.ca\/fr\/wp-json\/wp\/v2\/product\/990","targetHints":{"allow":["GET"]}}],"collection":[{"href":"https:\/\/www.amedrillsupply.ca\/fr\/wp-json\/wp\/v2\/product"}],"about":[{"href":"https:\/\/www.amedrillsupply.ca\/fr\/wp-json\/wp\/v2\/types\/product"}],"wp:featuredmedia":[{"embeddable":true,"href":"https:\/\/www.amedrillsupply.ca\/fr\/wp-json\/wp\/v2\/media\/6601"}],"wp:attachment":[{"href":"https:\/\/www.amedrillsupply.ca\/fr\/wp-json\/wp\/v2\/media?parent=990"}],"wp:term":[{"taxonomy":"product_brand","embeddable":true,"href":"https:\/\/www.amedrillsupply.ca\/fr\/wp-json\/wp\/v2\/product_brand?post=990"},{"taxonomy":"product_cat","embeddable":true,"href":"https:\/\/www.amedrillsupply.ca\/fr\/wp-json\/wp\/v2\/product_cat?post=990"},{"taxonomy":"product_tag","embeddable":true,"href":"https:\/\/www.amedrillsupply.ca\/fr\/wp-json\/wp\/v2\/product_tag?post=990"}],"curies":[{"name":"wp","href":"https:\/\/api.w.org\/{rel}","templated":true}]}}