{"id":969,"date":"2025-05-14T18:08:04","date_gmt":"2025-05-14T10:08:04","guid":{"rendered":"https:\/\/www.amedrillsupply.ca\/?post_type=product&#038;p=969"},"modified":"2025-08-21T06:13:36","modified_gmt":"2025-08-20T22:13:36","slug":"cop-dth-bit","status":"publish","type":"product","link":"https:\/\/www.amedrillsupply.ca\/fr\/cop-dth-bit\/","title":{"rendered":"COP shank DTH Bit"},"content":{"rendered":"<h2>Ame Drill COP shank DTH Bit<\/h2>\n<p>Les tr\u00e9pans DTH \u00e0 tige COP sont largement utilis\u00e9s dans les mines, les carri\u00e8res, la construction, le g\u00e9nie civil et le forage de puits d'eau. En combinant des mati\u00e8res premi\u00e8res de premi\u00e8re qualit\u00e9 et des technologies de production avanc\u00e9es, nous fournissons divers tr\u00e9pans \u00e0 bouton DTH correspondant \u00e0 diff\u00e9rentes marques de marteaux DTH, notamment Epiroc, Sandvik, Halco, etc. En outre, \u00e0 la demande de chaque client, nous fournissons diff\u00e9rents types de tr\u00e9pans \u00e0 bouton DTH pour leurs diff\u00e9rentes formations rocheuses et applications.<\/p>\n<h2><b>COP shank DTH Bit<\/b><\/h2>\n<p>&nbsp;<\/p>\n<table style=\"height: 1361px;\" border=\"1\" width=\"902\" cellspacing=\"0\" cellpadding=\"2\" align=\"center\">\n<tbody>\n<tr>\n<td>Style de tige<\/td>\n<td>Diam\u00e8tre (mm)<\/td>\n<td>Face plane<\/td>\n<td>Face convexe<\/td>\n<td>Face concave<\/td>\n<\/tr>\n<tr>\n<td>COP 32<\/td>\n<td>85<\/td>\n<td>\u221a<\/td>\n<td>\u221a<\/td>\n<td><\/td>\n<\/tr>\n<tr>\n<td>COP 32<\/td>\n<td>90<\/td>\n<td>\u221a<\/td>\n<td>\u221a<\/td>\n<td><\/td>\n<\/tr>\n<tr>\n<td>COP 32<\/td>\n<td>95<\/td>\n<td>\u221a<\/td>\n<td>\u221a<\/td>\n<td><\/td>\n<\/tr>\n<tr>\n<td>COP 32<\/td>\n<td>100<\/td>\n<td>\u221a<\/td>\n<td>\u221a<\/td>\n<td>\u221a<\/td>\n<\/tr>\n<tr>\n<td>COP 32<\/td>\n<td>105<\/td>\n<td><\/td>\n<td><\/td>\n<td>\u221a<\/td>\n<\/tr>\n<tr>\n<td><\/td>\n<td><\/td>\n<td><\/td>\n<td><\/td>\n<td><\/td>\n<\/tr>\n<tr>\n<td>COP 34<\/td>\n<td>85<\/td>\n<td>\u221a<\/td>\n<td>\u221a<\/td>\n<td>&nbsp;<\/p>\n<p>&nbsp;<\/td>\n<\/tr>\n<tr>\n<td>COP 34<\/td>\n<td>90<\/td>\n<td>\u221a<\/td>\n<td>\u221a<\/td>\n<td>&nbsp;<\/p>\n<p>&nbsp;<\/td>\n<\/tr>\n<tr>\n<td>COP 34<\/td>\n<td>95<\/td>\n<td>\u221a<\/td>\n<td>\u221a<\/td>\n<td>&nbsp;<\/p>\n<p>&nbsp;<\/td>\n<\/tr>\n<tr>\n<td>COP 34<\/td>\n<td>100<\/td>\n<td>\u221a<\/td>\n<td>\u221a<\/td>\n<td>\u221a<\/p>\n<p>&nbsp;<\/td>\n<\/tr>\n<tr>\n<td>COP 34<\/td>\n<td>105<\/td>\n<td>\u221a<\/td>\n<td>\u221a<\/td>\n<td>\u221a<\/p>\n<p>&nbsp;<\/td>\n<\/tr>\n<tr>\n<td><\/td>\n<td><\/td>\n<td><\/td>\n<td><\/td>\n<td><\/td>\n<\/tr>\n<tr>\n<td>COP 42<\/td>\n<td>105<\/td>\n<td>\u221a<\/td>\n<td>\u221a<\/td>\n<td>\u221a<\/p>\n<p>&nbsp;<\/td>\n<\/tr>\n<tr>\n<td>COP 42<\/td>\n<td>110<\/td>\n<td>\u221a<\/td>\n<td>\u221a<\/td>\n<td>\u221a<\/p>\n<p>&nbsp;<\/td>\n<\/tr>\n<tr>\n<td>COP 42<\/td>\n<td>115<\/td>\n<td>\u221a<\/td>\n<td>\u221a<\/td>\n<td>\u221a<\/p>\n<p>&nbsp;<\/td>\n<\/tr>\n<tr>\n<td>COP 42<\/td>\n<td>120<\/td>\n<td>\u221a<\/td>\n<td>\u221a<\/td>\n<td>\u221a<\/p>\n<p>&nbsp;<\/td>\n<\/tr>\n<tr>\n<td>COP 42<\/td>\n<td>127<\/td>\n<td>\u221a<\/td>\n<td>\u221a<\/td>\n<td>\u221a<\/p>\n<p>&nbsp;<\/td>\n<\/tr>\n<\/tbody>\n<\/table>\n<h2><\/h2>","protected":false},"excerpt":{"rendered":"<p>Les tr\u00e9pans DTH \u00e0 tige COP sont largement utilis\u00e9s dans les mines, les carri\u00e8res, la construction, le g\u00e9nie civil et le forage de puits d'eau. En combinant des mati\u00e8res premi\u00e8res de premi\u00e8re qualit\u00e9 et des technologies de production avanc\u00e9es, nous fournissons divers tr\u00e9pans \u00e0 bouton DTH correspondant \u00e0 diff\u00e9rentes marques de marteaux DTH, notamment Epiroc, Sandvik, Halco, etc. En outre, \u00e0 la demande de chaque client, nous fournissons diff\u00e9rents types de tr\u00e9pans \u00e0 bouton DTH pour leurs diff\u00e9rentes formations rocheuses et applications.<\/p>\n<div id=\"gtx-trans\" style=\"position: absolute; left: -62px; top: -11px;\">\n<div class=\"gtx-trans-icon\"><\/div>\n<\/div>","protected":false},"featured_media":6596,"template":"","meta":[],"product_brand":[],"product_cat":[27],"product_tag":[],"class_list":{"0":"post-969","1":"product","2":"type-product","3":"status-publish","4":"has-post-thumbnail","6":"product_cat-down-the-hole-dth-drilling-tools-1","8":"first","9":"instock","10":"shipping-taxable","11":"product-type-simple"},"_links":{"self":[{"href":"https:\/\/www.amedrillsupply.ca\/fr\/wp-json\/wp\/v2\/product\/969","targetHints":{"allow":["GET"]}}],"collection":[{"href":"https:\/\/www.amedrillsupply.ca\/fr\/wp-json\/wp\/v2\/product"}],"about":[{"href":"https:\/\/www.amedrillsupply.ca\/fr\/wp-json\/wp\/v2\/types\/product"}],"wp:featuredmedia":[{"embeddable":true,"href":"https:\/\/www.amedrillsupply.ca\/fr\/wp-json\/wp\/v2\/media\/6596"}],"wp:attachment":[{"href":"https:\/\/www.amedrillsupply.ca\/fr\/wp-json\/wp\/v2\/media?parent=969"}],"wp:term":[{"taxonomy":"product_brand","embeddable":true,"href":"https:\/\/www.amedrillsupply.ca\/fr\/wp-json\/wp\/v2\/product_brand?post=969"},{"taxonomy":"product_cat","embeddable":true,"href":"https:\/\/www.amedrillsupply.ca\/fr\/wp-json\/wp\/v2\/product_cat?post=969"},{"taxonomy":"product_tag","embeddable":true,"href":"https:\/\/www.amedrillsupply.ca\/fr\/wp-json\/wp\/v2\/product_tag?post=969"}],"curies":[{"name":"wp","href":"https:\/\/api.w.org\/{rel}","templated":true}]}}