{"id":966,"date":"2025-05-14T18:13:26","date_gmt":"2025-05-14T10:13:26","guid":{"rendered":"https:\/\/www.amedrillsupply.ca\/?post_type=product&#038;p=966"},"modified":"2025-08-21T05:56:10","modified_gmt":"2025-08-20T21:56:10","slug":"down-the-hole-dth-button-bits","status":"publish","type":"product","link":"https:\/\/www.amedrillsupply.ca\/fr\/down-the-hole-dth-button-bits\/","title":{"rendered":"Boutons de fond de trou (DTH)"},"content":{"rendered":"<h2><b>Ame Drill DTH Bit<\/b><\/h2>\n<p>Les tr\u00e9pans \u00e0 bouton de fond de trou (DTH) sont largement utilis\u00e9s dans les mines, les carri\u00e8res, la construction, le g\u00e9nie civil et le forage de puits d'eau. En combinant des mati\u00e8res premi\u00e8res de premi\u00e8re qualit\u00e9 et des technologies de production avanc\u00e9es, nous fournissons divers types de tr\u00e9pans \u00e0 bouton DTH correspondant \u00e0 diff\u00e9rentes marques de marteaux DTH, notamment Epiroc, Sandvik, Halco, etc. En outre, \u00e0 la demande de chaque client, nous fournissons diff\u00e9rents types de tr\u00e9pans \u00e0 bouton DTH pour leurs diff\u00e9rentes formations rocheuses et applications.<\/p>\n<h2><b>Diam\u00e8tre des m\u00e8ches :<\/b><\/h2>\n<p>76 mm \u00e0 750 mm<\/p>\n<h2><b>Embouts avec clapet de pied \/ tige tubulaire :<\/b><\/h2>\n<table style=\"height: 5px;\" border=\"1\" width=\"560\" cellspacing=\"0\" cellpadding=\"2\" align=\"center\">\n<tbody>\n<tr>\n<td>Tige<\/td>\n<td>Mod\u00e8le<\/td>\n<\/tr>\n<tr>\n<td>\u00a0S\u00e9rie DHD<\/td>\n<td>DHD3.5, DHD340A, DHD350R, DHD360, DHD380<\/td>\n<\/tr>\n<tr>\n<td>\u00a0S\u00e9rie COP<\/td>\n<td>COP32, COP42, COP62, COP34, COP44, COP54, COP64, COP84<\/td>\n<\/tr>\n<tr>\n<td>\u00a0S\u00e9rie QL<\/td>\n<td>QL40, QL50, QL60, QL80<\/td>\n<\/tr>\n<tr>\n<td>S\u00e9rie SD<\/td>\n<td>SD4, SD5, SD6, SD8, SD10, SD12<\/td>\n<\/tr>\n<tr>\n<td>Autres<\/td>\n<td>BR2, BR3, Mach303, Numa 100, Numa 180, Numa 24, etc.<\/td>\n<\/tr>\n<\/tbody>\n<\/table>\n<h2><b>Embouts sans clapet de pied\/tige de tube :<\/b><\/h2>\n<table style=\"height: 5px;\" border=\"1\" width=\"560\" cellspacing=\"0\" cellpadding=\"2\" align=\"center\">\n<tbody>\n<tr>\n<td>Tige<\/td>\n<td>Mod\u00e8le<\/td>\n<\/tr>\n<tr>\n<td>\u00a0S\u00e9rie DHD<\/td>\n<td>DHD3.5W, DHD340W, DHD350W, DHD360W, DHD380W<\/td>\n<\/tr>\n<tr>\n<td>\u00a0S\u00e9rie de missions<\/td>\n<td>MS3W, MS4W, MS5W, MS6W, MS8W<\/td>\n<\/tr>\n<tr>\n<td>\u00a0S\u00e9rie QL<\/td>\n<td>QL40W, QL50W, QL60W, QL80W<\/td>\n<\/tr>\n<tr>\n<td>\u00a0\u00a0S\u00e9rie AME<\/td>\n<td>AME4W,AME5W,AME6W,AME8W,AME10W,AME15W,AME18W<\/td>\n<\/tr>\n<tr>\n<td>Autres<\/td>\n<td>Numa 100W, Numa 125W, etc.<\/td>\n<\/tr>\n<\/tbody>\n<\/table>\n<p>&nbsp;<\/p>\n<h2 style=\"text-align: center;\"><b>*<\/b>Nous pouvons proposer d'autres formes en fonction des besoins des clients.<\/h2>\n<p>&nbsp;<\/p>\n<h2><b>Conception du visage de Bit :<\/b><\/h2>\n<p>face plate, face convexe, face concave, DGR (double gauge row)<\/p>\n<p>&nbsp;<\/p>\n<table border=\"1\" cellspacing=\"0\" cellpadding=\"2\" align=\"center\">\n<tbody>\n<tr>\n<td><img decoding=\"async\" class=\"size-full wp-image-6589 aligncenter\" title=\"Sph\u00e9rique\" src=\"https:\/\/www.amedrillsupply.ca\/wp-content\/uploads\/2025\/05\/Spherical.jpg\" alt=\"Spherical\" width=\"117\" height=\"139\" \/><\/td>\n<td><img decoding=\"async\" class=\"size-full wp-image-6590 aligncenter\" title=\"Balistique sph\u00e9rique\" src=\"https:\/\/www.amedrillsupply.ca\/wp-content\/uploads\/2025\/05\/Spherical-Ballistic.jpg\" alt=\"Spherical Ballistic\" width=\"117\" height=\"139\" \/><\/td>\n<td><img decoding=\"async\" class=\"size-full wp-image-6591 aligncenter\" title=\"Face convexe Sph\u00e9rique\" src=\"https:\/\/www.amedrillsupply.ca\/wp-content\/uploads\/2025\/05\/Convec-face-Spherical.jpg\" alt=\"Convec face Spherical\" width=\"117\" height=\"139\" \/><\/td>\n<td><img decoding=\"async\" class=\"size-full wp-image-6591 aligncenter\" title=\"Face convexe Sph\u00e9rique\" src=\"https:\/\/www.amedrillsupply.ca\/wp-content\/uploads\/2025\/05\/Convec-face-Spherical.jpg\" alt=\"Convec face Spherical\" width=\"117\" height=\"139\" \/><\/td>\n<td><img loading=\"lazy\" decoding=\"async\" class=\"size-full wp-image-6592 aligncenter\" title=\"Convec Sph\u00e9rique\" src=\"https:\/\/www.amedrillsupply.ca\/wp-content\/uploads\/2025\/05\/Convec-Spherical.jpg\" alt=\"Convec Spherical\" width=\"117\" height=\"139\" \/><\/td>\n<\/tr>\n<tr>\n<td><b>\u00a0Face plane<\/b><\/p>\n<p><b>(sph\u00e9rique)<\/b><\/td>\n<td><b>\u00a0Face plane<\/b><\/p>\n<p><b>(sph\u00e9rique + balistique)<\/b><\/td>\n<td><b>\u00a0Face convexe<\/b><\/p>\n<p><b>(sph\u00e9rique + balistique)<\/b><\/td>\n<td><b>Face convexe<\/b><\/p>\n<p><b>(Ballistique)\u00a0<\/b><\/td>\n<td><b>\u00a0Face concave<\/b><\/p>\n<p><b>(sph\u00e9rique)<\/b><\/td>\n<\/tr>\n<tr>\n<td>&nbsp;<\/p>\n<p>Applications :<\/p>\n<p>Pour le forage dans des mat\u00e9riaux durs et<\/p>\n<p>roche abrasive.<\/td>\n<td>&nbsp;<\/p>\n<p>Applications :<\/p>\n<p>Pour le forage dans des mat\u00e9riaux moyennement durs<\/p>\n<p>trop dur et mod\u00e9r\u00e9ment<\/p>\n<p>roche abrasive.<\/td>\n<td>&nbsp;<\/p>\n<p>Applications :<\/p>\n<p>Pour forer dans des mat\u00e9riaux durs<\/p>\n<p>et de la roche abrasive.<\/td>\n<td>&nbsp;<\/p>\n<p>Applications :<\/p>\n<p>Pour les forages \u00e0 haute<\/p>\n<p>taux de p\u00e9n\u00e9tration en<\/p>\n<p>roche non abrasive.<\/td>\n<td>&nbsp;<\/p>\n<p>Applications :<\/p>\n<p>Pour le forage en milieu<\/p>\n<p>har, trou maximum<\/p>\n<p>le contr\u00f4le des d\u00e9viations.<\/td>\n<\/tr>\n<\/tbody>\n<\/table>\n<h2><\/h2>\n<p>&nbsp;<\/p>\n<p>&nbsp;<\/p>\n<h2><b>M\u00e8ches en carbure de tungst\u00e8ne :<\/b><\/h2>\n<p>h\u00e9misph\u00e9rique (rond), parabolique (semi-balistique), balistique (conique) ;<\/p>\n<p>&nbsp;<\/p>\n<table border=\"1\" cellspacing=\"0\" cellpadding=\"2\" align=\"center\">\n<tbody>\n<tr>\n<td><img loading=\"lazy\" decoding=\"async\" class=\"size-full wp-image-6593 aligncenter\" title=\"Boutons h\u00e9misph\u00e9riques\" src=\"https:\/\/www.amedrillsupply.ca\/wp-content\/uploads\/2025\/05\/Hemispherical-buttons.jpg\" alt=\"Hemispherical buttons\" width=\"129\" height=\"146\" \/><\/td>\n<td><img loading=\"lazy\" decoding=\"async\" class=\"size-full wp-image-6594 aligncenter\" title=\"semi-balistique\" src=\"https:\/\/www.amedrillsupply.ca\/wp-content\/uploads\/2025\/05\/semi-ballistic.jpg\" alt=\"semi ballistic\" width=\"129\" height=\"146\" \/><\/td>\n<td><img loading=\"lazy\" decoding=\"async\" class=\"size-full wp-image-6595 aligncenter\" title=\"Boutons balistiques\" src=\"https:\/\/www.amedrillsupply.ca\/wp-content\/uploads\/2025\/05\/Ballistic-buttons-1.jpg\" alt=\"Ballistic buttons\" width=\"129\" height=\"146\" \/><\/td>\n<\/tr>\n<tr>\n<td>\u00a0<b>Boutons h\u00e9misph\u00e9riques :<\/b><\/p>\n<p>Des boutons universels pour tous<\/p>\n<p>formation rocheuse, la mieux adapt\u00e9e<\/p>\n<p>jusqu'aux produits les plus durs et les plus abrasifs<\/p>\n<p>formation rocheuse.<\/td>\n<td><b>Boutons paraboliques (semi-balistiques) :<\/b><\/p>\n<p>Excellent taux de p\u00e9n\u00e9tration, mais<\/p>\n<p>ne convient qu'aux produits moyennement durs et<\/p>\n<p>formation rocheuse peu abrasive.<\/td>\n<td><b>Boutons balistiques :<\/b><\/p>\n<p>Semblable aux boutons paraboliques, utilis\u00e9s<\/p>\n<p>pour une duret\u00e9 douce \u00e0 moyenne et une duret\u00e9 plus faible<\/p>\n<p>formation rocheuse abrasive, excellente<\/p>\n<p>du taux de p\u00e9n\u00e9tration.<\/td>\n<\/tr>\n<\/tbody>\n<\/table>\n<h2><\/h2>","protected":false},"excerpt":{"rendered":"<p>Les tr\u00e9pans \u00e0 bouton de fond de trou (DTH) sont largement utilis\u00e9s dans les mines, les carri\u00e8res, la construction, le g\u00e9nie civil et le forage de puits d'eau. En combinant des mati\u00e8res premi\u00e8res de premi\u00e8re qualit\u00e9 et des technologies de production avanc\u00e9es, nous fournissons divers types de tr\u00e9pans \u00e0 bouton DTH correspondant \u00e0 diff\u00e9rentes marques de marteaux DTH, notamment Epiroc, Sandvik, Halco, etc. En outre, \u00e0 la demande de chaque client, nous fournissons diff\u00e9rents types de tr\u00e9pans \u00e0 bouton DTH pour leurs diff\u00e9rentes formations rocheuses et applications.<\/p>","protected":false},"featured_media":6588,"template":"","meta":[],"product_brand":[],"product_cat":[27],"product_tag":[],"class_list":{"0":"post-966","1":"product","2":"type-product","3":"status-publish","4":"has-post-thumbnail","6":"product_cat-down-the-hole-dth-drilling-tools-1","8":"first","9":"instock","10":"shipping-taxable","11":"product-type-simple"},"_links":{"self":[{"href":"https:\/\/www.amedrillsupply.ca\/fr\/wp-json\/wp\/v2\/product\/966","targetHints":{"allow":["GET"]}}],"collection":[{"href":"https:\/\/www.amedrillsupply.ca\/fr\/wp-json\/wp\/v2\/product"}],"about":[{"href":"https:\/\/www.amedrillsupply.ca\/fr\/wp-json\/wp\/v2\/types\/product"}],"wp:featuredmedia":[{"embeddable":true,"href":"https:\/\/www.amedrillsupply.ca\/fr\/wp-json\/wp\/v2\/media\/6588"}],"wp:attachment":[{"href":"https:\/\/www.amedrillsupply.ca\/fr\/wp-json\/wp\/v2\/media?parent=966"}],"wp:term":[{"taxonomy":"product_brand","embeddable":true,"href":"https:\/\/www.amedrillsupply.ca\/fr\/wp-json\/wp\/v2\/product_brand?post=966"},{"taxonomy":"product_cat","embeddable":true,"href":"https:\/\/www.amedrillsupply.ca\/fr\/wp-json\/wp\/v2\/product_cat?post=966"},{"taxonomy":"product_tag","embeddable":true,"href":"https:\/\/www.amedrillsupply.ca\/fr\/wp-json\/wp\/v2\/product_tag?post=966"}],"curies":[{"name":"wp","href":"https:\/\/api.w.org\/{rel}","templated":true}]}}