{"id":947,"date":"2025-05-14T18:11:17","date_gmt":"2025-05-14T10:11:17","guid":{"rendered":"https:\/\/www.amedrillsupply.ca\/?post_type=product&#038;p=947"},"modified":"2025-08-21T05:34:04","modified_gmt":"2025-08-20T21:34:04","slug":"sd-shank-down-the-hole-dth-hammers","status":"publish","type":"product","link":"https:\/\/www.amedrillsupply.ca\/fr\/sd-shank-down-the-hole-dth-hammers\/","title":{"rendered":"Queue SD Marteaux de fond de trou (DTH)"},"content":{"rendered":"<h2>Ame Drill SD shank Marteaux de fond de trou (DTH)<\/h2>\n<p>Le terme \"DTH\" est l'abr\u00e9viation de \"Down The Hole\", et il est parfois appel\u00e9 \"RAB\" sur certains march\u00e9s, le terme \"RAB\" \u00e9tant alors l'abr\u00e9viation de \"Rotary Air Blasting\".<\/p>\n<p>&nbsp;<\/p>\n<p>Les marteaux fond de trou (DTH) sont largement utilis\u00e9s dans les mines, les carri\u00e8res, la construction, le g\u00e9nie civil et le forage de puits d'eau. En combinant des mati\u00e8res premi\u00e8res de premi\u00e8re qualit\u00e9 avec des technologies de production avanc\u00e9es, nous fournissons diff\u00e9rentes tailles de marteaux fond de trou de 3 \u00e0 12 pouces pour rivaliser avec Sandvik, Epiroc, Mincon, Rockmore et Halco.<\/p>\n<p>&nbsp;<\/p>\n<h2><b>Marteau \u00e0 queue SD\u00a0<\/b><\/h2>\n<table border=\"1\" cellspacing=\"0\" cellpadding=\"2\" align=\"center\">\n<tbody>\n<tr>\n<td>Marteau<\/p>\n<p>&nbsp;<\/td>\n<td>Pression de service (Bar)<\/p>\n<p>&nbsp;<\/td>\n<td>Gamme de trous (mm)<\/p>\n<p>&nbsp;<\/td>\n<td>Diam\u00e8tre de sortie du marteau (mm)<\/p>\n<p>)<\/td>\n<td>Queue de l'embout<\/p>\n<p>k<\/td>\n<td>&nbsp;<\/p>\n<p>Poids net (Kg)<\/p>\n<p>)<\/td>\n<\/tr>\n<tr>\n<td>4SD HAMMER HD<\/p>\n<p>&nbsp;<\/td>\n<td>8 &#8211; 30<\/td>\n<td>105 &#8211; 130<\/td>\n<td>99<\/td>\n<td>SD4<\/td>\n<td>39<\/td>\n<\/tr>\n<tr>\n<td>5SD HAMMER HD<\/p>\n<p>&nbsp;<\/td>\n<td>8 &#8211; 30<\/td>\n<td>133 &#8211; 152<\/td>\n<td>126<\/td>\n<td>SD5<\/td>\n<td>74<\/td>\n<\/tr>\n<tr>\n<td>6SD HAMMER HD<\/p>\n<p>&nbsp;<\/td>\n<td>8 &#8211; 30<\/td>\n<td>152 &#8211; 254<\/td>\n<td>144<\/td>\n<td>SD6<\/td>\n<td>113<\/td>\n<\/tr>\n<tr>\n<td>8SD HAMMER HD<\/p>\n<p>&nbsp;<\/td>\n<td>8 &#8211; 30<\/td>\n<td>194 &#8211; 305<\/td>\n<td>182<\/td>\n<td>SD8<\/td>\n<td>182<\/td>\n<\/tr>\n<\/tbody>\n<\/table>\n<h2><\/h2>\n<div id=\"gtx-trans\" style=\"position: absolute; left: -38px; top: 247.719px;\">\n<div class=\"gtx-trans-icon\"><\/div>\n<\/div>","protected":false},"excerpt":{"rendered":"<p>Les marteaux fond de trou SD (DTH) sont largement utilis\u00e9s dans les mines, les carri\u00e8res, la construction, le g\u00e9nie civil et le forage de puits d'eau. En combinant des mati\u00e8res premi\u00e8res de premi\u00e8re qualit\u00e9 avec des technologies de production avanc\u00e9es, nous fournissons diff\u00e9rentes tailles de marteaux fond de trou de 3 \u00e0 12 pouces pour concurrencer Sandvik, Epiroc, Mincon, Rockmore et Halco.<\/p>","protected":false},"featured_media":6695,"template":"","meta":[],"product_brand":[],"product_cat":[27],"product_tag":[],"class_list":{"0":"post-947","1":"product","2":"type-product","3":"status-publish","4":"has-post-thumbnail","6":"product_cat-down-the-hole-dth-drilling-tools-1","8":"first","9":"instock","10":"shipping-taxable","11":"product-type-simple"},"_links":{"self":[{"href":"https:\/\/www.amedrillsupply.ca\/fr\/wp-json\/wp\/v2\/product\/947","targetHints":{"allow":["GET"]}}],"collection":[{"href":"https:\/\/www.amedrillsupply.ca\/fr\/wp-json\/wp\/v2\/product"}],"about":[{"href":"https:\/\/www.amedrillsupply.ca\/fr\/wp-json\/wp\/v2\/types\/product"}],"wp:featuredmedia":[{"embeddable":true,"href":"https:\/\/www.amedrillsupply.ca\/fr\/wp-json\/wp\/v2\/media\/6695"}],"wp:attachment":[{"href":"https:\/\/www.amedrillsupply.ca\/fr\/wp-json\/wp\/v2\/media?parent=947"}],"wp:term":[{"taxonomy":"product_brand","embeddable":true,"href":"https:\/\/www.amedrillsupply.ca\/fr\/wp-json\/wp\/v2\/product_brand?post=947"},{"taxonomy":"product_cat","embeddable":true,"href":"https:\/\/www.amedrillsupply.ca\/fr\/wp-json\/wp\/v2\/product_cat?post=947"},{"taxonomy":"product_tag","embeddable":true,"href":"https:\/\/www.amedrillsupply.ca\/fr\/wp-json\/wp\/v2\/product_tag?post=947"}],"curies":[{"name":"wp","href":"https:\/\/api.w.org\/{rel}","templated":true}]}}