{"id":897,"date":"2025-08-20T08:21:18","date_gmt":"2025-08-20T00:21:18","guid":{"rendered":"https:\/\/www.amedrillsupply.ca\/?post_type=product&#038;p=897"},"modified":"2025-08-20T22:52:31","modified_gmt":"2025-08-20T14:52:31","slug":"pdc-bit","status":"publish","type":"product","link":"https:\/\/www.amedrillsupply.ca\/fr\/pdc-bit\/","title":{"rendered":"Bit PDC"},"content":{"rendered":"<h2>AME DRILL PDC bit<\/h2>\n<p>Nous fournissons diff\u00e9rents tr\u00e9pans PDC pour le forage de puits d'eau et de puits g\u00e9othermiques. Nous avons des diam\u00e8tres de 3 ailes, 4 ailes et 5 ailes de 2 7\/8\u2033 \u00e0 12\u2033.<\/p>\n<p>&nbsp;<\/p>","protected":false},"excerpt":{"rendered":"<div class=\"item02_box2_02\">\n<p>Tr\u00e9pan PDC : Nous fournissons diff\u00e9rents tr\u00e9pans PDC pour les puits d'eau et les forages g\u00e9othermiques. Nous avons des diam\u00e8tres de 3 ailes, 4 ailes et 5 ailes de 2 7\/8\u2033 \u00e0 12\u2033.<\/p>\n<\/div>","protected":false},"featured_media":7640,"template":"","meta":[],"product_brand":[],"product_cat":[31],"product_tag":[],"class_list":{"0":"post-897","1":"product","2":"type-product","3":"status-publish","4":"has-post-thumbnail","6":"product_cat-rotary-drilling-tools-3","8":"first","9":"instock","10":"shipping-taxable","11":"product-type-simple"},"_links":{"self":[{"href":"https:\/\/www.amedrillsupply.ca\/fr\/wp-json\/wp\/v2\/product\/897","targetHints":{"allow":["GET"]}}],"collection":[{"href":"https:\/\/www.amedrillsupply.ca\/fr\/wp-json\/wp\/v2\/product"}],"about":[{"href":"https:\/\/www.amedrillsupply.ca\/fr\/wp-json\/wp\/v2\/types\/product"}],"wp:featuredmedia":[{"embeddable":true,"href":"https:\/\/www.amedrillsupply.ca\/fr\/wp-json\/wp\/v2\/media\/7640"}],"wp:attachment":[{"href":"https:\/\/www.amedrillsupply.ca\/fr\/wp-json\/wp\/v2\/media?parent=897"}],"wp:term":[{"taxonomy":"product_brand","embeddable":true,"href":"https:\/\/www.amedrillsupply.ca\/fr\/wp-json\/wp\/v2\/product_brand?post=897"},{"taxonomy":"product_cat","embeddable":true,"href":"https:\/\/www.amedrillsupply.ca\/fr\/wp-json\/wp\/v2\/product_cat?post=897"},{"taxonomy":"product_tag","embeddable":true,"href":"https:\/\/www.amedrillsupply.ca\/fr\/wp-json\/wp\/v2\/product_tag?post=897"}],"curies":[{"name":"wp","href":"https:\/\/api.w.org\/{rel}","templated":true}]}}