{"id":1025,"date":"2025-05-14T18:14:10","date_gmt":"2025-05-14T10:14:10","guid":{"rendered":"https:\/\/www.amedrillsupply.ca\/?post_type=product&#038;p=1025"},"modified":"2025-08-19T16:19:14","modified_gmt":"2025-08-19T08:19:14","slug":"rc-dth-hammer","status":"publish","type":"product","link":"https:\/\/www.amedrillsupply.ca\/fr\/rc-dth-hammer\/","title":{"rendered":"Marteau \u00e0 circulation inverse (RC)"},"content":{"rendered":"<h2><b>AME DRILL Marteau \u00e0 circulation invers\u00e9e (RC)<\/b><\/h2>\n<p>Les marteaux pneumatiques \u00e0 circulation inverse (RC-DTH) ont \u00e9t\u00e9 largement utilis\u00e9s dans les activit\u00e9s de construction et d'exploitation mini\u00e8re en raison de leur grande efficacit\u00e9 de forage et de leurs bonnes performances en mati\u00e8re de contr\u00f4le des poussi\u00e8res.<\/p>\n<p>Nous fournissons des marteaux \u00e0 circulation inverse (RC) WRE054\/WPR54R. Le marteau RC est utilis\u00e9 pour collecter rapidement et efficacement des \u00e9chantillons de roches et de min\u00e9raux souterrains \u00e0 l'aide d'une foreuse rotative pneumatique. Ce marteau offre une grande vitesse et un faible co\u00fbt par m\u00e8tre de forage. Ce type de forage est consid\u00e9r\u00e9 comme id\u00e9al pour obtenir des \u00e9chantillons de min\u00e9raux dans les premi\u00e8res phases d'un projet d'exploration. Comme tous les d\u00e9blais rocheux d'un marteau RC sont r\u00e9cup\u00e9r\u00e9s \u00e0 la surface par le centre du marteau et du train de tiges, les \u00e9chantillons pr\u00e9lev\u00e9s par cette m\u00e9thode ne sont pas contamin\u00e9s. Ce marteau a \u00e9galement \u00e9t\u00e9 con\u00e7u pour supporter l'injection d'eau, de mousse, d'huile et de polym\u00e8res sans aucune perte de performance.<\/p>\n<p>&nbsp;<\/p>\n<p><strong>Taille du marteau :<\/strong> 3,5 pouces \u00e0 10 pouces<\/p>\n<p><strong>Pression de travail :<\/strong> 15 bar \u00e0 35 bar<\/p>","protected":false},"excerpt":{"rendered":"<p>Les marteaux \u00e0 circulation inverse (RC) ont \u00e9t\u00e9 largement utilis\u00e9s dans les activit\u00e9s de construction et d'exploitation mini\u00e8re en raison de leur grande efficacit\u00e9 de forage et de leur bonne performance en mati\u00e8re de contr\u00f4le des poussi\u00e8res. Nous fournissons des marteaux \u00e0 circulation inverse (RC) WRE054\/WPR54R. Le marteau RC est utilis\u00e9 pour pr\u00e9lever rapidement et efficacement des \u00e9chantillons de roches et de min\u00e9raux souterrains \u00e0 l'aide d'un marteau-piqueur pneumatique. Ce marteau offre une grande vitesse et un faible co\u00fbt par m\u00e8tre de forage.<\/p>","protected":false},"featured_media":6606,"template":"","meta":[],"product_brand":[],"product_cat":[27],"product_tag":[],"class_list":{"0":"post-1025","1":"product","2":"type-product","3":"status-publish","4":"has-post-thumbnail","6":"product_cat-down-the-hole-dth-drilling-tools-1","8":"first","9":"instock","10":"shipping-taxable","11":"product-type-simple"},"_links":{"self":[{"href":"https:\/\/www.amedrillsupply.ca\/fr\/wp-json\/wp\/v2\/product\/1025","targetHints":{"allow":["GET"]}}],"collection":[{"href":"https:\/\/www.amedrillsupply.ca\/fr\/wp-json\/wp\/v2\/product"}],"about":[{"href":"https:\/\/www.amedrillsupply.ca\/fr\/wp-json\/wp\/v2\/types\/product"}],"wp:featuredmedia":[{"embeddable":true,"href":"https:\/\/www.amedrillsupply.ca\/fr\/wp-json\/wp\/v2\/media\/6606"}],"wp:attachment":[{"href":"https:\/\/www.amedrillsupply.ca\/fr\/wp-json\/wp\/v2\/media?parent=1025"}],"wp:term":[{"taxonomy":"product_brand","embeddable":true,"href":"https:\/\/www.amedrillsupply.ca\/fr\/wp-json\/wp\/v2\/product_brand?post=1025"},{"taxonomy":"product_cat","embeddable":true,"href":"https:\/\/www.amedrillsupply.ca\/fr\/wp-json\/wp\/v2\/product_cat?post=1025"},{"taxonomy":"product_tag","embeddable":true,"href":"https:\/\/www.amedrillsupply.ca\/fr\/wp-json\/wp\/v2\/product_tag?post=1025"}],"curies":[{"name":"wp","href":"https:\/\/api.w.org\/{rel}","templated":true}]}}