{"id":1021,"date":"2025-05-14T18:02:50","date_gmt":"2025-05-14T10:02:50","guid":{"rendered":"https:\/\/www.amedrillsupply.ca\/?post_type=product&#038;p=1021"},"modified":"2025-08-21T06:49:28","modified_gmt":"2025-08-20T22:49:28","slug":"eccentric-overburden-casing-drilling-tools","status":"publish","type":"product","link":"https:\/\/www.amedrillsupply.ca\/fr\/eccentric-overburden-casing-drilling-tools\/","title":{"rendered":"Outils de forage excentriques pour le tubage des morts-terrains"},"content":{"rendered":"<h2>Outils de forage excentrique pour les morts-terrains (Ame Drill)<\/h2>\n<p>Le forage avec tubage, ou processus de tubage en cours de forage (CWD), est un concept qui combine deux processus fastidieux, le forage et le tubage, et les ex\u00e9cute en m\u00eame temps. Au cours du processus CWD, aliment\u00e9 par un marteau DTH, un tr\u00e9pan central pilote un tr\u00e9pan annulaire pour forer un trou suffisamment large pour qu'un tube de tubage puisse y glisser, les processus de forage et de tubage sont donc r\u00e9alis\u00e9s en m\u00eame temps.<\/p>\n<p>L'excentrique est la solution la plus \u00e9conomique car son aile d'al\u00e9sage ing\u00e9nieuse permet de r\u00e9cup\u00e9rer le tr\u00e9pan et de l'utiliser pour le trou suivant. Cette solution est particuli\u00e8rement adapt\u00e9e aux trous peu profonds, comme c'est souvent le cas dans le forage de puits d'eau, de puits g\u00e9othermiques et pour les travaux de micropieux peu profonds. L'Odex est id\u00e9al pour les trous courts dans les morts-terrains consolid\u00e9s. Le syst\u00e8me excentrique se compose de taillants pilotes, de taillants al\u00e9seurs, d'un dispositif de guidage et d'un sabot de tubage.<\/p>\n<p>Lors du forage, le tr\u00e9pan al\u00e9seur tourne vers l'ext\u00e9rieur pour agrandir le trou, ce qui permet au tube de tubage de glisser derri\u00e8re l'al\u00e9seur. Lorsque la profondeur requise est atteinte, le tube de forage repart en sens inverse et l'al\u00e9seur se r\u00e9tracte, ce qui permet \u00e0 l'ensemble du syst\u00e8me de forage de passer \u00e0 travers le tubage.<\/p>\n<h2>Caract\u00e9ristiques des outils de forage excentriques pour les morts-terrains<\/h2>\n<p>- Types complets d'outils de forage adapt\u00e9s aux tubes de tubage de diff\u00e9rents diam\u00e8tres ;<\/p>\n<p>- Stabilit\u00e9 et fiabilit\u00e9 garanties par un mat\u00e9riau en alliage d'acier de premi\u00e8re qualit\u00e9 et un processus de fabrication CNC de qualit\u00e9 ;<\/p>\n<p>- La production de masse permet d'obtenir un bon rapport co\u00fbt-efficacit\u00e9.<\/p>\n<h2>Applications des outils de forage excentriques pour les morts-terrains<\/h2>\n<div data-zone-id=\"0\" data-line-index=\"0\" data-line=\"true\">Les outils excentriques de forage de tubage des morts-terrains trouvent des applications diverses dans de nombreux secteurs d'activit\u00e9. Dans les mines et les carri\u00e8res, ces syst\u00e8mes assurent la stabilit\u00e9 en \u00e9vitant les effondrements lors de l'extraction de ressources pr\u00e9cieuses. Pour le forage de puits d'eau et de puits g\u00e9othermiques, ils isolent les strates instables, prot\u00e9geant le puits de forage et am\u00e9liorant l'efficacit\u00e9 de l'extraction des fluides ou de l'\u00e9change de chaleur. Dans le domaine des fondations, ils permettent une installation pr\u00e9cise des pieux dans des conditions de sol difficiles, fournissant ainsi une base solide pour les projets de construction. Leur polyvalence les rend indispensables pour assurer le succ\u00e8s de divers projets de forage et de construction.<\/div>\n<h2>Structure des outils de forage excentriques pour les morts-terrains<\/h2>\n<h2>Ame Drill-EDT82 Outil de per\u00e7age excentrique (similaire \u00e0 ODEX82)<\/h2>\n<table>\n<tbody>\n<tr>\n<td colspan=\"2\">Ame Drill-EDT82 Outil de forage excentrique (similaire \u00e0 ODEX82) pour le marteau fond de trou IR3.5 (les autres tiges sont optionnelles)<\/td>\n<\/tr>\n<tr>\n<td colspan=\"2\">D'autres boyaux peuvent \u00eatre utilis\u00e9s :<\/td>\n<\/tr>\n<tr>\n<td>Diam\u00e8tre ext\u00e9rieur maximal (mm)<\/td>\n<td>108<\/td>\n<\/tr>\n<tr>\n<td>Diam\u00e8tre int\u00e9rieur minimum (mm)<\/td>\n<td>96<\/td>\n<\/tr>\n<tr>\n<td>Epaisseur de la paroi (mm)<\/td>\n<td>6<\/td>\n<\/tr>\n<\/tbody>\n<\/table>\n<h2>Ame Drill-EDT90 Outil de per\u00e7age excentrique (similaire \u00e0 ODEX90)<\/h2>\n<table>\n<tbody>\n<tr>\n<td colspan=\"2\">Ame Drill-EDT90 Outil de forage excentrique (similaire \u00e0 ODEX90) pour marteau fond de trou DHD3.5 (les autres sont optionnels)<\/td>\n<\/tr>\n<tr>\n<td colspan=\"2\">D'autres boyaux peuvent \u00eatre utilis\u00e9s :<\/td>\n<\/tr>\n<tr>\n<td>Diam\u00e8tre ext\u00e9rieur maximal (mm)<\/td>\n<td>115<\/td>\n<\/tr>\n<tr>\n<td>Diam\u00e8tre int\u00e9rieur minimum (mm)<\/td>\n<td>102<\/td>\n<\/tr>\n<tr>\n<td>Epaisseur de la paroi (mm)<\/td>\n<td>6<\/td>\n<\/tr>\n<\/tbody>\n<\/table>\n<h2>Ame Drill-EDT115 Outil de per\u00e7age excentrique (similaire \u00e0 ODEX115A)<\/h2>\n<table>\n<tbody>\n<tr>\n<td colspan=\"2\">Ame Drill-EDT115 Outil de forage excentrique (similaire \u00e0 ODEX115A) Tige pour marteau fond de trou IR DHD340A (les autres sont optionnels)<\/td>\n<\/tr>\n<tr>\n<td colspan=\"2\">D'autres boyaux peuvent \u00eatre utilis\u00e9s :<\/td>\n<\/tr>\n<tr>\n<td>Diam\u00e8tre ext\u00e9rieur maximal (mm)<\/td>\n<td>142<\/td>\n<\/tr>\n<tr>\n<td>Diam\u00e8tre int\u00e9rieur minimum (mm)<\/td>\n<td>128<\/td>\n<\/tr>\n<tr>\n<td>Epaisseur de la paroi (mm)<\/td>\n<td>7<\/td>\n<\/tr>\n<\/tbody>\n<\/table>\n<h2>Ame Drill-EDT115B Outil de per\u00e7age excentrique (similaire \u00e0 ODEX115B)<\/h2>\n<table>\n<tbody>\n<tr>\n<td colspan=\"2\">Ame Drill-EDT115B Outil de forage excentrique (similaire \u00e0 ODEX115B) Tige pour marteau fond de trou DHD340 (les autres sont optionnels)<\/td>\n<\/tr>\n<tr>\n<td colspan=\"2\">D'autres boyaux peuvent \u00eatre utilis\u00e9s :<\/td>\n<\/tr>\n<tr>\n<td>Diam\u00e8tre ext\u00e9rieur maximal (mm)<\/td>\n<td>146<\/td>\n<\/tr>\n<tr>\n<td>Diam\u00e8tre int\u00e9rieur minimum (mm)<\/td>\n<td>130<\/td>\n<\/tr>\n<tr>\n<td>Epaisseur de la paroi (mm)<\/td>\n<td>8<\/td>\n<\/tr>\n<\/tbody>\n<\/table>\n<h2>Ame Drill-EDT140 Outil de per\u00e7age excentrique (similaire \u00e0 ODEX140)<\/h2>\n<table>\n<tbody>\n<tr>\n<td colspan=\"2\">Ame Drill-EDT140 Outil de forage excentrique (similaire \u00e0 ODEX140) Tige pour marteau fond de trou IR DHD350R (les autres sont optionnels)<\/td>\n<\/tr>\n<tr>\n<td colspan=\"2\">D'autres boyaux peuvent \u00eatre utilis\u00e9s :<\/td>\n<\/tr>\n<tr>\n<td>Diam\u00e8tre ext\u00e9rieur maximal (mm)<\/td>\n<td>168<\/td>\n<\/tr>\n<tr>\n<td>Diam\u00e8tre int\u00e9rieur minimum (mm)<\/td>\n<td>152<\/td>\n<\/tr>\n<tr>\n<td>Epaisseur du mur (mm)<\/td>\n<td>8<\/td>\n<\/tr>\n<\/tbody>\n<\/table>\n<h2>Ame Drill-EDT145 Outil de per\u00e7age excentrique (similaire \u00e0 ODEX145)<\/h2>\n<table>\n<tbody>\n<tr>\n<td colspan=\"2\">Ame Drill-EDT145 Outil de forage excentrique (similaire \u00e0 ODEX145) Tige pour marteau fond de trou IR DHD350R (les autres sont optionnels)<\/td>\n<\/tr>\n<tr>\n<td colspan=\"2\">D'autres boyaux peuvent \u00eatre utilis\u00e9s :<\/td>\n<\/tr>\n<tr>\n<td>Diam\u00e8tre ext\u00e9rieur maximal (mm)<\/td>\n<td>178<\/td>\n<\/tr>\n<tr>\n<td>Diam\u00e8tre int\u00e9rieur minimum (mm)<\/td>\n<td>158<\/td>\n<\/tr>\n<tr>\n<td>Epaisseur de la paroi (mm)<\/td>\n<td>9<\/td>\n<\/tr>\n<\/tbody>\n<\/table>\n<h2>Ame Drill-EDT147 Outil de per\u00e7age excentrique (similaire \u00e0 ODEX147)<\/h2>\n<table>\n<tbody>\n<tr>\n<td colspan=\"2\">Ame Drill-EDT147 Outil de forage excentrique (similaire \u00e0 ODEX147) Tige pour marteau fond de trou IR DHD350R (les autres sont optionnels)<\/td>\n<\/tr>\n<tr>\n<td colspan=\"2\">Une autre enveloppe peut \u00eatre utilis\u00e9e :<\/td>\n<\/tr>\n<tr>\n<td>Diam\u00e8tre ext\u00e9rieur maximal (mm)<\/td>\n<td>183<\/td>\n<\/tr>\n<tr>\n<td>Diam\u00e8tre int\u00e9rieur minimum (mm)<\/td>\n<td>163<\/td>\n<\/tr>\n<tr>\n<td>Epaisseur de la paroi (mm)<\/td>\n<td>10<\/td>\n<\/tr>\n<\/tbody>\n<\/table>\n<h2>Ame Drill-EDT165 Outil de per\u00e7age excentrique (similaire \u00e0 ODEX165)<\/h2>\n<table>\n<tbody>\n<tr>\n<td colspan=\"2\">Ame Drill-EDT165 Outil de forage excentrique (similaire \u00e0 ODEX165) Tige pour marteau fond de trou IR DHD360 (les autres sont optionnels)<\/td>\n<\/tr>\n<tr>\n<td colspan=\"2\">D'autres boyaux peuvent \u00eatre utilis\u00e9s :<\/td>\n<\/tr>\n<tr>\n<td>Diam\u00e8tre ext\u00e9rieur maximal (mm)<\/td>\n<td>195<\/td>\n<\/tr>\n<tr>\n<td>Diam\u00e8tre int\u00e9rieur minimum (mm)<\/td>\n<td>182<\/td>\n<\/tr>\n<tr>\n<td>Epaisseur de la paroi (mm)<\/td>\n<td>6.5<\/td>\n<\/tr>\n<\/tbody>\n<\/table>\n<h2>Ame Drill-EDT180 Outil de per\u00e7age excentrique (similaire \u00e0 ODEX180)<\/h2>\n<table>\n<tbody>\n<tr>\n<td colspan=\"2\">Ame Drill-EDT180 Outil de forage excentrique (similaire \u00e0 ODEX180) pour marteau fond de trou DHD360, COP64, SD6<\/td>\n<\/tr>\n<tr>\n<td colspan=\"2\">Une autre enveloppe peut \u00eatre utilis\u00e9e :<\/td>\n<\/tr>\n<tr>\n<td>Diam\u00e8tre ext\u00e9rieur maximal (mm)<\/td>\n<td>219<\/td>\n<\/tr>\n<tr>\n<td>Diam\u00e8tre int\u00e9rieur minimum (mm)<\/td>\n<td>194<\/td>\n<\/tr>\n<tr>\n<td>Epaisseur de la paroi (mm)<\/td>\n<td>12.5<\/td>\n<\/tr>\n<\/tbody>\n<\/table>\n<h2>Ame Drill-EDT190 Outil de per\u00e7age excentrique (similaire \u00e0 ODEX190)<\/h2>\n<table>\n<tbody>\n<tr>\n<td colspan=\"2\">Ame Drill-EDT190 Outil de forage excentrique (similaire \u00e0 ODEX190) Tige pour marteau fond de trou IR DHD360 (les autres sont optionnels)<\/td>\n<\/tr>\n<tr>\n<td colspan=\"2\">D'autres boyaux peuvent \u00eatre utilis\u00e9s :<\/td>\n<\/tr>\n<tr>\n<td>Diam\u00e8tre ext\u00e9rieur maximal (mm)<\/td>\n<td>219<\/td>\n<\/tr>\n<tr>\n<td>Diam\u00e8tre int\u00e9rieur minimum (mm)<\/td>\n<td>205<\/td>\n<\/tr>\n<tr>\n<td>Epaisseur de la paroi (mm)<\/td>\n<td>7<\/td>\n<\/tr>\n<\/tbody>\n<\/table>\n<h2>Ame Drill-EDT230 Outil de per\u00e7age excentrique (similaire \u00e0 ODEX230)<\/h2>\n<table>\n<tbody>\n<tr>\n<td colspan=\"2\">Ame Drill-EDT230 Outil de forage excentrique (similaire \u00e0 ODEX230) Tige pour marteau fond de trou IR DHD380 (les autres sont optionnels)<\/td>\n<\/tr>\n<tr>\n<td colspan=\"2\">D'autres boyaux peuvent \u00eatre utilis\u00e9s :<\/td>\n<\/tr>\n<tr>\n<td>Diam\u00e8tre ext\u00e9rieur maximal (mm)<\/td>\n<td>273<\/td>\n<\/tr>\n<tr>\n<td>Diam\u00e8tre int\u00e9rieur minimum (mm)<\/td>\n<td>250<\/td>\n<\/tr>\n<tr>\n<td>Epaisseur de la paroi (mm)<\/td>\n<td>11.5<\/td>\n<\/tr>\n<\/tbody>\n<\/table>\n<h2>Ame Drill-EDT240 Outil de per\u00e7age excentrique (similaire \u00e0 ODEX240)<\/h2>\n<table>\n<tbody>\n<tr>\n<td colspan=\"2\">\u00a0Foret Ame -EDT240 Outil de forage excentrique (similaire \u00e0 ODEX240) Tige pour marteau fond de trou IR DHD380 (les autres sont optionnels)<\/td>\n<\/tr>\n<tr>\n<td colspan=\"2\">D'autres boyaux peuvent \u00eatre utilis\u00e9s :<\/td>\n<\/tr>\n<tr>\n<td>Diam\u00e8tre ext\u00e9rieur maximal (mm)<\/td>\n<td>273<\/td>\n<\/tr>\n<tr>\n<td>Diam\u00e8tre int\u00e9rieur minimum (mm)<\/td>\n<td>260<\/td>\n<\/tr>\n<tr>\n<td>Epaisseur de la paroi (mm)<\/td>\n<td>6.5<\/td>\n<\/tr>\n<\/tbody>\n<\/table>\n<div id=\"gtx-trans\" style=\"position: absolute; left: 475px; top: 3011.38px;\">\n<div class=\"gtx-trans-icon\"><\/div>\n<\/div>","protected":false},"excerpt":{"rendered":"<p>Les outils excentriques de forage de tubage sont les solutions les plus \u00e9conomiques. Gr\u00e2ce \u00e0 leur conception ing\u00e9nieuse, l'aile d'al\u00e9sage du tr\u00e9pan est r\u00e9cup\u00e9rable, ce qui permet de la r\u00e9utiliser pour le trou suivant. Cela permet non seulement de r\u00e9duire consid\u00e9rablement les co\u00fbts de remplacement de l'\u00e9quipement, mais aussi de minimiser les temps d'arr\u00eat, d'am\u00e9liorer l'efficacit\u00e9 globale du forage et d'en faire un choix rentable pour divers projets.<\/p>\n<div id=\"gtx-trans\" style=\"position: absolute; left: 515px; top: -10px;\">\n<div class=\"gtx-trans-icon\"><\/div>\n<\/div>","protected":false},"featured_media":7245,"template":"","meta":[],"product_brand":[],"product_cat":[27],"product_tag":[],"class_list":{"0":"post-1021","1":"product","2":"type-product","3":"status-publish","4":"has-post-thumbnail","6":"product_cat-down-the-hole-dth-drilling-tools-1","8":"first","9":"instock","10":"shipping-taxable","11":"product-type-simple"},"_links":{"self":[{"href":"https:\/\/www.amedrillsupply.ca\/fr\/wp-json\/wp\/v2\/product\/1021","targetHints":{"allow":["GET"]}}],"collection":[{"href":"https:\/\/www.amedrillsupply.ca\/fr\/wp-json\/wp\/v2\/product"}],"about":[{"href":"https:\/\/www.amedrillsupply.ca\/fr\/wp-json\/wp\/v2\/types\/product"}],"wp:featuredmedia":[{"embeddable":true,"href":"https:\/\/www.amedrillsupply.ca\/fr\/wp-json\/wp\/v2\/media\/7245"}],"wp:attachment":[{"href":"https:\/\/www.amedrillsupply.ca\/fr\/wp-json\/wp\/v2\/media?parent=1021"}],"wp:term":[{"taxonomy":"product_brand","embeddable":true,"href":"https:\/\/www.amedrillsupply.ca\/fr\/wp-json\/wp\/v2\/product_brand?post=1021"},{"taxonomy":"product_cat","embeddable":true,"href":"https:\/\/www.amedrillsupply.ca\/fr\/wp-json\/wp\/v2\/product_cat?post=1021"},{"taxonomy":"product_tag","embeddable":true,"href":"https:\/\/www.amedrillsupply.ca\/fr\/wp-json\/wp\/v2\/product_tag?post=1021"}],"curies":[{"name":"wp","href":"https:\/\/api.w.org\/{rel}","templated":true}]}}