{"id":8054,"date":"2025-09-08T15:09:43","date_gmt":"2025-09-08T07:09:43","guid":{"rendered":"https:\/\/www.amedrillsupply.ca\/?page_id=8054"},"modified":"2025-09-08T15:09:47","modified_gmt":"2025-09-08T07:09:47","slug":"cobalt-vs-carbide-drill-bits-a-quick-comparison-guide-for-better-results","status":"publish","type":"page","link":"https:\/\/www.amedrillsupply.ca\/fr\/cobalt-vs-carbide-drill-bits-a-quick-comparison-guide-for-better-results\/","title":{"rendered":"Cobalt vs Carbide Drill Bits: A Quick Comparison Guide for Better Results"},"content":{"rendered":"<p><mark>Les m\u00e8ches en carbure sont un alliage d'acier HSS et de cobalt, ce qui les rend durables, plus r\u00e9sistantes \u00e0 la chaleur que l'acier HSS standard, et rentables pour le per\u00e7age de mat\u00e9riaux durs comme l'acier inoxydable \u00e0 des vitesses mod\u00e9r\u00e9es.<\/mark>\u00a0<mark>Les m\u00e8ches en carbure de tungst\u00e8ne sont les plus dures et les plus r\u00e9sistantes \u00e0 la chaleur. Elles excellent dans les travaux \u00e0 grande vitesse, de haute pr\u00e9cision et lourds avec des mat\u00e9riaux tels que l'acier tremp\u00e9, la fonte et les composites, mais elles sont plus fragiles, plus ch\u00e8res et plus sensibles \u00e0 la surchauffe rapide.<\/mark>.\u00a0<\/p>\n\n\n\n<p>M\u00e8ches en cobalt<\/p>\n\n\n\n<ul class=\"wp-block-list\">\n<li><strong>Mat\u00e9riau :<\/strong>M\u00e8che en acier rapide (HSS) avec ajout de cobalt.\u00a0<\/li>\n\n\n\n<li><strong>Meilleur pour :<\/strong>Mat\u00e9riaux durs tels que l'acier inoxydable, la fonte et d'autres m\u00e9taux de friction o\u00f9 la r\u00e9sistance \u00e0 la chaleur est n\u00e9cessaire.\u00a0<\/li>\n\n\n\n<li><strong>Pour :<\/strong>\n<ul class=\"wp-block-list\">\n<li>Excellente r\u00e9sistance \u00e0 la chaleur et \u00e0 l'usure.\u00a0<\/li>\n\n\n\n<li>Plus durable et moins susceptible de s'\u00e9br\u00e9cher que le HSS.\u00a0<\/li>\n\n\n\n<li>Peut \u00eatre r\u00e9aff\u00fbt\u00e9.\u00a0<\/li>\n\n\n\n<li>Rentable pour les mat\u00e9riaux difficiles.\u00a0<\/li>\n<\/ul>\n<\/li>\n\n\n\n<li><strong>Cons :<\/strong>\n<ul class=\"wp-block-list\">\n<li>Ils peuvent devenir cassants et se briser s'ils ne sont pas utilis\u00e9s avec pr\u00e9caution ou s'ils tombent.\u00a0<\/li>\n\n\n\n<li>Ne peuvent pas fonctionner aux vitesses extr\u00eamement \u00e9lev\u00e9es des m\u00e8ches en carbure.\u00a0<\/li>\n\n\n\n<li>Ne convient pas aux mat\u00e9riaux les plus durs ou abrasifs.\u00a0<\/li>\n<\/ul>\n<\/li>\n<\/ul>\n\n\n\n<p>M\u00e8ches en carbure<\/p>\n\n\n\n<ul class=\"wp-block-list\">\n<li><strong>Mat\u00e9riau :<\/strong>Fabriqu\u00e9 en carbure de tungst\u00e8ne.\u00a0<\/li>\n\n\n\n<li><strong>Meilleur pour :<\/strong>T\u00e2ches \u00e0 grande vitesse et de haute pr\u00e9cision sur les mat\u00e9riaux les plus durs, tels que les plastiques renforc\u00e9s, les composites abrasifs et les op\u00e9rations CNC.\u00a0<\/li>\n\n\n\n<li><strong>Pour :<\/strong>\n<ul class=\"wp-block-list\">\n<li>Extr\u00eamement dur et durable, il dure plus longtemps dans les applications exigeantes.\u00a0<\/li>\n\n\n\n<li>R\u00e9sistance sup\u00e9rieure \u00e0 la chaleur pour le per\u00e7age \u00e0 grande vitesse.\u00a0<\/li>\n\n\n\n<li>Fournit une pr\u00e9cision pour les longs tirages et la pr\u00e9cision de r\u00e9p\u00e9tition.\u00a0<\/li>\n<\/ul>\n<\/li>\n\n\n\n<li><strong>Cons :<\/strong>\n<ul class=\"wp-block-list\">\n<li>Nettement plus chers que les embouts en cobalt.\u00a0<\/li>\n\n\n\n<li>Plus fragile, il peut se fissurer s'il est soumis \u00e0 des changements de temp\u00e9rature soudains ou \u00e0 des chocs importants.\u00a0<\/li>\n\n\n\n<li>Difficile \u00e0 r\u00e9aff\u00fbter.\u00a0<\/li>\n<\/ul>\n<\/li>\n<\/ul>\n\n\n\n<p>Principaux enseignements<\/p>\n\n\n\n<ul class=\"wp-block-list\">\n<li>Choisissez le Cobalt pour passer de l'acier rapide \u00e0 l'acier pratique et \u00e9conomique pour percer des m\u00e9taux durs \u00e0 des vitesses plus \u00e9lev\u00e9es.\u00a0<\/li>\n\n\n\n<li>Choisissez le carbure pour les conditions et les mat\u00e9riaux les plus extr\u00eames, o\u00f9 le prix \u00e9lev\u00e9 est justifi\u00e9 par une durabilit\u00e9, une vitesse et une pr\u00e9cision accrues dans le cadre d'une utilisation \u00e0 long terme.\u00a0<\/li>\n<\/ul>","protected":false},"excerpt":{"rendered":"<p>Choosing between cobalt and carbide drill bits can feel confusing when you\u2019re standing in the tool aisle. We know both types are designed for tough jobs, but each has distinct strengths that make them better suited for different tasks.<\/p>","protected":false},"author":1,"featured_media":0,"parent":0,"menu_order":0,"comment_status":"closed","ping_status":"closed","template":"","meta":{"footnotes":""},"class_list":["post-8054","page","type-page","status-publish","hentry"],"_links":{"self":[{"href":"https:\/\/www.amedrillsupply.ca\/fr\/wp-json\/wp\/v2\/pages\/8054","targetHints":{"allow":["GET"]}}],"collection":[{"href":"https:\/\/www.amedrillsupply.ca\/fr\/wp-json\/wp\/v2\/pages"}],"about":[{"href":"https:\/\/www.amedrillsupply.ca\/fr\/wp-json\/wp\/v2\/types\/page"}],"author":[{"embeddable":true,"href":"https:\/\/www.amedrillsupply.ca\/fr\/wp-json\/wp\/v2\/users\/1"}],"replies":[{"embeddable":true,"href":"https:\/\/www.amedrillsupply.ca\/fr\/wp-json\/wp\/v2\/comments?post=8054"}],"version-history":[{"count":1,"href":"https:\/\/www.amedrillsupply.ca\/fr\/wp-json\/wp\/v2\/pages\/8054\/revisions"}],"predecessor-version":[{"id":8076,"href":"https:\/\/www.amedrillsupply.ca\/fr\/wp-json\/wp\/v2\/pages\/8054\/revisions\/8076"}],"wp:attachment":[{"href":"https:\/\/www.amedrillsupply.ca\/fr\/wp-json\/wp\/v2\/media?parent=8054"}],"curies":[{"name":"wp","href":"https:\/\/api.w.org\/{rel}","templated":true}]}}