{"id":7810,"date":"2025-09-02T09:21:26","date_gmt":"2025-09-02T01:21:26","guid":{"rendered":"https:\/\/www.amedrillsupply.ca\/?page_id=7810"},"modified":"2025-09-02T10:16:37","modified_gmt":"2025-09-02T02:16:37","slug":"rock-drilling_sp","status":"publish","type":"page","link":"https:\/\/www.amedrillsupply.ca\/fr\/rock-drilling_sp\/","title":{"rendered":"Rock Drilling Tools Supplier in Canada"},"content":{"rendered":"<p><\/p>\n\n\n\n<h2 class=\"wp-block-heading\">Rock Drilling Tools Supplier in Canada<\/h2>\n\n\n\n<p>Ame Drill is Rock Drilling Tools Supplier in Canada, located in Burlington, ON, and Moncton, NB, is your long-term partner.<br>Ame Drill peut vous offrir un assortiment complet de consommables de forage, y compris les produits suivants :<\/p>\n\n\n\n<p><br><strong><a href=\"https:\/\/www.amedrillsupply.ca\/fr\/down-the-hole-dth-drilling-tools-1\/\">Outils de forage au fond du trou (DTH)<\/a><\/strong><\/p>\n\n\n\n<p><strong><a href=\"https:\/\/www.amedrillsupply.ca\/fr\/top-hammer-drilling-tools-2\/\">Top Hammer Drilling Tools (outils de forage \u00e0 marteau)<\/a><\/strong><\/p>\n\n\n\n<p><strong><a href=\"https:\/\/www.amedrillsupply.ca\/fr\/rotary-drilling-tools-3\/\">Outils de forage rotatif<\/a><\/strong><\/p>\n\n\n\n<p><strong><a href=\"https:\/\/www.amedrillsupply.ca\/fr\/self-drilling-anchor-sda-tools-4\/\">Outils pour chevilles auto-foreuses (SDA)<\/a><\/strong><\/p>\n\n\n\n<p>Notre engagement envers nos clients est de ne fournir que des consommables de qualit\u00e9 \u00e0 un prix comp\u00e9titif. Nos distributeurs sont r\u00e9partis dans toute l'Am\u00e9rique du Nord.<br>Ame Drill met en place un r\u00e9seau de revendeurs pour servir correctement et professionnellement l'industrie du forage.<\/p>\n\n\n\n<p><br>Notre vision<br>Ame Drill est votre partenaire de confiance \u00e0 long terme pour la fourniture d'outils de forage de haute qualit\u00e9 \u00e0 l'industrie du forage.<br>Notre mission<br>Ame Drill s'engage \u00e0 \u00eatre un fournisseur de services fiable pour l'industrie du forage.<br>Nos valeurs<br>Ame Drill aide les foreurs \u00e0 r\u00e9duire leurs co\u00fbts de forage et \u00e0 am\u00e9liorer leur efficacit\u00e9.<\/p>\n\n\n\n<p><strong>T\u00e9l :<\/strong>&nbsp;<a href=\"tel:+1(506)8553355\">+1 (506) 855 3355 \/ 229 8899<\/a><br>&nbsp;&nbsp;&nbsp;&nbsp;&nbsp;&nbsp;&nbsp;&nbsp;<a href=\"tel:+1(905)8089818\">+1 (905) 808 9818<\/a><br><strong>Fax :<\/strong>&nbsp;+1 (506) 855 3375<\/p>\n\n\n\n<ul class=\"wp-block-list\">\n<li><a href=\"https:\/\/www.amedrillsupply.ca\/fr\/contact-us\/\" target=\"_blank\" rel=\"noreferrer noopener\">Courriel : amedrillservice@gmail.com<\/a><\/li>\n\n\n\n<li>Add (ON): 1560 King Road, Unit 34 Burlington, Ontario, Canada L7T 3L7<\/li>\n<\/ul>\n\n\n\n<p><\/p>","protected":false},"excerpt":{"rendered":"<p>Ame Drill is Rock Drilling Tools Supplier in Canada, located in Burlington, ON, and Moncton, NB, is your long-term partner.<br \/>\nAme Drill can offer you a complete assortment of drilling consumables, including the following products:.<\/p>","protected":false},"author":1,"featured_media":0,"parent":0,"menu_order":0,"comment_status":"closed","ping_status":"closed","template":"","meta":{"footnotes":""},"class_list":["post-7810","page","type-page","status-publish","hentry"],"_links":{"self":[{"href":"https:\/\/www.amedrillsupply.ca\/fr\/wp-json\/wp\/v2\/pages\/7810","targetHints":{"allow":["GET"]}}],"collection":[{"href":"https:\/\/www.amedrillsupply.ca\/fr\/wp-json\/wp\/v2\/pages"}],"about":[{"href":"https:\/\/www.amedrillsupply.ca\/fr\/wp-json\/wp\/v2\/types\/page"}],"author":[{"embeddable":true,"href":"https:\/\/www.amedrillsupply.ca\/fr\/wp-json\/wp\/v2\/users\/1"}],"replies":[{"embeddable":true,"href":"https:\/\/www.amedrillsupply.ca\/fr\/wp-json\/wp\/v2\/comments?post=7810"}],"version-history":[{"count":4,"href":"https:\/\/www.amedrillsupply.ca\/fr\/wp-json\/wp\/v2\/pages\/7810\/revisions"}],"predecessor-version":[{"id":7821,"href":"https:\/\/www.amedrillsupply.ca\/fr\/wp-json\/wp\/v2\/pages\/7810\/revisions\/7821"}],"wp:attachment":[{"href":"https:\/\/www.amedrillsupply.ca\/fr\/wp-json\/wp\/v2\/media?parent=7810"}],"curies":[{"name":"wp","href":"https:\/\/api.w.org\/{rel}","templated":true}]}}