{"id":994,"date":"2025-05-14T18:01:32","date_gmt":"2025-05-14T10:01:32","guid":{"rendered":"https:\/\/www.amedrillsupply.ca\/?post_type=product&#038;p=994"},"modified":"2025-08-21T07:39:00","modified_gmt":"2025-08-20T23:39:00","slug":"dth-drill-pipes-tubes","status":"publish","type":"product","link":"https:\/\/www.amedrillsupply.ca\/es\/dth-drill-pipes-tubes\/","title":{"rendered":"Tubos de perforaci\u00f3n DTH"},"content":{"rendered":"<h2>Tubos de perforaci\u00f3n DTH Ame Drill<\/h2>\n<p>Los tubos de perforaci\u00f3n DTH transmiten aire comprimido, para accionar los martillos y realizar los trabajos de perforaci\u00f3n. Los tubos de perforaci\u00f3n DTH de Ame Drill est\u00e1n hechos de aleaci\u00f3n superior y ambos extremos roscados est\u00e1n soldados por fricci\u00f3n a la tuber\u00eda de acero sin costura. El aire a alta presi\u00f3n es suministrado al martillo DTH por el tubo de perforaci\u00f3n DTH, simult\u00e1neamente transfiere la fuerza de rotaci\u00f3n y presi\u00f3n al martillo DTH.<\/p>\n<h2>Caracter\u00edsticas de las barras de perforaci\u00f3n DTH<\/h2>\n<p>- Tama\u00f1os completos opcionales, adecuados para diferentes tipos de sistemas de perforaci\u00f3n DTH;<\/p>\n<p>- Las varillas son de acero estirado en fr\u00edo de gran precisi\u00f3n de fabricaci\u00f3n;<\/p>\n<p>- Junta roscada unida s\u00f3lidamente a la varilla mediante soldadura por fricci\u00f3n;<\/p>\n<p>- El proceso de nitruraci\u00f3n confiere a la uni\u00f3n roscada una buena dureza, una buena calidad de desgaste y, por tanto, una larga vida \u00fatil.<\/p>\n<h2>Aplicaciones de los tubos de perforaci\u00f3n DTH<\/h2>\n<p>Miner\u00eda, canteras, perforaci\u00f3n de pozos de agua, perforaci\u00f3n de pozos geot\u00e9rmicos, pilotaje de cimientos, etc.<\/p>\n<h2>Par\u00e1metros de los tubos de perforaci\u00f3n DTH<\/h2>\n<table>\n<tbody>\n<tr>\n<td>OD (A)<\/td>\n<td>Espesor de pared (B)<\/td>\n<td>Longitud efectiva (L)<\/td>\n<td>Llave plana (C\/G)<\/td>\n<td>Conexi\u00f3n de juntas<\/td>\n<\/tr>\n<tr>\n<td>mm<\/td>\n<td>mm<\/td>\n<td>mm<\/td>\n<td>mm<\/td>\n<td>Pin - Caja<\/td>\n<\/tr>\n<tr>\n<td>76<\/td>\n<td>5.5<\/td>\n<td>1000\/1500\/2000\/3000<\/td>\n<td>57\/65<\/td>\n<td>2 3\/8\" REG<\/td>\n<\/tr>\n<tr>\n<td>76<\/td>\n<td>6.5<\/td>\n<td>1000\/1500\/3000\/4000\/5000\/6000<\/td>\n<td>65<\/td>\n<td>2 3\/8\" REG<\/td>\n<\/tr>\n<tr>\n<td>89<\/td>\n<td>5.5<\/td>\n<td>1000\/1500\/2000\/3000<\/td>\n<td>65<\/td>\n<td>2 3\/8\" REG, 2 3\/8\" IF<\/td>\n<\/tr>\n<tr>\n<td>89<\/td>\n<td>6.5<\/td>\n<td>1000\/1500\/2000\/3000\/4500\/6000<\/td>\n<td>65<\/td>\n<td>2 3\/8\" REG, 2 3\/8\" IF<\/td>\n<\/tr>\n<tr>\n<td>102<\/td>\n<td>6.5<\/td>\n<td>1500\/2000\/3000\/4000\/5000\/6000<\/td>\n<td>75\/83<\/td>\n<td>2 7\/8\" REG<\/td>\n<\/tr>\n<tr>\n<td>102<\/td>\n<td>8.5<\/td>\n<td>1500\/2000\/3000\/4000\/5000\/6000<\/td>\n<td>75\/83<\/td>\n<td>2 7\/9\" REG<\/td>\n<\/tr>\n<tr>\n<td>114<\/td>\n<td>6.5<\/td>\n<td>1000\/1500\/2000\/3000\/4500\/6000<\/td>\n<td>89\/95<\/td>\n<td>3 1\/2\" REG, 3 1\/2\" IF, 2 7\/8 IF<\/td>\n<\/tr>\n<tr>\n<td>114<\/td>\n<td>8.5<\/td>\n<td>1500\/2000\/3000\/4000\/5000\/6000<\/td>\n<td>89\/95<\/td>\n<td>3 1\/2\" REG, 3 1\/2\" IF, 2 7\/8\" IF<\/td>\n<\/tr>\n<tr>\n<td>127<\/td>\n<td>10<\/td>\n<td>3000\/4000\/5000\/6000\/8100\/9140<\/td>\n<td>89<\/td>\n<td>3 1\/2\" REG, 4 1\/2\" REG<\/td>\n<\/tr>\n<tr>\n<td>127<\/td>\n<td>19<\/td>\n<td>3000\/4000\/5000\/6000\/8100\/9140<\/td>\n<td>89<\/td>\n<td>3 1\/2\" REG, 4 1\/2\" REG<\/td>\n<\/tr>\n<tr>\n<td>140<\/td>\n<td>11<\/td>\n<td>3000\/4000\/5000\/6000\/8100\/9140\/10670<\/td>\n<td>114<\/td>\n<td>4 1\/2\" REG<\/td>\n<\/tr>\n<tr>\n<td>140<\/td>\n<td>19<\/td>\n<td>3000\/4000\/5000\/6000\/8100\/9140\/10670<\/td>\n<td>114<\/td>\n<td>4 1\/2\" REG<\/td>\n<\/tr>\n<\/tbody>\n<\/table>","protected":false},"excerpt":{"rendered":"<p>Los tubos de perforaci\u00f3n DTH desempe\u00f1an un papel importante en todas las perforaciones DTH, independientemente de la aplicaci\u00f3n, el tipo de roca, la profundidad del agujero o el equipo de perforaci\u00f3n. Las caracter\u00edsticas clave de un tubo DTH de alta calidad son la durabilidad, la precisi\u00f3n y la manejabilidad.<\/p>","protected":false},"featured_media":7463,"template":"","meta":[],"product_brand":[],"product_cat":[27],"product_tag":[],"class_list":{"0":"post-994","1":"product","2":"type-product","3":"status-publish","4":"has-post-thumbnail","6":"product_cat-down-the-hole-dth-drilling-tools-1","8":"first","9":"instock","10":"shipping-taxable","11":"product-type-simple"},"_links":{"self":[{"href":"https:\/\/www.amedrillsupply.ca\/es\/wp-json\/wp\/v2\/product\/994","targetHints":{"allow":["GET"]}}],"collection":[{"href":"https:\/\/www.amedrillsupply.ca\/es\/wp-json\/wp\/v2\/product"}],"about":[{"href":"https:\/\/www.amedrillsupply.ca\/es\/wp-json\/wp\/v2\/types\/product"}],"wp:featuredmedia":[{"embeddable":true,"href":"https:\/\/www.amedrillsupply.ca\/es\/wp-json\/wp\/v2\/media\/7463"}],"wp:attachment":[{"href":"https:\/\/www.amedrillsupply.ca\/es\/wp-json\/wp\/v2\/media?parent=994"}],"wp:term":[{"taxonomy":"product_brand","embeddable":true,"href":"https:\/\/www.amedrillsupply.ca\/es\/wp-json\/wp\/v2\/product_brand?post=994"},{"taxonomy":"product_cat","embeddable":true,"href":"https:\/\/www.amedrillsupply.ca\/es\/wp-json\/wp\/v2\/product_cat?post=994"},{"taxonomy":"product_tag","embeddable":true,"href":"https:\/\/www.amedrillsupply.ca\/es\/wp-json\/wp\/v2\/product_tag?post=994"}],"curies":[{"name":"wp","href":"https:\/\/api.w.org\/{rel}","templated":true}]}}