{"id":992,"date":"2025-05-14T18:03:47","date_gmt":"2025-05-14T10:03:47","guid":{"rendered":"https:\/\/www.amedrillsupply.ca\/?post_type=product&#038;p=992"},"modified":"2025-08-19T16:23:55","modified_gmt":"2025-08-19T08:23:55","slug":"reverse-circulation-rc-bit","status":"publish","type":"product","link":"https:\/\/www.amedrillsupply.ca\/es\/reverse-circulation-rc-bit\/","title":{"rendered":"Bit de circulaci\u00f3n inversa (RC)"},"content":{"rendered":"<h2><b>AME DRILL Broca de circulaci\u00f3n inversa (RC)<\/b><\/h2>\n<p>Los productos RC tienen la capacidad \u00fanica de subir todos los recortes por el centro del martillo y la sarta de perforaci\u00f3n para recogerlos de forma segura en la superficie, lo que resulta esencial en la sociedad actual, concienciada con el medio ambiente. Las brocas RC son la herramienta que corta la roca. Todas nuestras brocas RC DTH est\u00e1n fabricadas con acero aleado y carburo de tungsteno de calidad superior.<\/p>\n<p><strong>Di\u00e1metro de la broca:<\/strong> De 85 mm a 360 mm<\/p>","protected":false},"excerpt":{"rendered":"<p>Los productos de broca de circulaci\u00f3n inversa (RC) tienen la capacidad \u00fanica de llevar todos los recortes al centro del martillo y de la sarta de perforaci\u00f3n para recogerlos de forma segura en la superficie, lo que resulta esencial en la sociedad actual, concienciada con el medio ambiente. Las brocas RC son la herramienta que corta la roca. Todas nuestras brocas RC DTH est\u00e1n fabricadas con acero aleado y carburo de tungsteno de calidad superior.<\/p>","protected":false},"featured_media":6604,"template":"","meta":[],"product_brand":[],"product_cat":[27],"product_tag":[],"class_list":{"0":"post-992","1":"product","2":"type-product","3":"status-publish","4":"has-post-thumbnail","6":"product_cat-down-the-hole-dth-drilling-tools-1","8":"first","9":"instock","10":"shipping-taxable","11":"product-type-simple"},"_links":{"self":[{"href":"https:\/\/www.amedrillsupply.ca\/es\/wp-json\/wp\/v2\/product\/992","targetHints":{"allow":["GET"]}}],"collection":[{"href":"https:\/\/www.amedrillsupply.ca\/es\/wp-json\/wp\/v2\/product"}],"about":[{"href":"https:\/\/www.amedrillsupply.ca\/es\/wp-json\/wp\/v2\/types\/product"}],"wp:featuredmedia":[{"embeddable":true,"href":"https:\/\/www.amedrillsupply.ca\/es\/wp-json\/wp\/v2\/media\/6604"}],"wp:attachment":[{"href":"https:\/\/www.amedrillsupply.ca\/es\/wp-json\/wp\/v2\/media?parent=992"}],"wp:term":[{"taxonomy":"product_brand","embeddable":true,"href":"https:\/\/www.amedrillsupply.ca\/es\/wp-json\/wp\/v2\/product_brand?post=992"},{"taxonomy":"product_cat","embeddable":true,"href":"https:\/\/www.amedrillsupply.ca\/es\/wp-json\/wp\/v2\/product_cat?post=992"},{"taxonomy":"product_tag","embeddable":true,"href":"https:\/\/www.amedrillsupply.ca\/es\/wp-json\/wp\/v2\/product_tag?post=992"}],"curies":[{"name":"wp","href":"https:\/\/api.w.org\/{rel}","templated":true}]}}