{"id":990,"date":"2025-05-14T18:04:17","date_gmt":"2025-05-14T10:04:17","guid":{"rendered":"https:\/\/www.amedrillsupply.ca\/?post_type=product&#038;p=990"},"modified":"2025-08-21T06:34:55","modified_gmt":"2025-08-20T22:34:55","slug":"valveless-tubeless-dth-bit","status":"publish","type":"product","link":"https:\/\/www.amedrillsupply.ca\/es\/valveless-tubeless-dth-bit\/","title":{"rendered":"Broca DTH sin v\u00e1lvula ni c\u00e1mara"},"content":{"rendered":"<h2><b>Broca Ame Drill Valveless\/Tubeless DTH Bit<\/b><\/h2>\n<p>Broca DTH sin v\u00e1lvula\/sin tubo que no tiene v\u00e1lvula de pie o tubo, es ampliamente utilizada para miner\u00eda, canteras, construcci\u00f3n, ingenier\u00eda civil y perforaci\u00f3n de pozos de agua. Combinando materias primas de primera calidad y tecnolog\u00edas de producci\u00f3n avanzadas, suministramos varias brocas de bot\u00f3n DTH para que coincida con diferentes marcas de martillos DTH, incluyendo Epiroc, Sandvik, Halco, etc. Tambi\u00e9n, satisfacer la petici\u00f3n de cada cliente, podemos suministrar diferentes tipos de brocas de bot\u00f3n DTH para sus diferentes formaciones rocosas y aplicaciones.<\/p>\n<p>Cuando se utiliza una broca DTH sin v\u00e1lvulas, puede ayudar a consumir menos aire comprimido y aumentar las velocidades de penetraci\u00f3n de perforaci\u00f3n.<\/p>\n<p>&nbsp;<\/p>\n<h2><b>Puntas sin v\u00e1lvula de pie\/estilo de v\u00e1stago de tubo:<\/b><\/h2>\n<table style=\"height: 260px;\" border=\"1\" width=\"901\" cellspacing=\"0\" cellpadding=\"2\" align=\"center\">\n<tbody>\n<tr>\n<td>V\u00e1stago\/(di\u00e1metro exterior de la broca)<\/td>\n<td>Modelo<\/td>\n<\/tr>\n<tr>\n<td>\u00a0Serie DHD\/(90mm-305mm)<\/td>\n<td>DHD3.5W, DHD340W, DHD350W, DHD360W, DHD380W<\/td>\n<\/tr>\n<tr>\n<td>\u00a0Serie Mission\/(90mm-305mm)<\/td>\n<td>MS3W, MS4W, MS5W, MS6W, MS8W<\/td>\n<\/tr>\n<tr>\n<td>\u00a0Serie QL \/ (105mm-305mm)<\/td>\n<td>QL40W, QL50W, QL60W, QL80W<\/td>\n<\/tr>\n<tr>\n<td>\u00a0\u00a0Serie AME \/ (78mm-680mm)<\/td>\n<td>AME4W,AME5W,AME6W,AME8W,AME10W,AME15W,AME18W<\/td>\n<\/tr>\n<tr>\n<td>Otros \/ (254mm-445mm)<\/td>\n<td>Numa 100W, Numa 125W, etc.<\/td>\n<\/tr>\n<\/tbody>\n<\/table>\n<p>&nbsp;<\/p>\n<h2 style=\"text-align: center;\"><b>*<\/b>Podemos ofrecer m\u00e1s v\u00e1stagos seg\u00fan los requisitos de los clientes<\/h2>\n<p>&nbsp;<\/p>\n<h2><\/h2>","protected":false},"excerpt":{"rendered":"<p>Brocas DTH sin v\u00e1lvula \/ sin tubo que no tiene v\u00e1lvula de pie o tubo son ampliamente utilizados para la miner\u00eda, canteras, construcci\u00f3n, ingenier\u00eda civil, y la perforaci\u00f3n de pozos de agua. Combinando materias primas de primera calidad y tecnolog\u00edas de producci\u00f3n avanzadas, suministramos varias brocas de bot\u00f3n DTH para que coincida con diferentes marcas de martillos DTH, incluyendo Epiroc, Sandvik, Halco, etc. Adem\u00e1s, a petici\u00f3n de cada cliente, ofrecemos diferentes tipos de brocas de bot\u00f3n DTH para sus diferentes formaciones rocosas y aplicaciones.<\/p>\n<div id=\"gtx-trans\" style=\"position: absolute; left: 2px; top: -9.27841px;\">\n<div class=\"gtx-trans-icon\"><\/div>\n<\/div>","protected":false},"featured_media":6601,"template":"","meta":[],"product_brand":[],"product_cat":[27],"product_tag":[],"class_list":{"0":"post-990","1":"product","2":"type-product","3":"status-publish","4":"has-post-thumbnail","6":"product_cat-down-the-hole-dth-drilling-tools-1","8":"first","9":"instock","10":"shipping-taxable","11":"product-type-simple"},"_links":{"self":[{"href":"https:\/\/www.amedrillsupply.ca\/es\/wp-json\/wp\/v2\/product\/990","targetHints":{"allow":["GET"]}}],"collection":[{"href":"https:\/\/www.amedrillsupply.ca\/es\/wp-json\/wp\/v2\/product"}],"about":[{"href":"https:\/\/www.amedrillsupply.ca\/es\/wp-json\/wp\/v2\/types\/product"}],"wp:featuredmedia":[{"embeddable":true,"href":"https:\/\/www.amedrillsupply.ca\/es\/wp-json\/wp\/v2\/media\/6601"}],"wp:attachment":[{"href":"https:\/\/www.amedrillsupply.ca\/es\/wp-json\/wp\/v2\/media?parent=990"}],"wp:term":[{"taxonomy":"product_brand","embeddable":true,"href":"https:\/\/www.amedrillsupply.ca\/es\/wp-json\/wp\/v2\/product_brand?post=990"},{"taxonomy":"product_cat","embeddable":true,"href":"https:\/\/www.amedrillsupply.ca\/es\/wp-json\/wp\/v2\/product_cat?post=990"},{"taxonomy":"product_tag","embeddable":true,"href":"https:\/\/www.amedrillsupply.ca\/es\/wp-json\/wp\/v2\/product_tag?post=990"}],"curies":[{"name":"wp","href":"https:\/\/api.w.org\/{rel}","templated":true}]}}