{"id":985,"date":"2025-05-14T18:06:06","date_gmt":"2025-05-14T10:06:06","guid":{"rendered":"https:\/\/www.amedrillsupply.ca\/?post_type=product&#038;p=985"},"modified":"2025-08-21T06:15:20","modified_gmt":"2025-08-20T22:15:20","slug":"ql-dth-bit","status":"publish","type":"product","link":"https:\/\/www.amedrillsupply.ca\/es\/ql-dth-bit\/","title":{"rendered":"Broca DTH con mango QL"},"content":{"rendered":"<h2>Broca DTH con mango QL de Ame Drill<\/h2>\n<p>Las brocas DTH con v\u00e1stago QL se utilizan ampliamente en miner\u00eda, canteras, construcci\u00f3n, ingenier\u00eda civil y perforaci\u00f3n de pozos de agua. Combinando materias primas de primera calidad y tecnolog\u00edas de producci\u00f3n avanzadas, suministramos varias brocas de bot\u00f3n DTH para que coincida con diferentes marcas de martillos DTH, incluyendo Epiroc, Sandvik, Halco, etc. Adem\u00e1s, siguiendo la petici\u00f3n de cada cliente, ofrecemos diferentes tipos de brocas QL DTH para sus diferentes formaciones rocosas y aplicaciones.<\/p>\n<h2><b>Broca DTH con mango QL<\/b><\/h2>\n<table style=\"height: auto;\" border=\"1\" width=\"828\" cellspacing=\"0\" cellpadding=\"2\" align=\"center\">\n<tbody>\n<tr>\n<td>Estilo de ca\u00f1a<\/td>\n<td>Di\u00e1metro (mm)<\/td>\n<td>Cara plana<\/td>\n<td>Cara convexa<\/td>\n<td>Cara c\u00f3ncava<\/td>\n<\/tr>\n<tr>\n<td>QL 40<\/td>\n<td>105<\/td>\n<td>\u221a<\/td>\n<td>\u221a<\/td>\n<td>\u221a<\/p>\n<p>&nbsp;<\/td>\n<\/tr>\n<tr>\n<td>QL 40<\/td>\n<td>110<\/td>\n<td>\u221a<\/td>\n<td>\u221a<\/td>\n<td>\u221a<\/p>\n<p>&nbsp;<\/td>\n<\/tr>\n<tr>\n<td>QL 40<\/td>\n<td>115<\/td>\n<td>\u221a<\/td>\n<td>\u221a<\/td>\n<td>\u221a<\/p>\n<p>&nbsp;<\/td>\n<\/tr>\n<tr>\n<td>QL 40<\/td>\n<td>120<\/td>\n<td>\u221a<\/td>\n<td>\u221a<\/td>\n<td>\u221a<\/p>\n<p>&nbsp;<\/td>\n<\/tr>\n<tr>\n<td>QL 40<\/td>\n<td>127<\/td>\n<td>\u221a<\/td>\n<td>\u221a<\/td>\n<td>\u221a<\/p>\n<p>&nbsp;<\/td>\n<\/tr>\n<tr>\n<td><\/td>\n<td><\/td>\n<td><\/td>\n<td><\/td>\n<td><\/td>\n<\/tr>\n<tr>\n<td>QL 50<\/td>\n<td>135<\/td>\n<td>\u221a<\/td>\n<td>\u221a<\/td>\n<td>\u221a<\/p>\n<p>&nbsp;<\/td>\n<\/tr>\n<tr>\n<td>QL 50<\/td>\n<td>140<\/td>\n<td>\u221a<\/td>\n<td>\u221a<\/td>\n<td>\u221a<\/p>\n<p>&nbsp;<\/td>\n<\/tr>\n<tr>\n<td>QL 50<\/td>\n<td>146<\/td>\n<td>\u221a<\/td>\n<td>\u221a<\/td>\n<td>\u221a<\/p>\n<p>&nbsp;<\/td>\n<\/tr>\n<tr>\n<td>QL 50<\/td>\n<td>152<\/td>\n<td>\u221a<\/td>\n<td>\u221a<\/td>\n<td>\u221a<\/p>\n<p>&nbsp;<\/td>\n<\/tr>\n<tr>\n<td>QL 50<\/td>\n<td>165<\/td>\n<td>\u221a<\/td>\n<td>\u221a<\/td>\n<td>\u221a<\/p>\n<p>&nbsp;<\/td>\n<\/tr>\n<tr>\n<td><\/td>\n<td><\/td>\n<td><\/td>\n<td><\/td>\n<td><\/td>\n<\/tr>\n<tr>\n<td>QL 60<\/td>\n<td>152<\/td>\n<td>\u221a<\/td>\n<td>\u221a<\/td>\n<td>\u221a<\/p>\n<p>&nbsp;<\/td>\n<\/tr>\n<tr>\n<td>QL 60<\/td>\n<td>165<\/td>\n<td>\u221a<\/td>\n<td>\u221a<\/td>\n<td>\u221a<\/p>\n<p>&nbsp;<\/td>\n<\/tr>\n<tr>\n<td>QL 60<\/td>\n<td>171<\/td>\n<td>\u221a<\/td>\n<td>\u221a<\/td>\n<td>\u221a<\/p>\n<p>&nbsp;<\/td>\n<\/tr>\n<tr>\n<td>QL 60<\/td>\n<td>190<\/td>\n<td>\u221a<\/td>\n<td>\u221a<\/td>\n<td>\u221a<\/p>\n<p>&nbsp;<\/td>\n<\/tr>\n<tr>\n<td>QL 60<\/td>\n<td>203<\/td>\n<td>\u221a<\/td>\n<td>\u221a<\/td>\n<td>\u221a<\/p>\n<p>&nbsp;<\/td>\n<\/tr>\n<tr>\n<td><\/td>\n<td><\/td>\n<td><\/td>\n<td><\/td>\n<td><\/td>\n<\/tr>\n<tr>\n<td>QL 80<\/td>\n<td>203<\/td>\n<td>\u221a<\/td>\n<td><\/td>\n<td>\u221a<\/td>\n<\/tr>\n<tr>\n<td>QL 80<\/td>\n<td>216<\/td>\n<td>\u221a<\/td>\n<td><\/td>\n<td>\u221a<\/td>\n<\/tr>\n<tr>\n<td>QL 80<\/td>\n<td>241<\/td>\n<td>\u221a<\/td>\n<td><\/td>\n<td>\u221a<\/td>\n<\/tr>\n<tr>\n<td>QL 80<\/td>\n<td>254<\/td>\n<td>\u221a<\/td>\n<td><\/td>\n<td>\u221a<\/td>\n<\/tr>\n<tr>\n<td>QL 80<\/td>\n<td>292<\/td>\n<td>\u221a<\/td>\n<td><\/td>\n<td>\u221a<\/td>\n<\/tr>\n<tr>\n<td>QL 80<\/td>\n<td>305<\/td>\n<td>\u221a<\/td>\n<td><\/td>\n<td>\u221a<\/td>\n<\/tr>\n<\/tbody>\n<\/table>\n<h2><\/h2>","protected":false},"excerpt":{"rendered":"<p>Las brocas DTH con v\u00e1stago QL se utilizan ampliamente en miner\u00eda, canteras, construcci\u00f3n, ingenier\u00eda civil y perforaci\u00f3n de pozos de agua. Combinando materias primas de primera calidad y tecnolog\u00edas de producci\u00f3n avanzadas, suministramos varias brocas de bot\u00f3n DTH para que coincida con diferentes marcas de martillos DTH, incluyendo Epiroc, Sandvik, Halco, etc. Adem\u00e1s, siguiendo la petici\u00f3n de cada cliente, ofrecemos diferentes tipos de brocas QL DTH para sus diferentes formaciones rocosas y aplicaciones.<\/p>","protected":false},"featured_media":6599,"template":"","meta":[],"product_brand":[],"product_cat":[27],"product_tag":[],"class_list":{"0":"post-985","1":"product","2":"type-product","3":"status-publish","4":"has-post-thumbnail","6":"product_cat-down-the-hole-dth-drilling-tools-1","8":"first","9":"instock","10":"shipping-taxable","11":"product-type-simple"},"_links":{"self":[{"href":"https:\/\/www.amedrillsupply.ca\/es\/wp-json\/wp\/v2\/product\/985","targetHints":{"allow":["GET"]}}],"collection":[{"href":"https:\/\/www.amedrillsupply.ca\/es\/wp-json\/wp\/v2\/product"}],"about":[{"href":"https:\/\/www.amedrillsupply.ca\/es\/wp-json\/wp\/v2\/types\/product"}],"wp:featuredmedia":[{"embeddable":true,"href":"https:\/\/www.amedrillsupply.ca\/es\/wp-json\/wp\/v2\/media\/6599"}],"wp:attachment":[{"href":"https:\/\/www.amedrillsupply.ca\/es\/wp-json\/wp\/v2\/media?parent=985"}],"wp:term":[{"taxonomy":"product_brand","embeddable":true,"href":"https:\/\/www.amedrillsupply.ca\/es\/wp-json\/wp\/v2\/product_brand?post=985"},{"taxonomy":"product_cat","embeddable":true,"href":"https:\/\/www.amedrillsupply.ca\/es\/wp-json\/wp\/v2\/product_cat?post=985"},{"taxonomy":"product_tag","embeddable":true,"href":"https:\/\/www.amedrillsupply.ca\/es\/wp-json\/wp\/v2\/product_tag?post=985"}],"curies":[{"name":"wp","href":"https:\/\/api.w.org\/{rel}","templated":true}]}}