{"id":969,"date":"2025-05-14T18:08:04","date_gmt":"2025-05-14T10:08:04","guid":{"rendered":"https:\/\/www.amedrillsupply.ca\/?post_type=product&#038;p=969"},"modified":"2025-08-21T06:13:36","modified_gmt":"2025-08-20T22:13:36","slug":"cop-dth-bit","status":"publish","type":"product","link":"https:\/\/www.amedrillsupply.ca\/es\/cop-dth-bit\/","title":{"rendered":"Broca DTH con mango COP"},"content":{"rendered":"<h2>Ame Drill COP shank DTH Bit<\/h2>\n<p>COP shank DTH bits are widely used for mining, quarrying, construction, civil engineering, and water well drilling. Combining premium raw materials and advanced production technologies, we supply various DTH button bits to match different brands of DTH hammers, including Epiroc, Sandvik, Halco, etc. Also, following each client\u2019s requests, we supply different types of DTH button bits for their different rock formations and applications.<\/p>\n<h2><b>Broca DTH con mango COP<\/b><\/h2>\n<p>&nbsp;<\/p>\n<table style=\"height: 1361px;\" border=\"1\" width=\"902\" cellspacing=\"0\" cellpadding=\"2\" align=\"center\">\n<tbody>\n<tr>\n<td>Estilo de ca\u00f1a<\/td>\n<td>Di\u00e1metro (mm)<\/td>\n<td>Cara plana<\/td>\n<td>Cara convexa<\/td>\n<td>Cara c\u00f3ncava<\/td>\n<\/tr>\n<tr>\n<td>COP 32<\/td>\n<td>85<\/td>\n<td>\u221a<\/td>\n<td>\u221a<\/td>\n<td><\/td>\n<\/tr>\n<tr>\n<td>COP 32<\/td>\n<td>90<\/td>\n<td>\u221a<\/td>\n<td>\u221a<\/td>\n<td><\/td>\n<\/tr>\n<tr>\n<td>COP 32<\/td>\n<td>95<\/td>\n<td>\u221a<\/td>\n<td>\u221a<\/td>\n<td><\/td>\n<\/tr>\n<tr>\n<td>COP 32<\/td>\n<td>100<\/td>\n<td>\u221a<\/td>\n<td>\u221a<\/td>\n<td>\u221a<\/td>\n<\/tr>\n<tr>\n<td>COP 32<\/td>\n<td>105<\/td>\n<td><\/td>\n<td><\/td>\n<td>\u221a<\/td>\n<\/tr>\n<tr>\n<td><\/td>\n<td><\/td>\n<td><\/td>\n<td><\/td>\n<td><\/td>\n<\/tr>\n<tr>\n<td>COP 34<\/td>\n<td>85<\/td>\n<td>\u221a<\/td>\n<td>\u221a<\/td>\n<td>&nbsp;<\/p>\n<p>&nbsp;<\/td>\n<\/tr>\n<tr>\n<td>COP 34<\/td>\n<td>90<\/td>\n<td>\u221a<\/td>\n<td>\u221a<\/td>\n<td>&nbsp;<\/p>\n<p>&nbsp;<\/td>\n<\/tr>\n<tr>\n<td>COP 34<\/td>\n<td>95<\/td>\n<td>\u221a<\/td>\n<td>\u221a<\/td>\n<td>&nbsp;<\/p>\n<p>&nbsp;<\/td>\n<\/tr>\n<tr>\n<td>COP 34<\/td>\n<td>100<\/td>\n<td>\u221a<\/td>\n<td>\u221a<\/td>\n<td>\u221a<\/p>\n<p>&nbsp;<\/td>\n<\/tr>\n<tr>\n<td>COP 34<\/td>\n<td>105<\/td>\n<td>\u221a<\/td>\n<td>\u221a<\/td>\n<td>\u221a<\/p>\n<p>&nbsp;<\/td>\n<\/tr>\n<tr>\n<td><\/td>\n<td><\/td>\n<td><\/td>\n<td><\/td>\n<td><\/td>\n<\/tr>\n<tr>\n<td>COP 42<\/td>\n<td>105<\/td>\n<td>\u221a<\/td>\n<td>\u221a<\/td>\n<td>\u221a<\/p>\n<p>&nbsp;<\/td>\n<\/tr>\n<tr>\n<td>COP 42<\/td>\n<td>110<\/td>\n<td>\u221a<\/td>\n<td>\u221a<\/td>\n<td>\u221a<\/p>\n<p>&nbsp;<\/td>\n<\/tr>\n<tr>\n<td>COP 42<\/td>\n<td>115<\/td>\n<td>\u221a<\/td>\n<td>\u221a<\/td>\n<td>\u221a<\/p>\n<p>&nbsp;<\/td>\n<\/tr>\n<tr>\n<td>COP 42<\/td>\n<td>120<\/td>\n<td>\u221a<\/td>\n<td>\u221a<\/td>\n<td>\u221a<\/p>\n<p>&nbsp;<\/td>\n<\/tr>\n<tr>\n<td>COP 42<\/td>\n<td>127<\/td>\n<td>\u221a<\/td>\n<td>\u221a<\/td>\n<td>\u221a<\/p>\n<p>&nbsp;<\/td>\n<\/tr>\n<\/tbody>\n<\/table>\n<h2><\/h2>","protected":false},"excerpt":{"rendered":"<p>Las brocas DTH con mango COP se utilizan ampliamente en miner\u00eda, canteras, construcci\u00f3n, ingenier\u00eda civil y perforaci\u00f3n de pozos de agua. Combinando materias primas de primera calidad y tecnolog\u00edas de producci\u00f3n avanzadas, suministramos varias brocas de bot\u00f3n DTH para que coincida con diferentes marcas de martillos DTH, incluyendo Epiroc, Sandvik, Halco, etc. Adem\u00e1s, siguiendo las peticiones de cada cliente, ofrecemos diferentes tipos de brocas de bot\u00f3n DTH para sus diferentes formaciones rocosas y aplicaciones.<\/p>\n<div id=\"gtx-trans\" style=\"position: absolute; left: -62px; top: -11px;\">\n<div class=\"gtx-trans-icon\"><\/div>\n<\/div>","protected":false},"featured_media":6596,"template":"","meta":[],"product_brand":[],"product_cat":[27],"product_tag":[],"class_list":{"0":"post-969","1":"product","2":"type-product","3":"status-publish","4":"has-post-thumbnail","6":"product_cat-down-the-hole-dth-drilling-tools-1","8":"first","9":"instock","10":"shipping-taxable","11":"product-type-simple"},"_links":{"self":[{"href":"https:\/\/www.amedrillsupply.ca\/es\/wp-json\/wp\/v2\/product\/969","targetHints":{"allow":["GET"]}}],"collection":[{"href":"https:\/\/www.amedrillsupply.ca\/es\/wp-json\/wp\/v2\/product"}],"about":[{"href":"https:\/\/www.amedrillsupply.ca\/es\/wp-json\/wp\/v2\/types\/product"}],"wp:featuredmedia":[{"embeddable":true,"href":"https:\/\/www.amedrillsupply.ca\/es\/wp-json\/wp\/v2\/media\/6596"}],"wp:attachment":[{"href":"https:\/\/www.amedrillsupply.ca\/es\/wp-json\/wp\/v2\/media?parent=969"}],"wp:term":[{"taxonomy":"product_brand","embeddable":true,"href":"https:\/\/www.amedrillsupply.ca\/es\/wp-json\/wp\/v2\/product_brand?post=969"},{"taxonomy":"product_cat","embeddable":true,"href":"https:\/\/www.amedrillsupply.ca\/es\/wp-json\/wp\/v2\/product_cat?post=969"},{"taxonomy":"product_tag","embeddable":true,"href":"https:\/\/www.amedrillsupply.ca\/es\/wp-json\/wp\/v2\/product_tag?post=969"}],"curies":[{"name":"wp","href":"https:\/\/api.w.org\/{rel}","templated":true}]}}