{"id":966,"date":"2025-05-14T18:13:26","date_gmt":"2025-05-14T10:13:26","guid":{"rendered":"https:\/\/www.amedrillsupply.ca\/?post_type=product&#038;p=966"},"modified":"2025-08-21T05:56:10","modified_gmt":"2025-08-20T21:56:10","slug":"down-the-hole-dth-button-bits","status":"publish","type":"product","link":"https:\/\/www.amedrillsupply.ca\/es\/down-the-hole-dth-button-bits\/","title":{"rendered":"Brocas de bot\u00f3n para fondo de pozo (DTH)"},"content":{"rendered":"<h2><b>Broca DTH Ame Drill<\/b><\/h2>\n<p>Las brocas de bot\u00f3n para martillo en fondo (DTH) se utilizan ampliamente en miner\u00eda, canteras, construcci\u00f3n, ingenier\u00eda civil y perforaci\u00f3n de pozos de agua. Combinando materias primas de primera calidad con tecnolog\u00edas de producci\u00f3n avanzadas, suministramos varias brocas de bot\u00f3n DTH para que coincida con diferentes marcas de martillos DTH, incluyendo Epiroc, Sandvik, Halco, etc. Adem\u00e1s, a petici\u00f3n de cada cliente, ofrecemos diferentes tipos de brocas de bot\u00f3n DTH para sus diferentes formaciones rocosas y aplicaciones.<\/p>\n<h2><b>Di\u00e1metro de los bits:<\/b><\/h2>\n<p>76 mm a 750 mm<\/p>\n<h2><b>Brocas con v\u00e1lvula de pie \/ estilo v\u00e1stago de tubo:<\/b><\/h2>\n<table style=\"height: 5px;\" border=\"1\" width=\"560\" cellspacing=\"0\" cellpadding=\"2\" align=\"center\">\n<tbody>\n<tr>\n<td>V\u00e1stago<\/td>\n<td>Modelo<\/td>\n<\/tr>\n<tr>\n<td>\u00a0Serie DHD<\/td>\n<td>DHD3.5, DHD340A, DHD350R, DHD360, DHD380<\/td>\n<\/tr>\n<tr>\n<td>\u00a0Serie COP<\/td>\n<td>COP32, COP42, COP62, COP34, COP44, COP54, COP64, COP84<\/td>\n<\/tr>\n<tr>\n<td>\u00a0Serie QL<\/td>\n<td>QL40, QL50, QL60, QL80<\/td>\n<\/tr>\n<tr>\n<td>Serie SD<\/td>\n<td>SD4, SD5, SD6, SD8, SD10, SD12<\/td>\n<\/tr>\n<tr>\n<td>Otros<\/td>\n<td>BR2, BR3, Mach303, Numa 100, Numa 180, Numa 24, etc.<\/td>\n<\/tr>\n<\/tbody>\n<\/table>\n<h2><b>Puntas sin v\u00e1lvula de pie\/estilo de v\u00e1stago de tubo:<\/b><\/h2>\n<table style=\"height: 5px;\" border=\"1\" width=\"560\" cellspacing=\"0\" cellpadding=\"2\" align=\"center\">\n<tbody>\n<tr>\n<td>V\u00e1stago<\/td>\n<td>Modelo<\/td>\n<\/tr>\n<tr>\n<td>\u00a0Serie DHD<\/td>\n<td>DHD3.5W, DHD340W, DHD350W, DHD360W, DHD380W<\/td>\n<\/tr>\n<tr>\n<td>\u00a0Serie de misiones<\/td>\n<td>MS3W, MS4W, MS5W, MS6W, MS8W<\/td>\n<\/tr>\n<tr>\n<td>\u00a0Serie QL<\/td>\n<td>QL40W, QL50W, QL60W, QL80W<\/td>\n<\/tr>\n<tr>\n<td>\u00a0\u00a0Serie AME<\/td>\n<td>AME4W,AME5W,AME6W,AME8W,AME10W,AME15W,AME18W<\/td>\n<\/tr>\n<tr>\n<td>Otros<\/td>\n<td>Numa 100W, Numa 125W, etc.<\/td>\n<\/tr>\n<\/tbody>\n<\/table>\n<p>&nbsp;<\/p>\n<h2 style=\"text-align: center;\"><b>*<\/b>Podemos ofrecer m\u00e1s v\u00e1stagos seg\u00fan los requisitos de los clientes<\/h2>\n<p>&nbsp;<\/p>\n<h2><b>Dise\u00f1o de la cara de Bit:<\/b><\/h2>\n<p>cara plana, cara convexa, cara c\u00f3ncava, DGR (doble fila de calibre)<\/p>\n<p>&nbsp;<\/p>\n<table border=\"1\" cellspacing=\"0\" cellpadding=\"2\" align=\"center\">\n<tbody>\n<tr>\n<td><img decoding=\"async\" class=\"size-full wp-image-6589 aligncenter\" title=\"Esf\u00e9rica\" src=\"https:\/\/www.amedrillsupply.ca\/wp-content\/uploads\/2025\/05\/Spherical.jpg\" alt=\"Spherical\" width=\"117\" height=\"139\" \/><\/td>\n<td><img decoding=\"async\" class=\"size-full wp-image-6590 aligncenter\" title=\"Bal\u00edstica esf\u00e9rica\" src=\"https:\/\/www.amedrillsupply.ca\/wp-content\/uploads\/2025\/05\/Spherical-Ballistic.jpg\" alt=\"Spherical Ballistic\" width=\"117\" height=\"139\" \/><\/td>\n<td><img decoding=\"async\" class=\"size-full wp-image-6591 aligncenter\" title=\"Cara convec Esf\u00e9rica\" src=\"https:\/\/www.amedrillsupply.ca\/wp-content\/uploads\/2025\/05\/Convec-face-Spherical.jpg\" alt=\"Convec face Spherical\" width=\"117\" height=\"139\" \/><\/td>\n<td><img decoding=\"async\" class=\"size-full wp-image-6591 aligncenter\" title=\"Cara convec Esf\u00e9rica\" src=\"https:\/\/www.amedrillsupply.ca\/wp-content\/uploads\/2025\/05\/Convec-face-Spherical.jpg\" alt=\"Convec face Spherical\" width=\"117\" height=\"139\" \/><\/td>\n<td><img loading=\"lazy\" decoding=\"async\" class=\"size-full wp-image-6592 aligncenter\" title=\"Convec Esf\u00e9rico\" src=\"https:\/\/www.amedrillsupply.ca\/wp-content\/uploads\/2025\/05\/Convec-Spherical.jpg\" alt=\"Convec Spherical\" width=\"117\" height=\"139\" \/><\/td>\n<\/tr>\n<tr>\n<td><b>\u00a0Cara plana<\/b><\/p>\n<p><b>(Esf\u00e9rico)<\/b><\/td>\n<td><b>\u00a0Cara plana<\/b><\/p>\n<p><b>(Esf\u00e9rica + Bal\u00edstica)<\/b><\/td>\n<td><b>\u00a0Cara convexa<\/b><\/p>\n<p><b>(Esf\u00e9rica + Bal\u00edstica)<\/b><\/td>\n<td><b>Cara convexa<\/b><\/p>\n<p><b>(Bal\u00edstica)\u00a0<\/b><\/td>\n<td><b>\u00a0Cara c\u00f3ncava<\/b><\/p>\n<p><b>(Esf\u00e9rico)<\/b><\/td>\n<\/tr>\n<tr>\n<td>&nbsp;<\/p>\n<p>Aplicaciones:<\/p>\n<p>Para taladrar en terrenos duros y<\/p>\n<p>roca abrasiva.<\/td>\n<td>&nbsp;<\/p>\n<p>Aplicaciones:<\/p>\n<p>Para taladrar en terrenos de dureza media<\/p>\n<p>demasiado duro y moderadamente<\/p>\n<p>roca abrasiva.<\/td>\n<td>&nbsp;<\/p>\n<p>Aplicaciones:<\/p>\n<p>Para taladrar en<\/p>\n<p>y roca abrasiva.<\/td>\n<td>&nbsp;<\/p>\n<p>Aplicaciones:<\/p>\n<p>Para perforar a gran<\/p>\n<p>\u00edndices de penetraci\u00f3n en<\/p>\n<p>roca no abrasiva.<\/td>\n<td>&nbsp;<\/p>\n<p>Aplicaciones:<\/p>\n<p>Para perforar en medio<\/p>\n<p>har, agujero m\u00e1ximo<\/p>\n<p>control de desviaciones.<\/td>\n<\/tr>\n<\/tbody>\n<\/table>\n<h2><\/h2>\n<p>&nbsp;<\/p>\n<p>&nbsp;<\/p>\n<h2><b>Puntas con forma de carburo:<\/b><\/h2>\n<p>hemisf\u00e9rica (redonda), parab\u00f3lica (semibal\u00edstica), bal\u00edstica (c\u00f3nica);<\/p>\n<p>&nbsp;<\/p>\n<table border=\"1\" cellspacing=\"0\" cellpadding=\"2\" align=\"center\">\n<tbody>\n<tr>\n<td><img loading=\"lazy\" decoding=\"async\" class=\"size-full wp-image-6593 aligncenter\" title=\"Botones hemisf\u00e9ricos\" src=\"https:\/\/www.amedrillsupply.ca\/wp-content\/uploads\/2025\/05\/Hemispherical-buttons.jpg\" alt=\"Hemispherical buttons\" width=\"129\" height=\"146\" \/><\/td>\n<td><img loading=\"lazy\" decoding=\"async\" class=\"size-full wp-image-6594 aligncenter\" title=\"semibal\u00edstico\" src=\"https:\/\/www.amedrillsupply.ca\/wp-content\/uploads\/2025\/05\/semi-ballistic.jpg\" alt=\"semi ballistic\" width=\"129\" height=\"146\" \/><\/td>\n<td><img loading=\"lazy\" decoding=\"async\" class=\"size-full wp-image-6595 aligncenter\" title=\"Botones bal\u00edsticos\" src=\"https:\/\/www.amedrillsupply.ca\/wp-content\/uploads\/2025\/05\/Ballistic-buttons-1.jpg\" alt=\"Ballistic buttons\" width=\"129\" height=\"146\" \/><\/td>\n<\/tr>\n<tr>\n<td>\u00a0<b>Botones hemisf\u00e9ricos:<\/b><\/p>\n<p>Botones universales para todos<\/p>\n<p>formaci\u00f3n rocosa, la m\u00e1s adecuada<\/p>\n<p>a los m\u00e1s duros y muy abrasivos<\/p>\n<p>formaci\u00f3n rocosa.<\/td>\n<td><b>Botones parab\u00f3licos (semibal\u00edsticos):<\/b><\/p>\n<p>Excelente \u00edndice de penetraci\u00f3n, pero<\/p>\n<p>s\u00f3lo apto para productos de dureza media y<\/p>\n<p>formaci\u00f3n rocosa no muy abrasiva.<\/td>\n<td><b>Botones bal\u00edsticos:<\/b><\/p>\n<p>Similares a los botones parab\u00f3licos, utilizados<\/p>\n<p>para dureza blanda a media y no tan<\/p>\n<p>formaci\u00f3n rocosa abrasiva, excelente<\/p>\n<p>en el \u00edndice de penetraci\u00f3n.<\/td>\n<\/tr>\n<\/tbody>\n<\/table>\n<h2><\/h2>","protected":false},"excerpt":{"rendered":"<p>Las brocas de bot\u00f3n para martillo en fondo (DTH) se utilizan ampliamente en miner\u00eda, canteras, construcci\u00f3n, ingenier\u00eda civil y perforaci\u00f3n de pozos de agua. Combinando materias primas de primera calidad con tecnolog\u00edas de producci\u00f3n avanzadas, suministramos varias brocas de bot\u00f3n DTH para que coincida con diferentes marcas de martillos DTH, incluyendo Epiroc, Sandvik, Halco, etc. Adem\u00e1s, a petici\u00f3n de cada cliente, ofrecemos diferentes tipos de brocas de bot\u00f3n DTH para sus diferentes formaciones rocosas y aplicaciones.<\/p>","protected":false},"featured_media":6588,"template":"","meta":[],"product_brand":[],"product_cat":[27],"product_tag":[],"class_list":{"0":"post-966","1":"product","2":"type-product","3":"status-publish","4":"has-post-thumbnail","6":"product_cat-down-the-hole-dth-drilling-tools-1","8":"first","9":"instock","10":"shipping-taxable","11":"product-type-simple"},"_links":{"self":[{"href":"https:\/\/www.amedrillsupply.ca\/es\/wp-json\/wp\/v2\/product\/966","targetHints":{"allow":["GET"]}}],"collection":[{"href":"https:\/\/www.amedrillsupply.ca\/es\/wp-json\/wp\/v2\/product"}],"about":[{"href":"https:\/\/www.amedrillsupply.ca\/es\/wp-json\/wp\/v2\/types\/product"}],"wp:featuredmedia":[{"embeddable":true,"href":"https:\/\/www.amedrillsupply.ca\/es\/wp-json\/wp\/v2\/media\/6588"}],"wp:attachment":[{"href":"https:\/\/www.amedrillsupply.ca\/es\/wp-json\/wp\/v2\/media?parent=966"}],"wp:term":[{"taxonomy":"product_brand","embeddable":true,"href":"https:\/\/www.amedrillsupply.ca\/es\/wp-json\/wp\/v2\/product_brand?post=966"},{"taxonomy":"product_cat","embeddable":true,"href":"https:\/\/www.amedrillsupply.ca\/es\/wp-json\/wp\/v2\/product_cat?post=966"},{"taxonomy":"product_tag","embeddable":true,"href":"https:\/\/www.amedrillsupply.ca\/es\/wp-json\/wp\/v2\/product_tag?post=966"}],"curies":[{"name":"wp","href":"https:\/\/api.w.org\/{rel}","templated":true}]}}