{"id":948,"date":"2025-05-14T18:15:23","date_gmt":"2025-05-14T10:15:23","guid":{"rendered":"https:\/\/www.amedrillsupply.ca\/?post_type=product&#038;p=948"},"modified":"2025-08-21T04:42:41","modified_gmt":"2025-08-20T20:42:41","slug":"down-the-hole-dth-hammers","status":"publish","type":"product","link":"https:\/\/www.amedrillsupply.ca\/es\/down-the-hole-dth-hammers\/","title":{"rendered":"Martillos en fondo sin v\u00e1lvulas ni tubos"},"content":{"rendered":"<h2>Martillos en fondo (DTH) sin v\u00e1lvulas ni tubos<\/h2>\n<p>Martillos en fondo DTH sin v\u00e1lvulas ni tubos en la parte inferior de una barra de perforaci\u00f3n. El martillo se acciona mediante aire comprimido transmitido a trav\u00e9s de la barra de perforaci\u00f3n para accionar el pist\u00f3n y producir fuerza de impacto, que se introduce en las rocas para perforarlas y triturarlas. La perforaci\u00f3n DTH puede aplicarse en miner\u00eda, canteras, perforaci\u00f3n de pozos de agua, pilotaje de cimientos, etc. El martillo DTH utiliza aire comprimido para producir potencia de impacto, impulsando as\u00ed las brocas para triturar las rocas.<\/p>\n<h2>Caracter\u00edsticas de los martillos en fondo sin v\u00e1lvulas ni tubos<\/h2>\n<div id=\"model-response-message-contentr_becdb988893341c9\" class=\"markdown markdown-main-panel stronger enable-updated-hr-color\" dir=\"ltr\">\n<p>Los martillos en fondo (DTH) sin v\u00e1lvulas ni tubos representan una evoluci\u00f3n avanzada en la tecnolog\u00eda de perforaci\u00f3n en fondo, dise\u00f1ada para maximizar la eficiencia de la perforaci\u00f3n y la longevidad de la herramienta. Al incorporar dise\u00f1os internos optimizados y aprovechar procesos de fabricaci\u00f3n superiores, estos martillos ofrecen una acci\u00f3n de percusi\u00f3n consistente y potente con costes operativos reducidos. Esto los convierte en una opci\u00f3n muy fiable para aplicaciones de perforaci\u00f3n exigentes en las que tanto el rendimiento como la durabilidad son primordiales.<\/p>\n<p>Estas son las principales caracter\u00edsticas de la AME Valveless\/Tubeless DTH Hammer:<\/p>\n<ul>\n<li><b>Extraordinario \u00edndice de penetraci\u00f3n:<\/b>\u00a0Dise\u00f1ado para una frecuencia de impacto m\u00e1xima y una transferencia de energ\u00eda eficiente a la broca, lo que permite perforar m\u00e1s r\u00e1pido a trav\u00e9s de formaciones rocosas dif\u00edciles.<\/li>\n<li><b>Menos aire, m\u00e1s producci\u00f3n:<\/b>\u00a0El consumo optimizado de aire permite una mayor eficiencia del compresor, lo que reduce los costes de combustible y maximiza la cantidad de perforaci\u00f3n conseguida por unidad de aire.<\/li>\n<li><b>Menos tiempo de inactividad, mayor duraci\u00f3n: <\/b>Construidos con componentes robustos y resistentes al desgaste y con una fabricaci\u00f3n de precisi\u00f3n, estos martillos est\u00e1n dise\u00f1ados para prolongar su vida \u00fatil, lo que reduce significativamente las necesidades de mantenimiento y las costosas interrupciones.<\/li>\n<li><b>Material de primera calidad, finos procesos de fabricaci\u00f3n CNC y tratamiento t\u00e9rmico, y dise\u00f1o optimizado: <\/b>Construido a partir de aleaciones de alta calidad y sometido a un avanzado mecanizado CNC y a tratamientos t\u00e9rmicos especializados, lo que garantiza una resistencia y durabilidad excepcionales, as\u00ed como un mecanismo interno perfectamente equilibrado.<\/li>\n<li><b>Buena estabilidad y fiabilidad:<\/b>\u00a0El dise\u00f1o del martillo favorece un funcionamiento estable dentro de la perforaci\u00f3n, lo que contribuye a obtener orificios m\u00e1s rectos y un rendimiento uniforme, minimizando los problemas durante la perforaci\u00f3n.<\/li>\n<li><b>Alta frecuencia de impacto:<\/b>\u00a0Proporciona golpes r\u00e1pidos y potentes a la broca, lo que es crucial para romper eficazmente rocas duras y abrasivas.<\/li>\n<li><b>Menor consumo de aire comprimido:<\/b>\u00a0Un sistema optimizado de distribuci\u00f3n interna del aire garantiza que el martillo funcione eficazmente con menos volumen de aire, lo que contribuye al ahorro de energ\u00eda.<\/li>\n<li><b>Larga vida \u00fatil:<\/b>\u00a0La combinaci\u00f3n de materiales de primera calidad, fabricaci\u00f3n precisa y dise\u00f1o optimizado da como resultado un martillo que puede soportar un uso prolongado en condiciones duras, ofreciendo un excelente retorno de la inversi\u00f3n.<\/li>\n<\/ul>\n<\/div>\n<h2>Aplicaciones de los martillos en fondo DTH<\/h2>\n<div id=\"model-response-message-contentr_529f5328048be031\" class=\"markdown markdown-main-panel stronger enable-updated-hr-color\" dir=\"ltr\">\n<p>Los martillos en fondo DTH son una herramienta de perforaci\u00f3n muy vers\u00e1til y robusta, dise\u00f1ada para sobresalir en una amplia gama de aplicaciones exigentes en las que se requiere una penetraci\u00f3n eficaz y precisa a trav\u00e9s de roca dura y abrasiva. Su dise\u00f1o optimizado para una alta frecuencia de impacto y un consumo de aire reducido lo convierten en la elecci\u00f3n ideal para proyectos que priorizan tanto la velocidad como la rentabilidad en diversos sectores.<\/p>\n<p>\u00c9stas son las principales aplicaciones del martillo DTH sin v\u00e1lvula \/ sin c\u00e1mara AME:<\/p>\n<ul>\n<li><b>Miner\u00eda:<\/b>\u00a0Imprescindible para perforar barrenos de voladura, barrenos de exploraci\u00f3n y barrenos de preexcavaci\u00f3n tanto en minas a cielo abierto como subterr\u00e1neas, contribuyendo a una extracci\u00f3n eficaz del mineral.<\/li>\n<li><b>Canteras:<\/b>\u00a0Se utiliza ampliamente en canteras para la fragmentaci\u00f3n de roca, la producci\u00f3n de \u00e1ridos y la extracci\u00f3n de piedra dimensional, garantizando una alta productividad.<\/li>\n<li><b>Perforaci\u00f3n de pozos de agua:<\/b>\u00a0Herramienta preferida para crear pozos de sondeo que permitan acceder a las aguas subterr\u00e1neas para el riego agr\u00edcola, el uso industrial y el abastecimiento dom\u00e9stico de agua.<\/li>\n<li><b>Perforaci\u00f3n de pozos geot\u00e9rmicos:<\/b>\u00a0Fundamental para perforar los pozos profundos y a menudo dif\u00edciles que requieren los sistemas de energ\u00eda geot\u00e9rmica, penetrando en diversas formaciones rocosas.<\/li>\n<li><b>Pilotes de cimentaci\u00f3n:<\/b>\u00a0Se emplea en proyectos de construcci\u00f3n para perforar orificios precisos y estables para pilotes de cimentaci\u00f3n, micropilotes y otras aplicaciones de apoyo al terreno.<\/li>\n<li><b>Construcci\u00f3n general e infraestructuras:<\/b>\u00a0Aplicable en diversas obras de ingenier\u00eda civil como construcci\u00f3n de carreteras, t\u00faneles, construcci\u00f3n de presas y otras tareas de excavaci\u00f3n en roca.<\/li>\n<\/ul>\n<\/div>\n<h2><strong>Estructura<\/strong> de AME Valveless\/Tubeless DTH Hammer<\/h2>\n<div id=\"model-response-message-contentr_10f8b28982269715\" class=\"markdown markdown-main-panel stronger enable-updated-hr-color\" dir=\"ltr\">\n<p>Los martillos en fondo (DTH) sin v\u00e1lvulas ni tubos, al igual que otros martillos en fondo, son un dispositivo mec\u00e1nico complejo dise\u00f1ado para proporcionar impactos potentes directamente a la broca en el fondo de una perforaci\u00f3n. Aunque los dise\u00f1os internos espec\u00edficos pueden variar ligeramente entre fabricantes y modelos para su optimizaci\u00f3n, la estructura fundamental comprende varios componentes clave que trabajan al un\u00edsono. El aire comprimido entra en el martillo y acciona un pist\u00f3n que gira a alta frecuencia, golpeando la broca. Esta acci\u00f3n de percusi\u00f3n, combinada con la rotaci\u00f3n del equipo de perforaci\u00f3n, rompe eficazmente la roca.<\/p>\n<p>He aqu\u00ed los principales componentes y sus funciones en la estructura de un martillo DTH sin v\u00e1lvula \/ sin c\u00e1mara de aire:<\/p>\n<ul>\n<li><b>Top Sub (Backhead):<\/b>\u00a0Es la parte superior del martillo, que se conecta a la tuber\u00eda de perforaci\u00f3n. Canaliza el aire comprimido hacia el interior del martillo y transfiere el par de rotaci\u00f3n del equipo de perforaci\u00f3n a todo el cuerpo del martillo. Tambi\u00e9n suele albergar una v\u00e1lvula de retenci\u00f3n.<\/li>\n<li><b>V\u00e1lvula de retenci\u00f3n:<\/b>\u00a0Situada en el submarino superior, esta v\u00e1lvula impide la entrada de agua o residuos en el mecanismo interno del martillo cuando se corta el suministro de aire.<\/li>\n<li><b>Carcasa exterior (carcasa del cilindro\/martillo):<\/b>\u00a0La robusta carcasa exterior del martillo que aloja y protege todos los componentes internos. Est\u00e1 dise\u00f1ada para soportar una inmensa presi\u00f3n interna y fuerzas abrasivas externas.<\/li>\n<li><b>Cilindro interno:<\/b>\u00a0Se encuentra dentro de la carcasa exterior y gu\u00eda el movimiento del pist\u00f3n. Desempe\u00f1a un papel crucial en la direcci\u00f3n del flujo de aire para controlar el movimiento alternativo del pist\u00f3n.<\/li>\n<li><b>Pist\u00f3n:<\/b>\u00a0A menudo denominado el \"coraz\u00f3n\" del martillo, el pist\u00f3n es un componente mecanizado con precisi\u00f3n que se mueve r\u00e1pidamente hacia arriba y hacia abajo. El aire comprimido act\u00faa sobre las superficies del pist\u00f3n, haciendo que golpee el yunque (o la cara de golpeo de la broca) con gran fuerza.<\/li>\n<li><b>Distribuidor de aire (v\u00e1lvula\/v\u00e1lvula r\u00edgida):<\/b>\u00a0Este componente controla el flujo de aire comprimido a las diferentes c\u00e1maras del martillo, regulando el movimiento del pist\u00f3n y garantizando un ciclo eficaz.<\/li>\n<li><b>Drive Sub (Chuck\/Bit Sub):<\/b>\u00a0Situada en la parte inferior del martillo, esta pieza transmite el par de rotaci\u00f3n de la carcasa exterior a la broca. Tambi\u00e9n sujeta firmemente la broca en su sitio.<\/li>\n<li><b>Anillo\/sistema de retenci\u00f3n de brocas:<\/b>\u00a0Mecanismo (a menudo un anillo de retenci\u00f3n o pasadores) que fija la broca DTH a la base de accionamiento, impidiendo que se suelte durante el funcionamiento.<\/li>\n<li><b>Juntas y juntas t\u00f3ricas:<\/b>\u00a0Numerosos sellos y juntas t\u00f3ricas est\u00e1n colocados estrat\u00e9gicamente en toda la estructura del martillo para evitar fugas de aire, mantener la presi\u00f3n interna y evitar la entrada de contaminantes, garantizando un funcionamiento eficaz.<\/li>\n<\/ul>\n<p>Para un martillo sin v\u00e1lvula \/ sin tubo, se ajusta a una broca sin v\u00e1lvula o sin tubo que no tiene ninguna v\u00e1lvula de pie o tubo de pie. Ame Drill suministra los siguientes tipos y tama\u00f1os de martillos sin v\u00e1lvula \/ sin tubo<\/p>\n<p>QL40W, QL50W, QL60W, QL80W (4\u2033 a 8\u2033)<\/p>\n<p>DHD3.5W, DHD340W, DHD350W,DHD360W, DHD380W (3\u2033 a 8\u2033)<\/p>\n<p>Mission 30, Mission 40, Mission 50, Mission 60, Mission 80 (3\u2033 a 8\u2033)<\/p>\n<p>W46, W56, W66, W86, W106, NM126W, W156, W186 (4\u2033 a 18\u2033)<\/p>\n<\/div>\n<p>&nbsp;<\/p>","protected":false},"excerpt":{"rendered":"<p>Martillos en fondo DTH sin v\u00e1lvulas ni tubos en la parte inferior de una barra de perforaci\u00f3n. El martillo se acciona mediante aire comprimido transmitido a trav\u00e9s de la barra de perforaci\u00f3n para accionar el pist\u00f3n y producir fuerza de impacto, que se introduce en las rocas para perforarlas y triturarlas. La perforaci\u00f3n DTH puede aplicarse en miner\u00eda, canteras, perforaci\u00f3n de pozos de agua, pilotaje de cimientos, etc. El martillo DTH utiliza aire comprimido para producir potencia de impacto, impulsando as\u00ed las brocas para triturar las rocas.<\/p>\n<div id=\"gtx-trans\" style=\"position: absolute; left: 138px; top: -10px;\">\n<div class=\"gtx-trans-icon\"><\/div>\n<\/div>","protected":false},"featured_media":6696,"template":"","meta":[],"product_brand":[],"product_cat":[27],"product_tag":[],"class_list":{"0":"post-948","1":"product","2":"type-product","3":"status-publish","4":"has-post-thumbnail","6":"product_cat-down-the-hole-dth-drilling-tools-1","8":"first","9":"instock","10":"shipping-taxable","11":"product-type-simple"},"_links":{"self":[{"href":"https:\/\/www.amedrillsupply.ca\/es\/wp-json\/wp\/v2\/product\/948","targetHints":{"allow":["GET"]}}],"collection":[{"href":"https:\/\/www.amedrillsupply.ca\/es\/wp-json\/wp\/v2\/product"}],"about":[{"href":"https:\/\/www.amedrillsupply.ca\/es\/wp-json\/wp\/v2\/types\/product"}],"wp:featuredmedia":[{"embeddable":true,"href":"https:\/\/www.amedrillsupply.ca\/es\/wp-json\/wp\/v2\/media\/6696"}],"wp:attachment":[{"href":"https:\/\/www.amedrillsupply.ca\/es\/wp-json\/wp\/v2\/media?parent=948"}],"wp:term":[{"taxonomy":"product_brand","embeddable":true,"href":"https:\/\/www.amedrillsupply.ca\/es\/wp-json\/wp\/v2\/product_brand?post=948"},{"taxonomy":"product_cat","embeddable":true,"href":"https:\/\/www.amedrillsupply.ca\/es\/wp-json\/wp\/v2\/product_cat?post=948"},{"taxonomy":"product_tag","embeddable":true,"href":"https:\/\/www.amedrillsupply.ca\/es\/wp-json\/wp\/v2\/product_tag?post=948"}],"curies":[{"name":"wp","href":"https:\/\/api.w.org\/{rel}","templated":true}]}}