{"id":944,"date":"2025-05-14T18:10:22","date_gmt":"2025-05-14T10:10:22","guid":{"rendered":"https:\/\/www.amedrillsupply.ca\/?post_type=product&#038;p=944"},"modified":"2025-08-21T05:38:21","modified_gmt":"2025-08-20T21:38:21","slug":"ql-down-the-hole-dth-hammers","status":"publish","type":"product","link":"https:\/\/www.amedrillsupply.ca\/es\/ql-down-the-hole-dth-hammers\/","title":{"rendered":"Martillos en fondo (DTH) con v\u00e1stago QL"},"content":{"rendered":"<h2><b>Martillos en fondo (DTH) con mango QL de Ame Drill <\/b><\/h2>\n<p>El \"DTH\" es la abreviatura de \"Down The Hole\", y a veces tambi\u00e9n se llama \"RAB\" en algunos mercados, entonces el \"RAB\" es la abreviatura de \"Rotary Air Blasting\".<\/p>\n<p>&nbsp;<\/p>\n<p>Los martillos en fondo (DTH) con v\u00e1stago QL se utilizan ampliamente en miner\u00eda, canteras, construcci\u00f3n, ingenier\u00eda civil y perforaci\u00f3n de pozos de agua. Combinando materias primas de primera calidad con tecnolog\u00edas de producci\u00f3n avanzadas, suministramos diferentes tama\u00f1os de martillos DTH de 3 a 12 pulgadas para competir con Sandvik, Epiroc, Mincon, Rockmore y Halco.<\/p>\n<p>&nbsp;<\/p>\n<h2><b>Martillo de ca\u00f1a QL\u00a0<\/b><\/h2>\n<table border=\"1\" cellspacing=\"0\" cellpadding=\"2\" align=\"center\">\n<tbody>\n<tr>\n<td>Martillo<\/p>\n<p>&nbsp;<\/td>\n<td>Presi\u00f3n de trabajo (Bar)<\/p>\n<p>&nbsp;<\/td>\n<td>Alcance del orificio (mm)<\/p>\n<p>&nbsp;<\/td>\n<td>Martillo Fuera Dia.(mm)<\/p>\n<p>)<\/td>\n<td>Mango de broca<\/p>\n<p>k<\/td>\n<td>&nbsp;<\/p>\n<p>Peso neto (Kg)<\/p>\n<p>)<\/td>\n<\/tr>\n<tr>\n<td>4QL MARTILLO HD<\/p>\n<p>&nbsp;<\/td>\n<td>8 &#8211; 30<\/td>\n<td>105 &#8211; 130<\/td>\n<td>99<\/td>\n<td>QL40<\/td>\n<td>40<\/td>\n<\/tr>\n<tr>\n<td>5QL MARTILLO HD<\/p>\n<p>&nbsp;<\/td>\n<td>8 &#8211; 30<\/td>\n<td>133 &#8211; 152<\/td>\n<td>126<\/td>\n<td>QL50<\/td>\n<td>74<\/td>\n<\/tr>\n<tr>\n<td>6QL MARTILLO HD<\/p>\n<p>&nbsp;<\/td>\n<td>8 &#8211; 30<\/td>\n<td>152 &#8211; 254<\/td>\n<td>144<\/td>\n<td>QL60<\/td>\n<td>110<\/td>\n<\/tr>\n<tr>\n<td>8QL MARTILLO HD<\/p>\n<p>&nbsp;<\/td>\n<td>8 &#8211; 30<\/td>\n<td>194 &#8211; 305<\/td>\n<td>182<\/td>\n<td>QL80<\/td>\n<td>182<\/td>\n<\/tr>\n<\/tbody>\n<\/table>\n<h2><\/h2>","protected":false},"excerpt":{"rendered":"<p>El \"DTH\" es la abreviatura de \"Down The Hole\", y a veces tambi\u00e9n se llama \"RAB\" en algunos mercados, entonces el \"RAB\" es la abreviatura de \"Rotary Air Blasting\". Los martillos en fondo (DTH) con v\u00e1stago QL se utilizan ampliamente en miner\u00eda, canteras, construcci\u00f3n, ingenier\u00eda civil y perforaci\u00f3n de pozos de agua. Combinando materias primas de primera calidad con tecnolog\u00edas de producci\u00f3n avanzadas, suministramos diferentes tama\u00f1os de martillos DTH de 3 pulgadas a 12 pulgadas para competir con Sandvik, Epiroc, Mincon, Rockmore y Halco.<\/p>","protected":false},"featured_media":6694,"template":"","meta":[],"product_brand":[],"product_cat":[27],"product_tag":[],"class_list":{"0":"post-944","1":"product","2":"type-product","3":"status-publish","4":"has-post-thumbnail","6":"product_cat-down-the-hole-dth-drilling-tools-1","8":"first","9":"instock","10":"shipping-taxable","11":"product-type-simple"},"_links":{"self":[{"href":"https:\/\/www.amedrillsupply.ca\/es\/wp-json\/wp\/v2\/product\/944","targetHints":{"allow":["GET"]}}],"collection":[{"href":"https:\/\/www.amedrillsupply.ca\/es\/wp-json\/wp\/v2\/product"}],"about":[{"href":"https:\/\/www.amedrillsupply.ca\/es\/wp-json\/wp\/v2\/types\/product"}],"wp:featuredmedia":[{"embeddable":true,"href":"https:\/\/www.amedrillsupply.ca\/es\/wp-json\/wp\/v2\/media\/6694"}],"wp:attachment":[{"href":"https:\/\/www.amedrillsupply.ca\/es\/wp-json\/wp\/v2\/media?parent=944"}],"wp:term":[{"taxonomy":"product_brand","embeddable":true,"href":"https:\/\/www.amedrillsupply.ca\/es\/wp-json\/wp\/v2\/product_brand?post=944"},{"taxonomy":"product_cat","embeddable":true,"href":"https:\/\/www.amedrillsupply.ca\/es\/wp-json\/wp\/v2\/product_cat?post=944"},{"taxonomy":"product_tag","embeddable":true,"href":"https:\/\/www.amedrillsupply.ca\/es\/wp-json\/wp\/v2\/product_tag?post=944"}],"curies":[{"name":"wp","href":"https:\/\/api.w.org\/{rel}","templated":true}]}}