{"id":936,"date":"2025-05-14T18:12:46","date_gmt":"2025-05-14T10:12:46","guid":{"rendered":"https:\/\/www.amedrillsupply.ca\/?post_type=product&#038;p=936"},"modified":"2025-08-21T06:10:05","modified_gmt":"2025-08-20T22:10:05","slug":"dhd-down-the-hole-dth-hammers","status":"publish","type":"product","link":"https:\/\/www.amedrillsupply.ca\/es\/dhd-down-the-hole-dth-hammers\/","title":{"rendered":"Martillos en fondo (DTH) DHD"},"content":{"rendered":"<h2><b>Ame Drill DHD Martillos en fondo (DTH)<\/b><\/h2>\n<p>El \"DTH\" es la abreviatura de \"Down The Hole\", y a veces tambi\u00e9n se llama \"RAB\" en algunos mercados; entonces el \"RAB\" es la abreviatura de \"Rotary Air Blasting\".<\/p>\n<p>Los martillos en fondo (DTH) DHD se utilizan ampliamente en miner\u00eda, canteras, construcci\u00f3n, ingenier\u00eda civil y perforaci\u00f3n de pozos de agua. Combinando materias primas de primera calidad con tecnolog\u00edas de producci\u00f3n avanzadas, suministramos diferentes tama\u00f1os de martillos DTH de 3 a 12 pulgadas para competir con Sandvik, Epiroc, Mincon, Rockmore y Halco.<\/p>\n<p>&nbsp;<\/p>\n<h2><b>Martillo DHD\u00a0<\/b><\/h2>\n<p>&nbsp;<\/p>\n<table border=\"1\" cellspacing=\"0\" cellpadding=\"2\" align=\"center\">\n<tbody>\n<tr>\n<td>Martillo<\/p>\n<p>&nbsp;<\/td>\n<td>Presi\u00f3n de trabajo (Bar)<\/p>\n<p>&nbsp;<\/td>\n<td>Alcance del orificio (mm)<\/p>\n<p>&nbsp;<\/td>\n<td>Martillo Fuera Dia.(mm)<\/p>\n<p>)<\/td>\n<td>Mango de broca<\/p>\n<p>k<\/td>\n<td>&nbsp;<\/p>\n<p>Peso neto (Kg)<\/p>\n<p>)<\/td>\n<\/tr>\n<tr>\n<td>3DHD MARTILLO HD<\/p>\n<p>&nbsp;<\/td>\n<td>8 &#8211; 30<\/td>\n<td>90 &#8211; 105<\/td>\n<td>80<\/td>\n<td>DHD3.5<\/td>\n<td>23<\/td>\n<\/tr>\n<tr>\n<td>4DHD HAMMER HD<\/p>\n<p>&nbsp;<\/td>\n<td>8 &#8211; 30<\/td>\n<td>105 &#8211; 130<\/td>\n<td>99<\/td>\n<td>DHD340<\/td>\n<td>38<\/td>\n<\/tr>\n<tr>\n<td>5DHD MARTILLO HD<\/p>\n<p>&nbsp;<\/td>\n<td>8 &#8211; 30<\/td>\n<td>133 &#8211; 152<\/td>\n<td>126<\/td>\n<td>DHD350<\/td>\n<td>74<\/td>\n<\/tr>\n<tr>\n<td>6DHD MARTILLO HD<\/p>\n<p>&nbsp;<\/td>\n<td>8 &#8211; 30<\/td>\n<td>152 &#8211; 254<\/td>\n<td>144<\/td>\n<td>DHD360<\/td>\n<td>112<\/td>\n<\/tr>\n<tr>\n<td>8DHD MARTILLO HD<\/p>\n<p>&nbsp;<\/td>\n<td>8 &#8211; 30<\/td>\n<td>194 &#8211; 305<\/td>\n<td>182<\/td>\n<td>DHD380<\/td>\n<td>180<\/td>\n<\/tr>\n<\/tbody>\n<\/table>\n<h2><\/h2>","protected":false},"excerpt":{"rendered":"<p>El \"DTH\" es la abreviatura de \"Down The Hole\", y a veces tambi\u00e9n se llama \"RAB\" en algunos mercados; entonces el \"RAB\" es la abreviatura de \"Rotary Air Blasting\". Los martillos en fondo (DTH) DHD son ampliamente utilizados para la miner\u00eda, canteras, construcci\u00f3n, ingenier\u00eda civil y perforaci\u00f3n de pozos de agua. Combinando materias primas de primera calidad con tecnolog\u00edas de producci\u00f3n avanzadas, suministramos diferentes tama\u00f1os de martillos DTH de 3 a 12 pulgadas para competir con Sandvik, Epiroc, Mincon, Rockmore y Halco.<\/p>","protected":false},"featured_media":6693,"template":"","meta":[],"product_brand":[],"product_cat":[27],"product_tag":[],"class_list":{"0":"post-936","1":"product","2":"type-product","3":"status-publish","4":"has-post-thumbnail","6":"product_cat-down-the-hole-dth-drilling-tools-1","8":"first","9":"instock","10":"shipping-taxable","11":"product-type-simple"},"_links":{"self":[{"href":"https:\/\/www.amedrillsupply.ca\/es\/wp-json\/wp\/v2\/product\/936","targetHints":{"allow":["GET"]}}],"collection":[{"href":"https:\/\/www.amedrillsupply.ca\/es\/wp-json\/wp\/v2\/product"}],"about":[{"href":"https:\/\/www.amedrillsupply.ca\/es\/wp-json\/wp\/v2\/types\/product"}],"wp:featuredmedia":[{"embeddable":true,"href":"https:\/\/www.amedrillsupply.ca\/es\/wp-json\/wp\/v2\/media\/6693"}],"wp:attachment":[{"href":"https:\/\/www.amedrillsupply.ca\/es\/wp-json\/wp\/v2\/media?parent=936"}],"wp:term":[{"taxonomy":"product_brand","embeddable":true,"href":"https:\/\/www.amedrillsupply.ca\/es\/wp-json\/wp\/v2\/product_brand?post=936"},{"taxonomy":"product_cat","embeddable":true,"href":"https:\/\/www.amedrillsupply.ca\/es\/wp-json\/wp\/v2\/product_cat?post=936"},{"taxonomy":"product_tag","embeddable":true,"href":"https:\/\/www.amedrillsupply.ca\/es\/wp-json\/wp\/v2\/product_tag?post=936"}],"curies":[{"name":"wp","href":"https:\/\/api.w.org\/{rel}","templated":true}]}}