{"id":933,"date":"2025-05-14T18:16:30","date_gmt":"2025-05-14T10:16:30","guid":{"rendered":"https:\/\/www.amedrillsupply.ca\/?post_type=product&#038;p=933"},"modified":"2025-08-21T05:59:05","modified_gmt":"2025-08-20T21:59:05","slug":"dth-hammers","status":"publish","type":"product","link":"https:\/\/www.amedrillsupply.ca\/es\/dth-hammers\/","title":{"rendered":"Martillos en fondo DTH"},"content":{"rendered":"<h2><b>AME DRILL Martillo DTH (Down The Hole)<\/b><\/h2>\n<p>Martillos DTH El \"DTH\" es la abreviatura de \"Down The Hole\", y a veces tambi\u00e9n se llama \"RAB\" en algunos mercados, donde \"RAB\" es la abreviatura de \"Rotary Air Blasting\".<\/p>\n<p>&nbsp;<\/p>\n<p>Los martillos en fondo (DTH) se utilizan ampliamente en miner\u00eda, canteras, construcci\u00f3n, ingenier\u00eda civil y perforaci\u00f3n de pozos de agua. Combinando materias primas de primera calidad con tecnolog\u00edas de producci\u00f3n avanzadas, suministramos diferentes tama\u00f1os de martillos DTH de 3 a 25 pulgadas para competir con Sandvik, Epiroc, Mincon, Rockmore y Halco.<\/p>\n<p>&nbsp;<\/p>\n<h2><b>Tama\u00f1os de martillos DTH:<\/b><\/h2>\n<p>2 pulgadas a 25 pulgadas;<\/p>\n<p>&nbsp;<\/p>\n<h2><b>Tipos de mango de martillo DTH:<\/b><\/h2>\n<p>&nbsp;<\/p>\n<p>&nbsp;<\/p>\n<table style=\"height: 273px;\" border=\"1\" width=\"988\" cellspacing=\"0\" cellpadding=\"2\" align=\"center\">\n<tbody>\n<tr>\n<td>Sin v\u00e1lvula\/Serie sin c\u00e1mara<\/td>\n<td>QL40W, QL50W, QL60W, QL80W, DHD3.5W, DHD340W, DHD350W, DHD360W, DHD380W, Mission 30, Mission 40, Mission 50, Mission 60, Mission 80, W46, W56, W66, W86, W106, NM126W, W156, W186<\/td>\n<\/tr>\n<tr>\n<td>Serie DHD<\/td>\n<td>DHD3.5, DHD340A, DHD350R, DHD360, DHD380<\/td>\n<\/tr>\n<tr>\n<td>\u00a0Serie COP<\/td>\n<td>COP32, COP42, COP62, COP34, COP44, COP54, COP64, COP84<\/td>\n<\/tr>\n<tr>\n<td>\u00a0Serie QL<\/td>\n<td>QL40, QL50, QL60, QL80<\/td>\n<\/tr>\n<tr>\n<td>\u00a0Serie SD<\/td>\n<td>SD4, SD5, SD6, SD8<\/td>\n<\/tr>\n<\/tbody>\n<\/table>\n<p><b>*<\/b>Podemos ofrecer m\u00e1s v\u00e1stagos seg\u00fan los requisitos de los clientes<\/p>\n<h2><b>Presi\u00f3n de trabajo:<\/b><\/h2>\n<p>6 bar a 35 bar<\/p>\n<figure id=\"attachment_6583\" aria-describedby=\"caption-attachment-6583\" style=\"width: 680px\" class=\"wp-caption aligncenter\"><img fetchpriority=\"high\" decoding=\"async\" class=\"size-full wp-image-6583\" title=\"martillo bit.cdr\" src=\"https:\/\/www.amedrillsupply.ca\/wp-content\/uploads\/2025\/05\/DTH-Down-The-Hole-Hammer.jpg\" alt=\"hammer bit.cdr\" width=\"680\" height=\"845\" srcset=\"https:\/\/www.amedrillsupply.ca\/wp-content\/uploads\/2025\/05\/DTH-Down-The-Hole-Hammer.jpg 680w, https:\/\/www.amedrillsupply.ca\/wp-content\/uploads\/2025\/05\/DTH-Down-The-Hole-Hammer-241x300.jpg 241w\" sizes=\"(max-width: 680px) 100vw, 680px\" \/><figcaption id=\"caption-attachment-6583\" class=\"wp-caption-text\">martillo bit.cdr<\/figcaption><\/figure>","protected":false},"excerpt":{"rendered":"<p><b>Martillo DTH <\/b>\"DTH\" es la abreviatura de \"Down The Hole\", y a veces tambi\u00e9n se llama \"RAB\" en algunos mercados, entonces el \"RAB\" es la abreviatura de \"Rotary Air Blasting\". Los martillos en fondo (DTH) se utilizan ampliamente en miner\u00eda, canteras, construcci\u00f3n, ingenier\u00eda civil y perforaci\u00f3n de pozos de agua. Combinando materias primas de primera calidad con tecnolog\u00edas de producci\u00f3n avanzadas, suministramos diferentes tama\u00f1os de martillos DTH de 3 a 25 pulgadas para competir con Sandvik, Epiroc, Mincon, Rockmore y Halco.<\/p>","protected":false},"featured_media":7099,"template":"","meta":[],"product_brand":[],"product_cat":[27],"product_tag":[],"class_list":{"0":"post-933","1":"product","2":"type-product","3":"status-publish","4":"has-post-thumbnail","6":"product_cat-down-the-hole-dth-drilling-tools-1","8":"first","9":"instock","10":"shipping-taxable","11":"product-type-simple"},"_links":{"self":[{"href":"https:\/\/www.amedrillsupply.ca\/es\/wp-json\/wp\/v2\/product\/933","targetHints":{"allow":["GET"]}}],"collection":[{"href":"https:\/\/www.amedrillsupply.ca\/es\/wp-json\/wp\/v2\/product"}],"about":[{"href":"https:\/\/www.amedrillsupply.ca\/es\/wp-json\/wp\/v2\/types\/product"}],"wp:featuredmedia":[{"embeddable":true,"href":"https:\/\/www.amedrillsupply.ca\/es\/wp-json\/wp\/v2\/media\/7099"}],"wp:attachment":[{"href":"https:\/\/www.amedrillsupply.ca\/es\/wp-json\/wp\/v2\/media?parent=933"}],"wp:term":[{"taxonomy":"product_brand","embeddable":true,"href":"https:\/\/www.amedrillsupply.ca\/es\/wp-json\/wp\/v2\/product_brand?post=933"},{"taxonomy":"product_cat","embeddable":true,"href":"https:\/\/www.amedrillsupply.ca\/es\/wp-json\/wp\/v2\/product_cat?post=933"},{"taxonomy":"product_tag","embeddable":true,"href":"https:\/\/www.amedrillsupply.ca\/es\/wp-json\/wp\/v2\/product_tag?post=933"}],"curies":[{"name":"wp","href":"https:\/\/api.w.org\/{rel}","templated":true}]}}