{"id":890,"date":"2025-08-20T08:20:13","date_gmt":"2025-08-20T00:20:13","guid":{"rendered":"https:\/\/www.amedrillsupply.ca\/?post_type=product&#038;p=890"},"modified":"2025-08-20T22:51:38","modified_gmt":"2025-08-20T14:51:38","slug":"tricone-bits","status":"publish","type":"product","link":"https:\/\/www.amedrillsupply.ca\/es\/tricone-bits\/","title":{"rendered":"Puntas de tricono"},"content":{"rendered":"<div>\n<h2 class=\"prolist_name01\">AME DRILL Puntas de tricono<\/h2>\n<\/div>\n<div>Broca tric\u00f3nica: Di\u00e1metro de 76 mm a 445 mm;<br \/>\nTama\u00f1os de rosca: :2 3\/8\" API Reg, 3 1\/2\" API Reg, 4 1\/2\" API Reg, 6 5\/8\" API Reg, etc..;<\/div>\n<div>Se utilizan para perforar pozos de agua y minas.<\/div>\n<div id=\"gtx-trans\" style=\"position: absolute; left: -20px; top: 58.8125px;\">\n<div class=\"gtx-trans-icon\"><\/div>\n<\/div>","protected":false},"excerpt":{"rendered":"<div class=\"item02_box2_02\">\n<div id=\"model-response-message-contentr_0c224e88d393ae59\" class=\"markdown markdown-main-panel stronger enable-updated-hr-color\" dir=\"ltr\">\n<div>Brocas tric\u00f3nicas: Di\u00e1metro de 76 mm a 445 mm; Tama\u00f1os de rosca: 2 3\/8\" API Reg, 3 1\/2\" API Reg, 4 1\/2\" API Reg, 6 5\/8\" API Reg, etc.; Se utilizan para perforar pozos de agua y minas.<\/div>\n<\/div>\n<\/div>","protected":false},"featured_media":7641,"template":"","meta":[],"product_brand":[],"product_cat":[31],"product_tag":[],"class_list":{"0":"post-890","1":"product","2":"type-product","3":"status-publish","4":"has-post-thumbnail","6":"product_cat-rotary-drilling-tools-3","8":"first","9":"instock","10":"shipping-taxable","11":"product-type-simple"},"_links":{"self":[{"href":"https:\/\/www.amedrillsupply.ca\/es\/wp-json\/wp\/v2\/product\/890","targetHints":{"allow":["GET"]}}],"collection":[{"href":"https:\/\/www.amedrillsupply.ca\/es\/wp-json\/wp\/v2\/product"}],"about":[{"href":"https:\/\/www.amedrillsupply.ca\/es\/wp-json\/wp\/v2\/types\/product"}],"wp:featuredmedia":[{"embeddable":true,"href":"https:\/\/www.amedrillsupply.ca\/es\/wp-json\/wp\/v2\/media\/7641"}],"wp:attachment":[{"href":"https:\/\/www.amedrillsupply.ca\/es\/wp-json\/wp\/v2\/media?parent=890"}],"wp:term":[{"taxonomy":"product_brand","embeddable":true,"href":"https:\/\/www.amedrillsupply.ca\/es\/wp-json\/wp\/v2\/product_brand?post=890"},{"taxonomy":"product_cat","embeddable":true,"href":"https:\/\/www.amedrillsupply.ca\/es\/wp-json\/wp\/v2\/product_cat?post=890"},{"taxonomy":"product_tag","embeddable":true,"href":"https:\/\/www.amedrillsupply.ca\/es\/wp-json\/wp\/v2\/product_tag?post=890"}],"curies":[{"name":"wp","href":"https:\/\/api.w.org\/{rel}","templated":true}]}}