{"id":7469,"date":"2025-05-14T17:58:38","date_gmt":"2025-05-14T09:58:38","guid":{"rendered":"https:\/\/www.amedrillsupply.ca\/?post_type=product&#038;p=7469"},"modified":"2025-08-21T07:41:46","modified_gmt":"2025-08-20T23:41:46","slug":"ame-drill-dth-drill-pipe-atlas-copco-ingersoll-rand-t4-irt4","status":"publish","type":"product","link":"https:\/\/www.amedrillsupply.ca\/es\/ame-drill-dth-drill-pipe-atlas-copco-ingersoll-rand-t4-irt4\/","title":{"rendered":"Tubo de perforaci\u00f3n Atlas Copco-Ingersoll Rand T4 IRT4"},"content":{"rendered":"<h2>AME Tubo de perforaci\u00f3n Atlas Copco-Ingersoll Rand T4 IRT4<\/h2>\n<p>Los tubos de perforaci\u00f3n DTH transmiten aire comprimido, de modo que accionan los martillos para realizar el trabajo de perforaci\u00f3n. Los tubos de perforaci\u00f3n AME est\u00e1n hechos de aleaci\u00f3n superior y ambos extremos roscados est\u00e1n soldados por fricci\u00f3n a la tuber\u00eda de acero sin soldadura. El aire de alta presi\u00f3n se suministra al martillo DTH por el tubo de perforaci\u00f3n DTH, al mismo tiempo, transfiere la rotaci\u00f3n y la fuerza de presi\u00f3n al martillo DTH.<\/p>\n<h2>Caracter\u00edsticas del tubo de perforaci\u00f3n AME Atlas Copco-Ingersoll Rand T4 IRT4<\/h2>\n<div id=\"model-response-message-contentr_6a08108b7439a496\" class=\"markdown markdown-main-panel stronger enable-updated-hr-color\" dir=\"ltr\">\n<p>La tuber\u00eda de perforaci\u00f3n AME, concretamente el modelo T4 (IRT4) de Atlas Copco-Ingersoll Rand, cuenta con varias caracter\u00edsticas clave dise\u00f1adas para un rendimiento de perforaci\u00f3n \u00f3ptimo. Entre ellas se incluyen:<\/p>\n<ul>\n<li>Una amplia gama de tama\u00f1os que garantiza la compatibilidad con diversos sistemas de perforaci\u00f3n DTH.<\/li>\n<li>Construcci\u00f3n de acero estirado en fr\u00edo, que proporciona una alta precisi\u00f3n de fabricaci\u00f3n para un funcionamiento fiable.<\/li>\n<li>Uniones roscadas robustas unidas firmemente a la varilla mediante soldadura por fricci\u00f3n, lo que aumenta su durabilidad.<\/li>\n<li>Un proceso de nitruraci\u00f3n aplicado a la uni\u00f3n roscada, que imparte una dureza y una resistencia al desgaste superiores, lo que prolonga considerablemente la vida \u00fatil del tubo.<\/li>\n<\/ul>\n<\/div>\n<h2>Aplicaciones de la tuber\u00eda de perforaci\u00f3n AME Atlas Copco-Ingersoll Rand T4 IRT4<\/h2>\n<div id=\"model-response-message-contentr_7a86d234a521278f\" class=\"markdown markdown-main-panel stronger enable-updated-hr-color\" dir=\"ltr\">\n<p>El tubo de perforaci\u00f3n AME, dise\u00f1ado espec\u00edficamente para los sistemas T4 (IRT4) de Atlas Copco-Ingersoll Rand, es un componente vers\u00e1til y robusto esencial para una gran variedad de aplicaciones de perforaci\u00f3n. Su funci\u00f3n principal es transmitir aire comprimido al martillo en el fondo del pozo, proporcionar par para la rotaci\u00f3n y aplicar presi\u00f3n axial, a la vez que facilita la retirada de los recortes de roca. Estos tubos se utilizan ampliamente en varias industrias debido a su alta resistencia y durabilidad.<\/p>\n<p>Las aplicaciones m\u00e1s comunes son:<\/p>\n<ul>\n<li><b>Miner\u00eda:<\/b>\u00a0Se utiliza para la perforaci\u00f3n de barrenos de voladura y la exploraci\u00f3n en diversas explotaciones mineras.<\/li>\n<li><b>Canteras:<\/b>\u00a0Imprescindible para romper la roca en las canteras.<\/li>\n<li><b><a href=\"https:\/\/www.amedrillsupply.ca\/es\/water-well-and-geothermal-drilling\/\">Perforaci\u00f3n de pozos de agua<\/a>:<\/b>\u00a0Empleado en la construcci\u00f3n de pozos de agua para diversos fines.<\/li>\n<li><b>Perforaci\u00f3n de pozos geot\u00e9rmicos:<\/b>\u00a0Se utiliza para crear pozos para aprovechar la energ\u00eda geot\u00e9rmica.<\/li>\n<li><b>Pilotes de cimentaci\u00f3n:<\/b>\u00a0Importante para taladrar agujeros para soportes de cimentaci\u00f3n en proyectos de construcci\u00f3n.<\/li>\n<li><b>Perforaci\u00f3n de drenaje (explotaci\u00f3n) de gas:<\/b>\u00a0Se utiliza en minas de carb\u00f3n para perforar agujeros de drenaje de gas.<\/li>\n<li><b>Agujeros de lechada:<\/b>\u00a0Se emplea para perforar agujeros para lechada en ingenier\u00eda civil y miner\u00eda.<\/li>\n<\/ul>\n<\/div>\n<h2>Par\u00e1metros<\/h2>\n<table>\n<tbody>\n<tr>\n<td>Di\u00e1metro (A)<\/td>\n<td>Pared (B)<\/td>\n<td>Longitud (L)<\/td>\n<td>Llave plana (E)<\/td>\n<td>Di\u00e1metro del hueco (G)<\/td>\n<td>A trav\u00e9s de Hex. (M)<\/td>\n<td>Conexi\u00f3n<\/td>\n<\/tr>\n<tr>\n<td>mm<\/td>\n<td>mm<\/td>\n<td>mm<\/td>\n<td>mm<\/td>\n<td>mm<\/td>\n<td>mm<\/td>\n<td>Hilo<\/td>\n<\/tr>\n<tr>\n<td>102<\/td>\n<td>8.38<\/td>\n<td>6350<\/td>\n<td>89<\/td>\n<td>89<\/td>\n<td>95<\/td>\n<td>2 7\/8\" API REG<\/td>\n<\/tr>\n<tr>\n<td>102<\/td>\n<td>8.38<\/td>\n<td>7620<\/td>\n<td>89<\/td>\n<td>89<\/td>\n<td>95<\/td>\n<td>2 7\/8\" API REG<\/td>\n<\/tr>\n<tr>\n<td>114<\/td>\n<td>8.56<\/td>\n<td>6350<\/td>\n<td>89<\/td>\n<td>102<\/td>\n<td>86<\/td>\n<td>3 1\/2\" API REG<\/td>\n<\/tr>\n<tr>\n<td>114<\/td>\n<td>8.56<\/td>\n<td>6350<\/td>\n<td>89<\/td>\n<td>102<\/td>\n<td>86<\/td>\n<td>2 7\/8\" API IF<\/td>\n<\/tr>\n<tr>\n<td>114<\/td>\n<td>8.56<\/td>\n<td>7620<\/td>\n<td>89<\/td>\n<td>102<\/td>\n<td>86<\/td>\n<td>3 1\/2\" API REG<\/td>\n<\/tr>\n<tr>\n<td>114<\/td>\n<td>8.56<\/td>\n<td>7620<\/td>\n<td>89<\/td>\n<td>102<\/td>\n<td>86<\/td>\n<td>2 7\/8\" API IF<\/td>\n<\/tr>\n<tr>\n<td>114<\/td>\n<td>12.70<\/td>\n<td>7620<\/td>\n<td>89<\/td>\n<td>102<\/td>\n<td>86<\/td>\n<td>3 1\/2\" API REG<\/td>\n<\/tr>\n<tr>\n<td>114<\/td>\n<td>19.05<\/td>\n<td>6350<\/td>\n<td>89<\/td>\n<td>102<\/td>\n<td>86<\/td>\n<td>3 1\/2\" API REG<\/td>\n<\/tr>\n<tr>\n<td>114<\/td>\n<td>19.05<\/td>\n<td>7620<\/td>\n<td>89<\/td>\n<td>102<\/td>\n<td>86<\/td>\n<td>3 1\/2\" API REG<\/td>\n<\/tr>\n<tr>\n<td>127<\/td>\n<td>9.19<\/td>\n<td>6350<\/td>\n<td>89<\/td>\n<td>102<\/td>\n<td>89<\/td>\n<td>3 1\/2\" API REG<\/td>\n<\/tr>\n<tr>\n<td>127<\/td>\n<td>9.19<\/td>\n<td>7620<\/td>\n<td>89<\/td>\n<td>102<\/td>\n<td>89<\/td>\n<td>3 1\/2\" API REG<\/td>\n<\/tr>\n<tr>\n<td>127<\/td>\n<td>12.70<\/td>\n<td>6350<\/td>\n<td>89<\/td>\n<td>102<\/td>\n<td>89<\/td>\n<td>3 1\/2\" API REG<\/td>\n<\/tr>\n<tr>\n<td>127<\/td>\n<td>19.05<\/td>\n<td>7620<\/td>\n<td>89<\/td>\n<td>102<\/td>\n<td>89<\/td>\n<td>3 1\/2\" API REG<\/td>\n<\/tr>\n<tr>\n<td>127<\/td>\n<td>12.70<\/td>\n<td>6350<\/td>\n<td>89<\/td>\n<td>102<\/td>\n<td>89<\/td>\n<td>3 1\/2\" API REG<\/td>\n<\/tr>\n<tr>\n<td>127<\/td>\n<td>12.70<\/td>\n<td>7620<\/td>\n<td>89<\/td>\n<td>102<\/td>\n<td>89<\/td>\n<td>3 1\/2\" API REG<\/td>\n<\/tr>\n<tr>\n<td>140<\/td>\n<td>12.70<\/td>\n<td>6350<\/td>\n<td>89<\/td>\n<td>127<\/td>\n<td>86<\/td>\n<td>3 1\/2\" Beco<\/td>\n<\/tr>\n<tr>\n<td>140<\/td>\n<td>12.70<\/td>\n<td>7620<\/td>\n<td>89<\/td>\n<td>127<\/td>\n<td>86<\/td>\n<td>3 1\/2\" Beco<\/td>\n<\/tr>\n<tr>\n<td>140<\/td>\n<td>12.70<\/td>\n<td>6350<\/td>\n<td>89<\/td>\n<td>127<\/td>\n<td>86<\/td>\n<td>4FH<\/td>\n<\/tr>\n<tr>\n<td>140<\/td>\n<td>12.70<\/td>\n<td>7620<\/td>\n<td>89<\/td>\n<td>127<\/td>\n<td>86<\/td>\n<td>4FH<\/td>\n<\/tr>\n<tr>\n<td>140<\/td>\n<td>19.05<\/td>\n<td>6350<\/td>\n<td>89<\/td>\n<td>127<\/td>\n<td>86<\/td>\n<td>3 1\/2\" Beco<\/td>\n<\/tr>\n<tr>\n<td>140<\/td>\n<td>19.05<\/td>\n<td>7620<\/td>\n<td>89<\/td>\n<td>127<\/td>\n<td>86<\/td>\n<td>3 1\/2\" Beco<\/td>\n<\/tr>\n<tr>\n<td>140<\/td>\n<td>19.05<\/td>\n<td>6350<\/td>\n<td>89<\/td>\n<td>127<\/td>\n<td>86<\/td>\n<td>4FH<\/td>\n<\/tr>\n<tr>\n<td>140<\/td>\n<td>19.05<\/td>\n<td>7620<\/td>\n<td>89<\/td>\n<td>127<\/td>\n<td>86<\/td>\n<td>4FH<\/td>\n<\/tr>\n<\/tbody>\n<\/table>","protected":false},"excerpt":{"rendered":"<p>Los tubos de perforaci\u00f3n desempe\u00f1an un papel importante en todas las perforaciones DTH, independientemente de la aplicaci\u00f3n, el tipo de roca, la profundidad del agujero o el equipo de perforaci\u00f3n. Las caracter\u00edsticas clave de un tubo DTH de alta calidad son la durabilidad, la precisi\u00f3n y la manejabilidad.<\/p>","protected":false},"featured_media":7462,"template":"","meta":[],"product_brand":[],"product_cat":[27],"product_tag":[],"class_list":{"0":"post-7469","1":"product","2":"type-product","3":"status-publish","4":"has-post-thumbnail","6":"product_cat-down-the-hole-dth-drilling-tools-1","8":"first","9":"instock","10":"shipping-taxable","11":"product-type-simple"},"_links":{"self":[{"href":"https:\/\/www.amedrillsupply.ca\/es\/wp-json\/wp\/v2\/product\/7469","targetHints":{"allow":["GET"]}}],"collection":[{"href":"https:\/\/www.amedrillsupply.ca\/es\/wp-json\/wp\/v2\/product"}],"about":[{"href":"https:\/\/www.amedrillsupply.ca\/es\/wp-json\/wp\/v2\/types\/product"}],"wp:featuredmedia":[{"embeddable":true,"href":"https:\/\/www.amedrillsupply.ca\/es\/wp-json\/wp\/v2\/media\/7462"}],"wp:attachment":[{"href":"https:\/\/www.amedrillsupply.ca\/es\/wp-json\/wp\/v2\/media?parent=7469"}],"wp:term":[{"taxonomy":"product_brand","embeddable":true,"href":"https:\/\/www.amedrillsupply.ca\/es\/wp-json\/wp\/v2\/product_brand?post=7469"},{"taxonomy":"product_cat","embeddable":true,"href":"https:\/\/www.amedrillsupply.ca\/es\/wp-json\/wp\/v2\/product_cat?post=7469"},{"taxonomy":"product_tag","embeddable":true,"href":"https:\/\/www.amedrillsupply.ca\/es\/wp-json\/wp\/v2\/product_tag?post=7469"}],"curies":[{"name":"wp","href":"https:\/\/api.w.org\/{rel}","templated":true}]}}