{"id":7468,"date":"2025-04-14T17:57:16","date_gmt":"2025-04-14T09:57:16","guid":{"rendered":"https:\/\/www.amedrillsupply.ca\/?post_type=product&#038;p=7468"},"modified":"2025-08-21T07:58:15","modified_gmt":"2025-08-20T23:58:15","slug":"drill-pipe-schramm-style","status":"publish","type":"product","link":"https:\/\/www.amedrillsupply.ca\/es\/drill-pipe-schramm-style\/","title":{"rendered":"Tubo de perforaci\u00f3n estilo Schramm"},"content":{"rendered":"<h2>Tubo de perforaci\u00f3n estilo Schramm <strong>y Schramm T46 Sytle DTH Drill Pipes<\/strong><\/h2>\n<p>Los tubos de perforaci\u00f3n DTH transmiten aire comprimido, de modo que impulsan los martillos para realizar trabajos de perforaci\u00f3n. Los tubos de perforaci\u00f3n DTH de Ame Drill est\u00e1n hechos de aleaci\u00f3n superior y los dos extremos roscados est\u00e1n soldados por fricci\u00f3n a la tuber\u00eda de acero sin costura.el aire de alta presi\u00f3n se suministra al martillo DTH por el tubo de perforaci\u00f3n DTH, al mismo tiempo que transfiere la rotaci\u00f3n y la fuerza de presi\u00f3n al martillo DTH.<\/p>\n<h2>Caracter\u00edsticas<\/h2>\n<p>- Tama\u00f1os completos para la opci\u00f3n, adecuados para diferentes tipos de sistemas de perforaci\u00f3n DTH;<\/p>\n<p>- Las varillas son de acero estirado en fr\u00edo de gran precisi\u00f3n de fabricaci\u00f3n;<\/p>\n<p>- Junta roscada unida s\u00f3lidamente a la varilla mediante soldadura por fricci\u00f3n;<\/p>\n<p>- El proceso de nitruraci\u00f3n confiere a la uni\u00f3n roscada una buena dureza, una buena resistencia al desgaste y, por tanto, una larga vida \u00fatil.<\/p>\n<h2>Aplicaciones<\/h2>\n<p>Miner\u00eda, canteras, perforaci\u00f3n de pozos de agua, perforaci\u00f3n de pozos geot\u00e9rmicos, pilotaje de cimientos, etc.<\/p>\n<h2>Par\u00e1metros de la barra de perforaci\u00f3n AME estilo carrusel Schramm<\/h2>\n<table>\n<tbody>\n<tr>\n<td>OD (A)<\/td>\n<td>Pared (B)<\/td>\n<td>Longitud (L)<\/td>\n<td>Across Flat (C)<\/td>\n<td>Longitud plana (E)<\/td>\n<td>Di\u00e1metro del hueco (G)<\/td>\n<td>Conexi\u00f3n<\/td>\n<\/tr>\n<tr>\n<td>mm<\/td>\n<td>mm<\/td>\n<td>mm<\/td>\n<td>mm<\/td>\n<td>mm<\/td>\n<td>mm<\/td>\n<td>Hilo<\/td>\n<\/tr>\n<tr>\n<td>89<\/td>\n<td>9.35<\/td>\n<td>6096<\/td>\n<td>82<\/td>\n<td>70<\/td>\n<td>70<\/td>\n<td>2 3\/8\" API IF<\/td>\n<\/tr>\n<tr>\n<td>89<\/td>\n<td>8.56<\/td>\n<td>6096<\/td>\n<td>98<\/td>\n<td>57<\/td>\n<td>89<\/td>\n<td>3 1\/2\" API REG<\/td>\n<\/tr>\n<tr>\n<td>89<\/td>\n<td>8.56<\/td>\n<td>7620<\/td>\n<td>98<\/td>\n<td>57<\/td>\n<td>89<\/td>\n<td>2 2\/8\" API IF<\/td>\n<\/tr>\n<tr>\n<td>89<\/td>\n<td>8.56<\/td>\n<td>7620<\/td>\n<td>98<\/td>\n<td>57<\/td>\n<td>89<\/td>\n<td>3 1\/2\" API REG<\/td>\n<\/tr>\n<tr>\n<td>89<\/td>\n<td>8.56<\/td>\n<td>7620<\/td>\n<td>98<\/td>\n<td>57<\/td>\n<td>89<\/td>\n<td>2 7\/8\" API IF<\/td>\n<\/tr>\n<\/tbody>\n<\/table>\n<h2>Par\u00e1metros de la barra de perforaci\u00f3n AME estilo Schramm T46<\/h2>\n<table>\n<tbody>\n<tr>\n<td>OD (A)<\/td>\n<td>Pared (B)<\/td>\n<td>Longitud (L)<\/td>\n<td>Across Flat (C)<\/td>\n<td>Longitud plana (E)<\/td>\n<td>Distancia desde el hombro (G)<\/td>\n<td>Conexi\u00f3n<\/td>\n<\/tr>\n<tr>\n<td>mm<\/td>\n<td>mm<\/td>\n<td>mm<\/td>\n<td>mm<\/td>\n<td>mm<\/td>\n<td>mm<\/td>\n<td>Hilo<\/td>\n<\/tr>\n<tr>\n<td>114<\/td>\n<td>8.5<\/td>\n<td>6000<\/td>\n<td>98<\/td>\n<td>51<\/td>\n<td>95<\/td>\n<td>3 1\/2\" API REG<\/td>\n<\/tr>\n<tr>\n<td>114<\/td>\n<td>8.5<\/td>\n<td>6000<\/td>\n<td>45<\/td>\n<td>51<\/td>\n<td>57<\/td>\n<td>3 1\/2\" API REG<\/td>\n<\/tr>\n<\/tbody>\n<\/table>","protected":false},"excerpt":{"rendered":"<p>Tubo de perforaci\u00f3n estilo Schramm.Los tubos de perforaci\u00f3n DTH desempe\u00f1an un papel importante en todas las perforaciones DTH, independientemente de la aplicaci\u00f3n, el tipo de roca, la profundidad del agujero o el equipo de perforaci\u00f3n. Las caracter\u00edsticas clave de un tubo DTH de alta calidad son la durabilidad, la precisi\u00f3n y la manejabilidad.<\/p>","protected":false},"featured_media":7466,"template":"","meta":[],"product_brand":[],"product_cat":[27],"product_tag":[],"class_list":{"0":"post-7468","1":"product","2":"type-product","3":"status-publish","4":"has-post-thumbnail","6":"product_cat-down-the-hole-dth-drilling-tools-1","8":"first","9":"instock","10":"shipping-taxable","11":"product-type-simple"},"_links":{"self":[{"href":"https:\/\/www.amedrillsupply.ca\/es\/wp-json\/wp\/v2\/product\/7468","targetHints":{"allow":["GET"]}}],"collection":[{"href":"https:\/\/www.amedrillsupply.ca\/es\/wp-json\/wp\/v2\/product"}],"about":[{"href":"https:\/\/www.amedrillsupply.ca\/es\/wp-json\/wp\/v2\/types\/product"}],"wp:featuredmedia":[{"embeddable":true,"href":"https:\/\/www.amedrillsupply.ca\/es\/wp-json\/wp\/v2\/media\/7466"}],"wp:attachment":[{"href":"https:\/\/www.amedrillsupply.ca\/es\/wp-json\/wp\/v2\/media?parent=7468"}],"wp:term":[{"taxonomy":"product_brand","embeddable":true,"href":"https:\/\/www.amedrillsupply.ca\/es\/wp-json\/wp\/v2\/product_brand?post=7468"},{"taxonomy":"product_cat","embeddable":true,"href":"https:\/\/www.amedrillsupply.ca\/es\/wp-json\/wp\/v2\/product_cat?post=7468"},{"taxonomy":"product_tag","embeddable":true,"href":"https:\/\/www.amedrillsupply.ca\/es\/wp-json\/wp\/v2\/product_tag?post=7468"}],"curies":[{"name":"wp","href":"https:\/\/api.w.org\/{rel}","templated":true}]}}