{"id":7467,"date":"2025-05-14T17:56:42","date_gmt":"2025-05-14T09:56:42","guid":{"rendered":"https:\/\/www.amedrillsupply.ca\/?post_type=product&#038;p=7467"},"modified":"2025-08-21T07:44:34","modified_gmt":"2025-08-20T23:44:34","slug":"ame-drill-dth-pipe-atlas-copco-roc-f6-l6-l8","status":"publish","type":"product","link":"https:\/\/www.amedrillsupply.ca\/es\/ame-drill-dth-pipe-atlas-copco-roc-f6-l6-l8\/","title":{"rendered":"Tubo de perforaci\u00f3n DTH Atlas Copco Roc F6\/L6\/L8"},"content":{"rendered":"<h2>Tubos de perforaci\u00f3n AME Atlas Copco Roc F6\/L6\/L8<\/h2>\n<p>Los tubos de perforaci\u00f3n DTH transmiten aire comprimido, a fin de impulsar los martillos para realizar el trabajo de perforaci\u00f3n. Los tubos de perforaci\u00f3n AME est\u00e1n hechos de aleaci\u00f3n superior, y ambos extremos roscados est\u00e1n soldados por fricci\u00f3n a la tuber\u00eda de acero sin soldadura. El aire de alta presi\u00f3n se suministra al martillo DTH por el tubo de perforaci\u00f3n DTH, y al mismo tiempo, transfiere la rotaci\u00f3n y la fuerza de presi\u00f3n al martillo DTH.<\/p>\n<h2>Caracter\u00edsticas<\/h2>\n<p>- Tama\u00f1os completos para la opci\u00f3n, adecuados para diferentes tipos de sistemas de perforaci\u00f3n DTH;<\/p>\n<p>- Las varillas son de acero estirado en fr\u00edo de gran precisi\u00f3n de fabricaci\u00f3n;<\/p>\n<p>- Junta roscada unida s\u00f3lidamente a la varilla mediante soldadura por fricci\u00f3n;<\/p>\n<p>- El proceso de nitruraci\u00f3n confiere a la uni\u00f3n roscada una buena dureza, una buena resistencia al desgaste y, por tanto, una larga vida \u00fatil.<\/p>\n<h2>Aplicaciones<\/h2>\n<p>La miner\u00eda, la explotaci\u00f3n de canteras, la perforaci\u00f3n de pozos de agua, la perforaci\u00f3n de pozos geot\u00e9rmicos y el pilotaje de cimientos son operaciones industriales cruciales. La miner\u00eda extrae minerales y menas de la tierra, mientras que la explotaci\u00f3n de canteras se centra en extraer piedras y \u00e1ridos para la construcci\u00f3n. La perforaci\u00f3n de pozos de agua proporciona recursos h\u00eddricos esenciales para uso dom\u00e9stico e industrial. La perforaci\u00f3n de pozos geot\u00e9rmicos aprovecha el calor de la Tierra para obtener energ\u00eda renovable. El pilotaje de cimientos refuerza los cimientos de la construcci\u00f3n clavando pilotes en el suelo. Estas actividades requieren equipos y conocimientos especializados para garantizar la seguridad y la eficiencia, y desempe\u00f1an papeles vitales en diversos sectores como la energ\u00eda, la construcci\u00f3n y el desarrollo de recursos.<\/p>\n<h2>Par\u00e1metros<\/h2>\n<table>\n<tbody>\n<tr>\n<td>OD (A)<\/td>\n<td>Pared (B)<\/td>\n<td>Longitud (L)<\/td>\n<td>A trav\u00e9s de los pisos (C)<\/td>\n<td>Longitud plana (E)<\/td>\n<td>A trav\u00e9s de Falt (G)<\/td>\n<td>Conexi\u00f3n<\/td>\n<\/tr>\n<tr>\n<td>mm<\/td>\n<td>mm<\/td>\n<td>mm<\/td>\n<td>mm<\/td>\n<td>mm<\/td>\n<td>mm<\/td>\n<td>Hilo<\/td>\n<\/tr>\n<tr>\n<td>76<\/td>\n<td>6.3<\/td>\n<td>4000<\/td>\n<td>-<\/td>\n<td>-<\/td>\n<td>-<\/td>\n<td>2 3\/8\" API REG<\/td>\n<\/tr>\n<tr>\n<td>76<\/td>\n<td>6.3<\/td>\n<td>5000<\/td>\n<td>-<\/td>\n<td>-<\/td>\n<td>-<\/td>\n<td>2 3\/8\" API REG<\/td>\n<\/tr>\n<tr>\n<td>89<\/td>\n<td>6.3<\/td>\n<td>4000<\/td>\n<td>-<\/td>\n<td>-<\/td>\n<td>-<\/td>\n<td>2 3\/8\" API REG<\/td>\n<\/tr>\n<tr>\n<td>89<\/td>\n<td>6.3<\/td>\n<td>5000<\/td>\n<td>-<\/td>\n<td>-<\/td>\n<td>-<\/td>\n<td>2 3\/8\" API REG<\/td>\n<\/tr>\n<tr>\n<td>89<\/td>\n<td>6.3<\/td>\n<td>6000<\/td>\n<td>-<\/td>\n<td>-<\/td>\n<td>-<\/td>\n<td>2 3\/8\" API REG<\/td>\n<\/tr>\n<tr>\n<td>89<\/td>\n<td>8.8<\/td>\n<td>6000<\/td>\n<td>-<\/td>\n<td>-<\/td>\n<td>-<\/td>\n<td>2 3\/8\" API REG<\/td>\n<\/tr>\n<tr>\n<td>102<\/td>\n<td>6.3<\/td>\n<td>4000<\/td>\n<td>-<\/td>\n<td>-<\/td>\n<td>-<\/td>\n<td>2 7\/8\" API REG<\/td>\n<\/tr>\n<tr>\n<td>102<\/td>\n<td>6.3<\/td>\n<td>5000<\/td>\n<td>-<\/td>\n<td>-<\/td>\n<td>-<\/td>\n<td>2 7\/8\" API REG<\/td>\n<\/tr>\n<tr>\n<td>102<\/td>\n<td>6.3<\/td>\n<td>6000<\/td>\n<td>-<\/td>\n<td>-<\/td>\n<td>-<\/td>\n<td>2 7\/8\" API REG<\/td>\n<\/tr>\n<tr>\n<td>114<\/td>\n<td>6.3<\/td>\n<td>6000<\/td>\n<td>-<\/td>\n<td>-<\/td>\n<td>-<\/td>\n<td>3 1\/2\" API REG<\/td>\n<\/tr>\n<tr>\n<td>114<\/td>\n<td>8.8<\/td>\n<td>6000<\/td>\n<td>-<\/td>\n<td>-<\/td>\n<td>-<\/td>\n<td>3 1\/2\" API REG<\/td>\n<\/tr>\n<tr>\n<td>114<\/td>\n<td>8.8<\/td>\n<td>6000<\/td>\n<td>-<\/td>\n<td>-<\/td>\n<td>-<\/td>\n<td>4 1\/2\" API REG<\/td>\n<\/tr>\n<\/tbody>\n<\/table>","protected":false},"excerpt":{"rendered":"<p>Los tubos de perforaci\u00f3n DTH desempe\u00f1an un papel importante en todas las perforaciones DTH, independientemente de la aplicaci\u00f3n, el tipo de roca, la profundidad del agujero o el equipo de perforaci\u00f3n. Las caracter\u00edsticas clave de un tubo DTH de alta calidad son la durabilidad, la precisi\u00f3n y la manejabilidad.<\/p>","protected":false},"featured_media":7465,"template":"","meta":[],"product_brand":[],"product_cat":[27],"product_tag":[],"class_list":{"0":"post-7467","1":"product","2":"type-product","3":"status-publish","4":"has-post-thumbnail","6":"product_cat-down-the-hole-dth-drilling-tools-1","8":"first","9":"instock","10":"shipping-taxable","11":"product-type-simple"},"_links":{"self":[{"href":"https:\/\/www.amedrillsupply.ca\/es\/wp-json\/wp\/v2\/product\/7467","targetHints":{"allow":["GET"]}}],"collection":[{"href":"https:\/\/www.amedrillsupply.ca\/es\/wp-json\/wp\/v2\/product"}],"about":[{"href":"https:\/\/www.amedrillsupply.ca\/es\/wp-json\/wp\/v2\/types\/product"}],"wp:featuredmedia":[{"embeddable":true,"href":"https:\/\/www.amedrillsupply.ca\/es\/wp-json\/wp\/v2\/media\/7465"}],"wp:attachment":[{"href":"https:\/\/www.amedrillsupply.ca\/es\/wp-json\/wp\/v2\/media?parent=7467"}],"wp:term":[{"taxonomy":"product_brand","embeddable":true,"href":"https:\/\/www.amedrillsupply.ca\/es\/wp-json\/wp\/v2\/product_brand?post=7467"},{"taxonomy":"product_cat","embeddable":true,"href":"https:\/\/www.amedrillsupply.ca\/es\/wp-json\/wp\/v2\/product_cat?post=7467"},{"taxonomy":"product_tag","embeddable":true,"href":"https:\/\/www.amedrillsupply.ca\/es\/wp-json\/wp\/v2\/product_tag?post=7467"}],"curies":[{"name":"wp","href":"https:\/\/api.w.org\/{rel}","templated":true}]}}