{"id":7453,"date":"2025-05-14T18:01:39","date_gmt":"2025-05-14T10:01:39","guid":{"rendered":"https:\/\/www.amedrillsupply.ca\/?post_type=product&#038;p=7453"},"modified":"2025-08-21T07:35:28","modified_gmt":"2025-08-20T23:35:28","slug":"symmetric-overburden-casing-drilling-tools","status":"publish","type":"product","link":"https:\/\/www.amedrillsupply.ca\/es\/symmetric-overburden-casing-drilling-tools\/","title":{"rendered":"Herramientas de perforaci\u00f3n sim\u00e9trica con revestimiento de recubrimiento"},"content":{"rendered":"<h2>Ame Drill Sistemas de perforaci\u00f3n sim\u00e9trica con revestimiento de sobrecarga<\/h2>\n<p><a href=\"https:\/\/www.amedrillsupply.ca\/es\/casing-drilling-system\/\">Perforaci\u00f3n con tuber\u00eda de revestimiento<\/a>o\u00a0<a href=\"https:\/\/www.amedrillsupply.ca\/es\/casing-while-drilling\/\">proceso de entubaci\u00f3n durante la perforaci\u00f3n (CWD)<\/a>es un concepto que combina dos procesos que consumen mucho tiempo, la perforaci\u00f3n y el entubado, realiz\u00e1ndolos al mismo tiempo. Durante el proceso CWD, accionado por un\u00a0<a href=\"https:\/\/www.sinodrills.com\/dth-hammer-drill-bits\/\" target=\"_blank\" rel=\"noopener\">Martillo DTH<\/a>Una broca de pilotaje central acciona una broca anular para perforar un orificio lo suficientemente ancho como para que se deslice por \u00e9l un tubo de revestimiento; de este modo, los procesos de perforaci\u00f3n y revestimiento se realizan al mismo tiempo.<\/p>\n<p>Symmetric es un sistema compuesto por un sistema conc\u00e9ntrico ingeniosamente sencillo\u00a0<a href=\"https:\/\/www.amedrillsupply.ca\/es\/geotechnical-drilling-methods\/\">m\u00e9todo de perforaci\u00f3n<\/a>\u00a0a trav\u00e9s de la sobrecarga con revestimiento.  Symmetric puede perforar barrenos rectos en cualquier \u00e1ngulo (incluida la horizontal) y a profundidades superiores a 100 metros. Trabajando juntos como una broca eficiente, los componentes est\u00e1n formados por:<\/p>\n<p>- Una broca piloto con grandes orificios de purga internos y ranuras de purga externas.<\/p>\n<p>- Broca anular sim\u00e9trica (escariador) con acoplamiento interno de bayoneta<\/p>\n<p>- Zapata de entubaci\u00f3n para el hincado de la tuber\u00eda de revestimiento.<\/p>\n<p>- La broca piloto se fija a cualquier v\u00e1stago de martillo DTH com\u00fan o rosca de varilla de martillo en cabeza.<\/p>\n<p>La zapata de la carcasa est\u00e1 soldada a la carcasa. La broca piloto y la broca anular se bloquean juntas mediante el acoplamiento de bayoneta. Perforan un agujero lo suficientemente grande como para permitir que la tuber\u00eda de revestimiento se introduzca en el agujero. La broca piloto y la broca anular giran con la sarta de perforaci\u00f3n, mientras que la zapata y el revestimiento no giran. Cuando se alcanza la profundidad requerida, la broca piloto se desbloquea mediante una ligera rotaci\u00f3n inversa de la sarta de perforaci\u00f3n.<\/p>\n<p>La sarta de perforaci\u00f3n y la broca piloto se recuperar\u00e1n a trav\u00e9s de la tuber\u00eda de revestimiento, las brocas anulares y la zapata de la tuber\u00eda de revestimiento se dejar\u00e1n en el agujero para obtener un sistema de tuber\u00eda de revestimiento permanente. Tambi\u00e9n, los pedazos del anillo y la cubierta se pueden recuperar con el dise\u00f1o especial de los pedazos del anillo y del zapato de la cubierta. Podemos fabricar tanto sistemas sim\u00e9tricos permanentes como sistemas sim\u00e9tricos recuperables, que pueden satisfacer todas sus necesidades.<\/p>\n<h2>Caracter\u00edsticas de las herramientas de perforaci\u00f3n sim\u00e9trica con revestimiento de sobrecarga<\/h2>\n<div id=\"model-response-message-contentr_d2a84e57fbd175db\" class=\"markdown markdown-main-panel stronger enable-updated-hr-color\" dir=\"ltr\">\n<p>La herramienta sim\u00e9trica de perforaci\u00f3n de revestimientos de sobrecarga ofrece una soluci\u00f3n altamente eficaz y fiable para perforar a trav\u00e9s de terrenos no consolidados, caracterizada por su completo utillaje y su robusta construcci\u00f3n.<\/p>\n<ul>\n<li><b>Tipos completos de herramientas de perforaci\u00f3n adecuadas para tubos de revestimiento de varios di\u00e1metros:<\/b>\u00a0El sistema ofrece una gama completa de herramientas de perforaci\u00f3n, lo que garantiza la compatibilidad con tubos de revestimiento de diversos di\u00e1metros. Esta versatilidad permite perforar con eficacia en distintas condiciones de sobrecarga y especificaciones de proyecto.<\/li>\n<li><b>Buena estabilidad y fiabilidad gracias al material de aleaci\u00f3n de acero de primera calidad y al fino proceso de fabricaci\u00f3n CNC:<\/b>\u00a0Los componentes del sistema est\u00e1n hechos de acero de aleaci\u00f3n de primera calidad y fabricados mediante procesos CNC precisos. Este compromiso con la calidad de los materiales y la precisi\u00f3n de fabricaci\u00f3n garantiza una estabilidad excepcional y una fiabilidad inquebrantable durante el funcionamiento, minimizando las interrupciones operativas.<\/li>\n<li><b>Rentabilidad gracias a la producci\u00f3n en serie:<\/b>\u00a0Gracias a las eficaces t\u00e9cnicas de producci\u00f3n en serie, el sistema de perforaci\u00f3n sim\u00e9trica con tuber\u00eda de revestimiento logra una importante rentabilidad. Esto permite obtener un producto de alta calidad a un precio competitivo, proporcionando un valor excelente sin comprometer el rendimiento.<\/li>\n<\/ul>\n<\/div>\n<h2>Aplicaciones de las herramientas de perforaci\u00f3n sim\u00e9trica con revestimiento de recubrimiento<\/h2>\n<p>Las herramientas de perforaci\u00f3n sim\u00e9trica con revestimiento de sobrecarga encuentran amplias aplicaciones en diversos campos. En <a href=\"https:\/\/www.sinodrills.com\/water-well-and-geothermal-drilling\/\" target=\"_blank\" rel=\"noopener\">perforaci\u00f3n de pozos de agua<\/a>garantizan una formaci\u00f3n estable del pozo y evitan el colapso para asegurar el rendimiento del agua. Para la perforaci\u00f3n de pozos geot\u00e9rmicos, estos sistemas soportan entornos de alta temperatura y alta presi\u00f3n, lo que garantiza una instalaci\u00f3n eficaz de las tuber\u00edas de intercambio de calor.<\/p>\n<p>En el pilotaje de cimentaciones, mejoran la precisi\u00f3n de posicionamiento de los pilotes y la capacidad de carga al estabilizar la perforaci\u00f3n. Durante la prospecci\u00f3n geol\u00f3gica, permiten un muestreo seguro y fiable en estratos complejos, proporcionando datos precisos para el an\u00e1lisis geol\u00f3gico. Estos sistemas destacan en la resoluci\u00f3n de problemas de inestabilidad de la sobrecarga, mejorando la eficiencia de la construcci\u00f3n y la calidad del proyecto en diferentes escenarios de ingenier\u00eda.<\/p>\n<h2>Permanencias de las herramientas de perforaci\u00f3n sim\u00e9tricas con revestimiento de recubrimiento<\/h2>\n<p>1.  Al iniciar la perforaci\u00f3n, la broca central acciona el conjunto de anillos para perforar un orificio lo suficientemente ancho como para que el tubo de revestimiento se deslice hacia abajo.<\/p>\n<p>2.  Al llegar al lecho rocoso, invierta la rotaci\u00f3n de las herramientas y extraiga la broca central del orificio, dejando el anillo colocado en el orificio.<\/p>\n<p>3. Vierta el hormig\u00f3n y contin\u00fae con los pasos siguientes.<\/p>\n<h2>Recuperable<\/h2>\n<p>1.  Al iniciar la perforaci\u00f3n, la broca central acciona el conjunto de anillos para perforar un orificio lo suficientemente ancho como para que el tubo de revestimiento se deslice hacia abajo.<\/p>\n<p>2.  Al llegar al lecho rocoso, invierta la rotaci\u00f3n de la sarta de perforaci\u00f3n y extraiga la broca central del orificio.<\/p>\n<p>3.  Extraiga el tubo de revestimiento con el conjunto de anillos mientras vierte el hormig\u00f3n.<\/p>\n<h2>Estructura de las herramientas de perforaci\u00f3n sim\u00e9trica con revestimiento de recubrimiento<\/h2>\n<table>\n<tbody>\n<tr>\n<td colspan=\"6\">Tabla de Par\u00e1metros T\u00e9cnicos de Herramienta de Entubado Sim\u00e9trica Est\u00e1ndar con Escariador para Martillo DTH( Cierre Rectangular )<\/td>\n<\/tr>\n<tr>\n<td>A<\/td>\n<td>B<\/td>\n<td>C<\/td>\n<td>D<\/td>\n<td><\/td>\n<td>E<\/td>\n<\/tr>\n<tr>\n<td>Di\u00e1m. exterior del tubo de revestimiento (mm)<\/td>\n<td>M\u00e1x. Espesor de pared (mm)<\/td>\n<td>Di\u00e1m. exterior De la broca anular (mm)<\/td>\n<td>Di\u00e1metro interior De la broca anular (mm)<\/td>\n<td>M\u00e1x. Di\u00e1m. De la broca piloto (mm)<\/td>\n<td>Martillo adecuado (pulgadas)<\/td>\n<\/tr>\n<tr>\n<td>114<\/td>\n<td>8<\/td>\n<td>126<\/td>\n<td>87<\/td>\n<td>85<\/td>\n<td>3.5\"<\/td>\n<\/tr>\n<tr>\n<td>127<\/td>\n<td>10<\/td>\n<td>138<\/td>\n<td>95<\/td>\n<td>94<\/td>\n<td>3.5\"<\/td>\n<\/tr>\n<tr>\n<td>139.7<\/td>\n<td>5<\/td>\n<td>160<\/td>\n<td>116.5<\/td>\n<td>115<\/td>\n<td>4\"<\/td>\n<\/tr>\n<tr>\n<td>152.4<\/td>\n<td>5.5<\/td>\n<td>170<\/td>\n<td>126<\/td>\n<td>124<\/td>\n<td>5\"<\/td>\n<\/tr>\n<tr>\n<td>168.3<\/td>\n<td>5.5<\/td>\n<td>190<\/td>\n<td>142<\/td>\n<td>140<\/td>\n<td>5\"<\/td>\n<\/tr>\n<tr>\n<td>177.8<\/td>\n<td>7<\/td>\n<td>200<\/td>\n<td>153.5<\/td>\n<td>152<\/td>\n<td>6\"<\/td>\n<\/tr>\n<tr>\n<td>193.7<\/td>\n<td>5.5<\/td>\n<td>220<\/td>\n<td>167<\/td>\n<td>165<\/td>\n<td>6\"<\/td>\n<\/tr>\n<tr>\n<td>219.1<\/td>\n<td>6.5<\/td>\n<td>246<\/td>\n<td>190.5<\/td>\n<td>188<\/td>\n<td>6\"<\/td>\n<\/tr>\n<tr>\n<td>273<\/td>\n<td>8<\/td>\n<td>303<\/td>\n<td>240<\/td>\n<td>238<\/td>\n<td>8\"<\/td>\n<\/tr>\n<tr>\n<td>323.9<\/td>\n<td>10<\/td>\n<td>350<\/td>\n<td>282<\/td>\n<td>280<\/td>\n<td>10\"<\/td>\n<\/tr>\n<tr>\n<td>406<\/td>\n<td>12.7<\/td>\n<td>442<\/td>\n<td>350<\/td>\n<td>345<\/td>\n<td>12\"<\/td>\n<\/tr>\n<tr>\n<td>508<\/td>\n<td>12.7<\/td>\n<td>545<\/td>\n<td>450<\/td>\n<td>445<\/td>\n<td>18\"<\/td>\n<\/tr>\n<tr>\n<td>560<\/td>\n<td>12.7<\/td>\n<td>595<\/td>\n<td>500<\/td>\n<td>495<\/td>\n<td>18\"<\/td>\n<\/tr>\n<tr>\n<td>610<\/td>\n<td>12.7<\/td>\n<td>645<\/td>\n<td>550<\/td>\n<td>545<\/td>\n<td>18\"<\/td>\n<\/tr>\n<tr>\n<td colspan=\"6\">Gu\u00eda de pedidos: A + B + C + D + E<\/td>\n<\/tr>\n<\/tbody>\n<\/table>","protected":false},"excerpt":{"rendered":"<p>Las soluciones exc\u00e9ntricas destacan por ser las m\u00e1s econ\u00f3micas gracias a su ingenioso dise\u00f1o. El ala de escariado de la broca es recuperable, lo que permite reutilizarla para el siguiente orificio. Esta caracter\u00edstica reciclable reduce significativamente los costes de equipo y minimiza el desperdicio de material, lo que la convierte en una opci\u00f3n rentable para proyectos en los que es necesario perforar repetidamente.<\/p>","protected":false},"featured_media":7454,"template":"","meta":[],"product_brand":[],"product_cat":[27],"product_tag":[],"class_list":{"0":"post-7453","1":"product","2":"type-product","3":"status-publish","4":"has-post-thumbnail","6":"product_cat-down-the-hole-dth-drilling-tools-1","8":"first","9":"instock","10":"shipping-taxable","11":"product-type-simple"},"_links":{"self":[{"href":"https:\/\/www.amedrillsupply.ca\/es\/wp-json\/wp\/v2\/product\/7453","targetHints":{"allow":["GET"]}}],"collection":[{"href":"https:\/\/www.amedrillsupply.ca\/es\/wp-json\/wp\/v2\/product"}],"about":[{"href":"https:\/\/www.amedrillsupply.ca\/es\/wp-json\/wp\/v2\/types\/product"}],"wp:featuredmedia":[{"embeddable":true,"href":"https:\/\/www.amedrillsupply.ca\/es\/wp-json\/wp\/v2\/media\/7454"}],"wp:attachment":[{"href":"https:\/\/www.amedrillsupply.ca\/es\/wp-json\/wp\/v2\/media?parent=7453"}],"wp:term":[{"taxonomy":"product_brand","embeddable":true,"href":"https:\/\/www.amedrillsupply.ca\/es\/wp-json\/wp\/v2\/product_brand?post=7453"},{"taxonomy":"product_cat","embeddable":true,"href":"https:\/\/www.amedrillsupply.ca\/es\/wp-json\/wp\/v2\/product_cat?post=7453"},{"taxonomy":"product_tag","embeddable":true,"href":"https:\/\/www.amedrillsupply.ca\/es\/wp-json\/wp\/v2\/product_tag?post=7453"}],"curies":[{"name":"wp","href":"https:\/\/api.w.org\/{rel}","templated":true}]}}