{"id":7439,"date":"2025-08-20T10:28:41","date_gmt":"2025-08-20T02:28:41","guid":{"rendered":"https:\/\/www.amedrillsupply.ca\/?post_type=product&#038;p=7439"},"modified":"2025-08-21T04:17:36","modified_gmt":"2025-08-20T20:17:36","slug":"2-wings-air-flush-step-drag-bits","status":"publish","type":"product","link":"https:\/\/www.amedrillsupply.ca\/es\/2-wings-air-flush-step-drag-bits\/","title":{"rendered":"2 Alas Air Flush Step Drag Bits"},"content":{"rendered":"<h2>Broca Ame 2 Alas Air Flush Step Drag Bits<\/h2>\n<p>Las brocas de arrastre de 2 alas son de una sola pieza de aleaci\u00f3n de acero forjado, con puntas de corte de carburo de tungsteno y lados de calibre para garantizar una mayor vida \u00fatil. Cada broca de arrastre de 2 alas tiene 2 alas y 2 orificios de purga de aire.<\/p>\n<h2>Caracter\u00edsticas de las brocas de arrastre de 2 alas Air Flush Step<\/h2>\n<p>- Cuerpo macizo de una sola pieza de acero 4140 tratado t\u00e9rmicamente para una mayor resistencia y durabilidad de la broca;<\/p>\n<p>- Mecanizado de roscas CNC para una instalaci\u00f3n y uso correctos;<\/p>\n<p>- Las piezas forjadas se fresan para asentar mejor las plaquitas de metal duro.<\/p>\n<p>- Los insertos de carburo de tungsteno selectos de 5,5 mm de espesor son est\u00e1ndar.<\/p>\n<p>- El relieve se rectifica a mano detr\u00e1s de las plaquitas de carburo para obtener el m\u00e1ximo rendimiento.<\/p>\n<h2>Par\u00e1metros de las brocas de arrastre escalonadas de 2 alas Air Flush<\/h2>\n<table>\n<tbody>\n<tr>\n<td colspan=\"3\">Broca de arrastre de 2 alas con paso de aire<\/td>\n<\/tr>\n<tr>\n<td colspan=\"2\">Di\u00e1metro<\/td>\n<td>Hilo<\/td>\n<\/tr>\n<tr>\n<td>3 3\/4 pulgadas<\/td>\n<td>95,3 mm<\/td>\n<td>Caja API IF de 2 pulgadas<\/td>\n<\/tr>\n<\/tbody>\n<\/table>\n<p>Nota: El di\u00e1metro y la rosca mostrados arriba son los tama\u00f1os habituales, otros tama\u00f1os est\u00e1n disponibles bajo pedido.<\/p>\n<div id=\"model-response-message-contentr_a92808d2f6e59fb6\" class=\"markdown markdown-main-panel stronger enable-updated-hr-color\" dir=\"ltr\">\n<p data-sourcepos=\"1:1-1:219\">Las brocas Air Flush Step Drag de 2 alas est\u00e1n dise\u00f1adas para ofrecer eficacia y durabilidad en diversas aplicaciones de perforaci\u00f3n. Su dise\u00f1o robusto y sus caracter\u00edsticas especiales las hacen ideales para terrenos dif\u00edciles.<\/p>\n<h3 data-sourcepos=\"3:1-3:57\">Broca Ame 2 Alas Air Flush Step Drag Bits: Caracter\u00edsticas<\/h3>\n<p data-sourcepos=\"5:1-5:456\">El Taladro Ame 2 Alas Air Flush <a href=\"https:\/\/www.amedrillsupply.ca\/es\/step-drag-bit\/\">Paso Arrastre Bit<\/a>\u00a0cuenta con un exclusivo dise\u00f1o de dos alas, espec\u00edficamente concebido para mejorar la estabilidad y la eficacia de la perforaci\u00f3n. Este dise\u00f1o permite un mejor equilibrio durante la rotaci\u00f3n, reduciendo la desviaci\u00f3n y garantizando un orificio de perforaci\u00f3n m\u00e1s recto. La broca tambi\u00e9n est\u00e1 fabricada con materiales de alta calidad resistentes al desgaste, lo que garantiza una vida \u00fatil m\u00e1s larga incluso en condiciones de suelo abrasivo, reduciendo as\u00ed la frecuencia de sustituci\u00f3n de la broca.<\/p>\n<p data-sourcepos=\"7:1-7:378\">Una caracter\u00edstica clave es su sistema de purga de aire integrado. Este sistema est\u00e1 dise\u00f1ado para eliminar eficazmente los recortes del orificio de perforaci\u00f3n, evitando que la broca se atasque y garantizando un avance continuo y sin obst\u00e1culos de la perforaci\u00f3n. La eliminaci\u00f3n eficaz de los residuos tambi\u00e9n ayuda a mantener una acci\u00f3n de corte \u00f3ptima de la broca, lo que contribuye a acelerar la velocidad de penetraci\u00f3n y a mejorar el rendimiento general de la perforaci\u00f3n.<\/p>\n<p data-sourcepos=\"9:1-9:388\">Adem\u00e1s, la configuraci\u00f3n de \"arrastre escalonado\" de los filos de corte de la broca est\u00e1 optimizada para romper y extraer formaciones de dureza blanda a media. Este dise\u00f1o escalonado permite una acci\u00f3n de corte m\u00e1s agresiva a la vez que mantiene la estabilidad, lo que la hace vers\u00e1til para una serie de condiciones geol\u00f3gicas que suelen encontrarse en perforaciones poco profundas, perforaciones de pozos de agua e investigaciones geot\u00e9cnicas.<\/p>\n<h3 data-sourcepos=\"11:1-11:57\">Broca Ame 2 Alas Air Flush Step Drag Bits: Ventajas<\/h3>\n<p data-sourcepos=\"13:1-13:411\">La principal ventaja de la broca de arrastre escalonado con purga de aire Ame Drill 2 Wings radica en su capacidad para mejorar significativamente la eficacia de la perforaci\u00f3n. La combinaci\u00f3n del dise\u00f1o de dos alas y el sistema de purga de aire conduce a velocidades de penetraci\u00f3n m\u00e1s r\u00e1pidas y menos tiempo de inactividad debido a la obstrucci\u00f3n de la broca, lo que en \u00faltima instancia acelera los tiempos de finalizaci\u00f3n del proyecto. Esta mayor eficacia se traduce directamente en un ahorro de costes para las operaciones de perforaci\u00f3n.<\/p>\n<p data-sourcepos=\"15:1-15:334\">Otra ventaja significativa es la mayor vida \u00fatil de la broca. El uso de materiales duraderos de primera calidad en su construcci\u00f3n, junto con su eficaz sistema de eliminaci\u00f3n de residuos, minimiza el desgaste. Esta durabilidad reduce la necesidad de cambiar la broca con frecuencia, lo que disminuye los costes operativos asociados a la sustituci\u00f3n de brocas y a la mano de obra.<\/p>\n<p data-sourcepos=\"17:1-17:361\">Adem\u00e1s, el dise\u00f1o de la broca contribuye a mejorar la precisi\u00f3n y la estabilidad de la perforaci\u00f3n. La configuraci\u00f3n equilibrada de dos alas ayuda a minimizar la desviaci\u00f3n del orificio, lo que da lugar a perforaciones m\u00e1s rectas y uniformes. Esta precisi\u00f3n es crucial para aplicaciones que requieren una perforaci\u00f3n precisa, como ciertas investigaciones geot\u00e9cnicas o la instalaci\u00f3n de pozos de monitorizaci\u00f3n.<\/p>\n<h3 data-sourcepos=\"19:1-19:53\">Broca Ame 2 Alas Air Flush Step Drag Bits: Utiliza<\/h3>\n<p data-sourcepos=\"29:1-29:242\">La broca de arrastre escalonada de 2 alas Air Flush se utiliza ampliamente en diversas aplicaciones de perforaci\u00f3n, principalmente en formaciones geol\u00f3gicas m\u00e1s blandas. Su eficacia en terrenos no consolidados y semiconsolidados la hace ideal para varias tareas espec\u00edficas.<\/p>\n<ul data-sourcepos=\"31:1-34:0\">\n<li data-sourcepos=\"31:1-31:283\"><strong>Perforaci\u00f3n de pozos de agua:<\/strong>\u00a0Estas brocas se emplean con frecuencia en la perforaci\u00f3n de pozos de agua en zonas con capas de suelo blando, arena, arcilla y grava. Su capacidad para penetrar r\u00e1pidamente en estas formaciones y despejar eficazmente los recortes las hace muy adecuadas para establecer fuentes de agua.<\/li>\n<li data-sourcepos=\"32:1-32:254\"><strong><a href=\"https:\/\/www.amedrillsupply.ca\/es\/geotechnical-investigation\/\">Investigaciones geot\u00e9cnicas<\/a>:<\/strong>\u00a0En perforaci\u00f3n geot\u00e9cnica, estas brocas se utilizan para obtener muestras y evaluar las condiciones del subsuelo en terrenos blandos a semiduros. Son muy \u00fatiles para la investigaci\u00f3n de terrenos, la toma de muestras medioambientales y la exploraci\u00f3n a poca profundidad.<\/li>\n<li data-sourcepos=\"33:1-34:0\"><strong>Exploraci\u00f3n minera:<\/strong>\u00a0Para la exploraci\u00f3n de yacimientos de carb\u00f3n, potasa y otros minerales blandos, estas brocas de arrastre ofrecen una soluci\u00f3n de perforaci\u00f3n econ\u00f3mica y eficaz. Se utilizan en perforaciones iniciales para determinar la extensi\u00f3n y la calidad de los yacimientos.<\/li>\n<\/ul>\n<\/div>","protected":false},"excerpt":{"rendered":"<p>2 alas al ras de aire brocas de arrastre paso son de una sola pieza de construcci\u00f3n de aleaci\u00f3n de acero forjado, con puntas de corte de carburo de tungsteno y los lados de calibre para garantizar una mayor vida \u00fatil.<\/p>","protected":false},"featured_media":7423,"template":"","meta":[],"product_brand":[],"product_cat":[31],"product_tag":[],"class_list":{"0":"post-7439","1":"product","2":"type-product","3":"status-publish","4":"has-post-thumbnail","6":"product_cat-rotary-drilling-tools-3","8":"first","9":"instock","10":"shipping-taxable","11":"product-type-simple"},"_links":{"self":[{"href":"https:\/\/www.amedrillsupply.ca\/es\/wp-json\/wp\/v2\/product\/7439","targetHints":{"allow":["GET"]}}],"collection":[{"href":"https:\/\/www.amedrillsupply.ca\/es\/wp-json\/wp\/v2\/product"}],"about":[{"href":"https:\/\/www.amedrillsupply.ca\/es\/wp-json\/wp\/v2\/types\/product"}],"wp:featuredmedia":[{"embeddable":true,"href":"https:\/\/www.amedrillsupply.ca\/es\/wp-json\/wp\/v2\/media\/7423"}],"wp:attachment":[{"href":"https:\/\/www.amedrillsupply.ca\/es\/wp-json\/wp\/v2\/media?parent=7439"}],"wp:term":[{"taxonomy":"product_brand","embeddable":true,"href":"https:\/\/www.amedrillsupply.ca\/es\/wp-json\/wp\/v2\/product_brand?post=7439"},{"taxonomy":"product_cat","embeddable":true,"href":"https:\/\/www.amedrillsupply.ca\/es\/wp-json\/wp\/v2\/product_cat?post=7439"},{"taxonomy":"product_tag","embeddable":true,"href":"https:\/\/www.amedrillsupply.ca\/es\/wp-json\/wp\/v2\/product_tag?post=7439"}],"curies":[{"name":"wp","href":"https:\/\/api.w.org\/{rel}","templated":true}]}}