{"id":7438,"date":"2025-08-20T10:20:28","date_gmt":"2025-08-20T02:20:28","guid":{"rendered":"https:\/\/www.amedrillsupply.ca\/?post_type=product&#038;p=7438"},"modified":"2025-08-21T04:18:35","modified_gmt":"2025-08-20T20:18:35","slug":"3-wings-air-flush-step-drag-bits","status":"publish","type":"product","link":"https:\/\/www.amedrillsupply.ca\/es\/3-wings-air-flush-step-drag-bits\/","title":{"rendered":"3 Alas Air Flush Step Drag Bits"},"content":{"rendered":"<h2>Ame Taladro 3 Alas Air Flush Step Drag Bits<\/h2>\n<p>Las brocas de arrastre de 3 alas son de una sola pieza de aleaci\u00f3n de acero forjado o fundido con puntas de corte de carburo de tungsteno y lados de calibre para garantizar una mayor vida \u00fatil. Esta broca de arrastre tiene 3 alas y 9 orificios de purga de aire. Sus alas se distribuyen en el cuerpo de la broca equitativamente y el \u00e1ngulo entre cada ala es de 120 grados. El tama\u00f1o de sus 3 pasos en el ala se vuelve gradualmente peque\u00f1o, lo que puede aumentar la capacidad de penetraci\u00f3n y la fuerza de propulsi\u00f3n. M\u00e1s orificios de limpieza pueden mejorar la capacidad de limpieza de escombros.<\/p>\n<h2>Caracter\u00edsticas de 3 Wings Air Flush Step Drag Bits<\/h2>\n<div id=\"model-response-message-contentr_c44315f7b8d6aa50\" class=\"markdown markdown-main-panel stronger enable-updated-hr-color\" dir=\"ltr\">\n<p>Los tr\u00e9panos de arrastre escalonado Air Flush 3 Wings est\u00e1n dise\u00f1ados por expertos para optimizar el rendimiento en formaciones no consolidadas de dureza blanda a media, especialmente cuando se utiliza aire como medio de arrastre. Su construcci\u00f3n hace hincapi\u00e9 en la durabilidad y la eficacia del corte:<\/p>\n<ul>\n<li>Un s\u00f3lido cuerpo de una sola pieza, meticulosamente tratado t\u00e9rmicamente a partir de acero de aleaci\u00f3n 4140, garantiza una excepcional resistencia y durabilidad de la broca para un uso prolongado en entornos de perforaci\u00f3n exigentes.<\/li>\n<li>El mecanizado roscado CNC de precisi\u00f3n garantiza una instalaci\u00f3n correcta y segura, facilitando una conexi\u00f3n fiable a la sarta de perforaci\u00f3n y evitando problemas operativos.<\/li>\n<li>Las piezas forjadas se fresan con precisi\u00f3n, creando asientos ideales para las plaquitas de metal duro, lo que garantiza que est\u00e9n perfectamente colocadas y sujetas para maximizar la eficacia del corte.<\/li>\n<li>Se incorporan de serie plaquitas de carburo de tungsteno seleccionadas de 5,5 mm de espesor, elegidas por su resistencia superior al desgaste y su capacidad para penetrar eficazmente en diversos terrenos blandos a semiduros.<\/li>\n<li>El relieve rectificado a mano detr\u00e1s de cada plaquita de metal duro es una caracter\u00edstica cr\u00edtica que garantiza un flujo de aire y una evacuaci\u00f3n de virutas \u00f3ptimos, evitando la acumulaci\u00f3n de material y mejorando el rendimiento general del taladrado, especialmente en condiciones dif\u00edciles.<\/li>\n<\/ul>\n<h2>3 Wings Air Flush Step Drag Bit Aplicaciones<\/h2>\n<div id=\"model-response-message-contentr_ae4710ee3edd0264\" class=\"markdown markdown-main-panel stronger enable-updated-hr-color\" dir=\"ltr\">\n<p>Las brocas de arrastre escalonado con purga de aire de 3 alas est\u00e1n dise\u00f1adas espec\u00edficamente para perforar con eficacia en formaciones no consolidadas de dureza blanda a media, destacando cuando el aire es el medio de purga principal. Su capacidad para eliminar r\u00e1pidamente los detritos las hace muy eficaces en entornos en los que el lavado tradicional con fluidos puede resultar problem\u00e1tico o indeseable.<\/p>\n<p>Estas brocas especializadas se utilizan con frecuencia en una gran variedad de industrias que se benefician de su r\u00e1pida penetraci\u00f3n y excelente capacidad de arranque de virutas en condiciones espec\u00edficas del terreno. Su dise\u00f1o garantiza un funcionamiento suave y una mayor vida \u00fatil de la broca, especialmente cuando se trabaja con materiales secos o pegajosos.<\/p>\n<ul>\n<li><b>Miner\u00eda:<\/b>\u00a0Ideal para perforaci\u00f3n de barrenos y exploraci\u00f3n en carb\u00f3n, potasa y otros dep\u00f3sitos de minerales blandos, donde la penetraci\u00f3n r\u00e1pida y la eliminaci\u00f3n eficaz del corte en seco son cruciales para la productividad y para evitar la contaminaci\u00f3n del material.<\/li>\n<li><b>Medioambiental:<\/b>\u00a0Se utiliza en proyectos de muestreo medioambiental, instalaci\u00f3n de pozos de monitorizaci\u00f3n y remediaci\u00f3n, especialmente en zonas con suelos blandos, arena o arcilla, donde el lavado con aire ayuda a mantener la integridad de la muestra y minimiza los problemas relacionados con los fluidos.<\/li>\n<li><b>Perforaci\u00f3n de pozos de agua:<\/b>\u00a0Muy eficaz para la perforaci\u00f3n de pozos de agua en formaciones como arena, arcilla y grava, donde el sistema de purga de aire elimina eficazmente los recortes y ayuda a evitar el apelmazamiento de la broca en terrenos pegajosos, lo que permite avanzar con mayor rapidez.<\/li>\n<li><b><a href=\"https:\/\/www.amedrillsupply.ca\/es\/water-well-and-geothermal-drilling\/\">Perforaci\u00f3n geot\u00e9rmica<\/a>:<\/b>\u00a0Se aplica en perforaciones de geointercambio, especialmente en estratos geol\u00f3gicos m\u00e1s blandos, donde el lavado con aire puede proporcionar una forma econ\u00f3mica y eficaz de limpiar el agujero manteniendo unos par\u00e1metros de perforaci\u00f3n \u00f3ptimos.<\/li>\n<li><b><a href=\"https:\/\/www.amedrillsupply.ca\/es\/geotechnical-investigation\/\">Investigaciones geot\u00e9cnicas<\/a>:<\/b>\u00a0Se emplea para investigaciones de emplazamientos y exploraciones poco profundas en formaciones no consolidadas en las que se desea una limpieza precisa del orificio y una alteraci\u00f3n m\u00ednima, lo que a menudo permite una finalizaci\u00f3n m\u00e1s r\u00e1pida del muestreo.<\/li>\n<\/ul>\n<\/div>\n<\/div>\n<h2>Par\u00e1metros de las brocas de arrastre de 3 alas Air Flush Step<\/h2>\n<table>\n<tbody>\n<tr>\n<td colspan=\"3\">Broca de arrastre de 3 alas con paso de aire<\/td>\n<\/tr>\n<tr>\n<td colspan=\"2\">Di\u00e1metro<\/td>\n<td>Hilo<\/td>\n<\/tr>\n<tr>\n<td>3 3\/4 pulgadas<\/td>\n<td>95,3 mm<\/td>\n<td>Caja API IF de 2 pulgadas<\/td>\n<\/tr>\n<\/tbody>\n<\/table>\n<p>Nota: El di\u00e1metro y la rosca mostrados arriba son los tama\u00f1os habituales, otros tama\u00f1os est\u00e1n disponibles bajo pedido.<\/p>","protected":false},"excerpt":{"rendered":"<p>\u00bfTiene problemas con la perforaci\u00f3n en seco ineficaz o las formaciones pegajosas? Nuestras brocas 3 Wings Air Flush Step Drag ofrecen una penetraci\u00f3n superior y una r\u00e1pida evacuaci\u00f3n de la viruta, garantizando agujeros m\u00e1s limpios y r\u00e1pidos. Experimente un rendimiento \u00f3ptimo y una vida \u00fatil prolongada de la broca.<\/p>","protected":false},"featured_media":7426,"template":"","meta":[],"product_brand":[],"product_cat":[31],"product_tag":[],"class_list":{"0":"post-7438","1":"product","2":"type-product","3":"status-publish","4":"has-post-thumbnail","6":"product_cat-rotary-drilling-tools-3","8":"first","9":"instock","10":"shipping-taxable","11":"product-type-simple"},"_links":{"self":[{"href":"https:\/\/www.amedrillsupply.ca\/es\/wp-json\/wp\/v2\/product\/7438","targetHints":{"allow":["GET"]}}],"collection":[{"href":"https:\/\/www.amedrillsupply.ca\/es\/wp-json\/wp\/v2\/product"}],"about":[{"href":"https:\/\/www.amedrillsupply.ca\/es\/wp-json\/wp\/v2\/types\/product"}],"wp:featuredmedia":[{"embeddable":true,"href":"https:\/\/www.amedrillsupply.ca\/es\/wp-json\/wp\/v2\/media\/7426"}],"wp:attachment":[{"href":"https:\/\/www.amedrillsupply.ca\/es\/wp-json\/wp\/v2\/media?parent=7438"}],"wp:term":[{"taxonomy":"product_brand","embeddable":true,"href":"https:\/\/www.amedrillsupply.ca\/es\/wp-json\/wp\/v2\/product_brand?post=7438"},{"taxonomy":"product_cat","embeddable":true,"href":"https:\/\/www.amedrillsupply.ca\/es\/wp-json\/wp\/v2\/product_cat?post=7438"},{"taxonomy":"product_tag","embeddable":true,"href":"https:\/\/www.amedrillsupply.ca\/es\/wp-json\/wp\/v2\/product_tag?post=7438"}],"curies":[{"name":"wp","href":"https:\/\/api.w.org\/{rel}","templated":true}]}}