{"id":7437,"date":"2025-08-20T10:11:04","date_gmt":"2025-08-20T02:11:04","guid":{"rendered":"https:\/\/www.amedrillsupply.ca\/?post_type=product&#038;p=7437"},"modified":"2025-08-21T04:20:50","modified_gmt":"2025-08-20T20:20:50","slug":"3-wings-air-flush-chevron-drag-bits","status":"publish","type":"product","link":"https:\/\/www.amedrillsupply.ca\/es\/3-wings-air-flush-chevron-drag-bits\/","title":{"rendered":"3 Alas Air Flush Chevron Drag Bits"},"content":{"rendered":"<h2>Broca Ame 3 Alas Air Flush Chevron Drag Bits<\/h2>\n<p>Las brocas de arrastre chevron con 3 alas de purga de aire son de una sola pieza de aleaci\u00f3n de acero forjado o fundido con puntas de corte de carburo de tungsteno y lados de calibre para garantizar una mayor vida \u00fatil. Esta broca de arrastre tiene 3 alas y 9 agujeros de purga de aire. Sus alas se distribuyen en el cuerpo de la broca equitativamente y el \u00e1ngulo entre cada ala es de 120 grados. En comparaci\u00f3n con la broca de arrastre escalonada, su ala se parece al tipo \"v\", y fortalece la capacidad abrasiva de la broca en el proceso de perforaci\u00f3n. Mientras tanto, en cierta medida esta construcci\u00f3n puede proteger mejor el cuerpo de la broca. Tambi\u00e9n el agujero de lavado act\u00faa como un papel de limpieza en la perforaci\u00f3n.<\/p>\n<h2>Caracter\u00edsticas de 3 Wings Air Flush Chevron Drag Bits<\/h2>\n<p>- Cuerpo macizo de aleaci\u00f3n de acero 4140 de una sola pieza con tratamiento t\u00e9rmico para mayor resistencia y durabilidad de la broca;<\/p>\n<p>- Mecanizado de roscas CNC para una instalaci\u00f3n y uso correctos;<\/p>\n<p>- Las piezas forjadas se fresan para asentar mejor las plaquitas de metal duro.<\/p>\n<p>- Los insertos de carburo de tungsteno selectos de 5,5 mm de espesor son est\u00e1ndar.<\/p>\n<p>- El relieve se rectifica a mano detr\u00e1s de las plaquitas de metal duro para obtener el m\u00e1ximo rendimiento.<\/p>\n<h2>Par\u00e1metros de las brocas de arrastre Chevron de 3 alas Air Flush<\/h2>\n<table>\n<tbody>\n<tr>\n<td colspan=\"3\">3 Wings air flush chevron drag bits<\/td>\n<\/tr>\n<tr>\n<td colspan=\"2\">Di\u00e1metro<\/td>\n<td>Hilo<\/td>\n<\/tr>\n<tr>\n<td>3 3\/4 pulgadas<\/td>\n<td>95,3 mm<\/td>\n<td>Caja API IF de 2 pulgadas<\/td>\n<\/tr>\n<\/tbody>\n<\/table>\n<p>Nota: El di\u00e1metro y la rosca mostrados arriba son los tama\u00f1os habituales, otros tama\u00f1os est\u00e1n disponibles bajo pedido.<\/p>","protected":false},"excerpt":{"rendered":"<p>3 wings air flush chevron drag bits3 wings air flush chevron drag bits son de una sola pieza de aleaci\u00f3n de acero forjado o fundido con puntas de corte de carburo de tungsteno y lados de calibre para garantizar una mayor vida \u00fatil.<\/p>","protected":false},"featured_media":7424,"template":"","meta":[],"product_brand":[],"product_cat":[31],"product_tag":[],"class_list":{"0":"post-7437","1":"product","2":"type-product","3":"status-publish","4":"has-post-thumbnail","6":"product_cat-rotary-drilling-tools-3","8":"first","9":"instock","10":"shipping-taxable","11":"product-type-simple"},"_links":{"self":[{"href":"https:\/\/www.amedrillsupply.ca\/es\/wp-json\/wp\/v2\/product\/7437","targetHints":{"allow":["GET"]}}],"collection":[{"href":"https:\/\/www.amedrillsupply.ca\/es\/wp-json\/wp\/v2\/product"}],"about":[{"href":"https:\/\/www.amedrillsupply.ca\/es\/wp-json\/wp\/v2\/types\/product"}],"wp:featuredmedia":[{"embeddable":true,"href":"https:\/\/www.amedrillsupply.ca\/es\/wp-json\/wp\/v2\/media\/7424"}],"wp:attachment":[{"href":"https:\/\/www.amedrillsupply.ca\/es\/wp-json\/wp\/v2\/media?parent=7437"}],"wp:term":[{"taxonomy":"product_brand","embeddable":true,"href":"https:\/\/www.amedrillsupply.ca\/es\/wp-json\/wp\/v2\/product_brand?post=7437"},{"taxonomy":"product_cat","embeddable":true,"href":"https:\/\/www.amedrillsupply.ca\/es\/wp-json\/wp\/v2\/product_cat?post=7437"},{"taxonomy":"product_tag","embeddable":true,"href":"https:\/\/www.amedrillsupply.ca\/es\/wp-json\/wp\/v2\/product_tag?post=7437"}],"curies":[{"name":"wp","href":"https:\/\/api.w.org\/{rel}","templated":true}]}}