{"id":7436,"date":"2025-08-20T10:13:48","date_gmt":"2025-08-20T02:13:48","guid":{"rendered":"https:\/\/www.amedrillsupply.ca\/?post_type=product&#038;p=7436"},"modified":"2025-08-21T04:19:30","modified_gmt":"2025-08-20T20:19:30","slug":"3-wings-full-flush-step-drag-bits","status":"publish","type":"product","link":"https:\/\/www.amedrillsupply.ca\/es\/3-wings-full-flush-step-drag-bits\/","title":{"rendered":"3 Wings Full Flush Step Drag Bits"},"content":{"rendered":"<h2>Broca Ame 3 Alas Paso Rasante Arrastre Puntas<\/h2>\n<p>3 alas paso completo al ras bits de arrastre son de una sola pieza de construcci\u00f3n de aleaci\u00f3n de acero forjado o fundido con puntas de corte de carburo de tungsteno y los lados de calibre para asegurar una vida m\u00e1s larga. Comparar con lavado de aire, lavado completo tiene agujeros m\u00e1s grandes que son buenos en fushing. Y preferiblemente puede ser beneficioso para la descarga de barro, arcilla, arena y as\u00ed sucesivamente. El \u00e1ngulo entre cada ala es de 120 grados, distribuir en el cuerpo de bits equably.Its cada ala tiene 3 escaleras, que puede mejorar bits velocidad de penetraci\u00f3n en el agujero y aumentar el par de bits.<\/p>\n<h2>Caracter\u00edsticas de 3 Wings Full Flush Step Drag Bits<\/h2>\n<p>- Cuerpo macizo de una sola pieza de acero 4140 tratado t\u00e9rmicamente para una mayor resistencia y durabilidad de la broca;<\/p>\n<p>- Mecanizado de roscas CNC para una instalaci\u00f3n y uso correctos;<\/p>\n<p>- Las piezas forjadas se fresan para asentar mejor las plaquitas de metal duro.<\/p>\n<p>- Los insertos de carburo de tungsteno selectos de 5,5 mm de espesor son est\u00e1ndar.<\/p>\n<p>- El relieve se rectifica a mano detr\u00e1s de las plaquitas de carburo para obtener el m\u00e1ximo rendimiento.<\/p>\n<h2>Par\u00e1metros de las brocas de arrastre de 3 alas a ras de suelo<\/h2>\n<table>\n<tbody>\n<tr>\n<td colspan=\"3\">3 Wings Full Flush Step Drag Bits<\/td>\n<\/tr>\n<tr>\n<td colspan=\"2\">Di\u00e1metro<\/td>\n<td>Hilo<\/td>\n<\/tr>\n<tr>\n<td>3 3\/4 pulgadas<\/td>\n<td>95,3 mm<\/td>\n<td>Caja API IF de 2 pulgadas<\/td>\n<\/tr>\n<\/tbody>\n<\/table>\n<p>Nota: El di\u00e1metro y la rosca mostrados arriba son los tama\u00f1os habituales, otros tama\u00f1os est\u00e1n disponibles bajo pedido.<\/p>\n<h2>3 Wings Full Flush Step Drag Bits<\/h2>\n<div id=\"model-response-message-contentr_2b052e648ff86037\" class=\"markdown markdown-main-panel stronger enable-updated-hr-color\" dir=\"ltr\">\n<p data-sourcepos=\"5:1-5:437\">La broca de arrastre escalonada 3 Wings Full Flush es una herramienta de perforaci\u00f3n especializada dise\u00f1ada para una penetraci\u00f3n eficaz en terrenos de dureza blanda a media. Su distintivo dise\u00f1o de tres alas y su perfil de corte escalonado est\u00e1n optimizados para una eficaz eliminaci\u00f3n de material y limpieza de la perforaci\u00f3n. Esta broca se utiliza habitualmente en investigaciones geot\u00e9cnicas, perforaci\u00f3n de pozos de agua y exploraci\u00f3n minera donde se encuentran formaciones blandas a moderadamente consolidadas.<\/p>\n<p data-sourcepos=\"7:1-7:480\">La robusta construcci\u00f3n de estas brocas de arrastre suele incluir aleaciones de acero de alta calidad, lo que garantiza su longevidad y resistencia al desgaste abrasivo. El proceso de fabricaci\u00f3n suele incluir un tratamiento t\u00e9rmico para aumentar la dureza y tenacidad de la broca, lo que le permite soportar los rigores de la perforaci\u00f3n. La capacidad de lavado completo es una caracter\u00edstica clave, ya que permite la eliminaci\u00f3n continua de los recortes de la perforaci\u00f3n, lo que mejora significativamente la eficiencia de la perforaci\u00f3n y reduce el riesgo de obstrucci\u00f3n de la broca.<\/p>\n<p data-sourcepos=\"9:1-9:361\">Estas brocas son especialmente adecuadas para formaciones como arcillas, arenas, pizarras y algunas calizas m\u00e1s blandas. Su dise\u00f1o minimiza el riesgo de desviaci\u00f3n en tales formaciones, proporcionando una perforaci\u00f3n m\u00e1s recta. La sencillez de su dise\u00f1o tambi\u00e9n contribuye a la facilidad de mantenimiento y a unos costes de fabricaci\u00f3n relativamente inferiores a los de brocas m\u00e1s complejas.<\/p>\n<h3 data-sourcepos=\"11:1-11:47\">Brocas de arrastre de 3 alas de paso rasante completo: Caracter\u00edsticas<\/h3>\n<p data-sourcepos=\"13:1-13:360\">Las principales caracter\u00edsticas de la broca de arrastre escalonado 3 Wings Full Flush incluyen su exclusiva estructura de corte de tres alas y el sistema integrado Full Flush. Las tres alas est\u00e1n estrat\u00e9gicamente situadas para proporcionar una acci\u00f3n de corte eficaz, cortando la formaci\u00f3n en lugar de aplastarla. El resultado es una penetraci\u00f3n m\u00e1s r\u00e1pida y un menor desgaste del equipo de perforaci\u00f3n.<\/p>\n<p data-sourcepos=\"15:1-15:319\">El perfil escalonado de los filos de corte de la broca es otra caracter\u00edstica significativa. Este dise\u00f1o crea m\u00faltiples superficies de corte, lo que permite una eliminaci\u00f3n m\u00e1s agresiva del material con cada rotaci\u00f3n. Los escalones ayudan a dividir los recortes m\u00e1s grandes en trozos m\u00e1s peque\u00f1os y manejables, facilitando su eliminaci\u00f3n mediante el lavado completo.<\/p>\n<p data-sourcepos=\"17:1-17:415\">Adem\u00e1s, el orificio central y los orificios laterales para el lavado completo son cruciales. El fluido de perforaci\u00f3n (a menudo aire o agua) se dirige a trav\u00e9s de estos canales, elevando eficazmente los recortes fuera de la perforaci\u00f3n. Esta acci\u00f3n de lavado continuo evita la recirculaci\u00f3n de recortes, que puede causar un desgaste excesivo de la broca y reducir la eficacia de la perforaci\u00f3n. El \"lavado completo\" implica una trayectoria de flujo optimizada para obtener el m\u00e1ximo poder de limpieza.<\/p>\n<h3 data-sourcepos=\"19:1-19:47\">Brocas de arrastre de 3 alas de paso rasante completo: Ventajas<\/h3>\n<p data-sourcepos=\"21:1-21:485\">La broca de arrastre escalonada de 3 alas ofrece varias ventajas clave que contribuyen a mejorar el rendimiento y la rentabilidad de la perforaci\u00f3n. Una ventaja significativa es su alto \u00edndice de penetraci\u00f3n en formaciones adecuadas. La acci\u00f3n de corte agresiva de las tres alas y el dise\u00f1o escalonado permiten un avance r\u00e1pido, reduciendo el tiempo total de perforaci\u00f3n y los costes operativos asociados. El ala adicional en comparaci\u00f3n con una broca de dos alas suele proporcionar m\u00e1s estabilidad y una acci\u00f3n de corte m\u00e1s suave.<\/p>\n<p data-sourcepos=\"23:1-23:407\">Otra gran ventaja es la mejora de la limpieza de la perforaci\u00f3n gracias al sistema de lavado completo integrado. La eliminaci\u00f3n eficaz de los recortes evita la formaci\u00f3n de bolas en la broca y reduce la torsi\u00f3n y el arrastre en la sarta de perforaci\u00f3n. Esto no s\u00f3lo prolonga la vida \u00fatil de la broca, sino que tambi\u00e9n minimiza el desgaste del equipo de perforaci\u00f3n, lo que reduce los gastos de mantenimiento. El dise\u00f1o totalmente rasante garantiza la m\u00e1xima eficacia en la eliminaci\u00f3n de residuos.<\/p>\n<p data-sourcepos=\"25:1-25:451\">Adem\u00e1s, la sencillez y durabilidad de estas brocas se traduce en un menor tiempo de inactividad para cambios de broca y reparaciones. Su robusta construcci\u00f3n y su eficaz mecanismo de autolimpieza garantizan un rendimiento constante, lo que contribuye a una mayor productividad y a unas operaciones de perforaci\u00f3n m\u00e1s predecibles. La rentabilidad de estas brocas, tanto en t\u00e9rminos de compra inicial como de vida \u00fatil, las convierte en la opci\u00f3n preferida para aplicaciones de perforaci\u00f3n espec\u00edficas.<\/p>\n<h3 data-sourcepos=\"27:1-27:43\">Brocas de arrastre de 3 alas de paso rasante completo: Utiliza<\/h3>\n<p data-sourcepos=\"29:1-29:243\">La broca de arrastre escalonada de 3 alas se utiliza ampliamente en diversas aplicaciones de perforaci\u00f3n, principalmente en formaciones geol\u00f3gicas m\u00e1s blandas. Su eficacia en terrenos no consolidados y semiconsolidados la hace ideal para varias tareas espec\u00edficas.<\/p>\n<ul data-sourcepos=\"31:1-34:0\">\n<li data-sourcepos=\"31:1-31:379\"><strong>Perforaci\u00f3n de pozos de agua:<\/strong>\u00a0Estas brocas se emplean con frecuencia en la perforaci\u00f3n de pozos de agua en zonas con capas de suelo blando, arena, arcilla y grava. Su capacidad para penetrar r\u00e1pidamente en estas formaciones y limpiar eficazmente los recortes las hace muy adecuadas para establecer fuentes de agua. La capacidad de lavado completo es especialmente beneficiosa para evitar obstrucciones en estos materiales.<\/li>\n<li data-sourcepos=\"32:1-32:328\"><strong>Investigaciones geot\u00e9cnicas:<\/strong>\u00a0En perforaci\u00f3n geot\u00e9cnica, estas brocas se utilizan para obtener muestras y evaluar las condiciones del subsuelo en terrenos blandos a semiduros. Son muy \u00fatiles para la investigaci\u00f3n de terrenos, la toma de muestras medioambientales y la exploraci\u00f3n a poca profundidad. El dise\u00f1o de tres alas puede proporcionar una mayor estabilidad para obtener muestras precisas.<\/li>\n<li data-sourcepos=\"33:1-34:0\"><strong>Exploraci\u00f3n minera:<\/strong>\u00a0Para la exploraci\u00f3n de yacimientos de carb\u00f3n, potasa y otros minerales blandos, estas brocas de arrastre ofrecen una soluci\u00f3n de perforaci\u00f3n econ\u00f3mica y eficaz. Se utilizan en perforaciones iniciales para determinar la extensi\u00f3n y la calidad de los yacimientos.<\/li>\n<\/ul>\n<p data-sourcepos=\"35:1-35:294\">Estas brocas son especialmente eficaces cuando se combinan con equipos de perforaci\u00f3n capaces de proporcionar suficiente presi\u00f3n y volumen de medios de lavado (ya sea aire o agua) para un rendimiento \u00f3ptimo. Su versatilidad en diferentes condiciones de roca blanda y suelo las convierte en una valiosa herramienta en el arsenal del perforador.<\/p>\n<\/div>","protected":false},"excerpt":{"rendered":"<p>Las brocas de arrastre de 3 alas son de una sola pieza de aleaci\u00f3n de acero forjado o fundido con puntas de corte de carburo de tungsteno y lados de calibre para garantizar una mayor vida \u00fatil.<\/p>","protected":false},"featured_media":7425,"template":"","meta":[],"product_brand":[],"product_cat":[31],"product_tag":[],"class_list":{"0":"post-7436","1":"product","2":"type-product","3":"status-publish","4":"has-post-thumbnail","6":"product_cat-rotary-drilling-tools-3","8":"first","9":"instock","10":"shipping-taxable","11":"product-type-simple"},"_links":{"self":[{"href":"https:\/\/www.amedrillsupply.ca\/es\/wp-json\/wp\/v2\/product\/7436","targetHints":{"allow":["GET"]}}],"collection":[{"href":"https:\/\/www.amedrillsupply.ca\/es\/wp-json\/wp\/v2\/product"}],"about":[{"href":"https:\/\/www.amedrillsupply.ca\/es\/wp-json\/wp\/v2\/types\/product"}],"wp:featuredmedia":[{"embeddable":true,"href":"https:\/\/www.amedrillsupply.ca\/es\/wp-json\/wp\/v2\/media\/7425"}],"wp:attachment":[{"href":"https:\/\/www.amedrillsupply.ca\/es\/wp-json\/wp\/v2\/media?parent=7436"}],"wp:term":[{"taxonomy":"product_brand","embeddable":true,"href":"https:\/\/www.amedrillsupply.ca\/es\/wp-json\/wp\/v2\/product_brand?post=7436"},{"taxonomy":"product_cat","embeddable":true,"href":"https:\/\/www.amedrillsupply.ca\/es\/wp-json\/wp\/v2\/product_cat?post=7436"},{"taxonomy":"product_tag","embeddable":true,"href":"https:\/\/www.amedrillsupply.ca\/es\/wp-json\/wp\/v2\/product_tag?post=7436"}],"curies":[{"name":"wp","href":"https:\/\/api.w.org\/{rel}","templated":true}]}}