{"id":7435,"date":"2025-08-20T10:07:29","date_gmt":"2025-08-20T02:07:29","guid":{"rendered":"https:\/\/www.amedrillsupply.ca\/?post_type=product&#038;p=7435"},"modified":"2025-08-20T10:07:31","modified_gmt":"2025-08-20T02:07:31","slug":"4-wings-step-drag-bits","status":"publish","type":"product","link":"https:\/\/www.amedrillsupply.ca\/es\/4-wings-step-drag-bits\/","title":{"rendered":"Brocas de arrastre de 4 pelda\u00f1os"},"content":{"rendered":"<h2>Broca Ame 4 Alas Paso Arrastre Puntas<\/h2>\n<p>Las brocas de arrastre escalonadas de 4 alas est\u00e1n fabricadas en una sola pieza de aleaci\u00f3n de acero fundido con puntas de corte de carburo de tungsteno y caras de calibre para garantizar una mayor vida \u00fatil. Tiene 4 alas y 4 orificios de lavado. Las brocas de arrastre escalonadas de 4 alas son m\u00e1s duraderas y duran m\u00e1s que las brocas de arrastre escalonadas de 3 alas, debido a la estructura de corte, pero penetrar\u00e1n m\u00e1s lentamente. Las brocas de arrastre escalonado de 4 alas son m\u00e1s estables y tienden a perforar un agujero m\u00e1s recto, ya que sus 4 alas tienen una estructura m\u00e1s estable y no se desv\u00edan en la perforaci\u00f3n.<\/p>\n<p>Las brocas de arrastre de 4 alas son herramientas econ\u00f3micas cuando se perforan formaciones geol\u00f3gicas m\u00e1s blandas y profundidades menores. Est\u00e1n dise\u00f1adas principalmente para formaciones blandas a medias, como arcilla, marga, limo, suelos blandos a medios que tienen algo de humedad, etc.<\/p>\n<h2>Caracter\u00edsticas de 4 Wings Step Drag Bits<\/h2>\n<div id=\"model-response-message-contentr_c218cd9c2181715e\" class=\"markdown markdown-main-panel stronger enable-updated-hr-color\" dir=\"ltr\">\n<p>Las brocas de arrastre escalonadas de 4 alas est\u00e1n dise\u00f1adas por expertos para proporcionar un rendimiento superior en formaciones no consolidadas de dureza blanda a media, ofreciendo una mayor estabilidad y eficacia de corte gracias a su configuraci\u00f3n de cuatro alas. Cada caracter\u00edstica contribuye a la robustez de la broca y a su funcionamiento fiable en entornos de perforaci\u00f3n dif\u00edciles.<\/p>\n<ul>\n<li><b>Cuerpo macizo de una sola pieza de acero 4140 tratado t\u00e9rmicamente para una mayor resistencia y durabilidad de la broca;<\/b>\u00a0El n\u00facleo de la broca se forja a partir de una sola pieza de acero de aleaci\u00f3n 4140, que se somete a un tratamiento t\u00e9rmico especializado. Este proceso mejora significativamente la resistencia y durabilidad generales de la broca, garantizando que pueda soportar presiones de perforaci\u00f3n extremas y prolongando su vida \u00fatil operativa.<\/li>\n<li><b>Mecanizado de roscas CNC para una instalaci\u00f3n y uso correctos;<\/b>\u00a0La precisi\u00f3n es primordial para una perforaci\u00f3n segura, y la broca cuenta con un avanzado mecanizado de roscas CNC. Esto garantiza roscas perfectamente formadas, lo que permite una conexi\u00f3n firme y fiable a la sarta de perforaci\u00f3n, que es crucial para evitar el aflojamiento y mantener la estabilidad durante la perforaci\u00f3n agresiva.<\/li>\n<li><b>Las piezas forjadas se fresan para asentar mejor las plaquitas de metal duro.<\/b>\u00a0Los componentes estructurales de la broca donde se colocan los elementos de corte se someten a un meticuloso fresado. De este modo se crean asientos de contorno preciso que acogen a la perfecci\u00f3n las plaquitas de metal duro, garantizando su posici\u00f3n \u00f3ptima y su anclaje seguro para lograr la m\u00e1xima eficacia de corte y resistencia al desprendimiento.<\/li>\n<li><b>Los insertos de carburo de tungsteno selectos de 5,5 mm de espesor son est\u00e1ndar.<\/b>\u00a0Para garantizar un rendimiento de corte y una resistencia al desgaste superiores, la broca est\u00e1 equipada con plaquitas de carburo de tungsteno cuidadosamente seleccionadas, cada una de ellas con un grosor est\u00e1ndar de 5,5 mm. Estas robustas plaquitas est\u00e1n dise\u00f1adas para penetrar eficazmente en una gran variedad de formaciones de dureza blanda a media.<\/li>\n<li><b>El relieve se rectifica a mano detr\u00e1s de las plaquitas de carburo para obtener el m\u00e1ximo rendimiento.<\/b>\u00a0La zona situada directamente detr\u00e1s de cada plaquita de metal duro se rectifica a mano para crear un relieve. Esta forma especializada mejora significativamente la evacuaci\u00f3n de la viruta, evitando la acumulaci\u00f3n de material y permitiendo que las plaquitas se adhieran continuamente a la formaci\u00f3n para lograr la m\u00e1xima eficiencia de perforaci\u00f3n.<\/li>\n<\/ul>\n<\/div>\n<h2>Aplicaciones de las brocas de arrastre de 4 alas escalonadas<\/h2>\n<div id=\"model-response-message-contentr_43b39b6fbb4ff658\" class=\"markdown markdown-main-panel stronger enable-updated-hr-color\" dir=\"ltr\">\n<p>Las brocas de arrastre escalonadas de 4 alas ofrecen una mayor estabilidad y una mejor rectitud del orificio en comparaci\u00f3n con sus hom\u00f3logas de tres alas, lo que las hace muy eficaces para perforar en diversas formaciones no consolidadas de dureza blanda a media. Su dise\u00f1o proporciona una superficie de corte adicional y un mayor contacto con la perforaci\u00f3n, lo que contribuye a su durabilidad y eficacia en diversas aplicaciones.<\/p>\n<p>Estas brocas se recomiendan especialmente en varios sectores en los que un rendimiento constante y una perforaci\u00f3n precisa son fundamentales para el \u00e9xito del proyecto:<\/p>\n<ul>\n<li><b><a href=\"https:\/\/www.sinodrills.com\/mining\/\" target=\"_blank\" rel=\"noopener\">Miner\u00eda<\/a>:<\/b>\u00a0Ideal para perforar barrenos de voladura, barrenos de exploraci\u00f3n y producci\u00f3n en dep\u00f3sitos minerales m\u00e1s blandos como carb\u00f3n, yeso y sal. Las cuatro alas proporcionan una estabilidad superior para obtener barrenos m\u00e1s rectos, optimizando los patrones de voladura y la eficiencia de extracci\u00f3n de material.<\/li>\n<li><b>Exploraci\u00f3n:<\/b>\u00a0Se utilizan en prospecci\u00f3n geol\u00f3gica y minera para obtener muestras exactas de testigos y establecer perforaciones precisas en sobrecargas, arenas y arcillas no consolidadas. Su estabilidad ayuda a mantener la verticalidad y a mejorar la integridad de los datos.<\/li>\n<li><b>Medioambiental:<\/b>\u00a0Esencial para instalaciones de pozos de monitorizaci\u00f3n y recuperaci\u00f3n medioambiental, especialmente en suelos blandos, lodos y \u00e1ridos ligeros. El ala adicional mejora la estabilidad de la broca, lo que es crucial para evitar el colapso de la perforaci\u00f3n y garantizar una colocaci\u00f3n precisa del pozo.<\/li>\n<li><b>Pozo de agua:<\/b>\u00a0Ampliamente utilizado en la perforaci\u00f3n de pozos de agua para penetrar en diversas formaciones no consolidadas, como arena, grava y arcilla. El dise\u00f1o de cuatro alas proporciona una mayor estabilidad y ayuda a reducir la desviaci\u00f3n, lo que conduce a una construcci\u00f3n de pozos de agua m\u00e1s eficiente y fiable.<\/li>\n<li><b>Geo Exchange:<\/b>\u00a0Muy eficaz para crear perforaciones para sistemas geot\u00e9rmicos de bomba de calor geot\u00e9rmica en estratos geol\u00f3gicos m\u00e1s blandos. La mayor estabilidad de las cuatro aletas ayuda a garantizar la integridad constante de la perforaci\u00f3n, que es vital para el rendimiento a largo plazo del sistema de geointercambio.<\/li>\n<\/ul>\n<\/div>\n<h2>Par\u00e1metros de 4 Wings Step Drag Bits<\/h2>\n<table>\n<tbody>\n<tr>\n<td colspan=\"3\">Brocas de arrastre de 4 pelda\u00f1os<\/td>\n<\/tr>\n<tr>\n<td colspan=\"2\">Di\u00e1metro<\/td>\n<td>Hilo<\/td>\n<\/tr>\n<tr>\n<td>6 1\/2 tp 17 1\/2 pulgadas<\/td>\n<td>165,1 a 444,5 mm<\/td>\n<td>Opcional<\/td>\n<\/tr>\n<\/tbody>\n<\/table>\n<p>Nota: El di\u00e1metro y la rosca mostrados arriba son los tama\u00f1os habituales, otros tama\u00f1os est\u00e1n disponibles bajo pedido.<br \/>\nTama\u00f1o de rosca: 2 3\/8\" API Reg, 2 7\/8\" API Reg, 3 1\/2\" API Reg, 4 1\/2\" API Reg, 6 5\/8\" API Reg, 2\" API IF, 2 3\/8\" API IF, 2 7\/8\" API IF, A Rod, N Rod, AW, BW, NW, AWJ, BWJ, NWJ.<\/p>","protected":false},"excerpt":{"rendered":"<p>\u00bfSe enfrenta a una penetraci\u00f3n m\u00e1s lenta y a una perforaci\u00f3n menos estable en terrenos m\u00e1s blandos? Nuestras brocas de arrastre escalonadas de 4 alas proporcionan una mayor estabilidad y agujeros m\u00e1s rectos. Consiga una perforaci\u00f3n uniforme y eficiente y prolongue la vida \u00fatil de la broca, incluso en formaciones dif\u00edciles y no consolidadas.<\/p>","protected":false},"featured_media":7429,"template":"","meta":[],"product_brand":[],"product_cat":[31],"product_tag":[],"class_list":{"0":"post-7435","1":"product","2":"type-product","3":"status-publish","4":"has-post-thumbnail","6":"product_cat-rotary-drilling-tools-3","8":"first","9":"instock","10":"shipping-taxable","11":"product-type-simple"},"_links":{"self":[{"href":"https:\/\/www.amedrillsupply.ca\/es\/wp-json\/wp\/v2\/product\/7435","targetHints":{"allow":["GET"]}}],"collection":[{"href":"https:\/\/www.amedrillsupply.ca\/es\/wp-json\/wp\/v2\/product"}],"about":[{"href":"https:\/\/www.amedrillsupply.ca\/es\/wp-json\/wp\/v2\/types\/product"}],"wp:featuredmedia":[{"embeddable":true,"href":"https:\/\/www.amedrillsupply.ca\/es\/wp-json\/wp\/v2\/media\/7429"}],"wp:attachment":[{"href":"https:\/\/www.amedrillsupply.ca\/es\/wp-json\/wp\/v2\/media?parent=7435"}],"wp:term":[{"taxonomy":"product_brand","embeddable":true,"href":"https:\/\/www.amedrillsupply.ca\/es\/wp-json\/wp\/v2\/product_brand?post=7435"},{"taxonomy":"product_cat","embeddable":true,"href":"https:\/\/www.amedrillsupply.ca\/es\/wp-json\/wp\/v2\/product_cat?post=7435"},{"taxonomy":"product_tag","embeddable":true,"href":"https:\/\/www.amedrillsupply.ca\/es\/wp-json\/wp\/v2\/product_tag?post=7435"}],"curies":[{"name":"wp","href":"https:\/\/api.w.org\/{rel}","templated":true}]}}