{"id":7433,"date":"2025-08-20T10:05:11","date_gmt":"2025-08-20T02:05:11","guid":{"rendered":"https:\/\/www.amedrillsupply.ca\/?post_type=product&#038;p=7433"},"modified":"2025-08-20T10:05:14","modified_gmt":"2025-08-20T02:05:14","slug":"4-wings-chevron-drag-bits","status":"publish","type":"product","link":"https:\/\/www.amedrillsupply.ca\/es\/4-wings-chevron-drag-bits\/","title":{"rendered":"4 Aletas Chevron Drag Bits"},"content":{"rendered":"<h2>Broca Ame 4 Alas Chevron Drag Bits<\/h2>\n<p>Las brocas de arrastre tipo chevron de 4 alas son de una sola pieza de aleaci\u00f3n de acero fundido con puntas de corte de carburo de tungsteno y lados de calibre para garantizar una mayor vida \u00fatil. Tiene 4 alas y 4 orificios de lavado. Las brocas de arrastre tipo chevron de 4 alas son m\u00e1s duraderas y duran m\u00e1s que las brocas tipo chevron de 3 alas, debido a la estructura de corte, pero penetrar\u00e1n m\u00e1s lentamente. Adem\u00e1s, las brocas de arrastre chevron de 4 alas son m\u00e1s estables y tienden a perforar un agujero m\u00e1s recto. Su orificio de lavado est\u00e1 incorporado en nuestro dise\u00f1o para una eliminaci\u00f3n eficaz de los recortes.<\/p>\n<p>Las brocas de arrastre chevron de 4 alas son herramientas econ\u00f3micas para perforar formaciones geol\u00f3gicas m\u00e1s blandas y profundidades menores. Est\u00e1n dise\u00f1adas principalmente para formaciones de dureza media a alta y se utilizan en zonas que contienen mucha roca, como pizarra dura, caliza y gravas m\u00e1s duras, etc. Adem\u00e1s, las brocas de arrastre Chevron se recomiendan para perforaciones en miner\u00eda, exploraci\u00f3n, medio ambiente, pozos de agua, geocambios, etc.<\/p>\n<h2>Caracter\u00edsticas de las puntas de arrastre Chevron de 4 alas<\/h2>\n<div id=\"model-response-message-contentr_68c63d47f6eddfbb\" class=\"markdown markdown-main-panel stronger enable-updated-hr-color\" dir=\"ltr\">\n<p>Las brocas de arrastre Chevron de 4 alas est\u00e1n dise\u00f1adas para proporcionar una mayor estabilidad y durabilidad al perforar en formaciones de dureza media a alta y m\u00e1s abrasivas. Su dise\u00f1o de cuatro alas, en comparaci\u00f3n con sus hom\u00f3logos de tres alas, ofrece un mayor contacto con la perforaci\u00f3n, lo que favorece agujeros m\u00e1s rectos y reduce la desviaci\u00f3n. Esto los hace especialmente eficaces en zonas con un contenido significativo de roca o donde puede encontrarse hormig\u00f3n y tapones.<\/p>\n<p>La robusta construcci\u00f3n y los precisos detalles de fabricaci\u00f3n de estas brocas garantizan una vida \u00fatil prolongada y un rendimiento constante en condiciones exigentes.<\/p>\n<ul>\n<li><b>Cuerpo macizo de aleaci\u00f3n de acero 4140 de una sola pieza con tratamiento t\u00e9rmico para mayor resistencia y durabilidad de la broca;<\/b>\u00a0La base de la broca es una \u00fanica y robusta pieza de acero aleado 4140, tratada t\u00e9rmicamente de manera uniforme para conseguir una integridad estructural superior y una resistencia excepcional al desgaste, lo que garantiza su longevidad incluso en entornos de perforaci\u00f3n dif\u00edciles.<\/li>\n<li><b>Mecanizado de roscas CNC para una instalaci\u00f3n y uso correctos;<\/b>\u00a0Utilizando maquinaria CNC avanzada, las roscas de la broca se cortan con precisi\u00f3n, garantizando un ajuste perfecto y seguro con la sarta de perforaci\u00f3n. Esta precisi\u00f3n minimiza el bamboleo y garantiza una transferencia de potencia estable y eficiente durante las operaciones de perforaci\u00f3n.<\/li>\n<li><b>Las piezas forjadas se fresan para asentar mejor las plaquitas de metal duro.<\/b>\u00a0Los componentes forjados de la broca se someten a un meticuloso proceso de fresado. De este modo se crean cavidades de forma perfecta que alojan firmemente cada plaquita de metal duro, garantizando una alineaci\u00f3n \u00f3ptima y una retenci\u00f3n segura, lo que aumenta la eficiencia de corte y la vida \u00fatil de la broca.<\/li>\n<li><b>Los insertos de carburo de tungsteno selectos de 5,5 mm de espesor son est\u00e1ndar.<\/b>\u00a0Las plaquitas de carburo de tungsteno de alta calidad, cada una con un grosor uniforme de 5,5 mm, se eligen cuidadosamente por su extrema dureza y resistencia al desgaste. Estas plaquitas est\u00e1n colocadas estrat\u00e9gicamente para maximizar la acci\u00f3n de corte y prolongar la vida \u00fatil de la broca.<\/li>\n<li><b>El relieve se rectifica a mano detr\u00e1s de las plaquitas de metal duro para obtener el m\u00e1ximo rendimiento.<\/b>\u00a0Expertos artesanos rectifican a mano \u00e1ngulos de alivio espec\u00edficos detr\u00e1s de cada plaquita de metal duro. Este detalle crucial facilita la evacuaci\u00f3n eficaz de los recortes, evitando la acumulaci\u00f3n de material y permitiendo que las plaquitas se adhieran constantemente a la formaci\u00f3n para obtener el m\u00e1ximo rendimiento de perforaci\u00f3n.<\/li>\n<\/ul>\n<\/div>\n<h2>Par\u00e1metros de las brocas de arrastre Chevron de 4 alas<\/h2>\n<table>\n<tbody>\n<tr>\n<td colspan=\"3\">4 Aletas Chevron Drag Bits<\/td>\n<\/tr>\n<tr>\n<td colspan=\"2\">Di\u00e1metro<\/td>\n<td>Hilo<\/td>\n<\/tr>\n<tr>\n<td>6 1\/2 a 12 pulgadas<\/td>\n<td>165,1 a 304,8 mm<\/td>\n<td>Opcional<\/td>\n<\/tr>\n<\/tbody>\n<\/table>\n<p>Nota: El di\u00e1metro y la rosca indicados son los habituales; hay otros tama\u00f1os disponibles bajo pedido.<br \/>\nTama\u00f1o de rosca: 2 3\/8\" API Reg, 2 7\/8\" API Reg, 3 1\/2\" API Reg, 4 1\/2\" API Reg, 6 5\/8\" API Reg, 2\" API IF, 2 3\/8\" API IF, 2 7\/8\" API IF, A Rod, N Rod, AW, BW, NW, AWJ, BWJ, NWJ.<\/p>","protected":false},"excerpt":{"rendered":"<p>\u00bfProblemas con la perforaci\u00f3n inestable en terrenos duros y abrasivos? Nuestras brocas de arrastre Chevron de 4 alas ofrecen una estabilidad superior y un corte eficaz. Consiga perforaciones m\u00e1s rectas y uniformes, incluso en formaciones dif\u00edciles.<\/p>","protected":false},"featured_media":7434,"template":"","meta":[],"product_brand":[],"product_cat":[31],"product_tag":[],"class_list":{"0":"post-7433","1":"product","2":"type-product","3":"status-publish","4":"has-post-thumbnail","6":"product_cat-rotary-drilling-tools-3","8":"first","9":"instock","10":"shipping-taxable","11":"product-type-simple"},"_links":{"self":[{"href":"https:\/\/www.amedrillsupply.ca\/es\/wp-json\/wp\/v2\/product\/7433","targetHints":{"allow":["GET"]}}],"collection":[{"href":"https:\/\/www.amedrillsupply.ca\/es\/wp-json\/wp\/v2\/product"}],"about":[{"href":"https:\/\/www.amedrillsupply.ca\/es\/wp-json\/wp\/v2\/types\/product"}],"wp:featuredmedia":[{"embeddable":true,"href":"https:\/\/www.amedrillsupply.ca\/es\/wp-json\/wp\/v2\/media\/7434"}],"wp:attachment":[{"href":"https:\/\/www.amedrillsupply.ca\/es\/wp-json\/wp\/v2\/media?parent=7433"}],"wp:term":[{"taxonomy":"product_brand","embeddable":true,"href":"https:\/\/www.amedrillsupply.ca\/es\/wp-json\/wp\/v2\/product_brand?post=7433"},{"taxonomy":"product_cat","embeddable":true,"href":"https:\/\/www.amedrillsupply.ca\/es\/wp-json\/wp\/v2\/product_cat?post=7433"},{"taxonomy":"product_tag","embeddable":true,"href":"https:\/\/www.amedrillsupply.ca\/es\/wp-json\/wp\/v2\/product_tag?post=7433"}],"curies":[{"name":"wp","href":"https:\/\/api.w.org\/{rel}","templated":true}]}}