{"id":7430,"date":"2025-08-20T09:58:06","date_gmt":"2025-08-20T01:58:06","guid":{"rendered":"https:\/\/www.amedrillsupply.ca\/?post_type=product&#038;p=7430"},"modified":"2025-08-20T09:58:08","modified_gmt":"2025-08-20T01:58:08","slug":"claw-bits","status":"publish","type":"product","link":"https:\/\/www.amedrillsupply.ca\/es\/claw-bits\/","title":{"rendered":"Puntas de garra"},"content":{"rendered":"<h2>Ame Drill Claw Bits<\/h2>\n<p>Las brocas de garra ofrecen una penetraci\u00f3n r\u00e1pida, una velocidad de perforaci\u00f3n tan r\u00e1pida como la de una broca de arrastre y son tan resistentes como una broca de rodillo para roca. Cuentan con cortadores en forma de bala reemplazables en campo. Sus cortadores, que son econ\u00f3micos, baratos y reemplazables, est\u00e1n dise\u00f1ados para girar en sus bloques y proporcionar un efecto de autoafilado, alargando as\u00ed la vida \u00fatil de la broca y reduciendo el par de torsi\u00f3n. Disponen de un orificio de circulaci\u00f3n por fresa, a fin de proporcionar la m\u00e1xima limpieza del orificio.El cuerpo, las fresas y los pilotos de las brocas de garra pueden pedirse por separado o ensamblados. Podemos ofrecer brocas de diferentes tama\u00f1os con varias conexiones roscadas.<\/p>\n<h2>Caracter\u00edsticas de las brocas<\/h2>\n<p>- Cuerpo macizo de una sola pieza de acero 4140 tratado t\u00e9rmicamente para una mayor resistencia y durabilidad de la broca;<\/p>\n<p>- Mecanizado de roscas CNC para una instalaci\u00f3n y uso correctos;<\/p>\n<p>- Las piezas forjadas se fresan para asentar mejor las plaquitas de metal duro.<\/p>\n<p>- Los insertos de carburo de tungsteno selectos de 5,5 mm de espesor son est\u00e1ndar.<\/p>\n<p>- El relieve se rectifica a mano detr\u00e1s de las plaquitas de metal duro para obtener el m\u00e1ximo rendimiento.<\/p>\n<h2>Par\u00e1metros de las puntas de mordaza<\/h2>\n<table>\n<tbody>\n<tr>\n<td colspan=\"3\">Broca de arcilla<\/td>\n<\/tr>\n<tr>\n<td colspan=\"2\">Di\u00e1metro<\/td>\n<td>Hilo<\/td>\n<\/tr>\n<tr>\n<td>4 1\/2 pulgadas<\/td>\n<td>114,3 mm<\/td>\n<td>2 3\/8 API Reg<\/td>\n<\/tr>\n<tr>\n<td>4 5\/8 pulgadas<\/td>\n<td>117,5 mm<\/td>\n<td>2 3\/8 API Reg<\/td>\n<\/tr>\n<tr>\n<td>4 3\/4 pulgadas<\/td>\n<td>120,7 mm<\/td>\n<td>2 3\/8 API Reg<\/td>\n<\/tr>\n<tr>\n<td>4 7\/8 pulgadas<\/td>\n<td>123,8 mm<\/td>\n<td>2 3\/8 API Reg<\/td>\n<\/tr>\n<tr>\n<td>5 pulgadas<\/td>\n<td>127,0 mm<\/td>\n<td>2 3\/8 API Reg<\/td>\n<\/tr>\n<tr>\n<td>5 1\/8 pulgadas<\/td>\n<td>130,2 mm<\/td>\n<td>2 3\/8 API Reg<\/td>\n<\/tr>\n<tr>\n<td>5 1\/4 pulgadas<\/td>\n<td>133,4 mm<\/td>\n<td>2 3\/8 API Reg<\/td>\n<\/tr>\n<tr>\n<td>5 3\/8 pulgadas<\/td>\n<td>136,5 mm<\/td>\n<td>2 3\/8 API Reg<\/td>\n<\/tr>\n<\/tbody>\n<\/table>\n<p>Nota: El di\u00e1metro y la rosca mostrados arriba son los tama\u00f1os habituales, otros tama\u00f1os est\u00e1n disponibles bajo pedido.<\/p>","protected":false},"excerpt":{"rendered":"<p>Las barrenas de garra destacan en las operaciones de perforaci\u00f3n por su excepcional capacidad para lograr una r\u00e1pida penetraci\u00f3n, igualando la r\u00e1pida velocidad de perforaci\u00f3n de las barrenas de arrastre y ofreciendo al mismo tiempo la robusta durabilidad de las barrenas de rodillos. Una ventaja clave radica en sus cortadores en forma de bala reemplazables en el campo, que permiten un mantenimiento r\u00e1pido sin detener las operaciones durante per\u00edodos prolongados. Esta combinaci\u00f3n \u00fanica de velocidad, resistencia y comodidad las convierte en una opci\u00f3n vers\u00e1til para diversas formaciones geol\u00f3gicas, mejorando la eficacia y reduciendo el tiempo de inactividad en los proyectos de perforaci\u00f3n.<\/p>","protected":false},"featured_media":7431,"template":"","meta":[],"product_brand":[],"product_cat":[31],"product_tag":[],"class_list":{"0":"post-7430","1":"product","2":"type-product","3":"status-publish","4":"has-post-thumbnail","6":"product_cat-rotary-drilling-tools-3","8":"first","9":"instock","10":"shipping-taxable","11":"product-type-simple"},"_links":{"self":[{"href":"https:\/\/www.amedrillsupply.ca\/es\/wp-json\/wp\/v2\/product\/7430","targetHints":{"allow":["GET"]}}],"collection":[{"href":"https:\/\/www.amedrillsupply.ca\/es\/wp-json\/wp\/v2\/product"}],"about":[{"href":"https:\/\/www.amedrillsupply.ca\/es\/wp-json\/wp\/v2\/types\/product"}],"wp:featuredmedia":[{"embeddable":true,"href":"https:\/\/www.amedrillsupply.ca\/es\/wp-json\/wp\/v2\/media\/7431"}],"wp:attachment":[{"href":"https:\/\/www.amedrillsupply.ca\/es\/wp-json\/wp\/v2\/media?parent=7430"}],"wp:term":[{"taxonomy":"product_brand","embeddable":true,"href":"https:\/\/www.amedrillsupply.ca\/es\/wp-json\/wp\/v2\/product_brand?post=7430"},{"taxonomy":"product_cat","embeddable":true,"href":"https:\/\/www.amedrillsupply.ca\/es\/wp-json\/wp\/v2\/product_cat?post=7430"},{"taxonomy":"product_tag","embeddable":true,"href":"https:\/\/www.amedrillsupply.ca\/es\/wp-json\/wp\/v2\/product_tag?post=7430"}],"curies":[{"name":"wp","href":"https:\/\/api.w.org\/{rel}","templated":true}]}}