{"id":7267,"date":"2025-08-16T14:32:26","date_gmt":"2025-08-16T06:32:26","guid":{"rendered":"https:\/\/www.amedrillsupply.ca\/?post_type=product&#038;p=7267"},"modified":"2025-08-18T23:51:53","modified_gmt":"2025-08-18T15:51:53","slug":"domed-button-bits","status":"publish","type":"product","link":"https:\/\/www.amedrillsupply.ca\/es\/domed-button-bits\/","title":{"rendered":"Puntas de bot\u00f3n abombadas"},"content":{"rendered":"<h2>Ame Drill Brocas de bot\u00f3n abombadas<\/h2>\n<p>Las brocas de bot\u00f3n abovedadas, como una de las herramientas de taladrado escariador, se utilizan cuando es necesario escariar un di\u00e1metro grande despu\u00e9s de taladrar un orificio piloto hasta una profundidad determinada.<\/p>\n<h3>Par\u00e1metros de las puntas de bot\u00f3n abombadas<\/h3>\n<p>- Tama\u00f1o de rosca: R28, SSR28, R32, SSR32, R35, SSR35, R38, T38, T45 y T51.<\/p>\n<p>- Di\u00e1metro: de 76 mm a 152 mm.<\/p>\n<h3>Caracter\u00edsticas de las puntas de bot\u00f3n abombadas<\/h3>\n<p>- Los botones de carburo de tungsteno se insertan en caliente en la broca, lo que garantiza una buena precisi\u00f3n y durabilidad de la broca.<\/p>\n<p>- Fiabilidad garantizada por aceros para brocas de primera calidad y botones de carburo de tungsteno de primera calidad;<\/p>\n<p>- Los distintos tipos est\u00e1n dise\u00f1ados para diferentes escenarios de perforaci\u00f3n y condiciones de la roca;<\/p>\n<p>- Alta velocidad y eficacia de perforaci\u00f3n;<\/p>\n<p>- Rentable, buen rendimiento a un precio razonable.<\/p>\n<h3>Aplicaciones de las brocas de bot\u00f3n abombadas<\/h3>\n<p>Trabajos de perforaci\u00f3n para voladuras en t\u00faneles, construcci\u00f3n, miner\u00eda, canteras, etc.<\/p>","protected":false},"excerpt":{"rendered":"<p>Brocas de bot\u00f3n abovedadas. Como herramientas de perforaci\u00f3n de escariado, las brocas de bot\u00f3n abombadas se utilizan cuando es necesario escariar un di\u00e1metro grande despu\u00e9s de perforar un orificio piloto a una profundidad.<\/p>","protected":false},"featured_media":7268,"template":"","meta":[],"product_brand":[],"product_cat":[30],"product_tag":[],"class_list":{"0":"post-7267","1":"product","2":"type-product","3":"status-publish","4":"has-post-thumbnail","6":"product_cat-top-hammer-drilling-tools-2","8":"first","9":"instock","10":"shipping-taxable","11":"product-type-simple"},"_links":{"self":[{"href":"https:\/\/www.amedrillsupply.ca\/es\/wp-json\/wp\/v2\/product\/7267","targetHints":{"allow":["GET"]}}],"collection":[{"href":"https:\/\/www.amedrillsupply.ca\/es\/wp-json\/wp\/v2\/product"}],"about":[{"href":"https:\/\/www.amedrillsupply.ca\/es\/wp-json\/wp\/v2\/types\/product"}],"wp:featuredmedia":[{"embeddable":true,"href":"https:\/\/www.amedrillsupply.ca\/es\/wp-json\/wp\/v2\/media\/7268"}],"wp:attachment":[{"href":"https:\/\/www.amedrillsupply.ca\/es\/wp-json\/wp\/v2\/media?parent=7267"}],"wp:term":[{"taxonomy":"product_brand","embeddable":true,"href":"https:\/\/www.amedrillsupply.ca\/es\/wp-json\/wp\/v2\/product_brand?post=7267"},{"taxonomy":"product_cat","embeddable":true,"href":"https:\/\/www.amedrillsupply.ca\/es\/wp-json\/wp\/v2\/product_cat?post=7267"},{"taxonomy":"product_tag","embeddable":true,"href":"https:\/\/www.amedrillsupply.ca\/es\/wp-json\/wp\/v2\/product_tag?post=7267"}],"curies":[{"name":"wp","href":"https:\/\/api.w.org\/{rel}","templated":true}]}}