{"id":7265,"date":"2025-08-16T14:33:48","date_gmt":"2025-08-16T06:33:48","guid":{"rendered":"https:\/\/www.amedrillsupply.ca\/?post_type=product&#038;p=7265"},"modified":"2025-08-21T04:28:52","modified_gmt":"2025-08-20T20:28:52","slug":"reaming-tools","status":"publish","type":"product","link":"https:\/\/www.amedrillsupply.ca\/es\/reaming-tools\/","title":{"rendered":"Herramientas de escariado"},"content":{"rendered":"<h2>Ame Taladro Escariador<\/h2>\n<p>Las herramientas de taladrado escariador se utilizan cuando es necesario escariar un di\u00e1metro grande despu\u00e9s de taladrar un orificio piloto a una profundidad determinada. Suministramos herramientas de perforaci\u00f3n de escariado piloto, brocas de bot\u00f3n de escariado abovedadas y brocas de bot\u00f3n de escariado adaptadoras. Las herramientas de perforaci\u00f3n de escariado piloto constan de adaptadores piloto y brocas de bot\u00f3n de escariado; sin embargo, tanto las brocas de bot\u00f3n de escariado abovedadas como las brocas de bot\u00f3n de escariado adaptadoras est\u00e1n dise\u00f1adas en una sola pieza.<\/p>\n<h3>Par\u00e1metros de las herramientas de escariado<\/h3>\n<p>- Tama\u00f1o de rosca: R25, R28 y R32.<\/p>\n<p>- Di\u00e1metro de la cabeza del adaptador piloto: de 26 mm a 40 mm.<\/p>\n<p>- Grado de la broca piloto: 6\u00b0, 12\u00b0<\/p>\n<p>- Di\u00e1metro de la broca del bot\u00f3n escariador: de 64 mm a 102 mm.<\/p>\n<p>- Grado de la broca del escariador: 6\u00b0, 12\u00b0<\/p>\n<h2>Caracter\u00edsticas de las herramientas de escariado<\/h2>\n<div id=\"model-response-message-contentr_2f6f900fdbdf31e0\" class=\"markdown markdown-main-panel stronger enable-updated-hr-color\" dir=\"ltr\">\n<p>Las herramientas de escariado, en particular las dise\u00f1adas para aplicaciones robustas como la perforaci\u00f3n de rocas, se fabrican con caracter\u00edsticas espec\u00edficas para garantizar la precisi\u00f3n, durabilidad y eficacia en el ensanchamiento y acabado de orificios. Estas caracter\u00edsticas contribuyen colectivamente a su capacidad para soportar condiciones duras y ofrecer resultados precisos. Comprender estos elementos de dise\u00f1o ayuda a apreciar el valor y el rendimiento de los escariadores de alta calidad en entornos exigentes.<\/p>\n<p>La eficacia de una herramienta de escariado depende de su construcci\u00f3n y de la calidad de sus componentes. Desde la resistencia de su cuerpo hasta el dise\u00f1o de sus elementos de corte, todos los aspectos se optimizan para ofrecer una calidad superior de los orificios y una mayor vida \u00fatil, minimizando el tiempo de inactividad y maximizando la productividad in situ.<\/p>\n<p>Estas son las principales caracter\u00edsticas de nuestras herramientas de escariado:<\/p>\n<ul>\n<li><b>Bot\u00f3n de carburo de tungsteno de primera calidad de inserci\u00f3n en caliente:<\/b> Los botones de carburo de tungsteno se insertan en caliente en el escariador, lo que garantiza una precisi\u00f3n y durabilidad excepcionales. Este proceso crea una uni\u00f3n fuerte y fiable que mejora el rendimiento de la herramienta y su resistencia al desgaste, incluso en formaciones rocosas abrasivas.<\/li>\n<li><b>Fiabilidad a partir de aceros de primera calidad:<\/b> La fiabilidad es primordial, y se garantiza utilizando aceros para brocas de primera calidad y botones de carburo de tungsteno de alta calidad. Esta combinaci\u00f3n proporciona una fuerza, dureza y resistencia a la abrasi\u00f3n superiores, lo que contribuye a una vida \u00fatil m\u00e1s larga y a un rendimiento constante.<\/li>\n<li><b>Dise\u00f1o vers\u00e1til para condiciones diversas:<\/b>\u00a0Ofrecemos distintos tipos de escariadores, cada uno dise\u00f1ado espec\u00edficamente para distintos escenarios de perforaci\u00f3n y condiciones de la roca. Esto garantiza un rendimiento \u00f3ptimo tanto si trabaja en formaciones geol\u00f3gicas blandas, medias o extremadamente duras y abrasivas, maximizando la eficiencia.<\/li>\n<li><b>Alta velocidad y eficacia de perforaci\u00f3n:<\/b>\u00a0Nuestras herramientas de escariado est\u00e1n dise\u00f1adas para ofrecer alta velocidad y una eficacia de perforaci\u00f3n excepcional. Sus estructuras de corte optimizadas y su dise\u00f1o robusto permiten velocidades de penetraci\u00f3n m\u00e1s r\u00e1pidas y una eliminaci\u00f3n eficaz del material, lo que reduce los plazos de los proyectos y aumenta la productividad.<\/li>\n<li><b>Rendimiento rentable:<\/b>\u00a0Nuestros escariadores est\u00e1n dise\u00f1ados para ser rentables, ofreciendo un buen rendimiento a un precio razonable. Su durabilidad y eficacia conllevan menos sustituciones y tiempos de inactividad, lo que en \u00faltima instancia contribuye a reducir los costes operativos y mejorar la rentabilidad de los proyectos.<\/li>\n<\/ul>\n<\/div>\n<h2>Aplicaciones de las herramientas de escariado<\/h2>\n<div id=\"model-response-message-contentr_61d2a0d97f8bda9f\" class=\"markdown markdown-main-panel stronger enable-updated-hr-color\" dir=\"ltr\">\n<p>Los escariadores son indispensables en numerosas aplicaciones del sector de la perforaci\u00f3n de rocas, donde la precisi\u00f3n, la integridad de la perforaci\u00f3n y la eficacia son primordiales. Mientras que las brocas se encargan de la penetraci\u00f3n inicial, los escariadores intervienen para finalizar la perforaci\u00f3n, por lo que son fundamentales para las fases posteriores de diversas operaciones de alta resistencia. Su capacidad para crear orificios de tama\u00f1o uniforme y estables es vital para completar con \u00e9xito los proyectos.<\/p>\n<p>La versatilidad de las herramientas de escariado permite utilizarlas en diversos entornos, mejorando la calidad y la seguridad de proyectos cruciales de infraestructuras y extracci\u00f3n de recursos. Su aplicaci\u00f3n garantiza que los taladros preparados cumplan los estrictos requisitos de la ingenier\u00eda moderna.<\/p>\n<p>Estas son las principales aplicaciones de las herramientas de escariado:<\/p>\n<ul>\n<li><b>Funciones de voladura en la construcci\u00f3n de t\u00faneles:<\/b>\u00a0Las herramientas de escariado son cruciales en la construcci\u00f3n de t\u00faneles para preparar orificios precisos para las cargas de voladura. Tras la perforaci\u00f3n piloto, los escariadores agrandan los orificios hasta di\u00e1metros espec\u00edficos, lo que garantiza una colocaci\u00f3n \u00f3ptima de las cargas para una excavaci\u00f3n eficaz y controlada de la roca en la construcci\u00f3n de t\u00faneles.<\/li>\n<li><b>Proyectos de construcci\u00f3n:<\/b>\u00a0En la construcci\u00f3n a gran escala, las herramientas de escariado se utilizan para crear orificios precisos para cimientos, taladros de anclaje y pasajes de servicios p\u00fablicos en roca. Garantizan que los orificios perforados cumplan las especificaciones exactas necesarias para la integridad estructural y la seguridad de las instalaciones, desde puentes hasta edificios de gran altura.<\/li>\n<li><b>Operaciones mineras:<\/b>\u00a0En la industria minera, las herramientas de escariado se emplean para perforaciones especializadas, como pozos de ventilaci\u00f3n, agujeros de desag\u00fce y preparaci\u00f3n para voladuras. Su precisi\u00f3n ayuda a optimizar la fragmentaci\u00f3n de la roca y garantiza la estabilidad de los entornos mineros subterr\u00e1neos y a cielo abierto.<\/li>\n<li><b>Actividades de cantera:<\/b>\u00a0En canteras, el escariado es esencial para producir agujeros uniformes y de tama\u00f1o preciso para voladuras controladas. Esta precisi\u00f3n permite una extracci\u00f3n eficiente de la roca, minimizando los residuos y garantizando que se consiguen los tama\u00f1os de bloque de roca deseados para su uso comercial.<\/li>\n<\/ul>\n<\/div>\n<div id=\"gtx-trans\" style=\"position: absolute; left: -207px; top: 5.90625px;\">\n<div class=\"gtx-trans-icon\"><\/div>\n<\/div>","protected":false},"excerpt":{"rendered":"<p>\u00bfTiene problemas con los orificios gu\u00eda imprecisos y de tama\u00f1o insuficiente para sus proyectos de gran di\u00e1metro? Nuestro\u00a0<b>escariadores<\/b>\u00a0est\u00e1n dise\u00f1ados para agrandar perfectamente los orificios pretaladrados, proporcionando el di\u00e1metro exacto y el acabado superior requerido. Logran una precisi\u00f3n y eficacia \u00f3ptimas, garantizando instalaciones impecables para cualquier aplicaci\u00f3n exigente.<\/p>","protected":false},"featured_media":7266,"template":"","meta":[],"product_brand":[],"product_cat":[30],"product_tag":[],"class_list":{"0":"post-7265","1":"product","2":"type-product","3":"status-publish","4":"has-post-thumbnail","6":"product_cat-top-hammer-drilling-tools-2","8":"first","9":"instock","10":"shipping-taxable","11":"product-type-simple"},"_links":{"self":[{"href":"https:\/\/www.amedrillsupply.ca\/es\/wp-json\/wp\/v2\/product\/7265","targetHints":{"allow":["GET"]}}],"collection":[{"href":"https:\/\/www.amedrillsupply.ca\/es\/wp-json\/wp\/v2\/product"}],"about":[{"href":"https:\/\/www.amedrillsupply.ca\/es\/wp-json\/wp\/v2\/types\/product"}],"wp:featuredmedia":[{"embeddable":true,"href":"https:\/\/www.amedrillsupply.ca\/es\/wp-json\/wp\/v2\/media\/7266"}],"wp:attachment":[{"href":"https:\/\/www.amedrillsupply.ca\/es\/wp-json\/wp\/v2\/media?parent=7265"}],"wp:term":[{"taxonomy":"product_brand","embeddable":true,"href":"https:\/\/www.amedrillsupply.ca\/es\/wp-json\/wp\/v2\/product_brand?post=7265"},{"taxonomy":"product_cat","embeddable":true,"href":"https:\/\/www.amedrillsupply.ca\/es\/wp-json\/wp\/v2\/product_cat?post=7265"},{"taxonomy":"product_tag","embeddable":true,"href":"https:\/\/www.amedrillsupply.ca\/es\/wp-json\/wp\/v2\/product_tag?post=7265"}],"curies":[{"name":"wp","href":"https:\/\/api.w.org\/{rel}","templated":true}]}}