{"id":7263,"date":"2025-08-16T14:39:37","date_gmt":"2025-08-16T06:39:37","guid":{"rendered":"https:\/\/www.amedrillsupply.ca\/?post_type=product&#038;p=7263"},"modified":"2025-09-01T23:57:48","modified_gmt":"2025-09-01T15:57:48","slug":"tapered-button-bits","status":"publish","type":"product","link":"https:\/\/www.amedrillsupply.ca\/es\/tapered-button-bits\/","title":{"rendered":"Botones c\u00f3nicos"},"content":{"rendered":"<h2>Ame Drill Brocas de bot\u00f3n c\u00f3nico<\/h2>\n<p>Las brocas de bot\u00f3n c\u00f3nico son las brocas c\u00f3nicas m\u00e1s populares, con una amplia selecci\u00f3n de di\u00e1metros de cabeza de 26 mm a 48 mm. Con botones de metal duro prensados en caliente en las faldas de la broca, las brocas de bot\u00f3n c\u00f3nico tienen un buen rendimiento de perforaci\u00f3n y son excelentes en longevidad.<\/p>\n<h3>Par\u00e1metros de las brocas de bot\u00f3n c\u00f3nico<\/h3>\n<p>- Di\u00e1metro de la broca: de 26 mm a 60 mm;<\/p>\n<p>- Grado de conicidad: 4\u00b046\u2032, 6\u00b0, 7\u00b0, 11\u00b0, 12\u00b0;<\/p>\n<p>- Tama\u00f1os de mango: Hex. 19mm, Hex. 22mm, y Hex. 25mm;<\/p>\n<p>&nbsp;<\/p>\n<h2>Caracter\u00edsticas de las brocas de bot\u00f3n c\u00f3nico<\/h2>\n<div id=\"model-response-message-contentr_b1ee9660d9e3047f\" class=\"markdown markdown-main-panel stronger enable-updated-hr-color\" dir=\"ltr\">\n<p>Las brocas de bot\u00f3n c\u00f3nico est\u00e1n dise\u00f1adas con caracter\u00edsticas espec\u00edficas para optimizar las operaciones de perforaci\u00f3n en diversas condiciones y escenarios de roca. Su dise\u00f1o integra varias caracter\u00edsticas clave para mejorar el rendimiento:<\/p>\n<ul>\n<li><b>Fald\u00f3n recubierto de zinc para una mayor eficacia:<\/b>\u00a0La falda de la broca est\u00e1 meticulosamente recubierta de zinc, dise\u00f1ada espec\u00edficamente para aumentar la fricci\u00f3n entre la broca y la varilla de perforaci\u00f3n. Este agarre mejorado minimiza el deslizamiento durante la rotaci\u00f3n, garantizando una transferencia de potencia m\u00e1s eficiente y un rendimiento de perforaci\u00f3n superior, lo que en \u00faltima instancia conduce a velocidades de penetraci\u00f3n m\u00e1s r\u00e1pidas en diversas formaciones geol\u00f3gicas.<\/li>\n<li><b>Botones de tungsteno insertados en caliente para mayor precisi\u00f3n y durabilidad:<\/b> Los botones de tungsteno de primera calidad se insertan en caliente con precisi\u00f3n en el cuerpo de la broca mediante t\u00e9cnicas avanzadas. Este proceso de incrustaci\u00f3n segura garantiza una precisi\u00f3n excepcional en la perforaci\u00f3n, mantiene una geometr\u00eda uniforme del orificio y mejora significativamente la durabilidad general de la broca, lo que le permite soportar con fiabilidad tareas de perforaci\u00f3n prolongadas y arduas.<\/li>\n<li><b>Fiabilidad a partir de aceros Premium:<\/b> La fiabilidad inquebrantable de estas brocas se debe a la meticulosa selecci\u00f3n de aceros para brocas de primera calidad combinados con botones de aleaci\u00f3n de alta calidad. Esta composici\u00f3n de acero superior garantiza que las brocas puedan soportar fuerzas extremas, altas temperaturas y condiciones abrasivas durante la perforaci\u00f3n, manteniendo la integridad estructural y un rendimiento constante.<\/li>\n<li><b>Diversos dise\u00f1os para distintos escenarios de perforaci\u00f3n: Brocas de bot\u00f3n c\u00f3nico<\/b>\u00a0est\u00e1n disponibles en varios tipos, cada uno de ellos cuidadosamente dise\u00f1ado para adaptarse a distintos escenarios de perforaci\u00f3n y condiciones espec\u00edficas de la roca. Esta versatilidad garantiza una selecci\u00f3n \u00f3ptima de brocas para formaciones que van de blandas a extremadamente duras, maximizando la eficiencia y la eficacia de la perforaci\u00f3n independientemente de los retos geol\u00f3gicos que se presenten.<\/li>\n<li><b>Rendimiento rentable con una vida \u00fatil prolongada:<\/b>\u00a0Estas brocas ofrecen una notable rentabilidad, proporcionando un excelente rendimiento a precios competitivos y razonables. En particular, su dise\u00f1o innovador y su construcci\u00f3n robusta garantizan una vida \u00fatil que oscila entre los 82% y los 92% de sus hom\u00f3logas de marcas famosas, ofreciendo un valor significativo a largo plazo y reduciendo los gastos operativos.<\/li>\n<\/ul>\n<\/div>\n<h2>Aplicaciones de las brocas de bot\u00f3n c\u00f3nico<\/h2>\n<div id=\"model-response-message-contentr_20ca07250d5eff56\" class=\"markdown markdown-main-panel stronger enable-updated-hr-color\" dir=\"ltr\">\n<p>Las brocas de botones c\u00f3nicos, junto con las barras de perforaci\u00f3n c\u00f3nicas, son herramientas indispensables en una gran variedad de aplicaciones de perforaci\u00f3n exigentes, principalmente en formaciones de roca dura. Su dise\u00f1o permite una transferencia de energ\u00eda eficiente, lo que las hace muy eficaces en condiciones geol\u00f3gicas dif\u00edciles para crear barrenos de voladura y otras perforaciones.<\/p>\n<ul>\n<li><b>T\u00faneles: <\/b> Las brocas de bot\u00f3n c\u00f3nico se utilizan ampliamente en proyectos de excavaci\u00f3n de t\u00faneles, desde t\u00faneles de carretera y ferrocarril hasta t\u00faneles de energ\u00eda hidroel\u00e9ctrica. Son cruciales para crear barrenos de voladura colocados con precisi\u00f3n para excavar roca, facilitando el avance seguro y eficiente de pasajes subterr\u00e1neos a trav\u00e9s de diversos tipos de roca.<\/li>\n<li><b>Construcci\u00f3n:<\/b> En la construcci\u00f3n en general, sobre todo cuando hay que cimentar en terreno rocoso o para crear puntos de anclaje, las brocas de botones c\u00f3nicos proporcionan la penetraci\u00f3n necesaria. Son vitales para tareas como la preparaci\u00f3n de terrenos, la instalaci\u00f3n de servicios p\u00fablicos y otros proyectos de ingenier\u00eda civil que se enfrentan a rocas duras.<\/li>\n<li><b>Miner\u00eda:<\/b>\u00a0Estas brocas son fundamentales en la industria minera, tanto en explotaciones subterr\u00e1neas como a cielo abierto, para perforar barrenos de voladura. Desempe\u00f1an un papel fundamental en la extracci\u00f3n de diversos minerales y menas al romper eficazmente formaciones de roca dura para acceder a valiosos recursos.<\/li>\n<li><b>Canteras: <\/b> Las brocas de bot\u00f3n c\u00f3nico se emplean ampliamente en canteras para la extracci\u00f3n de piedra natural, \u00e1ridos y otros materiales geol\u00f3gicos. Se utilizan para perforar agujeros para voladuras controladas, lo que permite la extracci\u00f3n precisa y eficaz de grandes bloques de piedra del frente de la cantera.<\/li>\n<\/ul>\n<\/div>","protected":false},"excerpt":{"rendered":"<p>\u00bfSu rendimiento de perforaci\u00f3n se est\u00e1 quedando corto y las brocas se desgastan demasiado r\u00e1pido en rocas duras? Nuestras brocas de bot\u00f3n c\u00f3nico tienen la caracter\u00edstica de que los carburos de tungsteno est\u00e1n prensados en caliente en las faldas, lo que garantiza una eficacia de perforaci\u00f3n excepcional y una vida \u00fatil espectacularmente prolongada, incluso en las condiciones m\u00e1s abrasivas. Consiga una penetraci\u00f3n superior y una durabilidad duradera para todas sus necesidades de perforaci\u00f3n.<\/p>","protected":false},"featured_media":7619,"template":"","meta":[],"product_brand":[],"product_cat":[30],"product_tag":[],"class_list":{"0":"post-7263","1":"product","2":"type-product","3":"status-publish","4":"has-post-thumbnail","6":"product_cat-top-hammer-drilling-tools-2","8":"first","9":"instock","10":"shipping-taxable","11":"product-type-simple"},"_links":{"self":[{"href":"https:\/\/www.amedrillsupply.ca\/es\/wp-json\/wp\/v2\/product\/7263","targetHints":{"allow":["GET"]}}],"collection":[{"href":"https:\/\/www.amedrillsupply.ca\/es\/wp-json\/wp\/v2\/product"}],"about":[{"href":"https:\/\/www.amedrillsupply.ca\/es\/wp-json\/wp\/v2\/types\/product"}],"wp:featuredmedia":[{"embeddable":true,"href":"https:\/\/www.amedrillsupply.ca\/es\/wp-json\/wp\/v2\/media\/7619"}],"wp:attachment":[{"href":"https:\/\/www.amedrillsupply.ca\/es\/wp-json\/wp\/v2\/media?parent=7263"}],"wp:term":[{"taxonomy":"product_brand","embeddable":true,"href":"https:\/\/www.amedrillsupply.ca\/es\/wp-json\/wp\/v2\/product_brand?post=7263"},{"taxonomy":"product_cat","embeddable":true,"href":"https:\/\/www.amedrillsupply.ca\/es\/wp-json\/wp\/v2\/product_cat?post=7263"},{"taxonomy":"product_tag","embeddable":true,"href":"https:\/\/www.amedrillsupply.ca\/es\/wp-json\/wp\/v2\/product_tag?post=7263"}],"curies":[{"name":"wp","href":"https:\/\/api.w.org\/{rel}","templated":true}]}}