{"id":7261,"date":"2025-08-16T14:35:51","date_gmt":"2025-08-16T06:35:51","guid":{"rendered":"https:\/\/www.amedrillsupply.ca\/?post_type=product&#038;p=7261"},"modified":"2025-08-21T04:27:50","modified_gmt":"2025-08-20T20:27:50","slug":"retrac-threaded-cross-bits","status":"publish","type":"product","link":"https:\/\/www.amedrillsupply.ca\/es\/retrac-threaded-cross-bits\/","title":{"rendered":"Brocas en cruz roscadas Retrac"},"content":{"rendered":"<h2>Brocas en cruz roscadas Ame Drill Retrac<\/h2>\n<p>Las brocas en cruz roscadas Retrac o brocas en X roscadas suelen utilizarse para formaciones rocosas muy duras y abrasivas.<\/p>\n<h3>Par\u00e1metros de Retrac Cross Bits<\/h3>\n<p>- Tama\u00f1o de rosca:\u00a0<a href=\"https:\/\/www.sinodrills.com\/r38-self-drilling-anchor-systems\/\" target=\"_blank\" rel=\"noopener\">R38<\/a>, T38<\/p>\n<p>- Di\u00e1metros de cabeza: 64mm ~ 76mm;<\/p>\n<h2>Caracter\u00edsticas de las brocas en cruz roscadas retrac<\/h2>\n<div id=\"model-response-message-contentr_1d22bc1d99aaa27b\" class=\"markdown markdown-main-panel stronger enable-updated-hr-color\" dir=\"ltr\">\n<p>Las brocas en cruz roscadas Retrac, aunque comparten el dise\u00f1o central \"retr\u00e1ctil\" para mejorar las propiedades antiadherentes, tambi\u00e9n incorporan caracter\u00edsticas espec\u00edficas de una broca en cruz. Estas caracter\u00edsticas est\u00e1n dise\u00f1adas para ofrecer un rendimiento y una fiabilidad s\u00f3lidos en diversos escenarios de perforaci\u00f3n:<\/p>\n<ul>\n<li><b>Botones de carburo de tungsteno insertados en caliente:<\/b> Los botones de carburo de tungsteno se insertan meticulosamente en caliente en el cuerpo de la broca, lo que garantiza una colocaci\u00f3n precisa, una uni\u00f3n fuerte y una precisi\u00f3n y durabilidad superiores durante todo el proceso de perforaci\u00f3n.<\/li>\n<li><b>Aceros de primera calidad:<\/b> La fiabilidad de estas brocas est\u00e1 garantizada por el uso de aceros para brocas de primera calidad junto con botones de carburo de tungsteno de alta calidad, lo que se traduce en una mayor vida \u00fatil y un rendimiento constante incluso en condiciones de roca exigentes.<\/li>\n<li><b>Dise\u00f1o vers\u00e1til:<\/b> Los distintos tipos de brocas transversales retr\u00e1ctiles est\u00e1n dise\u00f1ados espec\u00edficamente para adaptarse a diversos escenarios de perforaci\u00f3n y a las distintas condiciones de la roca, lo que permite optimizar el rendimiento tanto si se perfora en formaciones de roca blanda, media o dura.<\/li>\n<li><b>Alta velocidad y eficacia de perforaci\u00f3n:<\/b>\u00a0Dise\u00f1adas para una penetraci\u00f3n \u00f3ptima, estas brocas ofrecen altas velocidades de perforaci\u00f3n y una excelente eficiencia, lo que se traduce en una finalizaci\u00f3n m\u00e1s r\u00e1pida del proyecto y un aumento de la productividad.<\/li>\n<li><b>Rendimiento rentable:<\/b>\u00a0A pesar de sus avanzadas caracter\u00edsticas y alto rendimiento, las brocas en cruz retrac est\u00e1n dise\u00f1adas para ser rentables, ofreciendo un buen equilibrio entre calidad y valor, lo que las convierte en una inversi\u00f3n s\u00f3lida para las operaciones de perforaci\u00f3n.<\/li>\n<\/ul>\n<\/div>\n<h2>Aplicaciones de las brocas en cruz roscadas retrac<\/h2>\n<div id=\"model-response-message-contentr_91bfb93d9caeea83\" class=\"markdown markdown-main-panel stronger enable-updated-hr-color\" dir=\"ltr\">\n<p>Estas son las principales aplicaciones de las brocas en cruz retr\u00e1ctiles:<\/p>\n<p>Las brocas en cruz roscadas de Retrac son herramientas muy eficaces que se utilizan principalmente en operaciones de perforaci\u00f3n para <b>tareas de voladura<\/b>donde su dise\u00f1o robusto y sus propiedades antiadherentes resultan inestimables. Su versatilidad las hace adecuadas para una amplia gama de aplicaciones pesadas en diversas industrias, especialmente en entornos con condiciones de suelo dif\u00edciles.<\/p>\n<ul>\n<li><b>T\u00faneles:<\/b>\u00a0Esencial para crear perforaciones para voladuras en la construcci\u00f3n de t\u00faneles, garantizando una excavaci\u00f3n eficaz y segura a trav\u00e9s de diversas formaciones geol\u00f3gicas.<\/li>\n<li><b>Construcci\u00f3n:<\/b>\u00a0Ampliamente utilizado en proyectos generales de construcci\u00f3n que requieren la extracci\u00f3n de rocas, como la preparaci\u00f3n de terrenos, trabajos de cimentaci\u00f3n y corte de carreteras, donde es necesaria una voladura precisa.<\/li>\n<li><b>Miner\u00eda:<\/b>\u00a0Se utiliza ampliamente tanto en miner\u00eda de superficie como subterr\u00e1nea para perforar barrenos de voladura para extraer mineral y roca, lo que contribuye a una extracci\u00f3n eficaz del material.<\/li>\n<li><b>Canteras:<\/b>\u00a0Perfecta para perforar en canteras con el fin de fragmentar la roca para la producci\u00f3n de \u00e1ridos, proporcionando un rendimiento fiable en diversos tipos y condiciones de roca.<\/li>\n<\/ul>\n<\/div>\n<div id=\"gtx-trans\" style=\"position: absolute; left: -45px; top: 708.953px;\">\n<div class=\"gtx-trans-icon\"><\/div>\n<\/div>","protected":false},"excerpt":{"rendered":"<p>Las brocas en cruz con rosca retr\u00e1ctil se utilizan normalmente para formaciones rocosas duras y abrasivas.Tama\u00f1o de rosca: R32, R35, R38, T38, T45, T51. Di\u00e1metro: de 38 mm a 127 mm.<\/p>","protected":false},"featured_media":7262,"template":"","meta":[],"product_brand":[],"product_cat":[30],"product_tag":[],"class_list":{"0":"post-7261","1":"product","2":"type-product","3":"status-publish","4":"has-post-thumbnail","6":"product_cat-top-hammer-drilling-tools-2","8":"first","9":"instock","10":"shipping-taxable","11":"product-type-simple"},"_links":{"self":[{"href":"https:\/\/www.amedrillsupply.ca\/es\/wp-json\/wp\/v2\/product\/7261","targetHints":{"allow":["GET"]}}],"collection":[{"href":"https:\/\/www.amedrillsupply.ca\/es\/wp-json\/wp\/v2\/product"}],"about":[{"href":"https:\/\/www.amedrillsupply.ca\/es\/wp-json\/wp\/v2\/types\/product"}],"wp:featuredmedia":[{"embeddable":true,"href":"https:\/\/www.amedrillsupply.ca\/es\/wp-json\/wp\/v2\/media\/7262"}],"wp:attachment":[{"href":"https:\/\/www.amedrillsupply.ca\/es\/wp-json\/wp\/v2\/media?parent=7261"}],"wp:term":[{"taxonomy":"product_brand","embeddable":true,"href":"https:\/\/www.amedrillsupply.ca\/es\/wp-json\/wp\/v2\/product_brand?post=7261"},{"taxonomy":"product_cat","embeddable":true,"href":"https:\/\/www.amedrillsupply.ca\/es\/wp-json\/wp\/v2\/product_cat?post=7261"},{"taxonomy":"product_tag","embeddable":true,"href":"https:\/\/www.amedrillsupply.ca\/es\/wp-json\/wp\/v2\/product_tag?post=7261"}],"curies":[{"name":"wp","href":"https:\/\/api.w.org\/{rel}","templated":true}]}}