{"id":7258,"date":"2025-08-16T14:36:24","date_gmt":"2025-08-16T06:36:24","guid":{"rendered":"https:\/\/www.amedrillsupply.ca\/?post_type=product&#038;p=7258"},"modified":"2025-08-21T04:26:35","modified_gmt":"2025-08-20T20:26:35","slug":"retrac-button-bit","status":"publish","type":"product","link":"https:\/\/www.amedrillsupply.ca\/es\/retrac-button-bit\/","title":{"rendered":"Bot\u00f3n Retrac bit"},"content":{"rendered":"<h2>Broca de bot\u00f3n Ame Drill Retrac<\/h2>\n<p>Con la m\u00e1xima calidad de aceros aleados importados de EE.UU. y carburos de primera calidad, nuestras brocas de botones roscados se fabrican mediante tecnolog\u00eda de prensado en caliente.<\/p>\n<h3>Par\u00e1metros de las brocas Retrac<\/h3>\n<p>- Tama\u00f1o de rosca: R25, R28, SSR28, R32, SSR32, R35, SSR35, R38, T38, T45, T51, SST58, SST68, SGT60;<\/p>\n<p>- Di\u00e1metros de cabeza: 51mm ~ 152mm;<\/p>\n<p>- Dise\u00f1os de cara: cara plana, centro rebajado, uni-face;<\/p>\n<h2>Caracter\u00edsticas de las brocas Retrac<\/h2>\n<p>- Los botones de carburo de tungsteno se insertan en caliente en la broca, lo que garantiza una buena precisi\u00f3n y durabilidad de la broca.<\/p>\n<p>- Fiabilidad garantizada por el acero de primera calidad de la broca y un bot\u00f3n de carburo de primera calidad.<\/p>\n<p>- Los distintos tipos est\u00e1n dise\u00f1ados para diferentes escenarios de perforaci\u00f3n y condiciones de la roca.<\/p>\n<p>- Alta velocidad y eficacia de perforaci\u00f3n;<\/p>\n<p>- Rentable, buen rendimiento a un precio razonable.<\/p>\n<h3>Aplicaciones de las brocas Retrac<\/h3>\n<p>Trabajos de perforaci\u00f3n para voladuras en t\u00faneles, construcci\u00f3n, miner\u00eda, canteras, etc.<\/p>","protected":false},"excerpt":{"rendered":"<p>Broca de bot\u00f3n retr\u00e1ctil. Con la m\u00e1xima calidad de aceros aleados importados de EE.UU. y los mejores carburos fabricados en China, nuestras brocas de bot\u00f3n roscadas Retrac se fabrican mediante tecnolog\u00eda de prensado en caliente.<\/p>","protected":false},"featured_media":7259,"template":"","meta":[],"product_brand":[],"product_cat":[30],"product_tag":[],"class_list":{"0":"post-7258","1":"product","2":"type-product","3":"status-publish","4":"has-post-thumbnail","6":"product_cat-top-hammer-drilling-tools-2","8":"first","9":"instock","10":"shipping-taxable","11":"product-type-simple"},"_links":{"self":[{"href":"https:\/\/www.amedrillsupply.ca\/es\/wp-json\/wp\/v2\/product\/7258","targetHints":{"allow":["GET"]}}],"collection":[{"href":"https:\/\/www.amedrillsupply.ca\/es\/wp-json\/wp\/v2\/product"}],"about":[{"href":"https:\/\/www.amedrillsupply.ca\/es\/wp-json\/wp\/v2\/types\/product"}],"wp:featuredmedia":[{"embeddable":true,"href":"https:\/\/www.amedrillsupply.ca\/es\/wp-json\/wp\/v2\/media\/7259"}],"wp:attachment":[{"href":"https:\/\/www.amedrillsupply.ca\/es\/wp-json\/wp\/v2\/media?parent=7258"}],"wp:term":[{"taxonomy":"product_brand","embeddable":true,"href":"https:\/\/www.amedrillsupply.ca\/es\/wp-json\/wp\/v2\/product_brand?post=7258"},{"taxonomy":"product_cat","embeddable":true,"href":"https:\/\/www.amedrillsupply.ca\/es\/wp-json\/wp\/v2\/product_cat?post=7258"},{"taxonomy":"product_tag","embeddable":true,"href":"https:\/\/www.amedrillsupply.ca\/es\/wp-json\/wp\/v2\/product_tag?post=7258"}],"curies":[{"name":"wp","href":"https:\/\/api.w.org\/{rel}","templated":true}]}}