{"id":7256,"date":"2025-08-16T14:37:24","date_gmt":"2025-08-16T06:37:24","guid":{"rendered":"https:\/\/www.amedrillsupply.ca\/?post_type=product&#038;p=7256"},"modified":"2025-08-21T04:25:22","modified_gmt":"2025-08-20T20:25:22","slug":"threaded-button-bit","status":"publish","type":"product","link":"https:\/\/www.amedrillsupply.ca\/es\/threaded-button-bit\/","title":{"rendered":"Broca de bot\u00f3n roscada"},"content":{"rendered":"<h2>Broca Ame Bot\u00f3n Roscado<\/h2>\n<p>Con la m\u00e1xima calidad de los aceros aleados importados de EE.UU. y los carburos de tungsteno de primera calidad, nuestras brocas de botones roscados se fabrican mediante tecnolog\u00eda de prensado en caliente.<\/p>\n<h3>Par\u00e1metros de la broca de bot\u00f3n roscada<\/h3>\n<p>- Tama\u00f1o de rosca:\u00a0<a href=\"https:\/\/www.sinodrills.com\/r25-self-drilling-anchor-systems\/\" target=\"_blank\" rel=\"noopener\">R25<\/a>R28, SSR28,\u00a0<a href=\"https:\/\/www.sinodrills.com\/r32-self-drilling-anchor-systems\/\" target=\"_blank\" rel=\"noopener\">R32<\/a>SSR32, R35, SSR35, R38, T38, T45, T51, SST58, SST68, SGT60;<\/p>\n<p>- Di\u00e1metros de cabeza: 33mm ~ 152mm;<\/p>\n<p>- Dise\u00f1os de cara: cara plana, centro rebajado, uni-face;<\/p>\n<h3>Caracter\u00edsticas de la broca de bot\u00f3n roscada<\/h3>\n<div id=\"model-response-message-contentr_855013e89613c662\" class=\"markdown markdown-main-panel stronger enable-updated-hr-color\" dir=\"ltr\">\n<p>Las brocas de bot\u00f3n roscado cuentan con una serie de caracter\u00edsticas dise\u00f1adas para ofrecer un rendimiento de perforaci\u00f3n y una vida \u00fatil \u00f3ptimos. Entre ellas se incluyen:<\/p>\n<ul>\n<li><b>Botones de carburo de tungsteno insertados en caliente:<\/b> Los botones de carburo de tungsteno se insertan con precisi\u00f3n en caliente en la broca, lo que contribuye a una excelente precisi\u00f3n y a una larga durabilidad durante el funcionamiento.<\/li>\n<li><b>Acero de primera calidad Fiabilidad:<\/b> La fiabilidad de estas brocas se ve reforzada por el uso de aceros para brocas de primera calidad y botones de carburo de tungsteno de alta calidad, lo que garantiza un rendimiento constante en condiciones exigentes.<\/li>\n<li><b>Dise\u00f1os espec\u00edficos para cada aplicaci\u00f3n:<\/b>\u00a0Existe una gran variedad de tipos, cada uno de ellos dise\u00f1ado espec\u00edficamente para adaptarse a diferentes escenarios de perforaci\u00f3n y a las distintas condiciones de la roca, optimizando el rendimiento para diversas aplicaciones.<\/li>\n<li><b>Mayor velocidad y eficacia:<\/b>\u00a0Las brocas roscadas ofrecen altas velocidades de perforaci\u00f3n y una eficacia impresionante, lo que permite terminar los proyectos con mayor rapidez.<\/li>\n<li><b>Rentabilidad:<\/b>\u00a0Al ofrecer un s\u00f3lido equilibrio entre rendimiento y asequibilidad, estas brocas proporcionan una soluci\u00f3n rentable para una amplia gama de necesidades de perforaci\u00f3n.<\/li>\n<\/ul>\n<\/div>\n<h3>Aplicaciones de los botones roscados<\/h3>\n<p>Trabajos de perforaci\u00f3n para voladuras en t\u00faneles, construcci\u00f3n, miner\u00eda, canteras, etc.<\/p>\n<table>\n<tbody>\n<tr>\n<td><img decoding=\"async\" class=\"aligncenter wp-image-1162 size-medium\" title=\"Broca roscada frontal plana\" src=\"https:\/\/www.amedrillsupply.ca\/wp-content\/uploads\/2025\/05\/Threaded-Drill-Bit-flat-front-300x150.webp\" alt=\"Threaded Drill Bit flat front\" width=\"300\" height=\"150\" srcset=\"https:\/\/www.amedrillsupply.ca\/wp-content\/uploads\/2025\/05\/Threaded-Drill-Bit-flat-front-300x150.webp 300w, https:\/\/www.amedrillsupply.ca\/wp-content\/uploads\/2025\/05\/Threaded-Drill-Bit-flat-front.webp 400w\" sizes=\"(max-width: 300px) 100vw, 300px\" \/><\/td>\n<td><strong>Frente plano:<\/strong><br \/>\nPara perforar en roca de dureza media a alta y abrasiva<\/td>\n<\/tr>\n<tr>\n<td><img decoding=\"async\" class=\"aligncenter wp-image-1164 size-medium\" title=\"Centro de ca\u00edda de broca roscada\" src=\"https:\/\/www.amedrillsupply.ca\/wp-content\/uploads\/2025\/05\/Threaded-Drill-Bit-drop-center-300x150.webp\" alt=\"Threaded Drill Bit drop center\" width=\"300\" height=\"150\" srcset=\"https:\/\/www.amedrillsupply.ca\/wp-content\/uploads\/2025\/05\/Threaded-Drill-Bit-drop-center-300x150.webp 300w, https:\/\/www.amedrillsupply.ca\/wp-content\/uploads\/2025\/05\/Threaded-Drill-Bit-drop-center.webp 400w\" sizes=\"(max-width: 300px) 100vw, 300px\" \/><\/td>\n<td><strong>Centro de descenso:<\/strong><br \/>\nPara perforar en dureza media, con m\u00e1ximo control de la desviaci\u00f3n del agujero.<\/td>\n<\/tr>\n<tr>\n<td><img decoding=\"async\" class=\"aligncenter wp-image-1163 size-medium\" title=\"Broca roscada falda normal\" src=\"https:\/\/www.amedrillsupply.ca\/wp-content\/uploads\/2025\/05\/Threaded-Drill-Bit-normal-skirt-300x150.webp\" alt=\"Threaded Drill Bit normal skirt\" width=\"300\" height=\"150\" srcset=\"https:\/\/www.amedrillsupply.ca\/wp-content\/uploads\/2025\/05\/Threaded-Drill-Bit-normal-skirt-300x150.webp 300w, https:\/\/www.amedrillsupply.ca\/wp-content\/uploads\/2025\/05\/Threaded-Drill-Bit-normal-skirt.webp 400w\" sizes=\"(max-width: 300px) 100vw, 300px\" \/><\/td>\n<td><strong>Falda normal:<\/strong><br \/>\nPara perforar en formaciones rocosas compactas muy duras y muy abrasivas.<\/td>\n<\/tr>\n<\/tbody>\n<\/table>\n<p>&nbsp;<\/p>\n<table>\n<tbody>\n<tr>\n<td>Puntas de bot\u00f3n de rosca R25<br \/>\n<img loading=\"lazy\" decoding=\"async\" class=\"alignnone\" title=\"Broca roscada frontal plana\" src=\"https:\/\/www.sinodrills.com\/wp-content\/uploads\/2025\/05\/R25-Thread-Button-Bits.jpg\" alt=\"R25 Thread Button Bits\" width=\"325\" height=\"66\" \/><br \/>\nR25 Botones, Falda Normal<br \/>\nDi\u00e1metro: 38-51 mm<\/td>\n<td>Puntas de bot\u00f3n de rosca R28<br \/>\n<img loading=\"lazy\" decoding=\"async\" class=\"alignnone\" title=\"Puntas de bot\u00f3n de rosca R28\" src=\"https:\/\/www.sinodrills.com\/wp-content\/uploads\/2025\/05\/R28-Thread-Button-Bits.jpg\" alt=\"R28 Thread Button Bits\" width=\"325\" height=\"66\" \/><br \/>\nR28 Botones, Falda Normal<br \/>\nDi\u00e1metro: 38-51 mm<\/td>\n<\/tr>\n<tr>\n<td>Puntas de bot\u00f3n de rosca R32<br \/>\n<img loading=\"lazy\" decoding=\"async\" class=\"alignnone\" title=\"Puntas de bot\u00f3n de rosca R32\" src=\"https:\/\/www.sinodrills.com\/wp-content\/uploads\/2025\/05\/R32-Thread-Button-Bits.jpg\" alt=\"R32 Thread Button Bits\" width=\"325\" height=\"115\" \/><br \/>\nR32 Botones, Falda Normal<br \/>\nDi\u00e1metro: 41-76 mm<\/td>\n<td>Puntas de bot\u00f3n de rosca R38\/T38<br \/>\n<img loading=\"lazy\" decoding=\"async\" class=\"alignnone\" title=\"Puntas de bot\u00f3n de rosca R38\/T38\" src=\"https:\/\/www.sinodrills.com\/wp-content\/uploads\/2025\/05\/R38T38-Thread-Button-Bits.jpg\" alt=\"R38\/T38 Thread Button Bits\" width=\"325\" height=\"115\" \/><br \/>\nBotones R38\/T38, falda normal<br \/>\nDi\u00e1metro: 64-89 mm<\/td>\n<\/tr>\n<tr>\n<td>Puntas de bot\u00f3n de rosca T45<br \/>\n<img loading=\"lazy\" decoding=\"async\" class=\"alignnone\" title=\"Puntas de bot\u00f3n de rosca T45\" src=\"https:\/\/www.sinodrills.com\/wp-content\/uploads\/2025\/05\/T45-Thread-Button-Bits.jpg\" alt=\"T45 Thread Button Bits\" width=\"325\" height=\"115\" \/><br \/>\nBotones T45, falda normal<br \/>\nDi\u00e1metro: 76-127 mm<\/td>\n<td>Puntas de bot\u00f3n de rosca T51<br \/>\n<img loading=\"lazy\" decoding=\"async\" class=\"alignnone\" title=\"Puntas de bot\u00f3n de rosca T51\" src=\"https:\/\/www.sinodrills.com\/wp-content\/uploads\/2025\/05\/T51-Thread-Button-Bits.jpg\" alt=\"T51 Thread Button Bits\" width=\"325\" height=\"115\" \/><br \/>\nBotones T51, falda normal<br \/>\nDi\u00e1metro: 89-127 mm<\/td>\n<\/tr>\n<\/tbody>\n<\/table>","protected":false},"excerpt":{"rendered":"<p>Brocas roscadas. \u00bfTiene problemas con las brocas flojas o poco fiables? Descubra nuestras brocas roscadas, dise\u00f1adas para un agarre y una precisi\u00f3n superiores. Experimente un taladrado seguro y sin esfuerzo y consiga resultados profesionales en todo momento.<\/p>","protected":false},"featured_media":7257,"template":"","meta":[],"product_brand":[],"product_cat":[30],"product_tag":[],"class_list":{"0":"post-7256","1":"product","2":"type-product","3":"status-publish","4":"has-post-thumbnail","6":"product_cat-top-hammer-drilling-tools-2","8":"first","9":"instock","10":"shipping-taxable","11":"product-type-simple"},"_links":{"self":[{"href":"https:\/\/www.amedrillsupply.ca\/es\/wp-json\/wp\/v2\/product\/7256","targetHints":{"allow":["GET"]}}],"collection":[{"href":"https:\/\/www.amedrillsupply.ca\/es\/wp-json\/wp\/v2\/product"}],"about":[{"href":"https:\/\/www.amedrillsupply.ca\/es\/wp-json\/wp\/v2\/types\/product"}],"wp:featuredmedia":[{"embeddable":true,"href":"https:\/\/www.amedrillsupply.ca\/es\/wp-json\/wp\/v2\/media\/7257"}],"wp:attachment":[{"href":"https:\/\/www.amedrillsupply.ca\/es\/wp-json\/wp\/v2\/media?parent=7256"}],"wp:term":[{"taxonomy":"product_brand","embeddable":true,"href":"https:\/\/www.amedrillsupply.ca\/es\/wp-json\/wp\/v2\/product_brand?post=7256"},{"taxonomy":"product_cat","embeddable":true,"href":"https:\/\/www.amedrillsupply.ca\/es\/wp-json\/wp\/v2\/product_cat?post=7256"},{"taxonomy":"product_tag","embeddable":true,"href":"https:\/\/www.amedrillsupply.ca\/es\/wp-json\/wp\/v2\/product_tag?post=7256"}],"curies":[{"name":"wp","href":"https:\/\/api.w.org\/{rel}","templated":true}]}}