{"id":7253,"date":"2025-08-16T14:38:59","date_gmt":"2025-08-16T06:38:59","guid":{"rendered":"https:\/\/www.amedrillsupply.ca\/?post_type=product&#038;p=7253"},"modified":"2025-08-18T23:26:12","modified_gmt":"2025-08-18T15:26:12","slug":"threaded-cross-bit","status":"publish","type":"product","link":"https:\/\/www.amedrillsupply.ca\/es\/threaded-cross-bit\/","title":{"rendered":"Broca en cruz roscada\/Broca tipo X"},"content":{"rendered":"<h2>Broca Ame Broca en cruz\/tipo X<\/h2>\n<p>Las brocas en cruz roscadas\/tipo X o brocas en X roscadas suelen utilizarse para formaciones rocosas muy duras y abrasivas.<\/p>\n<h3>Par\u00e1metros de las brocas en cruz<\/h3>\n<p>- Tama\u00f1o de rosca: R25, R28, R32, R38, T38<\/p>\n<p>- Di\u00e1metros de cabeza: 35mm ~ 89mm;<\/p>\n<h2>Caracter\u00edsticas de las puntas en cruz<\/h2>\n<div id=\"model-response-message-contentr_26afa0289829b618\" class=\"markdown markdown-main-panel stronger enable-updated-hr-color\" dir=\"ltr\">\n<p>Las brocas en cruz roscadas\/tipo X, tambi\u00e9n conocidas como brocas X, son herramientas de perforaci\u00f3n especializadas dise\u00f1adas para aplicaciones exigentes de perforaci\u00f3n de rocas, especialmente en terrenos duros y abrasivos. Su exclusiva configuraci\u00f3n de plaquita de metal duro en forma de cruz y la robusta construcci\u00f3n de su cuerpo les permiten ofrecer un rendimiento fiable, una penetraci\u00f3n excepcional y una vida \u00fatil prolongada, lo que las convierte en un elemento b\u00e1sico en diversas operaciones de miner\u00eda, excavaci\u00f3n de t\u00faneles y canteras.<\/p>\n<p>La eficacia de\u00a0<a href=\"https:\/\/www.amedrillsupply.ca\/es\/threaded-cross-bit\/\">Puntas de rosca cruzadas<\/a>\u00a0es el resultado de una combinaci\u00f3n de ciencia de los materiales y dise\u00f1o inteligente. Cada caracter\u00edstica est\u00e1 dise\u00f1ada para soportar fuerzas de percusi\u00f3n extremas y desgaste abrasivo, garantizando una eficacia de perforaci\u00f3n constante y reduciendo los costes operativos a lo largo de la vida \u00fatil de la broca. Estas caracter\u00edsticas las convierten en la elecci\u00f3n preferida para obtener resultados \u00f3ptimos de perforaci\u00f3n en entornos dif\u00edciles.<\/p>\n<p>\u00c9stas son las principales caracter\u00edsticas de nuestras brocas en cruz para roscas:<\/p>\n<ul>\n<li><b>Bot\u00f3n de carburo de tungsteno de primera calidad de inserci\u00f3n en caliente:<\/b> Los botones de carburo de tungsteno se insertan en caliente en la broca, lo que garantiza una precisi\u00f3n y durabilidad excepcionales. Este ajuste t\u00e9rmico preciso crea una uni\u00f3n incre\u00edblemente fuerte, lo que evita la p\u00e9rdida del bot\u00f3n y mejora la resistencia general de la broca al impacto y al desgaste en rocas duras.<\/li>\n<li><b>Fiabilidad a partir de aceros de primera calidad:<\/b> La fiabilidad es primordial, y se garantiza mediante el uso de aceros para brocas de primera calidad y botones de carburo de tungsteno de alta calidad. Esta combinaci\u00f3n proporciona una fuerza, dureza y resistencia a la abrasi\u00f3n superiores, lo que contribuye a una vida \u00fatil m\u00e1s larga y a un rendimiento constante y predecible en rocas abrasivas.<\/li>\n<li><b>Dise\u00f1o vers\u00e1til para condiciones diversas:<\/b> Ofrecemos distintos tipos de barrenas de rosca en cruz, cada una dise\u00f1ada espec\u00edficamente para distintos escenarios de perforaci\u00f3n y condiciones de la roca. Esto garantiza un rendimiento \u00f3ptimo tanto si trabaja en formaciones geol\u00f3gicas fracturadas, de dureza media o extremadamente duras y abrasivas, maximizando la eficiencia.<\/li>\n<li><b>Alta velocidad y eficacia de perforaci\u00f3n:<\/b>\u00a0Nuestras brocas en cruz est\u00e1n dise\u00f1adas para ofrecer una alta velocidad y una excepcional eficacia de perforaci\u00f3n. Su cara de corte optimizada y la robusta disposici\u00f3n de los botones permiten una rotura agresiva de la roca y una evacuaci\u00f3n eficaz de la viruta, lo que se traduce en velocidades de penetraci\u00f3n m\u00e1s r\u00e1pidas y una mayor productividad.<\/li>\n<li><b>Rendimiento rentable:<\/b>\u00a0Nuestras brocas en cruz est\u00e1n dise\u00f1adas para ser rentables, ofreciendo un buen rendimiento a un precio razonable. Su durabilidad y eficacia superiores se traducen en menos sustituciones, menos tiempo de inactividad y, en \u00faltima instancia, contribuyen a reducir los costes operativos generales y a mejorar la rentabilidad de los proyectos.<\/li>\n<\/ul>\n<\/div>\n<h2>Aplicaciones de las brocas en cruz<\/h2>\n<div id=\"model-response-message-contentr_c61bea5f0fdd4533\" class=\"markdown markdown-main-panel stronger enable-updated-hr-color\" dir=\"ltr\">\n<p>Las brocas en cruz son herramientas de perforaci\u00f3n muy vers\u00e1tiles y robustas, esenciales para una amplia gama de aplicaciones exigentes en la industria de la perforaci\u00f3n de rocas. Su dise\u00f1o, optimizado para formaciones rocosas duras y abrasivas, las hace indispensables para operaciones en las que una penetraci\u00f3n fiable y un rendimiento sostenido son fundamentales. Desempe\u00f1an un papel fundamental en la perforaci\u00f3n inicial y en la creaci\u00f3n de agujeros de precisi\u00f3n en diversos sectores de trabajo pesado.<\/p>\n<p>La durabilidad y eficacia de las brocas de cruz de rosca les permiten rendir excepcionalmente bien en entornos que suponen un reto para otros tipos de brocas. Su amplia utilidad subraya su importancia para facilitar el desarrollo de grandes infraestructuras, la extracci\u00f3n de recursos y la preparaci\u00f3n del terreno.<\/p>\n<p>\u00c9stas son las principales aplicaciones de las brocas en cruz:<\/p>\n<ul>\n<li><b>Funciones de voladura en la construcci\u00f3n de t\u00faneles:<\/b> Las barrenas de rosca en cruz se utilizan ampliamente en proyectos de excavaci\u00f3n de t\u00faneles para perforar orificios precisos para cargas explosivas. Su capacidad para penetrar eficazmente en roca dura garantiza un desarrollo preciso del patr\u00f3n de voladura, crucial para la excavaci\u00f3n controlada y el mantenimiento de la integridad del t\u00fanel durante la construcci\u00f3n.<\/li>\n<li><b>Proyectos de construcci\u00f3n:<\/b>\u00a0En la construcci\u00f3n a gran escala, estas brocas son ideales para perforar agujeros de cimentaci\u00f3n, puntos de anclaje y pasos de servicios p\u00fablicos en condiciones de terreno dif\u00edciles. Proporcionan la penetraci\u00f3n y durabilidad necesarias para asegurar estructuras en roca s\u00f3lida, desde puentes hasta cimientos de edificios.<\/li>\n<li><b>Operaciones mineras:<\/b> En la industria minera, las brocas en cruz roscadas son vitales para las operaciones subterr\u00e1neas y a cielo abierto, incluidas la perforaci\u00f3n de barrenos de voladura, la perforaci\u00f3n de desarrollo y el bulonado. Su robusto dise\u00f1o permite trabajar en yacimientos abrasivos y rocas duras, maximizando la eficiencia y la seguridad de la producci\u00f3n.<\/li>\n<li><b>Canteras:<\/b>\u00a0En canteras, las brocas de cruz roscada se emplean para crear agujeros uniformes y espaciados con precisi\u00f3n para voladuras controladas. Esta precisi\u00f3n es clave para extraer eficazmente bloques de roca de los tama\u00f1os deseados, minimizar los residuos y optimizar la producci\u00f3n de \u00e1ridos y piedra dimensional.<\/li>\n<\/ul>\n<\/div>","protected":false},"excerpt":{"rendered":"<p>Broca en cruz roscada. \u00bfFrustrado por el desgaste prematuro de la broca y la penetraci\u00f3n ineficaz en rocas muy duras y abrasivas? Nuestra <b>Puntas en cruz \/ Puntas en X<\/b>\u00a0ofrecen una durabilidad excepcional y una acci\u00f3n de corte superior, dise\u00f1adas espec\u00edficamente para conquistar las formaciones geol\u00f3gicas m\u00e1s duras. Maximice su rendimiento de perforaci\u00f3n y prolongue la vida \u00fatil de la herramienta, garantizando resultados rentables y el \u00e9xito del proyecto.<\/p>","protected":false},"featured_media":7254,"template":"","meta":[],"product_brand":[],"product_cat":[30],"product_tag":[],"class_list":{"0":"post-7253","1":"product","2":"type-product","3":"status-publish","4":"has-post-thumbnail","6":"product_cat-top-hammer-drilling-tools-2","8":"first","9":"instock","10":"shipping-taxable","11":"product-type-simple"},"_links":{"self":[{"href":"https:\/\/www.amedrillsupply.ca\/es\/wp-json\/wp\/v2\/product\/7253","targetHints":{"allow":["GET"]}}],"collection":[{"href":"https:\/\/www.amedrillsupply.ca\/es\/wp-json\/wp\/v2\/product"}],"about":[{"href":"https:\/\/www.amedrillsupply.ca\/es\/wp-json\/wp\/v2\/types\/product"}],"wp:featuredmedia":[{"embeddable":true,"href":"https:\/\/www.amedrillsupply.ca\/es\/wp-json\/wp\/v2\/media\/7254"}],"wp:attachment":[{"href":"https:\/\/www.amedrillsupply.ca\/es\/wp-json\/wp\/v2\/media?parent=7253"}],"wp:term":[{"taxonomy":"product_brand","embeddable":true,"href":"https:\/\/www.amedrillsupply.ca\/es\/wp-json\/wp\/v2\/product_brand?post=7253"},{"taxonomy":"product_cat","embeddable":true,"href":"https:\/\/www.amedrillsupply.ca\/es\/wp-json\/wp\/v2\/product_cat?post=7253"},{"taxonomy":"product_tag","embeddable":true,"href":"https:\/\/www.amedrillsupply.ca\/es\/wp-json\/wp\/v2\/product_tag?post=7253"}],"curies":[{"name":"wp","href":"https:\/\/api.w.org\/{rel}","templated":true}]}}