{"id":628,"date":"2025-05-12T15:38:39","date_gmt":"2025-05-12T07:38:39","guid":{"rendered":"https:\/\/www.amedrillsupply.ca\/?post_type=product&#038;p=628"},"modified":"2025-08-21T07:51:42","modified_gmt":"2025-08-20T23:51:42","slug":"coupling-sleeves","status":"publish","type":"product","link":"https:\/\/www.amedrillsupply.ca\/es\/coupling-sleeves\/","title":{"rendered":"Manguitos de acoplamiento"},"content":{"rendered":"<h2>Manguitos de acoplamiento Ame Drill<\/h2>\n<p>El acoplamiento se utiliza para conectar el adaptador de v\u00e1stago y la barra de perforaci\u00f3n de extensi\u00f3n juntos, o para conectar dos barras de extensi\u00f3n juntos. Adem\u00e1s de los acoplamientos iguales normales, tambi\u00e9n ofrecemos acoplamientos reductores que son capaces de cambiar el tipo y tama\u00f1o de la rosca. Los acoplamientos que ofrecemos se pueden aplicar para nuestro sistema de perforaci\u00f3n con martillo en cabeza, adecuado para tareas de perforaci\u00f3n en t\u00faneles, construcci\u00f3n, miner\u00eda, canteras, etc.<\/p>\n<h3>Par\u00e1metros de los manguitos de acoplamiento<\/h3>\n<p>- Tipo de rosca: R25, R28, R32, R38, T38, T45, T51<\/p>\n<p>- Di\u00e1metro: 35 mm, 40 mm, 45 mm, 55 mm, 63 mm, 66 mm, 72 mm, 76 mm<\/p>\n<p>- Longitud: 150mm, 155mm, 170mm, 180mm , 180mm, 190mm, 210mm , 235mm<\/p>\n<p>- Tipo de acoplamiento: Semi-puente, Puente completo, Adaptador Acoplamiento<\/p>\n<h2>Caracter\u00edsticas de los manguitos de acoplamiento<\/h2>\n<div id=\"model-response-message-contentr_2b1a4d7e8809fd2f\" class=\"markdown markdown-main-panel stronger enable-updated-hr-color\" dir=\"ltr\">\n<p>Los manguitos de acoplamiento son componentes esenciales en las operaciones de perforaci\u00f3n, dise\u00f1ados para conectar las barras de perforaci\u00f3n de forma segura y eficaz. Se fabrican con acero de primera calidad, lo que garantiza una durabilidad y resistencia excepcionales a las duras condiciones que se dan durante la perforaci\u00f3n. El uso de mecanizado CNC de precisi\u00f3n en su producci\u00f3n garantiza dimensiones exactas y tolerancias ajustadas, que son fundamentales para un rendimiento fiable y para evitar el desgaste prematuro.<\/p>\n<p>Este meticuloso proceso de fabricaci\u00f3n garantiza que cada manguito de acoplamiento contribuya a una sarta de perforaci\u00f3n estable y fiable, minimizando el tiempo de inactividad y maximizando la eficacia operativa.<\/p>\n<ul>\n<li><b>Acero de primera calidad como material, CNC de precisi\u00f3n para la fabricaci\u00f3n, precisi\u00f3n y fiabilidad aseguradas:<\/b>\u00a0El uso de aleaciones de acero de alta calidad proporciona una fuerza y una resistencia al desgaste superiores, cruciales para soportar elevados pares de torsi\u00f3n y cargas axiales. El mecanizado CNC de precisi\u00f3n garantiza unas dimensiones y una concentricidad exactas, lo que minimiza el bamboleo y las vibraciones durante la perforaci\u00f3n, prolongando as\u00ed la vida \u00fatil tanto de los manguitos de acoplamiento como de las barras de perforaci\u00f3n que conectan. Esta precisi\u00f3n de fabricaci\u00f3n es primordial para mantener la integridad de la sarta de perforaci\u00f3n en condiciones exigentes.<\/li>\n<li><b>La alta eficiencia de transmisi\u00f3n garantiza una alta eficiencia de perforaci\u00f3n para el sistema de perforaci\u00f3n:<\/b>\u00a0El dise\u00f1o optimizado y la fabricaci\u00f3n precisa de los manguitos de acoplamiento minimizan la p\u00e9rdida de energ\u00eda durante la transmisi\u00f3n de potencia del equipo de perforaci\u00f3n a la broca. Una conexi\u00f3n segura y estable reduce el deslizamiento y garantiza una transferencia eficaz de la energ\u00eda de rotaci\u00f3n, lo que se traduce en mayores \u00edndices de penetraci\u00f3n y productividad general de la perforaci\u00f3n. Esta eficiencia se traduce directamente en un avance m\u00e1s r\u00e1pido de la perforaci\u00f3n y en una reducci\u00f3n de los costes operativos por metro perforado.<\/li>\n<\/ul>\n<\/div>\n<h2>Aplicaciones de los manguitos de acoplamiento<\/h2>\n<div id=\"model-response-message-contentr_54543684cf817299\" class=\"markdown markdown-main-panel stronger enable-updated-hr-color\" dir=\"ltr\">\n<p>Los manguitos de acoplamiento son componentes vitales utilizados en diversas industrias para conectar barras de perforaci\u00f3n, garantizar la transmisi\u00f3n eficaz de la potencia y mantener la integridad de la sarta de perforaci\u00f3n. Su dise\u00f1o robusto y su fabricaci\u00f3n precisa los hacen indispensables en operaciones que requieren una capacidad de perforaci\u00f3n potente y fiable. Estos manguitos facilitan la perforaci\u00f3n necesaria para la voladura en multitud de aplicaciones, contribuyendo significativamente a la progresi\u00f3n y seguridad de los proyectos.<\/p>\n<ul>\n<li><b>Trabajos de perforaci\u00f3n para voladuras en la construcci\u00f3n de t\u00faneles:<\/b>\u00a0En los proyectos de construcci\u00f3n de t\u00faneles, los manguitos de acoplamiento permiten crear barrenos de voladura con precisi\u00f3n, lo que permite una fragmentaci\u00f3n controlada de la roca y una excavaci\u00f3n eficaz. La fiabilidad de estas conexiones es fundamental en entornos confinados y a menudo inestables, ya que garantiza que la perforaci\u00f3n pueda avanzar de forma segura y eficaz. Su durabilidad es primordial dadas las elevadas tensiones que conlleva la perforaci\u00f3n de rocas en estas dif\u00edciles condiciones.<\/li>\n<li><b>Trabajos de perforaci\u00f3n para voladuras en la construcci\u00f3n:<\/b>\u00a0Para la construcci\u00f3n a gran escala, como la cimentaci\u00f3n de edificios o el desarrollo de infraestructuras, los manguitos de acoplamiento son esenciales para preparar las obras facilitando la voladura controlada. Garantizan que la sarta de perforaci\u00f3n permanezca estable y capaz de penetrar en diversas condiciones del terreno, desde suelo blando hasta roca dura, lo que permite una retirada eficaz del material y la preparaci\u00f3n del terreno para las fases de construcci\u00f3n posteriores. Su rendimiento constante facilita el cumplimiento de los plazos del proyecto.<\/li>\n<li><b>Trabajos de perforaci\u00f3n para voladuras en miner\u00eda:<\/b>\u00a0Tanto en las explotaciones a cielo abierto como en las subterr\u00e1neas, los manguitos de acoplamiento son cruciales para crear patrones de voladura que fragmenten los yacimientos de mineral y la roca est\u00e9ril para la extracci\u00f3n. Los manguitos soportan las rigurosas exigencias de la perforaci\u00f3n continua, manteniendo conexiones fuertes que son vitales para la perforaci\u00f3n de barrenos profundos y maximizando la eficiencia de los procesos de recuperaci\u00f3n de mineral. Su resistencia contribuye directamente a la productividad minera y a la continuidad de las operaciones.<\/li>\n<li><b>Trabajos de perforaci\u00f3n para voladuras en\u00a0<a href=\"https:\/\/www.sinodrills.com\/quarrying\/\" target=\"_blank\" rel=\"noopener\">cantera<\/a>etc:<\/b>\u00a0Las canteras dependen en gran medida de la perforaci\u00f3n y la voladura para extraer \u00e1ridos y piedra dimensional. Los manguitos de acoplamiento garantizan la estabilidad de la sarta de perforaci\u00f3n durante la creaci\u00f3n de barrenos de voladura, que luego se utilizan para romper grandes formaciones rocosas en tama\u00f1os manejables. Su capacidad para mantener una conexi\u00f3n segura bajo fuerzas repetitivas de alto impacto es clave para la eficacia de las operaciones de cantera y el suministro constante de materias primas.<\/li>\n<\/ul>\n<\/div>","protected":false},"excerpt":{"rendered":"<div id=\"model-response-message-contentr_320027024fda309f\" class=\"markdown markdown-main-panel stronger enable-updated-hr-color\" dir=\"ltr\">\n<p>Manguito de acoplamiento para conexi\u00f3n de barras de perforaci\u00f3n de extensi\u00f3n. La alta naturaleza de los aceros combinados y el mecanizado CNC garantizan nuestro s\u00f3lido y predecible control de calidad de los manguitos de acoplamiento. Cuando se utilizan brocas para roca con conectores de v\u00e1stago macho y una palanca ordinaria, se requiere un manguito de acoplamiento para unir el conector a la p\u00e9rtiga, garantizando el contacto del cierre para una transmisi\u00f3n de potencia eficiente.<\/p>\n<\/div>","protected":false},"featured_media":7638,"template":"","meta":[],"product_brand":[],"product_cat":[30],"product_tag":[],"class_list":{"0":"post-628","1":"product","2":"type-product","3":"status-publish","4":"has-post-thumbnail","6":"product_cat-top-hammer-drilling-tools-2","8":"first","9":"instock","10":"shipping-taxable","11":"product-type-simple"},"_links":{"self":[{"href":"https:\/\/www.amedrillsupply.ca\/es\/wp-json\/wp\/v2\/product\/628","targetHints":{"allow":["GET"]}}],"collection":[{"href":"https:\/\/www.amedrillsupply.ca\/es\/wp-json\/wp\/v2\/product"}],"about":[{"href":"https:\/\/www.amedrillsupply.ca\/es\/wp-json\/wp\/v2\/types\/product"}],"wp:featuredmedia":[{"embeddable":true,"href":"https:\/\/www.amedrillsupply.ca\/es\/wp-json\/wp\/v2\/media\/7638"}],"wp:attachment":[{"href":"https:\/\/www.amedrillsupply.ca\/es\/wp-json\/wp\/v2\/media?parent=628"}],"wp:term":[{"taxonomy":"product_brand","embeddable":true,"href":"https:\/\/www.amedrillsupply.ca\/es\/wp-json\/wp\/v2\/product_brand?post=628"},{"taxonomy":"product_cat","embeddable":true,"href":"https:\/\/www.amedrillsupply.ca\/es\/wp-json\/wp\/v2\/product_cat?post=628"},{"taxonomy":"product_tag","embeddable":true,"href":"https:\/\/www.amedrillsupply.ca\/es\/wp-json\/wp\/v2\/product_tag?post=628"}],"curies":[{"name":"wp","href":"https:\/\/api.w.org\/{rel}","templated":true}]}}