{"id":622,"date":"2025-05-12T15:32:00","date_gmt":"2025-05-12T07:32:00","guid":{"rendered":"https:\/\/www.amedrillsupply.ca\/?post_type=product&#038;p=622"},"modified":"2025-08-21T07:55:19","modified_gmt":"2025-08-20T23:55:19","slug":"shank-adapters","status":"publish","type":"product","link":"https:\/\/www.amedrillsupply.ca\/es\/shank-adapters\/","title":{"rendered":"Adaptadores de v\u00e1stago \/ Barras de tracci\u00f3n"},"content":{"rendered":"<p><b>Adaptador de v\u00e1stago \/Barras de golpeo<\/b><\/p>\n<p>Un adaptador de v\u00e1stago, tambi\u00e9n denominado barra de percusi\u00f3n, conecta una barra de perforaci\u00f3n de un di\u00e1metro a una perforadora hidr\u00e1ulica de roca de otro, transmitiendo el par de rotaci\u00f3n, la fuerza de avance, la energ\u00eda de impacto y el medio de lavado a la barra de perforaci\u00f3n.<\/p>\n<p>Nuestros adaptadores de v\u00e1stago se fabrican a partir de aceros aleados especialmente seleccionados mediante tratamiento t\u00e9rmico por cementaci\u00f3n, que soportan la gran potencia de impacto de la perforaci\u00f3n.<\/p>\n<p><b>Tama\u00f1o de rosca:<\/b><\/p>\n<p>R25, R28, SSR28, R32, SSR32, R35, SSR35, R38, T38, T45, T51, SST58, SST68, SGT60.<\/p>\n<p><b>Marca de taladro de roca:<\/b><\/p>\n<p>Atlas-Copco, Furukawa, Ingersoll-Rand, Montabert, Soonsan, Everdigm, Tamrock y otros.<\/p>\n<p>Suministramos los siguientes modelos de adaptadores de v\u00e1stago:<\/p>\n<p>Atlas Copco COP125\/130\/131<\/p>\n<p>Atlas Copco BBE57<\/p>\n<p>Atlas Copco COP1036\/1038\/1238<\/p>\n<p>Extractor Atlas Copco COP2160<\/p>\n<p>Atlas Copco COP1440\/1550\/1638\/1838\/2238<\/p>\n<p>Atlas Copco COP1850<\/p>\n<p>Sandvik\/Tamrock HL438\/538<\/p>\n<p>Sandvik\/Tamrock HL300<\/p>\n<p>Sandvik\/Tamrock HL300S<\/p>\n<p>Sandvik\/Tamrock HL600, HL600S<\/p>\n<p>Sandvik\/Tamrock HL700, HL800<\/p>\n<p>Sandvik\/Tamrock HL1500<\/p>\n<p>Sandvik\/Tamrock HL500, HL500S, HL550S, HL560S<\/p>\n<p>Sandvik\/Tamrock HL1500<\/p>\n<p>Ingersoll Rand YH65\/70<\/p>\n<p>Ingersoll Rand YH95\/YH100<\/p>\n<p>Ingersoll Rand VL120\/VL140<\/p>\n<p>Ingersoll Rand VL130<\/p>\n<p>Ingersoll Rand YH45\/YH50\/YH55<\/p>\n<p>Montabert y SIGHC80\/HC120<\/p>\n<p>Montabert y SIGHC80R\/HC120R\/HC150R<\/p>\n<p>Boart Longyear Boart HD155<\/p>\n<p>Furukawa HD 90<\/p>\n<p>Furukawa HD 300<\/p>\n<p>Furukawa HD 612<\/p>\n<p>Furukawa HD 609<\/p>\n<p>Furukawa HD 615<\/p>\n<h2>Caracter\u00edsticas de los adaptadores de v\u00e1stago<\/h2>\n<div id=\"model-response-message-contentr_c7e6958eed60a90d\" class=\"markdown markdown-main-panel stronger enable-updated-hr-color\" dir=\"ltr\">\n<p>Los adaptadores de mango son componentes cr\u00edticos en la perforaci\u00f3n, ya que act\u00faan como interfaz entre el mecanismo de percusi\u00f3n del equipo de perforaci\u00f3n y la sarta de perforaci\u00f3n. Est\u00e1n dise\u00f1ados para transmitir la energ\u00eda de impacto, el par de rotaci\u00f3n y la fuerza de avance de forma eficiente, garantizando un rendimiento de perforaci\u00f3n \u00f3ptimo.<\/p>\n<ul>\n<li><b>Precisi\u00f3n y fiabilidad:<\/b> Nuestros adaptadores de v\u00e1stago se fabrican con materiales de primera calidad, utilizando un fino mecanizado CNC para garantizar unas especificaciones exactas y un ajuste \u00f3ptimo. Este meticuloso proceso, combinado con un avanzado tratamiento t\u00e9rmico, garantiza los m\u00e1s altos niveles de precisi\u00f3n y fiabilidad, cruciales para unas operaciones de taladrado consistentes.<\/li>\n<li><b>Dureza superficial mejorada:<\/b> A la superficie de nuestros adaptadores de mango se le aplica un proceso especializado de carburaci\u00f3n. Este tratamiento aumenta significativamente la dureza de la superficie, proporcionando una mayor resistencia al desgaste. Esta mayor durabilidad garantiza una vida \u00fatil m\u00e1s larga, incluso en las condiciones de perforaci\u00f3n m\u00e1s exigentes y abrasivas.<\/li>\n<\/ul>\n<\/div>\n<h2>Aplicaciones de los adaptadores de v\u00e1stago<\/h2>\n<div id=\"model-response-message-contentr_a9ed33b3b855153e\" class=\"markdown markdown-main-panel stronger enable-updated-hr-color\" dir=\"ltr\">\n<p>Los adaptadores de v\u00e1stago son herramientas indispensables en una amplia gama de aplicaciones de perforaci\u00f3n, ya que sirven principalmente como el eslab\u00f3n crucial que transfiere la potencia de la perforadora de rocas a la sarta de perforaci\u00f3n. Su dise\u00f1o robusto y su ingenier\u00eda precisa permiten un funcionamiento eficaz y fiable en entornos exigentes.<\/p>\n<p><b>Trabajos de perforaci\u00f3n para tareas de voladura:<\/b> Los adaptadores de v\u00e1stago son fundamentales en la preparaci\u00f3n de orificios para operaciones de voladura en diversos sectores. Transmiten eficazmente los impactos de alta frecuencia y el par de rotaci\u00f3n necesarios para perforar formaciones de roca dura, creando los orificios precisos necesarios para la voladura controlada:<\/p>\n<ul>\n<li><b>T\u00faneles:<\/b> Imprescindible para excavar t\u00faneles en proyectos de infraestructuras.<\/li>\n<li><b>Construcci\u00f3n:<\/b> Se utiliza en trabajos de cimentaci\u00f3n, construcci\u00f3n de carreteras y otras obras de gran envergadura.<\/li>\n<li><b>Miner\u00eda:<\/b> Crucial para la extracci\u00f3n de mineral tanto en minas subterr\u00e1neas como a cielo abierto.<\/li>\n<li><b><a href=\"https:\/\/www.amedrillsupply.ca\/es\/quarrying\/\">Canteras<\/a>:<\/b> Se emplea para romper roca en la producci\u00f3n de \u00e1ridos y la extracci\u00f3n de piedra.<\/li>\n<\/ul>\n<\/div>","protected":false},"excerpt":{"rendered":"<div id=\"model-response-message-contentr_e3cfcd2cb2f7bacb\" class=\"markdown markdown-main-panel stronger enable-updated-hr-color\" dir=\"ltr\">\n<p>Un adaptador de v\u00e1stago, tambi\u00e9n denominado barra de percusi\u00f3n, conecta una barra de perforaci\u00f3n de un di\u00e1metro a una perforadora hidr\u00e1ulica de roca de otro, transmitiendo el par de rotaci\u00f3n, la fuerza de avance, la energ\u00eda de impacto y el medio de lavado a la sarta de perforaci\u00f3n. Nuestros adaptadores de v\u00e1stago se fabrican a partir de aceros aleados especialmente seleccionados mediante tratamiento t\u00e9rmico por cementaci\u00f3n, que soportan la gran potencia de impacto de la perforaci\u00f3n.<\/p>\n<\/div>","protected":false},"featured_media":6691,"template":"","meta":[],"product_brand":[],"product_cat":[30],"product_tag":[],"class_list":{"0":"post-622","1":"product","2":"type-product","3":"status-publish","4":"has-post-thumbnail","6":"product_cat-top-hammer-drilling-tools-2","8":"first","9":"instock","10":"shipping-taxable","11":"product-type-simple"},"_links":{"self":[{"href":"https:\/\/www.amedrillsupply.ca\/es\/wp-json\/wp\/v2\/product\/622","targetHints":{"allow":["GET"]}}],"collection":[{"href":"https:\/\/www.amedrillsupply.ca\/es\/wp-json\/wp\/v2\/product"}],"about":[{"href":"https:\/\/www.amedrillsupply.ca\/es\/wp-json\/wp\/v2\/types\/product"}],"wp:featuredmedia":[{"embeddable":true,"href":"https:\/\/www.amedrillsupply.ca\/es\/wp-json\/wp\/v2\/media\/6691"}],"wp:attachment":[{"href":"https:\/\/www.amedrillsupply.ca\/es\/wp-json\/wp\/v2\/media?parent=622"}],"wp:term":[{"taxonomy":"product_brand","embeddable":true,"href":"https:\/\/www.amedrillsupply.ca\/es\/wp-json\/wp\/v2\/product_brand?post=622"},{"taxonomy":"product_cat","embeddable":true,"href":"https:\/\/www.amedrillsupply.ca\/es\/wp-json\/wp\/v2\/product_cat?post=622"},{"taxonomy":"product_tag","embeddable":true,"href":"https:\/\/www.amedrillsupply.ca\/es\/wp-json\/wp\/v2\/product_tag?post=622"}],"curies":[{"name":"wp","href":"https:\/\/api.w.org\/{rel}","templated":true}]}}