{"id":2289,"date":"2025-05-27T14:10:20","date_gmt":"2025-05-27T06:10:20","guid":{"rendered":"https:\/\/www.amedrillsupply.ca\/?post_type=product&#038;p=2289"},"modified":"2025-08-19T00:01:26","modified_gmt":"2025-08-18T16:01:26","slug":"self-drilling-accessories","status":"publish","type":"product","link":"https:\/\/www.amedrillsupply.ca\/es\/self-drilling-accessories\/","title":{"rendered":"Accesorios autoperforantes"},"content":{"rendered":"<h3><b>Accesorios autoperforantes Ame Drill<\/b><\/h3>\n<h3><b><u>Puntas de anclaje<\/u><\/b><\/h3>\n<p>Las brocas de anclaje se utilizan como consumible de sacrificio para taladrar agujeros. Suelen ser de dos tipos: de carburo de tungsteno y de acero endurecido, fabricadas mediante tecnolog\u00eda de producci\u00f3n de mecanizado o fundici\u00f3n.<\/p>\n<h3><b>Tipo de rosca:<\/b><\/h3>\n<p>R25, R32, R38, R51, T30, T40, T52, T73, T76, T103, T111, T127, T130, etc.<\/p>\n<p>&nbsp;<\/p>\n<h3><b>Tipo de bits:<\/b><\/h3>\n<p>EX, ES, EC, EY, EXX, ESS, ECC, EYY, y otros.<\/p>\n<p>&nbsp;<\/p>\n<h3><u><b>Adaptadores de brocas:<\/b><\/u><\/h3>\n<p>Los adaptadores de brocas aumentan la flexibilidad al permitir el uso de brocas dise\u00f1adas para otras dimensiones de barras huecas.<\/p>\n<p>Tallas: R25-R32, R32-R38, R38-R51, R51-T76<\/p>\n<p>&nbsp;<\/p>\n<p><b><u>Centralizadores:<\/u><\/b><\/p>\n<p>Los centralizadores se utilizan para centrar las barras huecas dentro de la perforaci\u00f3n y para garantizar el correcto recubrimiento de lechada del elemento portante de acuerdo con las normas pertinentes y seg\u00fan lo especificado en las homologaciones.<\/p>\n<p>&nbsp;<\/p>\n<p><b><u>Placa de anclaje<\/u><\/b><\/p>\n<p>Las placas de anclaje se utilizan para asegurar la fijaci\u00f3n del lugar de anclaje; suelen ser placas macizas y abovedadas.<\/p>\n<p><b>Tipo de rosca:<\/b><\/p>\n<p>R25, R32, R38, R51, T30, T40, T52, T73, T76, T103, T111, T127, T130, etc.<\/p>\n<p>&nbsp;<\/p>\n<p><b><u>Enganche de anclaje<\/u><\/b><\/p>\n<p>El acoplador de anclaje, tambi\u00e9n llamado manguito de acoplamiento, se utiliza para extender la sarta de anclaje hasta la longitud necesaria.<\/p>\n<p><b>Tipo de rosca:<\/b><\/p>\n<p>R25, R32, R38, R51, T30, T40, T52, T73, T76, T103, T111, T127, T130, etc.<\/p>\n<h2><\/h2>\n<div id=\"gtx-trans\" style=\"position: absolute; left: -12px; top: 95.3125px;\">\n<div class=\"gtx-trans-icon\"><\/div>\n<\/div>","protected":false},"excerpt":{"rendered":"<p>Accesorios autoperforantes Las brocas de anclaje, se utilizan como consumible de sacrificio para la perforaci\u00f3n de agujeros. Suelen ser de dos tipos: de carburo de tungsteno y de acero endurecido, fabricadas mediante tecnolog\u00eda de producci\u00f3n de mecanizado o fundici\u00f3n.<\/p>","protected":false},"featured_media":6619,"template":"","meta":[],"product_brand":[],"product_cat":[29],"product_tag":[],"class_list":{"0":"post-2289","1":"product","2":"type-product","3":"status-publish","4":"has-post-thumbnail","6":"product_cat-self-drilling-anchor-sda-tools-4","8":"first","9":"instock","10":"shipping-taxable","11":"product-type-simple"},"_links":{"self":[{"href":"https:\/\/www.amedrillsupply.ca\/es\/wp-json\/wp\/v2\/product\/2289","targetHints":{"allow":["GET"]}}],"collection":[{"href":"https:\/\/www.amedrillsupply.ca\/es\/wp-json\/wp\/v2\/product"}],"about":[{"href":"https:\/\/www.amedrillsupply.ca\/es\/wp-json\/wp\/v2\/types\/product"}],"wp:featuredmedia":[{"embeddable":true,"href":"https:\/\/www.amedrillsupply.ca\/es\/wp-json\/wp\/v2\/media\/6619"}],"wp:attachment":[{"href":"https:\/\/www.amedrillsupply.ca\/es\/wp-json\/wp\/v2\/media?parent=2289"}],"wp:term":[{"taxonomy":"product_brand","embeddable":true,"href":"https:\/\/www.amedrillsupply.ca\/es\/wp-json\/wp\/v2\/product_brand?post=2289"},{"taxonomy":"product_cat","embeddable":true,"href":"https:\/\/www.amedrillsupply.ca\/es\/wp-json\/wp\/v2\/product_cat?post=2289"},{"taxonomy":"product_tag","embeddable":true,"href":"https:\/\/www.amedrillsupply.ca\/es\/wp-json\/wp\/v2\/product_tag?post=2289"}],"curies":[{"name":"wp","href":"https:\/\/api.w.org\/{rel}","templated":true}]}}