{"id":2198,"date":"2025-05-25T06:30:02","date_gmt":"2025-05-24T22:30:02","guid":{"rendered":"https:\/\/www.amedrillsupply.ca\/?post_type=product&#038;p=2198"},"modified":"2025-08-19T00:16:27","modified_gmt":"2025-08-18T16:16:27","slug":"self-drilling-anchor-sda-rock-bolt","status":"publish","type":"product","link":"https:\/\/www.amedrillsupply.ca\/es\/self-drilling-anchor-sda-rock-bolt\/","title":{"rendered":"Anclaje autoperforante (SDA) Perno de roca"},"content":{"rendered":"<h2><b>Perno de roca autoperforante (SDA) Ame Drill<\/b><\/h2>\n<p>El sistema de bulonado autoperforante para roca (SDA) es un sistema de anclaje altamente actualizado, fiable y de alta eficiencia que se utiliza ampliamente para el bulonado de t\u00faneles, sostenimiento del terreno, clavado de suelos, estabilizaci\u00f3n de taludes y micropilotes. Nuestro sistema de bulonado autoperforante tiene las siguientes ventajas:<\/p>\n<p>1. Cada uno de nuestros pernos para roca se fabrica con acero de primera calidad y la tecnolog\u00eda m\u00e1s avanzada, lo que garantiza que nuestra calidad cumple las normas internacionales o es incluso mejor.<\/p>\n<p>2. El sistema de bulonado autoperforante elimina la necesidad de una perforaci\u00f3n entubada; la perforaci\u00f3n del suelo, la inyecci\u00f3n y el anclaje pueden realizarse simult\u00e1neamente.<\/p>\n<p>3. Los pernos autoperforantes para roca pueden utilizarse s\u00f3lo para soporte temporal, pero tambi\u00e9n para soporte permanente en muchas aplicaciones, como soporte de t\u00faneles, micropilotes, clavado de suelos, etc.<\/p>\n<p>Disponemos de una amplia gama de pernos autoperforantes para roca; en t\u00e9rminos generales, tenemos las dos categor\u00edas siguientes:<\/p>\n<p>&nbsp;<\/p>\n<p><b>1. R25N, R32L, R32N, R32S, R38N, R51N, T76N, T76S, T111N, T111S;<\/b><\/p>\n<p><b>2. T30\/16, T30\/14, T40\/16, T40\/20, T52\/26, T73\/53, T73\/45, T73\/35, T103\/78, T103\/51;<\/b><\/p>\n<p>&nbsp;<\/p>\n<p>Todos los pernos autoperforantes para roca pueden fabricarse en diferentes longitudes, como 2 metros, 3 metros, 4 metros, 6 metros o 9 metros. Tanto la rosca izquierda como la derecha est\u00e1n disponibles a petici\u00f3n del cliente.<\/p>\n<p>Adem\u00e1s, tambi\u00e9n suministramos una completa gama de accesorios, como manguitos de acoplamiento, placas de acero, tuercas, centralizadores y diversas brocas de anclaje.<\/p>\n<h2><\/h2>","protected":false},"excerpt":{"rendered":"<p>El sistema de bulones autoperforantes para roca (SDA) es un sistema de anclaje altamente actualizado, fiable y de gran eficacia que se utiliza ampliamente para el bulonado de t\u00faneles, el sostenimiento del terreno, el clavado del suelo, la estabilizaci\u00f3n de taludes y el micropilotaje. Nuestro sistema de bulones autoperforantes para roca tiene las siguientes ventajas:<\/p>","protected":false},"featured_media":6618,"template":"","meta":[],"product_brand":[],"product_cat":[29],"product_tag":[],"class_list":{"0":"post-2198","1":"product","2":"type-product","3":"status-publish","4":"has-post-thumbnail","6":"product_cat-self-drilling-anchor-sda-tools-4","8":"first","9":"instock","10":"shipping-taxable","11":"product-type-simple"},"_links":{"self":[{"href":"https:\/\/www.amedrillsupply.ca\/es\/wp-json\/wp\/v2\/product\/2198","targetHints":{"allow":["GET"]}}],"collection":[{"href":"https:\/\/www.amedrillsupply.ca\/es\/wp-json\/wp\/v2\/product"}],"about":[{"href":"https:\/\/www.amedrillsupply.ca\/es\/wp-json\/wp\/v2\/types\/product"}],"wp:featuredmedia":[{"embeddable":true,"href":"https:\/\/www.amedrillsupply.ca\/es\/wp-json\/wp\/v2\/media\/6618"}],"wp:attachment":[{"href":"https:\/\/www.amedrillsupply.ca\/es\/wp-json\/wp\/v2\/media?parent=2198"}],"wp:term":[{"taxonomy":"product_brand","embeddable":true,"href":"https:\/\/www.amedrillsupply.ca\/es\/wp-json\/wp\/v2\/product_brand?post=2198"},{"taxonomy":"product_cat","embeddable":true,"href":"https:\/\/www.amedrillsupply.ca\/es\/wp-json\/wp\/v2\/product_cat?post=2198"},{"taxonomy":"product_tag","embeddable":true,"href":"https:\/\/www.amedrillsupply.ca\/es\/wp-json\/wp\/v2\/product_tag?post=2198"}],"curies":[{"name":"wp","href":"https:\/\/api.w.org\/{rel}","templated":true}]}}