{"id":1025,"date":"2025-05-14T18:14:10","date_gmt":"2025-05-14T10:14:10","guid":{"rendered":"https:\/\/www.amedrillsupply.ca\/?post_type=product&#038;p=1025"},"modified":"2025-08-19T16:19:14","modified_gmt":"2025-08-19T08:19:14","slug":"rc-dth-hammer","status":"publish","type":"product","link":"https:\/\/www.amedrillsupply.ca\/es\/rc-dth-hammer\/","title":{"rendered":"Martillo de circulaci\u00f3n inversa (RC)"},"content":{"rendered":"<h2><b>AME DRILL Martillo de circulaci\u00f3n inversa (RC)<\/b><\/h2>\n<p>Los martillos neum\u00e1ticos de circulaci\u00f3n inversa en fondo (RC-DTH) se han utilizado ampliamente en actividades de construcci\u00f3n y miner\u00eda debido a su gran eficacia de perforaci\u00f3n y su buen rendimiento en el control del polvo.<\/p>\n<p>Ofrecemos martillos de circulaci\u00f3n inversa (RC) WRE054\/WPR54R. El martillo RC se utiliza para recoger muestras de rocas y minerales subterr\u00e1neos de forma r\u00e1pida y eficiente utilizando un taladro rotatorio neum\u00e1tico. Este martillo ofrece alta velocidad y bajo coste por metro de perforaci\u00f3n. Este tipo de perforaci\u00f3n se considera ideal para obtener muestras de minerales en las primeras fases de un proyecto de exploraci\u00f3n. Como todos los recortes de roca de un martillo RC se recuperan en la superficie a trav\u00e9s del centro del martillo y de la sarta de perforaci\u00f3n, las muestras recogidas mediante este m\u00e9todo no est\u00e1n contaminadas. Este martillo tambi\u00e9n ha sido dise\u00f1ado para soportar la inyecci\u00f3n de agua, espuma, aceite y pol\u00edmeros sin ninguna p\u00e9rdida de rendimiento.<\/p>\n<p>&nbsp;<\/p>\n<p><strong>Tama\u00f1o del martillo:<\/strong> 3,5 pulgadas a 10 pulgadas<\/p>\n<p><strong>Presi\u00f3n de trabajo:<\/strong> 15 bar a 35 bar<\/p>","protected":false},"excerpt":{"rendered":"<p>Los martillos de circulaci\u00f3n inversa (RC) han sido ampliamente utilizados en actividades de construcci\u00f3n y miner\u00eda debido a su alta eficiencia de perforaci\u00f3n y buen rendimiento de control de polvo. Ofrecemos martillos de circulaci\u00f3n inversa (RC) WRE054\/WPR54R. El martillo RC se utiliza para recoger muestras de rocas y minerales subterr\u00e1neos de forma r\u00e1pida y eficiente utilizando un taladro rotatorio neum\u00e1tico. Este martillo ofrece alta velocidad y bajo coste por metro de perforaci\u00f3n.<\/p>","protected":false},"featured_media":6606,"template":"","meta":[],"product_brand":[],"product_cat":[27],"product_tag":[],"class_list":{"0":"post-1025","1":"product","2":"type-product","3":"status-publish","4":"has-post-thumbnail","6":"product_cat-down-the-hole-dth-drilling-tools-1","8":"first","9":"instock","10":"shipping-taxable","11":"product-type-simple"},"_links":{"self":[{"href":"https:\/\/www.amedrillsupply.ca\/es\/wp-json\/wp\/v2\/product\/1025","targetHints":{"allow":["GET"]}}],"collection":[{"href":"https:\/\/www.amedrillsupply.ca\/es\/wp-json\/wp\/v2\/product"}],"about":[{"href":"https:\/\/www.amedrillsupply.ca\/es\/wp-json\/wp\/v2\/types\/product"}],"wp:featuredmedia":[{"embeddable":true,"href":"https:\/\/www.amedrillsupply.ca\/es\/wp-json\/wp\/v2\/media\/6606"}],"wp:attachment":[{"href":"https:\/\/www.amedrillsupply.ca\/es\/wp-json\/wp\/v2\/media?parent=1025"}],"wp:term":[{"taxonomy":"product_brand","embeddable":true,"href":"https:\/\/www.amedrillsupply.ca\/es\/wp-json\/wp\/v2\/product_brand?post=1025"},{"taxonomy":"product_cat","embeddable":true,"href":"https:\/\/www.amedrillsupply.ca\/es\/wp-json\/wp\/v2\/product_cat?post=1025"},{"taxonomy":"product_tag","embeddable":true,"href":"https:\/\/www.amedrillsupply.ca\/es\/wp-json\/wp\/v2\/product_tag?post=1025"}],"curies":[{"name":"wp","href":"https:\/\/api.w.org\/{rel}","templated":true}]}}