{"id":1021,"date":"2025-05-14T18:02:50","date_gmt":"2025-05-14T10:02:50","guid":{"rendered":"https:\/\/www.amedrillsupply.ca\/?post_type=product&#038;p=1021"},"modified":"2025-08-21T06:49:28","modified_gmt":"2025-08-20T22:49:28","slug":"eccentric-overburden-casing-drilling-tools","status":"publish","type":"product","link":"https:\/\/www.amedrillsupply.ca\/es\/eccentric-overburden-casing-drilling-tools\/","title":{"rendered":"Herramientas de perforaci\u00f3n exc\u00e9ntricas para entubaci\u00f3n de recubrimiento"},"content":{"rendered":"<h2>Herramientas de perforaci\u00f3n de revestimiento exc\u00e9ntrico Ame Drill<\/h2>\n<p>La perforaci\u00f3n con entubaci\u00f3n, o proceso de entubaci\u00f3n durante la perforaci\u00f3n (CWD), es un concepto que combina dos procesos que consumen mucho tiempo, la perforaci\u00f3n y la entubaci\u00f3n, realiz\u00e1ndolos al mismo tiempo. Durante el proceso CWD, accionado por un martillo DTH, una broca de pilotaje central acciona una broca anular para perforar un agujero lo suficientemente ancho como para que un tubo de revestimiento se deslice hacia abajo, por lo que los procesos de perforaci\u00f3n y revestimiento se realizan al mismo tiempo.<\/p>\n<p>La exc\u00e9ntrica es la soluci\u00f3n m\u00e1s econ\u00f3mica porque su ingeniosa ala de escariado la broca es recuperable puede utilizarse en el siguiente orificio. Se trata de un dise\u00f1o especialmente adecuado para perforaciones poco profundas, como suele ser el caso en la perforaci\u00f3n de pozos de agua, pozos geot\u00e9rmicos y para trabajos de micropilotaje poco profundos. Odex es ideal para perforaciones cortas en terrenos consolidados. Los componentes del sistema exc\u00e9ntrico constan de brocas piloto, brocas escariadoras, dispositivo gu\u00eda y zapata de entubaci\u00f3n.<\/p>\n<p>Al perforar, la broca escariadora girar\u00e1 hacia fuera para agrandar el agujero lo suficiente para que el tubo de revestimiento se deslice hacia abajo detr\u00e1s de la broca escariadora. Cuando se alcanza la profundidad requerida, la tuber\u00eda de perforaci\u00f3n se perforar\u00e1 a la direcci\u00f3n inversa y la broca escariadora se retraer\u00e1, lo que permite que todo el sistema de perforaci\u00f3n pase a trav\u00e9s de la carcasa.<\/p>\n<h2>Caracter\u00edsticas de las herramientas exc\u00e9ntricas de perforaci\u00f3n de revestimiento de sobrecarga<\/h2>\n<p>- Tipos completos de herramientas de perforaci\u00f3n adecuadas para tubos de revestimiento de diversos di\u00e1metros;<\/p>\n<p>- Buena estabilidad y fiabilidad garantizadas por el material de aleaci\u00f3n de acero de primera calidad y el fino proceso de fabricaci\u00f3n CNC;<\/p>\n<p>- Rentabilidad gracias a la producci\u00f3n en serie.<\/p>\n<h2>Aplicaciones de las herramientas exc\u00e9ntricas de perforaci\u00f3n de revestimientos de sobrecarga<\/h2>\n<div data-zone-id=\"0\" data-line-index=\"0\" data-line=\"true\">Las herramientas exc\u00e9ntricas de perforaci\u00f3n de revestimientos de sobrecarga encuentran diversas aplicaciones en m\u00faltiples industrias. En miner\u00eda y canteras, estos sistemas garantizan la estabilidad evitando derrumbes al extraer recursos valiosos. En la perforaci\u00f3n de pozos de agua y geot\u00e9rmicos, a\u00edslan los estratos inestables, protegiendo el pozo y mejorando la eficacia de la extracci\u00f3n de fluidos o el intercambio de calor. En el pilotaje de cimentaciones, permiten la instalaci\u00f3n precisa de pilotes en condiciones de suelo dif\u00edciles, proporcionando una base s\u00f3lida para los proyectos de construcci\u00f3n. Su versatilidad las hace indispensables para garantizar el \u00e9xito de diversos proyectos de perforaci\u00f3n y construcci\u00f3n.<\/div>\n<h2>Estructura de las herramientas de perforaci\u00f3n exc\u00e9ntricas de revestimiento de sobrecarga<\/h2>\n<h2>Ame Drill-EDT82 Herramienta de perforaci\u00f3n exc\u00e9ntrica (similar a ODEX82)<\/h2>\n<table>\n<tbody>\n<tr>\n<td colspan=\"2\">Ame Drill-EDT82 Herramienta de perforaci\u00f3n exc\u00e9ntrica (similar a ODEX82) mango para martillo DTH IR3.5 (otros mangos son opcionales)<\/td>\n<\/tr>\n<tr>\n<td colspan=\"2\">Se pueden utilizar tripas alternativas:<\/td>\n<\/tr>\n<tr>\n<td>Di\u00e1metro exterior m\u00e1ximo (mm)<\/td>\n<td>108<\/td>\n<\/tr>\n<tr>\n<td>Di\u00e1metro interior m\u00ednimo (mm)<\/td>\n<td>96<\/td>\n<\/tr>\n<tr>\n<td>Espesor de la pared (mm)<\/td>\n<td>6<\/td>\n<\/tr>\n<\/tbody>\n<\/table>\n<h2>Ame Drill-EDT90 Herramienta de perforaci\u00f3n exc\u00e9ntrica (similar a ODEX90)<\/h2>\n<table>\n<tbody>\n<tr>\n<td colspan=\"2\">Ame Drill-EDT90 Herramienta de perforaci\u00f3n exc\u00e9ntrica (similar a ODEX90) mango para martillo DTH DHD3.5 (otros son opcionales)<\/td>\n<\/tr>\n<tr>\n<td colspan=\"2\">Pueden utilizarse tripas alternativas:<\/td>\n<\/tr>\n<tr>\n<td>Di\u00e1metro exterior m\u00e1ximo (mm)<\/td>\n<td>115<\/td>\n<\/tr>\n<tr>\n<td>Di\u00e1metro interior m\u00ednimo (mm)<\/td>\n<td>102<\/td>\n<\/tr>\n<tr>\n<td>Espesor de la pared (mm)<\/td>\n<td>6<\/td>\n<\/tr>\n<\/tbody>\n<\/table>\n<h2>Ame Drill-EDT115 Herramienta de perforaci\u00f3n exc\u00e9ntrica (similar a ODEX115A)<\/h2>\n<table>\n<tbody>\n<tr>\n<td colspan=\"2\">Ame Drill-EDT115 Herramienta de perforaci\u00f3n exc\u00e9ntrica (similar a ODEX115A) Mango para martillo DTH IR DHD340A (los dem\u00e1s son opcionales)<\/td>\n<\/tr>\n<tr>\n<td colspan=\"2\">Pueden utilizarse tripas alternativas:<\/td>\n<\/tr>\n<tr>\n<td>Di\u00e1metro exterior m\u00e1ximo (mm)<\/td>\n<td>142<\/td>\n<\/tr>\n<tr>\n<td>Di\u00e1metro interior m\u00ednimo (mm)<\/td>\n<td>128<\/td>\n<\/tr>\n<tr>\n<td>Espesor de la pared (mm)<\/td>\n<td>7<\/td>\n<\/tr>\n<\/tbody>\n<\/table>\n<h2>Ame Drill-EDT115B Herramienta de perforaci\u00f3n exc\u00e9ntrica (similar a ODEX115B)<\/h2>\n<table>\n<tbody>\n<tr>\n<td colspan=\"2\">Ame Drill-EDT115B Herramienta de perforaci\u00f3n exc\u00e9ntrica (similar a ODEX115B) Mango para martillo DTH DHD340 (los dem\u00e1s son opcionales)<\/td>\n<\/tr>\n<tr>\n<td colspan=\"2\">Pueden utilizarse tripas alternativas:<\/td>\n<\/tr>\n<tr>\n<td>Di\u00e1metro exterior m\u00e1ximo (mm)<\/td>\n<td>146<\/td>\n<\/tr>\n<tr>\n<td>Di\u00e1metro interior m\u00ednimo (mm)<\/td>\n<td>130<\/td>\n<\/tr>\n<tr>\n<td>Espesor de la pared (mm)<\/td>\n<td>8<\/td>\n<\/tr>\n<\/tbody>\n<\/table>\n<h2>Ame Drill-EDT140 Herramienta de perforaci\u00f3n exc\u00e9ntrica (similar a ODEX140)<\/h2>\n<table>\n<tbody>\n<tr>\n<td colspan=\"2\">Ame Drill-EDT140 Herramienta de perforaci\u00f3n exc\u00e9ntrica (similar a ODEX140) Mango para martillo DTH IR DHD350R (los dem\u00e1s son opcionales)<\/td>\n<\/tr>\n<tr>\n<td colspan=\"2\">Pueden utilizarse tripas alternativas:<\/td>\n<\/tr>\n<tr>\n<td>Di\u00e1metro exterior m\u00e1ximo (mm)<\/td>\n<td>168<\/td>\n<\/tr>\n<tr>\n<td>Di\u00e1metro interior m\u00ednimo (mm)<\/td>\n<td>152<\/td>\n<\/tr>\n<tr>\n<td>Grosor de la pared (mm)<\/td>\n<td>8<\/td>\n<\/tr>\n<\/tbody>\n<\/table>\n<h2>Ame Drill-EDT145 Herramienta de perforaci\u00f3n exc\u00e9ntrica (similar a ODEX145)<\/h2>\n<table>\n<tbody>\n<tr>\n<td colspan=\"2\">Ame Drill-EDT145 Herramienta de perforaci\u00f3n exc\u00e9ntrica (similar a ODEX145) Mango para martillo DTH IR DHD350R (otros son opcionales)<\/td>\n<\/tr>\n<tr>\n<td colspan=\"2\">Pueden utilizarse tripas alternativas:<\/td>\n<\/tr>\n<tr>\n<td>Di\u00e1metro exterior m\u00e1ximo (mm)<\/td>\n<td>178<\/td>\n<\/tr>\n<tr>\n<td>Di\u00e1metro interior m\u00ednimo (mm)<\/td>\n<td>158<\/td>\n<\/tr>\n<tr>\n<td>Espesor de la pared (mm)<\/td>\n<td>9<\/td>\n<\/tr>\n<\/tbody>\n<\/table>\n<h2>Ame Drill-EDT147 Herramienta de perforaci\u00f3n exc\u00e9ntrica (similar a ODEX147)<\/h2>\n<table>\n<tbody>\n<tr>\n<td colspan=\"2\">Ame Drill-EDT147 Herramienta de perforaci\u00f3n exc\u00e9ntrica (similar a ODEX147) Mango para martillo DTH IR DHD350R (otros son opcionales)<\/td>\n<\/tr>\n<tr>\n<td colspan=\"2\">Puede utilizarse una carcasa alternativa:<\/td>\n<\/tr>\n<tr>\n<td>Di\u00e1metro exterior m\u00e1ximo (mm)<\/td>\n<td>183<\/td>\n<\/tr>\n<tr>\n<td>Di\u00e1metro interior m\u00ednimo (mm)<\/td>\n<td>163<\/td>\n<\/tr>\n<tr>\n<td>Espesor de la pared (mm)<\/td>\n<td>10<\/td>\n<\/tr>\n<\/tbody>\n<\/table>\n<h2>Ame Drill-EDT165 Herramienta de perforaci\u00f3n exc\u00e9ntrica (similar a ODEX165)<\/h2>\n<table>\n<tbody>\n<tr>\n<td colspan=\"2\">Ame Drill-EDT165 Herramienta de perforaci\u00f3n exc\u00e9ntrica (similar a ODEX165) Mango para martillo DTH IR DHD360 (los dem\u00e1s son opcionales)<\/td>\n<\/tr>\n<tr>\n<td colspan=\"2\">Pueden utilizarse tripas alternativas:<\/td>\n<\/tr>\n<tr>\n<td>Di\u00e1metro exterior m\u00e1ximo (mm)<\/td>\n<td>195<\/td>\n<\/tr>\n<tr>\n<td>Di\u00e1metro interior m\u00ednimo (mm)<\/td>\n<td>182<\/td>\n<\/tr>\n<tr>\n<td>Espesor de la pared (mm)<\/td>\n<td>6.5<\/td>\n<\/tr>\n<\/tbody>\n<\/table>\n<h2>Ame Drill-EDT180 Herramienta de perforaci\u00f3n exc\u00e9ntrica (similar a ODEX180)<\/h2>\n<table>\n<tbody>\n<tr>\n<td colspan=\"2\">Ame Drill-EDT180 Herramienta de perforaci\u00f3n exc\u00e9ntrica (similar a ODEX180) Mango para martillo DTH DHD360, COP64, SD6<\/td>\n<\/tr>\n<tr>\n<td colspan=\"2\">Puede utilizarse una carcasa alternativa:<\/td>\n<\/tr>\n<tr>\n<td>Di\u00e1metro exterior m\u00e1ximo (mm)<\/td>\n<td>219<\/td>\n<\/tr>\n<tr>\n<td>Di\u00e1metro interior m\u00ednimo (mm)<\/td>\n<td>194<\/td>\n<\/tr>\n<tr>\n<td>Espesor de la pared (mm)<\/td>\n<td>12.5<\/td>\n<\/tr>\n<\/tbody>\n<\/table>\n<h2>Ame Drill-EDT190 Herramienta de perforaci\u00f3n exc\u00e9ntrica (similar a ODEX190)<\/h2>\n<table>\n<tbody>\n<tr>\n<td colspan=\"2\">Ame Drill-EDT190 Herramienta de perforaci\u00f3n exc\u00e9ntrica (similar a ODEX190) Mango para martillo DTH IR DHD360 (otros son opcionales)<\/td>\n<\/tr>\n<tr>\n<td colspan=\"2\">Pueden utilizarse tripas alternativas:<\/td>\n<\/tr>\n<tr>\n<td>Di\u00e1metro exterior m\u00e1ximo (mm)<\/td>\n<td>219<\/td>\n<\/tr>\n<tr>\n<td>Di\u00e1metro interior m\u00ednimo (mm)<\/td>\n<td>205<\/td>\n<\/tr>\n<tr>\n<td>Espesor de la pared (mm)<\/td>\n<td>7<\/td>\n<\/tr>\n<\/tbody>\n<\/table>\n<h2>Ame Drill-EDT230 Herramienta de perforaci\u00f3n exc\u00e9ntrica (similar a ODEX230)<\/h2>\n<table>\n<tbody>\n<tr>\n<td colspan=\"2\">Ame Drill-EDT230 Herramienta de perforaci\u00f3n exc\u00e9ntrica (similar a ODEX230) Mango para martillo DTH IR DHD380 (los dem\u00e1s son opcionales)<\/td>\n<\/tr>\n<tr>\n<td colspan=\"2\">Pueden utilizarse tripas alternativas:<\/td>\n<\/tr>\n<tr>\n<td>Di\u00e1metro exterior m\u00e1ximo (mm)<\/td>\n<td>273<\/td>\n<\/tr>\n<tr>\n<td>Di\u00e1metro interior m\u00ednimo (mm)<\/td>\n<td>250<\/td>\n<\/tr>\n<tr>\n<td>Espesor de la pared (mm)<\/td>\n<td>11.5<\/td>\n<\/tr>\n<\/tbody>\n<\/table>\n<h2>Ame Drill-EDT240 Herramienta de perforaci\u00f3n exc\u00e9ntrica (similar a ODEX240)<\/h2>\n<table>\n<tbody>\n<tr>\n<td colspan=\"2\">\u00a0Ame Drill -EDT240 Herramienta de perforaci\u00f3n exc\u00e9ntrica (similar a ODEX240) Mango para martillo DTH IR DHD380 (los dem\u00e1s son opcionales)<\/td>\n<\/tr>\n<tr>\n<td colspan=\"2\">Pueden utilizarse tripas alternativas:<\/td>\n<\/tr>\n<tr>\n<td>Di\u00e1metro exterior m\u00e1ximo (mm)<\/td>\n<td>273<\/td>\n<\/tr>\n<tr>\n<td>Di\u00e1metro interior m\u00ednimo (mm)<\/td>\n<td>260<\/td>\n<\/tr>\n<tr>\n<td>Espesor de la pared (mm)<\/td>\n<td>6.5<\/td>\n<\/tr>\n<\/tbody>\n<\/table>\n<div id=\"gtx-trans\" style=\"position: absolute; left: 475px; top: 3011.38px;\">\n<div class=\"gtx-trans-icon\"><\/div>\n<\/div>","protected":false},"excerpt":{"rendered":"<p>Las herramientas exc\u00e9ntricas de perforaci\u00f3n de revestimientos de sobrecarga se erigen como las soluciones m\u00e1s econ\u00f3micas. Gracias a su ingenioso dise\u00f1o, el ala de escariado de la broca es recuperable, lo que permite reutilizarla en el siguiente orificio. Esto no s\u00f3lo reduce significativamente los costes de sustituci\u00f3n del equipo, sino que tambi\u00e9n minimiza el tiempo de inactividad, mejorando la eficacia general de la perforaci\u00f3n y convirti\u00e9ndola en una opci\u00f3n rentable para diversos proyectos.<\/p>\n<div id=\"gtx-trans\" style=\"position: absolute; left: 515px; top: -10px;\">\n<div class=\"gtx-trans-icon\"><\/div>\n<\/div>","protected":false},"featured_media":7245,"template":"","meta":[],"product_brand":[],"product_cat":[27],"product_tag":[],"class_list":{"0":"post-1021","1":"product","2":"type-product","3":"status-publish","4":"has-post-thumbnail","6":"product_cat-down-the-hole-dth-drilling-tools-1","8":"first","9":"instock","10":"shipping-taxable","11":"product-type-simple"},"_links":{"self":[{"href":"https:\/\/www.amedrillsupply.ca\/es\/wp-json\/wp\/v2\/product\/1021","targetHints":{"allow":["GET"]}}],"collection":[{"href":"https:\/\/www.amedrillsupply.ca\/es\/wp-json\/wp\/v2\/product"}],"about":[{"href":"https:\/\/www.amedrillsupply.ca\/es\/wp-json\/wp\/v2\/types\/product"}],"wp:featuredmedia":[{"embeddable":true,"href":"https:\/\/www.amedrillsupply.ca\/es\/wp-json\/wp\/v2\/media\/7245"}],"wp:attachment":[{"href":"https:\/\/www.amedrillsupply.ca\/es\/wp-json\/wp\/v2\/media?parent=1021"}],"wp:term":[{"taxonomy":"product_brand","embeddable":true,"href":"https:\/\/www.amedrillsupply.ca\/es\/wp-json\/wp\/v2\/product_brand?post=1021"},{"taxonomy":"product_cat","embeddable":true,"href":"https:\/\/www.amedrillsupply.ca\/es\/wp-json\/wp\/v2\/product_cat?post=1021"},{"taxonomy":"product_tag","embeddable":true,"href":"https:\/\/www.amedrillsupply.ca\/es\/wp-json\/wp\/v2\/product_tag?post=1021"}],"curies":[{"name":"wp","href":"https:\/\/api.w.org\/{rel}","templated":true}]}}