{"id":8054,"date":"2025-09-08T15:09:43","date_gmt":"2025-09-08T07:09:43","guid":{"rendered":"https:\/\/www.amedrillsupply.ca\/?page_id=8054"},"modified":"2025-09-08T15:09:47","modified_gmt":"2025-09-08T07:09:47","slug":"cobalt-vs-carbide-drill-bits-a-quick-comparison-guide-for-better-results","status":"publish","type":"page","link":"https:\/\/www.amedrillsupply.ca\/es\/cobalt-vs-carbide-drill-bits-a-quick-comparison-guide-for-better-results\/","title":{"rendered":"Cobalt vs Carbide Drill Bits: A Quick Comparison Guide for Better Results"},"content":{"rendered":"<p><mark>Las brocas de metal duro son una aleaci\u00f3n de acero HSS y cobalto, lo que las hace duraderas, m\u00e1s resistentes al calor que las HSS est\u00e1ndar y rentables para taladrar materiales duros como el acero inoxidable a velocidades moderadas.<\/mark>\u00a0<mark>Las brocas de metal duro, fabricadas con carburo de tungsteno, son la opci\u00f3n m\u00e1s dura y resistente al calor, y destacan en trabajos de alta velocidad, alta precisi\u00f3n y gran resistencia con materiales como acero templado, hierro fundido y materiales compuestos, pero son m\u00e1s fr\u00e1giles, caras y sensibles al sobrecalentamiento r\u00e1pido.<\/mark>.\u00a0<\/p>\n\n\n\n<p>Brocas de cobalto<\/p>\n\n\n\n<ul class=\"wp-block-list\">\n<li><strong>Material:<\/strong>Una broca de acero r\u00e1pido (HSS) con cobalto a\u00f1adido.\u00a0<\/li>\n\n\n\n<li><strong>Lo mejor para:<\/strong>Materiales duros como acero inoxidable, hierro fundido y otros metales de fricci\u00f3n en los que se necesita resistencia al calor.\u00a0<\/li>\n\n\n\n<li><strong>Pros:<\/strong>\n<ul class=\"wp-block-list\">\n<li>Excelente resistencia al calor y al desgaste.\u00a0<\/li>\n\n\n\n<li>M\u00e1s duraderas y menos propensas a astillarse que las HSS.\u00a0<\/li>\n\n\n\n<li>Se puede volver a afilar.\u00a0<\/li>\n\n\n\n<li>Rentable para materiales resistentes.\u00a0<\/li>\n<\/ul>\n<\/li>\n\n\n\n<li><strong>Contras:<\/strong>\n<ul class=\"wp-block-list\">\n<li>Puede volverse quebradizo y romperse si no se utiliza con cuidado o si se cae.\u00a0<\/li>\n\n\n\n<li>No pueden funcionar a las velocidades extremadamente altas de las brocas de metal duro.\u00a0<\/li>\n\n\n\n<li>No es ideal para los materiales m\u00e1s duros o abrasivos.\u00a0<\/li>\n<\/ul>\n<\/li>\n<\/ul>\n\n\n\n<p>Brocas de metal duro<\/p>\n\n\n\n<ul class=\"wp-block-list\">\n<li><strong>Material:<\/strong>Fabricado con carburo de tungsteno.\u00a0<\/li>\n\n\n\n<li><strong>Lo mejor para:<\/strong>Tareas de alta velocidad y precisi\u00f3n en los materiales m\u00e1s duros, como pl\u00e1sticos reforzados, compuestos abrasivos y operaciones CNC.\u00a0<\/li>\n\n\n\n<li><strong>Pros:<\/strong>\n<ul class=\"wp-block-list\">\n<li>Extremadamente duro y duradero, dura m\u00e1s en aplicaciones exigentes.\u00a0<\/li>\n\n\n\n<li>Resistencia t\u00e9rmica superior para taladrado de alta velocidad.\u00a0<\/li>\n\n\n\n<li>Proporciona precisi\u00f3n para tiradas largas y precisi\u00f3n de repetici\u00f3n.\u00a0<\/li>\n<\/ul>\n<\/li>\n\n\n\n<li><strong>Contras:<\/strong>\n<ul class=\"wp-block-list\">\n<li>Significativamente m\u00e1s caras que las brocas de cobalto.\u00a0<\/li>\n\n\n\n<li>M\u00e1s fr\u00e1gil y puede agrietarse si se somete a cambios bruscos de temperatura o a fuertes impactos.\u00a0<\/li>\n\n\n\n<li>Dif\u00edcil de reafilar.\u00a0<\/li>\n<\/ul>\n<\/li>\n<\/ul>\n\n\n\n<p>Principales conclusiones<\/p>\n\n\n\n<ul class=\"wp-block-list\">\n<li>Elija el cobalto como alternativa pr\u00e1ctica y econ\u00f3mica al acero r\u00e1pido para taladrar metales duros a altas velocidades.\u00a0<\/li>\n\n\n\n<li>Elija el metal duro para las condiciones y los materiales m\u00e1s extremos, donde el elevado precio se justifica por una mayor durabilidad, velocidad y precisi\u00f3n en el uso a largo plazo.\u00a0<\/li>\n<\/ul>","protected":false},"excerpt":{"rendered":"<p>Choosing between cobalt and carbide drill bits can feel confusing when you\u2019re standing in the tool aisle. We know both types are designed for tough jobs, but each has distinct strengths that make them better suited for different tasks.<\/p>","protected":false},"author":1,"featured_media":0,"parent":0,"menu_order":0,"comment_status":"closed","ping_status":"closed","template":"","meta":{"footnotes":""},"class_list":["post-8054","page","type-page","status-publish","hentry"],"_links":{"self":[{"href":"https:\/\/www.amedrillsupply.ca\/es\/wp-json\/wp\/v2\/pages\/8054","targetHints":{"allow":["GET"]}}],"collection":[{"href":"https:\/\/www.amedrillsupply.ca\/es\/wp-json\/wp\/v2\/pages"}],"about":[{"href":"https:\/\/www.amedrillsupply.ca\/es\/wp-json\/wp\/v2\/types\/page"}],"author":[{"embeddable":true,"href":"https:\/\/www.amedrillsupply.ca\/es\/wp-json\/wp\/v2\/users\/1"}],"replies":[{"embeddable":true,"href":"https:\/\/www.amedrillsupply.ca\/es\/wp-json\/wp\/v2\/comments?post=8054"}],"version-history":[{"count":1,"href":"https:\/\/www.amedrillsupply.ca\/es\/wp-json\/wp\/v2\/pages\/8054\/revisions"}],"predecessor-version":[{"id":8076,"href":"https:\/\/www.amedrillsupply.ca\/es\/wp-json\/wp\/v2\/pages\/8054\/revisions\/8076"}],"wp:attachment":[{"href":"https:\/\/www.amedrillsupply.ca\/es\/wp-json\/wp\/v2\/media?parent=8054"}],"curies":[{"name":"wp","href":"https:\/\/api.w.org\/{rel}","templated":true}]}}