{"id":7810,"date":"2025-09-02T09:21:26","date_gmt":"2025-09-02T01:21:26","guid":{"rendered":"https:\/\/www.amedrillsupply.ca\/?page_id=7810"},"modified":"2025-09-02T10:16:37","modified_gmt":"2025-09-02T02:16:37","slug":"rock-drilling_sp","status":"publish","type":"page","link":"https:\/\/www.amedrillsupply.ca\/es\/rock-drilling_sp\/","title":{"rendered":"Proveedor de herramientas de perforaci\u00f3n de rocas en Canad\u00e1"},"content":{"rendered":"<p><\/p>\n\n\n\n<h2 class=\"wp-block-heading\">Proveedor de herramientas de perforaci\u00f3n de rocas en Canad\u00e1<\/h2>\n\n\n\n<p>Ame Drill es proveedor de herramientas de perforaci\u00f3n de rocas en Canad\u00e1, ubicado en Burlington, ON, y Moncton, NB, es su socio a largo plazo.<br>Ame Drill puede ofrecerle un surtido completo de consumibles de perforaci\u00f3n, incluidos los siguientes productos:<\/p>\n\n\n\n<p><br><strong><a href=\"https:\/\/www.amedrillsupply.ca\/es\/down-the-hole-dth-drilling-tools-1\/\">Herramientas de perforaci\u00f3n en fondo (DTH)<\/a><\/strong><\/p>\n\n\n\n<p><strong><a href=\"https:\/\/www.amedrillsupply.ca\/es\/top-hammer-drilling-tools-2\/\">Herramientas de perforaci\u00f3n con martillo<\/a><\/strong><\/p>\n\n\n\n<p><strong><a href=\"https:\/\/www.amedrillsupply.ca\/es\/rotary-drilling-tools-3\/\">Herramientas de perforaci\u00f3n rotativa<\/a><\/strong><\/p>\n\n\n\n<p><strong><a href=\"https:\/\/www.amedrillsupply.ca\/es\/self-drilling-anchor-sda-tools-4\/\">Herramientas de anclaje autoperforante (SDA)<\/a><\/strong><\/p>\n\n\n\n<p>Nuestro compromiso con nuestros clientes es proporcionar \u00fanicamente consumibles de calidad a un precio competitivo. Con nuestros distribuidores ubicados en toda Am\u00e9rica del Norte.<br>Ame Drill est\u00e1 estableciendo una red de distribuidores para servir adecuada y profesionalmente a la industria de la perforaci\u00f3n.<\/p>\n\n\n\n<p><br>Nuestra visi\u00f3n<br>Ame Drill es su socio de confianza a largo plazo para el suministro de sus herramientas de perforaci\u00f3n de alta calidad para la industria de la perforaci\u00f3n.<br>Nuestra misi\u00f3n<br>Ame Drill se compromete a ser un proveedor de servicios fiable para la industria de la perforaci\u00f3n.<br>Nuestros valores<br>Ame Drill ayuda a los perforistas a ahorrar costes de perforaci\u00f3n y mejorar su eficacia.<\/p>\n\n\n\n<p><strong>Tel:<\/strong>&nbsp;<a href=\"tel:+1(506)8553355\">+1 (506) 855 3355 \/ 229 8899<\/a><br>&nbsp;&nbsp;&nbsp;&nbsp;&nbsp;&nbsp;&nbsp;&nbsp;<a href=\"tel:+1(905)8089818\">+1 (905) 808 9818<\/a><br><strong>Fax:<\/strong>&nbsp;+1 (506) 855 3375<\/p>\n\n\n\n<ul class=\"wp-block-list\">\n<li><a href=\"https:\/\/www.amedrillsupply.ca\/es\/contact-us\/\" target=\"_blank\" rel=\"noreferrer noopener\">Correo electr\u00f3nico: amedrillservice@gmail.com<\/a><\/li>\n\n\n\n<li>A\u00f1adir (ON): 1560 King Road, Unit 34 Burlington, Ontario, Canad\u00e1 L7T 3L7<\/li>\n<\/ul>\n\n\n\n<p><\/p>","protected":false},"excerpt":{"rendered":"<p>Ame Drill es proveedor de herramientas de perforaci\u00f3n de rocas en Canad\u00e1, ubicado en Burlington, ON, y Moncton, NB, es su socio a largo plazo.<br \/>\nAme Drill can offer you a complete assortment of drilling consumables, including the following products:.<\/p>","protected":false},"author":1,"featured_media":0,"parent":0,"menu_order":0,"comment_status":"closed","ping_status":"closed","template":"","meta":{"footnotes":""},"class_list":["post-7810","page","type-page","status-publish","hentry"],"_links":{"self":[{"href":"https:\/\/www.amedrillsupply.ca\/es\/wp-json\/wp\/v2\/pages\/7810","targetHints":{"allow":["GET"]}}],"collection":[{"href":"https:\/\/www.amedrillsupply.ca\/es\/wp-json\/wp\/v2\/pages"}],"about":[{"href":"https:\/\/www.amedrillsupply.ca\/es\/wp-json\/wp\/v2\/types\/page"}],"author":[{"embeddable":true,"href":"https:\/\/www.amedrillsupply.ca\/es\/wp-json\/wp\/v2\/users\/1"}],"replies":[{"embeddable":true,"href":"https:\/\/www.amedrillsupply.ca\/es\/wp-json\/wp\/v2\/comments?post=7810"}],"version-history":[{"count":4,"href":"https:\/\/www.amedrillsupply.ca\/es\/wp-json\/wp\/v2\/pages\/7810\/revisions"}],"predecessor-version":[{"id":7821,"href":"https:\/\/www.amedrillsupply.ca\/es\/wp-json\/wp\/v2\/pages\/7810\/revisions\/7821"}],"wp:attachment":[{"href":"https:\/\/www.amedrillsupply.ca\/es\/wp-json\/wp\/v2\/media?parent=7810"}],"curies":[{"name":"wp","href":"https:\/\/api.w.org\/{rel}","templated":true}]}}