{"id":3947,"date":"2025-09-04T11:27:15","date_gmt":"2025-09-04T03:27:15","guid":{"rendered":"https:\/\/www.amedrillsupply.ca\/?page_id=3947"},"modified":"2025-09-04T11:27:18","modified_gmt":"2025-09-04T03:27:18","slug":"diamond-drill-bits-for-rock","status":"publish","type":"page","link":"https:\/\/www.amedrillsupply.ca\/es\/diamond-drill-bits-for-rock\/","title":{"rendered":"Brocas de diamante para roca"},"content":{"rendered":"<p>Las brocas de diamante aglomerado son una opci\u00f3n excelente para perforar peque\u00f1os orificios en piedras y vidrio. La cara maciza est\u00e1 recubierta de diamante. Taladrar sumergido en agua y utilizando un movimiento de picoteo prolongar\u00e1 la vida \u00fatil de la broca. Para precios al por mayor, puede mezclar y combinar tama\u00f1os y el precio se actualizar\u00e1 en el carrito.<br>SKU:BDD<br>Peso:0.10 LBS<br>Anchura:0.50 (in)<br>Altura:2.00 (in)<br>Profundidad:0.50 (in)<br>Gastos de env\u00edo:Calculados al pagar<br>Talla *<\/p>\n\n\n\n<p>0,75 mm<\/p>\n\n\n\n<p>1,0 mm<\/p>\n\n\n\n<p>1,5 mm<\/p>\n\n\n\n<p>2,0 mm<\/p>\n\n\n\n<p>2,5 mm<br>Precios por volumen<br>Compre 10 - 49 y pague s\u00f3lo $2,00 cada uno<br>Compre 50 o m\u00e1s y pague s\u00f3lo $1,75 cada uno<\/p>\n\n\n\n<figure class=\"wp-block-image size-full is-resized\"><img fetchpriority=\"high\" decoding=\"async\" width=\"640\" height=\"480\" src=\"https:\/\/www.amedrillsupply.ca\/wp-content\/uploads\/2025\/09\/image.png\" alt=\"image\" class=\"wp-image-7863\" style=\"width:800px;height:auto\" srcset=\"https:\/\/www.amedrillsupply.ca\/wp-content\/uploads\/2025\/09\/image.png 640w, https:\/\/www.amedrillsupply.ca\/wp-content\/uploads\/2025\/09\/image-300x225.png 300w, https:\/\/www.amedrillsupply.ca\/wp-content\/uploads\/2025\/09\/image-16x12.png 16w\" sizes=\"(max-width: 640px) 100vw, 640px\" \/><figcaption class=\"wp-element-caption\">imagen<\/figcaption><\/figure>","protected":false},"excerpt":{"rendered":"<p>Bonded diamond drill bits are an excellent choice for drilling small holes in stones and glass. The solid face is covered in diamond. Drilling submerged in water and using a pecking motion will prolong the life of the drill bit. For bulk pricing, you can mix and match sizes and the price will update in [&hellip;]<\/p>","protected":false},"author":1,"featured_media":0,"parent":0,"menu_order":0,"comment_status":"closed","ping_status":"closed","template":"","meta":{"footnotes":""},"class_list":["post-3947","page","type-page","status-publish","hentry"],"_links":{"self":[{"href":"https:\/\/www.amedrillsupply.ca\/es\/wp-json\/wp\/v2\/pages\/3947","targetHints":{"allow":["GET"]}}],"collection":[{"href":"https:\/\/www.amedrillsupply.ca\/es\/wp-json\/wp\/v2\/pages"}],"about":[{"href":"https:\/\/www.amedrillsupply.ca\/es\/wp-json\/wp\/v2\/types\/page"}],"author":[{"embeddable":true,"href":"https:\/\/www.amedrillsupply.ca\/es\/wp-json\/wp\/v2\/users\/1"}],"replies":[{"embeddable":true,"href":"https:\/\/www.amedrillsupply.ca\/es\/wp-json\/wp\/v2\/comments?post=3947"}],"version-history":[{"count":2,"href":"https:\/\/www.amedrillsupply.ca\/es\/wp-json\/wp\/v2\/pages\/3947\/revisions"}],"predecessor-version":[{"id":7864,"href":"https:\/\/www.amedrillsupply.ca\/es\/wp-json\/wp\/v2\/pages\/3947\/revisions\/7864"}],"wp:attachment":[{"href":"https:\/\/www.amedrillsupply.ca\/es\/wp-json\/wp\/v2\/media?parent=3947"}],"curies":[{"name":"wp","href":"https:\/\/api.w.org\/{rel}","templated":true}]}}